{"id":28032,"date":"2020-02-06T09:52:21","date_gmt":"2020-02-06T17:52:21","guid":{"rendered":"https:\/\/nevadawic.org\/acerca-del-wic\/"},"modified":"2025-10-08T09:22:03","modified_gmt":"2025-10-08T16:22:03","slug":"acerca-de-wic","status":"publish","type":"page","link":"https:\/\/nevadawic.org\/es\/acerca-de-wic\/","title":{"rendered":"Acerca de WIC"},"content":{"rendered":"<h2>\u00bfQu\u00e9 es WIC?<\/h2>\n<p>WIC es el Programa Especial de Nutrici\u00f3n Suplementaria para Mujeres, Beb\u00e9s y Ni\u00f1os del USDA que proporciona servicios de nutrici\u00f3n y lactancia materna, as\u00ed como alimentos suplementarios a mujeres embarazadas, madres que dieron a luz recientemente, beb\u00e9s y ni\u00f1os de hasta 5 a\u00f1os. Ofrecemos una amplia variedad de educaci\u00f3n nutricional, apoyo personalizado a la lactancia materna y referencias a otros programas de salud p\u00fablica.<\/p>\n<p>WIC proporciona recursos, conocimientos y herramientas a fin de ayudarle y brindarle apoyo a su familia. Es gratuito para madres, padres, abuelos y abuelas, padres de crianza y todas las familias de Nevada que califiquen. Nos esforzamos por conseguir el apoyo personalizado adecuado para usted y su familia.<\/p>\n<h4><a href=\"https:\/\/nevadawic.org\/welcome-to-nevada-wic\/\" target=\"_blank\" rel=\"noopener\"><strong><span style=\"color: #0000ff;\">Haga clic aqu\u00ed<\/span><\/strong><\/a> para ver un breve video de presentaci\u00f3n<\/h4>\n<h2>\u00bfQu\u00e9 proporciona WIC?<\/h2>\n<p>Los cuatro componentes clave del Programa de WIC son:<\/p>\n<ol>\n<li><strong>Alimentos saludables.<\/strong> Los alimentos de WIC incluyen frutas y vegetales, productos integrales, huevos, leche, queso, yogur, mantequilla de man\u00ed o frijoles, cereales, jugos, alimentos y f\u00f3rmula para beb\u00e9s.<\/li>\n<li><strong>Apoyo a la lactancia materna.<\/strong> WIC proporciona educaci\u00f3n sobre lactancia materna, apoyo y extractores de leche a las personas que califican para ayudarlas a alcanzar sus objetivos relacionados con la lactancia.<\/li>\n<li><strong>Educaci\u00f3n nutricional.<\/strong> WIC proporciona informaci\u00f3n nutricional, herramientas y consejos para la crianza de los hijos, la nutrici\u00f3n y un estilo de vida saludable.<\/li>\n<li><strong>Referencias para recibir atenci\u00f3n m\u00e9dica.<\/strong> WIC proporciona referencias personalizadas a servicios de salud y otros recursos comunitarios.<\/li>\n<\/ol>\n<p>WIC se asocia con otras agencias federales, grupos comunitarios, organizaciones sin fines de lucro, empresas de tecnolog\u00eda, agricultores, fabricantes de alimentos, proveedores y otros grupos interesados.<\/p>\n<p>Las asociaciones son fundamentales para promover y apoyar la misi\u00f3n del Programa de WIC y forman parte del compromiso s\u00f3lido y continuo de proporcionar beneficios a los participantes de WIC y sus familias. Invitamos a los grupos interesados y los proveedores de salud a asociarse con WIC para crear un ambiente nacional que aumente la conciencia de c\u00f3mo WIC puede ayudar.<\/p>\n<h2>Datos estad\u00edsticos del Programa de WIC de Nevada<\/h2>\n<p>La Oficina de An\u00e1lisis del Departamento de Salud y Servicios Humanos de Nevada ofrece un panel interactivo que contiene datos generales del Programa de WIC de Nevada. Este panel se actualiza el 20 de cada mes e incluye los datos del mes anterior sobre la participaci\u00f3n, el canje de alimentos y otros an\u00e1lisis relacionados.<\/p>\n<p><a href=\"https:\/\/app.powerbigov.us\/view?r=eyJrIjoiNmFjYjZiYzctOWU5MC00YWQ0LTg0ZjAtMjM2NzdkMzczMTAxIiwidCI6ImU0YTM0MGU2LWI4OWUtNGU2OC04ZWFhLTE1NDRkMjcwMzk4MCJ9\" target=\"_blank\" rel=\"noopener\">Ir al panel interactivo \u21d2<\/a><\/p>\n","protected":false},"excerpt":{"rendered":"<p>\u00bfQu\u00e9 es WIC? WIC es el Programa Especial de Nutrici\u00f3n Suplementaria para Mujeres, Beb\u00e9s y Ni\u00f1os del USDA&hellip;<\/p>\n","protected":false},"author":1,"featured_media":24558,"parent":0,"menu_order":0,"comment_status":"closed","ping_status":"closed","template":"","meta":{"_acf_changed":false,"protect_children":false,"footnotes":""},"class_list":["post-28032","page","type-page","status-publish","has-post-thumbnail","hentry"],"acf":[],"yoast_head":"<!-- This site is optimized with the Yoast SEO plugin v27.2 - https:\/\/yoast.com\/product\/yoast-seo-wordpress\/ -->\n<title>\u00bfQu\u00e9 es WIC? | WIC de Nevada<\/title>\n<meta name=\"description\" content=\"WIC es el Programa Especial de Nutrici\u00f3n Suplementaria para Mujeres, Beb\u00e9s y Ni\u00f1os del Departamento de Agricultura de EE.\u00a0UU. (USDA). WIC de Nevada proporciona servicios e informaci\u00f3n de salud y nutrici\u00f3n\" \/>\n<meta name=\"robots\" content=\"index, follow, max-snippet:-1, max-image-preview:large, max-video-preview:-1\" \/>\n<link rel=\"canonical\" href=\"https:\/\/nevadawic.org\/es\/acerca-de-wic\/\" \/>\n<meta property=\"og:locale\" content=\"es_ES\" \/>\n<meta property=\"og:type\" content=\"article\" \/>\n<meta property=\"og:title\" content=\"\u00bfQu\u00e9 es WIC? | WIC de Nevada\" \/>\n<meta property=\"og:description\" content=\"WIC es el Programa Especial de Nutrici\u00f3n Suplementaria para Mujeres, Beb\u00e9s y Ni\u00f1os del Departamento de Agricultura de EE.\u00a0UU. (USDA). WIC de Nevada proporciona servicios e informaci\u00f3n de salud y nutrici\u00f3n\" \/>\n<meta property=\"og:url\" content=\"https:\/\/nevadawic.org\/es\/acerca-de-wic\/\" \/>\n<meta property=\"og:site_name\" content=\"Nevada WIC\" \/>\n<meta property=\"article:modified_time\" content=\"2025-10-08T16:22:03+00:00\" \/>\n<meta property=\"og:image\" content=\"https:\/\/nevadawic.org\/wp-content\/uploads\/2020\/07\/nwic-og-image.jpg\" \/>\n<meta name=\"twitter:card\" content=\"summary_large_image\" \/>\n<meta name=\"twitter:label1\" content=\"Tiempo de lectura\" \/>\n\t<meta name=\"twitter:data1\" content=\"2 minutos\" \/>\n<script type=\"application\/ld+json\" class=\"yoast-schema-graph\">{\"@context\":\"https:\/\/schema.org\",\"@graph\":[{\"@type\":\"WebPage\",\"@id\":\"https:\/\/nevadawic.org\/es\/acerca-de-wic\/\",\"url\":\"https:\/\/nevadawic.org\/es\/acerca-de-wic\/\",\"name\":\"\u00bfQu\u00e9 es WIC? | WIC de Nevada\",\"isPartOf\":{\"@id\":\"https:\/\/nevadawic.org\/es\/#website\"},\"primaryImageOfPage\":{\"@id\":\"https:\/\/nevadawic.org\/es\/acerca-de-wic\/#primaryimage\"},\"image\":{\"@id\":\"https:\/\/nevadawic.org\/es\/acerca-de-wic\/#primaryimage\"},\"thumbnailUrl\":\"https:\/\/nevadawic.org\/wp-content\/uploads\/2020\/02\/women-breastfeeding-scaled.jpg\",\"datePublished\":\"2020-02-06T17:52:21+00:00\",\"dateModified\":\"2025-10-08T16:22:03+00:00\",\"description\":\"WIC es el Programa Especial de Nutrici\u00f3n Suplementaria para Mujeres, Beb\u00e9s y Ni\u00f1os del Departamento de Agricultura de EE.\u00a0UU. (USDA). WIC de Nevada proporciona servicios e informaci\u00f3n de salud y nutrici\u00f3n\",\"breadcrumb\":{\"@id\":\"https:\/\/nevadawic.org\/es\/acerca-de-wic\/#breadcrumb\"},\"inLanguage\":\"es\",\"potentialAction\":[{\"@type\":\"ReadAction\",\"target\":[\"https:\/\/nevadawic.org\/es\/acerca-de-wic\/\"]}]},{\"@type\":\"ImageObject\",\"inLanguage\":\"es\",\"@id\":\"https:\/\/nevadawic.org\/es\/acerca-de-wic\/#primaryimage\",\"url\":\"https:\/\/nevadawic.org\/wp-content\/uploads\/2020\/02\/women-breastfeeding-scaled.jpg\",\"contentUrl\":\"https:\/\/nevadawic.org\/wp-content\/uploads\/2020\/02\/women-breastfeeding-scaled.jpg\",\"width\":2560,\"height\":1707},{\"@type\":\"BreadcrumbList\",\"@id\":\"https:\/\/nevadawic.org\/es\/acerca-de-wic\/#breadcrumb\",\"itemListElement\":[{\"@type\":\"ListItem\",\"position\":1,\"name\":\"Inicio\",\"item\":\"https:\/\/nevadawic.org\/es\/\"},{\"@type\":\"ListItem\",\"position\":2,\"name\":\"Acerca de WIC\"}]},{\"@type\":\"WebSite\",\"@id\":\"https:\/\/nevadawic.org\/es\/#website\",\"url\":\"https:\/\/nevadawic.org\/es\/\",\"name\":\"Nevada WIC\",\"description\":\"\",\"publisher\":{\"@id\":\"https:\/\/nevadawic.org\/es\/#organization\"},\"potentialAction\":[{\"@type\":\"SearchAction\",\"target\":{\"@type\":\"EntryPoint\",\"urlTemplate\":\"https:\/\/nevadawic.org\/es\/?s={search_term_string}\"},\"query-input\":{\"@type\":\"PropertyValueSpecification\",\"valueRequired\":true,\"valueName\":\"search_term_string\"}}],\"inLanguage\":\"es\"},{\"@type\":\"Organization\",\"@id\":\"https:\/\/nevadawic.org\/es\/#organization\",\"name\":\"WIC de Nevada:\",\"url\":\"https:\/\/nevadawic.org\/es\/\",\"logo\":{\"@type\":\"ImageObject\",\"inLanguage\":\"es\",\"@id\":\"https:\/\/nevadawic.org\/es\/#\/schema\/logo\/image\/\",\"url\":\"https:\/\/nevadawic.org\/wp-content\/uploads\/2020\/07\/NV-Logo_Purple.jpg\",\"contentUrl\":\"https:\/\/nevadawic.org\/wp-content\/uploads\/2020\/07\/NV-Logo_Purple.jpg\",\"width\":970,\"height\":507,\"caption\":\"WIC de Nevada:\"},\"image\":{\"@id\":\"https:\/\/nevadawic.org\/es\/#\/schema\/logo\/image\/\"}}]}<\/script>\n<!-- \/ Yoast SEO plugin. -->","yoast_head_json":{"title":"\u00bfQu\u00e9 es WIC? | WIC de Nevada","description":"WIC es el Programa Especial de Nutrici\u00f3n Suplementaria para Mujeres, Beb\u00e9s y Ni\u00f1os del Departamento de Agricultura de EE.\u00a0UU. (USDA). WIC de Nevada proporciona servicios e informaci\u00f3n de salud y nutrici\u00f3n","robots":{"index":"index","follow":"follow","max-snippet":"max-snippet:-1","max-image-preview":"max-image-preview:large","max-video-preview":"max-video-preview:-1"},"canonical":"https:\/\/nevadawic.org\/es\/acerca-de-wic\/","og_locale":"es_ES","og_type":"article","og_title":"\u00bfQu\u00e9 es WIC? | WIC de Nevada","og_description":"WIC es el Programa Especial de Nutrici\u00f3n Suplementaria para Mujeres, Beb\u00e9s y Ni\u00f1os del Departamento de Agricultura de EE.\u00a0UU. (USDA). WIC de Nevada proporciona servicios e informaci\u00f3n de salud y nutrici\u00f3n","og_url":"https:\/\/nevadawic.org\/es\/acerca-de-wic\/","og_site_name":"Nevada WIC","article_modified_time":"2025-10-08T16:22:03+00:00","og_image":[{"url":"https:\/\/nevadawic.org\/wp-content\/uploads\/2020\/07\/nwic-og-image.jpg","type":"","width":"","height":""}],"twitter_card":"summary_large_image","twitter_misc":{"Tiempo de lectura":"2 minutos"},"schema":{"@context":"https:\/\/schema.org","@graph":[{"@type":"WebPage","@id":"https:\/\/nevadawic.org\/es\/acerca-de-wic\/","url":"https:\/\/nevadawic.org\/es\/acerca-de-wic\/","name":"\u00bfQu\u00e9 es WIC? | WIC de Nevada","isPartOf":{"@id":"https:\/\/nevadawic.org\/es\/#website"},"primaryImageOfPage":{"@id":"https:\/\/nevadawic.org\/es\/acerca-de-wic\/#primaryimage"},"image":{"@id":"https:\/\/nevadawic.org\/es\/acerca-de-wic\/#primaryimage"},"thumbnailUrl":"https:\/\/nevadawic.org\/wp-content\/uploads\/2020\/02\/women-breastfeeding-scaled.jpg","datePublished":"2020-02-06T17:52:21+00:00","dateModified":"2025-10-08T16:22:03+00:00","description":"WIC es el Programa Especial de Nutrici\u00f3n Suplementaria para Mujeres, Beb\u00e9s y Ni\u00f1os del Departamento de Agricultura de EE.\u00a0UU. (USDA). WIC de Nevada proporciona servicios e informaci\u00f3n de salud y nutrici\u00f3n","breadcrumb":{"@id":"https:\/\/nevadawic.org\/es\/acerca-de-wic\/#breadcrumb"},"inLanguage":"es","potentialAction":[{"@type":"ReadAction","target":["https:\/\/nevadawic.org\/es\/acerca-de-wic\/"]}]},{"@type":"ImageObject","inLanguage":"es","@id":"https:\/\/nevadawic.org\/es\/acerca-de-wic\/#primaryimage","url":"https:\/\/nevadawic.org\/wp-content\/uploads\/2020\/02\/women-breastfeeding-scaled.jpg","contentUrl":"https:\/\/nevadawic.org\/wp-content\/uploads\/2020\/02\/women-breastfeeding-scaled.jpg","width":2560,"height":1707},{"@type":"BreadcrumbList","@id":"https:\/\/nevadawic.org\/es\/acerca-de-wic\/#breadcrumb","itemListElement":[{"@type":"ListItem","position":1,"name":"Inicio","item":"https:\/\/nevadawic.org\/es\/"},{"@type":"ListItem","position":2,"name":"Acerca de WIC"}]},{"@type":"WebSite","@id":"https:\/\/nevadawic.org\/es\/#website","url":"https:\/\/nevadawic.org\/es\/","name":"Nevada WIC","description":"","publisher":{"@id":"https:\/\/nevadawic.org\/es\/#organization"},"potentialAction":[{"@type":"SearchAction","target":{"@type":"EntryPoint","urlTemplate":"https:\/\/nevadawic.org\/es\/?s={search_term_string}"},"query-input":{"@type":"PropertyValueSpecification","valueRequired":true,"valueName":"search_term_string"}}],"inLanguage":"es"},{"@type":"Organization","@id":"https:\/\/nevadawic.org\/es\/#organization","name":"WIC de Nevada:","url":"https:\/\/nevadawic.org\/es\/","logo":{"@type":"ImageObject","inLanguage":"es","@id":"https:\/\/nevadawic.org\/es\/#\/schema\/logo\/image\/","url":"https:\/\/nevadawic.org\/wp-content\/uploads\/2020\/07\/NV-Logo_Purple.jpg","contentUrl":"https:\/\/nevadawic.org\/wp-content\/uploads\/2020\/07\/NV-Logo_Purple.jpg","width":970,"height":507,"caption":"WIC de Nevada:"},"image":{"@id":"https:\/\/nevadawic.org\/es\/#\/schema\/logo\/image\/"}}]}},"_links":{"self":[{"href":"https:\/\/nevadawic.org\/es\/wp-json\/wp\/v2\/pages\/28032","targetHints":{"allow":["GET"]}}],"collection":[{"href":"https:\/\/nevadawic.org\/es\/wp-json\/wp\/v2\/pages"}],"about":[{"href":"https:\/\/nevadawic.org\/es\/wp-json\/wp\/v2\/types\/page"}],"author":[{"embeddable":true,"href":"https:\/\/nevadawic.org\/es\/wp-json\/wp\/v2\/users\/1"}],"replies":[{"embeddable":true,"href":"https:\/\/nevadawic.org\/es\/wp-json\/wp\/v2\/comments?post=28032"}],"version-history":[{"count":11,"href":"https:\/\/nevadawic.org\/es\/wp-json\/wp\/v2\/pages\/28032\/revisions"}],"predecessor-version":[{"id":40083,"href":"https:\/\/nevadawic.org\/es\/wp-json\/wp\/v2\/pages\/28032\/revisions\/40083"}],"wp:featuredmedia":[{"embeddable":true,"href":"https:\/\/nevadawic.org\/es\/wp-json\/wp\/v2\/media\/24558"}],"wp:attachment":[{"href":"https:\/\/nevadawic.org\/es\/wp-json\/wp\/v2\/media?parent=28032"}],"curies":[{"name":"wp","href":"https:\/\/api.w.org\/{rel}","templated":true}]}}