{"id":28039,"date":"2020-02-06T09:53:10","date_gmt":"2020-02-06T17:53:10","guid":{"rendered":"https:\/\/nevadawic.org\/proveedores\/"},"modified":"2025-10-29T11:29:53","modified_gmt":"2025-10-29T18:29:53","slug":"vendedores","status":"publish","type":"page","link":"https:\/\/nevadawic.org\/es\/vendedores\/","title":{"rendered":"Vendedores"},"content":{"rendered":"<h2>Vendedores de WIC de Nevada<\/h2>\n<p>El Programa de WIC de Nevada est\u00e1 asociado con 220 vendedores en todo el estado que canjean los beneficios de WIC.\u00a0 El papel de los vendedores es vital para el \u00e9xito del Programa de WIC de Nevada, ya que proporcionan a los participantes acceso a alimentos nutritivos.<\/p>\n<p>Los contratos con los vendedores se renuevan cada tres a\u00f1os. Se ofrece entrenamiento para vendedores nuevos y actuales en persona o a trav\u00e9s de seminarios web y boletines informativos para vendedores. Haga clic en los enlaces que se encuentran a la izquierda para encontrar informaci\u00f3n sobre c\u00f3mo convertirse en vendedor de WIC o materiales de entrenamiento.<\/p>\n<p>Para facilitar la comunicaci\u00f3n, el Programa de WIC de Nevada implement\u00f3 la siguiente funci\u00f3n:<\/p>\n<ul>\n<li>Se estableci\u00f3 una nueva direcci\u00f3n de correo electr\u00f3nico para vendedores. Env\u00ede sus preguntas y correspondencia al equipo de vendedores de WIC de Nevada a: <u><a href=\"mailto:DPBHWICVendor@health.nv.gov\">DPBHWICVendor@health.nv.gov<\/a><\/u><\/li>\n<\/ul>\n<p>&nbsp;<\/p>\n","protected":false},"excerpt":{"rendered":"<p>Vendedores de WIC de Nevada El Programa de WIC de Nevada est\u00e1 asociado con 220 vendedores en todo&hellip;<\/p>\n","protected":false},"author":1,"featured_media":24671,"parent":0,"menu_order":0,"comment_status":"closed","ping_status":"closed","template":"","meta":{"_acf_changed":false,"protect_children":false,"footnotes":""},"class_list":["post-28039","page","type-page","status-publish","has-post-thumbnail","hentry"],"acf":[],"yoast_head":"<!-- This site is optimized with the Yoast SEO plugin v27.2 - https:\/\/yoast.com\/product\/yoast-seo-wordpress\/ -->\n<title>Vendedores - Nevada WIC<\/title>\n<meta name=\"description\" content=\"Vendedores de WIC de Nevada El Programa de WIC de Nevada est\u00e1 asociado con 220 vendedores en todo el estado que canjean los beneficios de WIC.\u00a0 El papel\" \/>\n<meta name=\"robots\" content=\"index, follow, max-snippet:-1, max-image-preview:large, max-video-preview:-1\" \/>\n<link rel=\"canonical\" href=\"https:\/\/nevadawic.org\/es\/vendedores\/\" \/>\n<meta property=\"og:locale\" content=\"es_ES\" \/>\n<meta property=\"og:type\" content=\"article\" \/>\n<meta property=\"og:title\" content=\"Vendedores - Nevada WIC\" \/>\n<meta property=\"og:description\" content=\"Vendedores de WIC de Nevada El Programa de WIC de Nevada est\u00e1 asociado con 220 vendedores en todo el estado que canjean los beneficios de WIC.\u00a0 El papel\" \/>\n<meta property=\"og:url\" content=\"https:\/\/nevadawic.org\/es\/vendedores\/\" \/>\n<meta property=\"og:site_name\" content=\"Nevada WIC\" \/>\n<meta property=\"article:modified_time\" content=\"2025-10-29T18:29:53+00:00\" \/>\n<meta property=\"og:image\" content=\"https:\/\/nevadawic.org\/wp-content\/uploads\/2020\/05\/VENDORS_HOMEPAGE_IMAGE.jpg\" \/>\n\t<meta property=\"og:image:width\" content=\"805\" \/>\n\t<meta property=\"og:image:height\" content=\"596\" \/>\n\t<meta property=\"og:image:type\" content=\"image\/jpeg\" \/>\n<meta name=\"twitter:card\" content=\"summary_large_image\" \/>\n<meta name=\"twitter:label1\" content=\"Tiempo de lectura\" \/>\n\t<meta name=\"twitter:data1\" content=\"1 minuto\" \/>\n<script type=\"application\/ld+json\" class=\"yoast-schema-graph\">{\"@context\":\"https:\/\/schema.org\",\"@graph\":[{\"@type\":\"WebPage\",\"@id\":\"https:\/\/nevadawic.org\/es\/vendedores\/\",\"url\":\"https:\/\/nevadawic.org\/es\/vendedores\/\",\"name\":\"Vendedores - Nevada WIC\",\"isPartOf\":{\"@id\":\"https:\/\/nevadawic.org\/es\/#website\"},\"primaryImageOfPage\":{\"@id\":\"https:\/\/nevadawic.org\/es\/vendedores\/#primaryimage\"},\"image\":{\"@id\":\"https:\/\/nevadawic.org\/es\/vendedores\/#primaryimage\"},\"thumbnailUrl\":\"https:\/\/nevadawic.org\/wp-content\/uploads\/2020\/05\/VENDORS_HOMEPAGE_IMAGE.jpg\",\"datePublished\":\"2020-02-06T17:53:10+00:00\",\"dateModified\":\"2025-10-29T18:29:53+00:00\",\"description\":\"Vendedores de WIC de Nevada El Programa de WIC de Nevada est\u00e1 asociado con 220 vendedores en todo el estado que canjean los beneficios de WIC.\u00a0 El papel\",\"breadcrumb\":{\"@id\":\"https:\/\/nevadawic.org\/es\/vendedores\/#breadcrumb\"},\"inLanguage\":\"es\",\"potentialAction\":[{\"@type\":\"ReadAction\",\"target\":[\"https:\/\/nevadawic.org\/es\/vendedores\/\"]}]},{\"@type\":\"ImageObject\",\"inLanguage\":\"es\",\"@id\":\"https:\/\/nevadawic.org\/es\/vendedores\/#primaryimage\",\"url\":\"https:\/\/nevadawic.org\/wp-content\/uploads\/2020\/05\/VENDORS_HOMEPAGE_IMAGE.jpg\",\"contentUrl\":\"https:\/\/nevadawic.org\/wp-content\/uploads\/2020\/05\/VENDORS_HOMEPAGE_IMAGE.jpg\",\"width\":805,\"height\":596,\"caption\":\"\u00a1Coma una variedad de frutas y verduras!\"},{\"@type\":\"BreadcrumbList\",\"@id\":\"https:\/\/nevadawic.org\/es\/vendedores\/#breadcrumb\",\"itemListElement\":[{\"@type\":\"ListItem\",\"position\":1,\"name\":\"Inicio\",\"item\":\"https:\/\/nevadawic.org\/es\/\"},{\"@type\":\"ListItem\",\"position\":2,\"name\":\"Vendedores\"}]},{\"@type\":\"WebSite\",\"@id\":\"https:\/\/nevadawic.org\/es\/#website\",\"url\":\"https:\/\/nevadawic.org\/es\/\",\"name\":\"Nevada WIC\",\"description\":\"\",\"publisher\":{\"@id\":\"https:\/\/nevadawic.org\/es\/#organization\"},\"potentialAction\":[{\"@type\":\"SearchAction\",\"target\":{\"@type\":\"EntryPoint\",\"urlTemplate\":\"https:\/\/nevadawic.org\/es\/?s={search_term_string}\"},\"query-input\":{\"@type\":\"PropertyValueSpecification\",\"valueRequired\":true,\"valueName\":\"search_term_string\"}}],\"inLanguage\":\"es\"},{\"@type\":\"Organization\",\"@id\":\"https:\/\/nevadawic.org\/es\/#organization\",\"name\":\"WIC de Nevada:\",\"url\":\"https:\/\/nevadawic.org\/es\/\",\"logo\":{\"@type\":\"ImageObject\",\"inLanguage\":\"es\",\"@id\":\"https:\/\/nevadawic.org\/es\/#\/schema\/logo\/image\/\",\"url\":\"https:\/\/nevadawic.org\/wp-content\/uploads\/2020\/07\/NV-Logo_Purple.jpg\",\"contentUrl\":\"https:\/\/nevadawic.org\/wp-content\/uploads\/2020\/07\/NV-Logo_Purple.jpg\",\"width\":970,\"height\":507,\"caption\":\"WIC de Nevada:\"},\"image\":{\"@id\":\"https:\/\/nevadawic.org\/es\/#\/schema\/logo\/image\/\"}}]}<\/script>\n<!-- \/ Yoast SEO plugin. -->","yoast_head_json":{"title":"Vendedores - Nevada WIC","description":"Vendedores de WIC de Nevada El Programa de WIC de Nevada est\u00e1 asociado con 220 vendedores en todo el estado que canjean los beneficios de WIC.\u00a0 El papel","robots":{"index":"index","follow":"follow","max-snippet":"max-snippet:-1","max-image-preview":"max-image-preview:large","max-video-preview":"max-video-preview:-1"},"canonical":"https:\/\/nevadawic.org\/es\/vendedores\/","og_locale":"es_ES","og_type":"article","og_title":"Vendedores - Nevada WIC","og_description":"Vendedores de WIC de Nevada El Programa de WIC de Nevada est\u00e1 asociado con 220 vendedores en todo el estado que canjean los beneficios de WIC.\u00a0 El papel","og_url":"https:\/\/nevadawic.org\/es\/vendedores\/","og_site_name":"Nevada WIC","article_modified_time":"2025-10-29T18:29:53+00:00","og_image":[{"width":805,"height":596,"url":"https:\/\/nevadawic.org\/wp-content\/uploads\/2020\/05\/VENDORS_HOMEPAGE_IMAGE.jpg","type":"image\/jpeg"}],"twitter_card":"summary_large_image","twitter_misc":{"Tiempo de lectura":"1 minuto"},"schema":{"@context":"https:\/\/schema.org","@graph":[{"@type":"WebPage","@id":"https:\/\/nevadawic.org\/es\/vendedores\/","url":"https:\/\/nevadawic.org\/es\/vendedores\/","name":"Vendedores - Nevada WIC","isPartOf":{"@id":"https:\/\/nevadawic.org\/es\/#website"},"primaryImageOfPage":{"@id":"https:\/\/nevadawic.org\/es\/vendedores\/#primaryimage"},"image":{"@id":"https:\/\/nevadawic.org\/es\/vendedores\/#primaryimage"},"thumbnailUrl":"https:\/\/nevadawic.org\/wp-content\/uploads\/2020\/05\/VENDORS_HOMEPAGE_IMAGE.jpg","datePublished":"2020-02-06T17:53:10+00:00","dateModified":"2025-10-29T18:29:53+00:00","description":"Vendedores de WIC de Nevada El Programa de WIC de Nevada est\u00e1 asociado con 220 vendedores en todo el estado que canjean los beneficios de WIC.\u00a0 El papel","breadcrumb":{"@id":"https:\/\/nevadawic.org\/es\/vendedores\/#breadcrumb"},"inLanguage":"es","potentialAction":[{"@type":"ReadAction","target":["https:\/\/nevadawic.org\/es\/vendedores\/"]}]},{"@type":"ImageObject","inLanguage":"es","@id":"https:\/\/nevadawic.org\/es\/vendedores\/#primaryimage","url":"https:\/\/nevadawic.org\/wp-content\/uploads\/2020\/05\/VENDORS_HOMEPAGE_IMAGE.jpg","contentUrl":"https:\/\/nevadawic.org\/wp-content\/uploads\/2020\/05\/VENDORS_HOMEPAGE_IMAGE.jpg","width":805,"height":596,"caption":"\u00a1Coma una variedad de frutas y verduras!"},{"@type":"BreadcrumbList","@id":"https:\/\/nevadawic.org\/es\/vendedores\/#breadcrumb","itemListElement":[{"@type":"ListItem","position":1,"name":"Inicio","item":"https:\/\/nevadawic.org\/es\/"},{"@type":"ListItem","position":2,"name":"Vendedores"}]},{"@type":"WebSite","@id":"https:\/\/nevadawic.org\/es\/#website","url":"https:\/\/nevadawic.org\/es\/","name":"Nevada WIC","description":"","publisher":{"@id":"https:\/\/nevadawic.org\/es\/#organization"},"potentialAction":[{"@type":"SearchAction","target":{"@type":"EntryPoint","urlTemplate":"https:\/\/nevadawic.org\/es\/?s={search_term_string}"},"query-input":{"@type":"PropertyValueSpecification","valueRequired":true,"valueName":"search_term_string"}}],"inLanguage":"es"},{"@type":"Organization","@id":"https:\/\/nevadawic.org\/es\/#organization","name":"WIC de Nevada:","url":"https:\/\/nevadawic.org\/es\/","logo":{"@type":"ImageObject","inLanguage":"es","@id":"https:\/\/nevadawic.org\/es\/#\/schema\/logo\/image\/","url":"https:\/\/nevadawic.org\/wp-content\/uploads\/2020\/07\/NV-Logo_Purple.jpg","contentUrl":"https:\/\/nevadawic.org\/wp-content\/uploads\/2020\/07\/NV-Logo_Purple.jpg","width":970,"height":507,"caption":"WIC de Nevada:"},"image":{"@id":"https:\/\/nevadawic.org\/es\/#\/schema\/logo\/image\/"}}]}},"_links":{"self":[{"href":"https:\/\/nevadawic.org\/es\/wp-json\/wp\/v2\/pages\/28039","targetHints":{"allow":["GET"]}}],"collection":[{"href":"https:\/\/nevadawic.org\/es\/wp-json\/wp\/v2\/pages"}],"about":[{"href":"https:\/\/nevadawic.org\/es\/wp-json\/wp\/v2\/types\/page"}],"author":[{"embeddable":true,"href":"https:\/\/nevadawic.org\/es\/wp-json\/wp\/v2\/users\/1"}],"replies":[{"embeddable":true,"href":"https:\/\/nevadawic.org\/es\/wp-json\/wp\/v2\/comments?post=28039"}],"version-history":[{"count":19,"href":"https:\/\/nevadawic.org\/es\/wp-json\/wp\/v2\/pages\/28039\/revisions"}],"predecessor-version":[{"id":40251,"href":"https:\/\/nevadawic.org\/es\/wp-json\/wp\/v2\/pages\/28039\/revisions\/40251"}],"wp:featuredmedia":[{"embeddable":true,"href":"https:\/\/nevadawic.org\/es\/wp-json\/wp\/v2\/media\/24671"}],"wp:attachment":[{"href":"https:\/\/nevadawic.org\/es\/wp-json\/wp\/v2\/media?parent=28039"}],"curies":[{"name":"wp","href":"https:\/\/api.w.org\/{rel}","templated":true}]}}