{"id":28040,"date":"2020-02-06T09:53:19","date_gmt":"2020-02-06T17:53:19","guid":{"rendered":"https:\/\/nevadawic.org\/proveedores-de-atencion-medica-del-wic\/"},"modified":"2024-03-12T12:54:22","modified_gmt":"2024-03-12T19:54:22","slug":"proveedores-de-atencion-medica-del-wic","status":"publish","type":"page","link":"https:\/\/nevadawic.org\/es\/proveedores-de-atencion-medica-del-wic\/","title":{"rendered":"Proveedores de atenci\u00f3n m\u00e9dica de WIC"},"content":{"rendered":"<h2>Trabajamos con proveedores de atenci\u00f3n m\u00e9dica para prestar mejores servicios a nuestra comunidad.<\/h2>\n<p><span style=\"font-weight: 400;\">El Programa de WIC de Nevada ayuda a las familias a alimentarse bien y obtener los nutrientes esenciales durante los momentos cruciales de crecimiento y desarrollo. WIC de Nevada quiere trabajar con los proveedores de atenci\u00f3n m\u00e9dica en todo el estado para ayudar a las familias de escasos recursos a tener un comienzo saludable.\u00a0<\/span><\/p>\n<p><span style=\"font-weight: 400;\">Para obtener m\u00e1s informaci\u00f3n o solicitar materiales acerca de WIC, env\u00ede un correo electr\u00f3nico a <\/span><a href=\"mailto:WICgeneral@health.nv.gov\" target=\"_blank\" rel=\"noopener noreferrer\"><span style=\"font-weight: 400;\">WICgeneral@health.nv.gov<\/span><\/a><span style=\"font-weight: 400;\"> o llame al 1-800-8NEV-WIC.\u00a0<\/span><\/p>\n<p><span style=\"font-weight: 400;\">Para localizar la cl\u00ednica de WIC m\u00e1s cercana y referir a los pacientes, consulte la p\u00e1gina <a href=\"https:\/\/nevadawic.org\/es\/clinics\/\">Encuentre una cl\u00ednica de WIC<\/a>.<\/span><\/p>\n","protected":false},"excerpt":{"rendered":"<p>Trabajamos con proveedores de atenci\u00f3n m\u00e9dica para prestar mejores servicios a nuestra comunidad. El Programa de WIC de&hellip;<\/p>\n","protected":false},"author":1,"featured_media":24563,"parent":0,"menu_order":0,"comment_status":"closed","ping_status":"closed","template":"","meta":{"_acf_changed":false,"protect_children":false,"footnotes":""},"class_list":["post-28040","page","type-page","status-publish","has-post-thumbnail","hentry"],"acf":[],"yoast_head":"<!-- This site is optimized with the Yoast SEO plugin v27.2 - https:\/\/yoast.com\/product\/yoast-seo-wordpress\/ -->\n<title>Proveedores de atenci\u00f3n m\u00e9dica del Programa de WIC de Nevada: mujeres, beb\u00e9s y ni\u00f1os<\/title>\n<meta name=\"description\" content=\"Trabajamos con proveedores de atenci\u00f3n m\u00e9dica locales para prestar mejores servicios a nuestra comunidad. Conozca c\u00f3mo participar en el Programa de WIC de Nevada como proveedor de atenci\u00f3n m\u00e9dica.\" \/>\n<meta name=\"robots\" content=\"index, follow, max-snippet:-1, max-image-preview:large, max-video-preview:-1\" \/>\n<link rel=\"canonical\" href=\"https:\/\/nevadawic.org\/es\/proveedores-de-atencion-medica-del-wic\/\" \/>\n<meta property=\"og:locale\" content=\"es_ES\" \/>\n<meta property=\"og:type\" content=\"article\" \/>\n<meta property=\"og:title\" content=\"Proveedores de atenci\u00f3n m\u00e9dica del Programa de WIC de Nevada: mujeres, beb\u00e9s y ni\u00f1os\" \/>\n<meta property=\"og:description\" content=\"Trabajamos con proveedores de atenci\u00f3n m\u00e9dica locales para prestar mejores servicios a nuestra comunidad. Conozca c\u00f3mo participar en el Programa de WIC de Nevada como proveedor de atenci\u00f3n m\u00e9dica.\" \/>\n<meta property=\"og:url\" content=\"https:\/\/nevadawic.org\/es\/proveedores-de-atencion-medica-del-wic\/\" \/>\n<meta property=\"og:site_name\" content=\"Nevada WIC\" \/>\n<meta property=\"article:modified_time\" content=\"2024-03-12T19:54:22+00:00\" \/>\n<meta property=\"og:image\" content=\"https:\/\/nevadawic.org\/wp-content\/uploads\/2020\/07\/nwic-og-image.jpg\" \/>\n<meta name=\"twitter:card\" content=\"summary_large_image\" \/>\n<meta name=\"twitter:label1\" content=\"Tiempo de lectura\" \/>\n\t<meta name=\"twitter:data1\" content=\"1 minuto\" \/>\n<script type=\"application\/ld+json\" class=\"yoast-schema-graph\">{\"@context\":\"https:\/\/schema.org\",\"@graph\":[{\"@type\":\"WebPage\",\"@id\":\"https:\/\/nevadawic.org\/es\/proveedores-de-atencion-medica-del-wic\/\",\"url\":\"https:\/\/nevadawic.org\/es\/proveedores-de-atencion-medica-del-wic\/\",\"name\":\"Proveedores de atenci\u00f3n m\u00e9dica del Programa de WIC de Nevada: mujeres, beb\u00e9s y ni\u00f1os\",\"isPartOf\":{\"@id\":\"https:\/\/nevadawic.org\/es\/#website\"},\"primaryImageOfPage\":{\"@id\":\"https:\/\/nevadawic.org\/es\/proveedores-de-atencion-medica-del-wic\/#primaryimage\"},\"image\":{\"@id\":\"https:\/\/nevadawic.org\/es\/proveedores-de-atencion-medica-del-wic\/#primaryimage\"},\"thumbnailUrl\":\"https:\/\/nevadawic.org\/wp-content\/uploads\/2020\/02\/doctor-checkup-scaled-e1586285888445.jpg\",\"datePublished\":\"2020-02-06T17:53:19+00:00\",\"dateModified\":\"2024-03-12T19:54:22+00:00\",\"description\":\"Trabajamos con proveedores de atenci\u00f3n m\u00e9dica locales para prestar mejores servicios a nuestra comunidad. Conozca c\u00f3mo participar en el Programa de WIC de Nevada como proveedor de atenci\u00f3n m\u00e9dica.\",\"breadcrumb\":{\"@id\":\"https:\/\/nevadawic.org\/es\/proveedores-de-atencion-medica-del-wic\/#breadcrumb\"},\"inLanguage\":\"es\",\"potentialAction\":[{\"@type\":\"ReadAction\",\"target\":[\"https:\/\/nevadawic.org\/es\/proveedores-de-atencion-medica-del-wic\/\"]}]},{\"@type\":\"ImageObject\",\"inLanguage\":\"es\",\"@id\":\"https:\/\/nevadawic.org\/es\/proveedores-de-atencion-medica-del-wic\/#primaryimage\",\"url\":\"https:\/\/nevadawic.org\/wp-content\/uploads\/2020\/02\/doctor-checkup-scaled-e1586285888445.jpg\",\"contentUrl\":\"https:\/\/nevadawic.org\/wp-content\/uploads\/2020\/02\/doctor-checkup-scaled-e1586285888445.jpg\",\"width\":1141,\"height\":573},{\"@type\":\"BreadcrumbList\",\"@id\":\"https:\/\/nevadawic.org\/es\/proveedores-de-atencion-medica-del-wic\/#breadcrumb\",\"itemListElement\":[{\"@type\":\"ListItem\",\"position\":1,\"name\":\"Inicio\",\"item\":\"https:\/\/nevadawic.org\/es\/\"},{\"@type\":\"ListItem\",\"position\":2,\"name\":\"Proveedores de atenci\u00f3n m\u00e9dica de WIC\"}]},{\"@type\":\"WebSite\",\"@id\":\"https:\/\/nevadawic.org\/es\/#website\",\"url\":\"https:\/\/nevadawic.org\/es\/\",\"name\":\"Nevada WIC\",\"description\":\"\",\"publisher\":{\"@id\":\"https:\/\/nevadawic.org\/es\/#organization\"},\"potentialAction\":[{\"@type\":\"SearchAction\",\"target\":{\"@type\":\"EntryPoint\",\"urlTemplate\":\"https:\/\/nevadawic.org\/es\/?s={search_term_string}\"},\"query-input\":{\"@type\":\"PropertyValueSpecification\",\"valueRequired\":true,\"valueName\":\"search_term_string\"}}],\"inLanguage\":\"es\"},{\"@type\":\"Organization\",\"@id\":\"https:\/\/nevadawic.org\/es\/#organization\",\"name\":\"WIC de Nevada:\",\"url\":\"https:\/\/nevadawic.org\/es\/\",\"logo\":{\"@type\":\"ImageObject\",\"inLanguage\":\"es\",\"@id\":\"https:\/\/nevadawic.org\/es\/#\/schema\/logo\/image\/\",\"url\":\"https:\/\/nevadawic.org\/wp-content\/uploads\/2020\/07\/NV-Logo_Purple.jpg\",\"contentUrl\":\"https:\/\/nevadawic.org\/wp-content\/uploads\/2020\/07\/NV-Logo_Purple.jpg\",\"width\":970,\"height\":507,\"caption\":\"WIC de Nevada:\"},\"image\":{\"@id\":\"https:\/\/nevadawic.org\/es\/#\/schema\/logo\/image\/\"}}]}<\/script>\n<!-- \/ Yoast SEO plugin. -->","yoast_head_json":{"title":"Proveedores de atenci\u00f3n m\u00e9dica del Programa de WIC de Nevada: mujeres, beb\u00e9s y ni\u00f1os","description":"Trabajamos con proveedores de atenci\u00f3n m\u00e9dica locales para prestar mejores servicios a nuestra comunidad. Conozca c\u00f3mo participar en el Programa de WIC de Nevada como proveedor de atenci\u00f3n m\u00e9dica.","robots":{"index":"index","follow":"follow","max-snippet":"max-snippet:-1","max-image-preview":"max-image-preview:large","max-video-preview":"max-video-preview:-1"},"canonical":"https:\/\/nevadawic.org\/es\/proveedores-de-atencion-medica-del-wic\/","og_locale":"es_ES","og_type":"article","og_title":"Proveedores de atenci\u00f3n m\u00e9dica del Programa de WIC de Nevada: mujeres, beb\u00e9s y ni\u00f1os","og_description":"Trabajamos con proveedores de atenci\u00f3n m\u00e9dica locales para prestar mejores servicios a nuestra comunidad. Conozca c\u00f3mo participar en el Programa de WIC de Nevada como proveedor de atenci\u00f3n m\u00e9dica.","og_url":"https:\/\/nevadawic.org\/es\/proveedores-de-atencion-medica-del-wic\/","og_site_name":"Nevada WIC","article_modified_time":"2024-03-12T19:54:22+00:00","og_image":[{"url":"https:\/\/nevadawic.org\/wp-content\/uploads\/2020\/07\/nwic-og-image.jpg","type":"","width":"","height":""}],"twitter_card":"summary_large_image","twitter_misc":{"Tiempo de lectura":"1 minuto"},"schema":{"@context":"https:\/\/schema.org","@graph":[{"@type":"WebPage","@id":"https:\/\/nevadawic.org\/es\/proveedores-de-atencion-medica-del-wic\/","url":"https:\/\/nevadawic.org\/es\/proveedores-de-atencion-medica-del-wic\/","name":"Proveedores de atenci\u00f3n m\u00e9dica del Programa de WIC de Nevada: mujeres, beb\u00e9s y ni\u00f1os","isPartOf":{"@id":"https:\/\/nevadawic.org\/es\/#website"},"primaryImageOfPage":{"@id":"https:\/\/nevadawic.org\/es\/proveedores-de-atencion-medica-del-wic\/#primaryimage"},"image":{"@id":"https:\/\/nevadawic.org\/es\/proveedores-de-atencion-medica-del-wic\/#primaryimage"},"thumbnailUrl":"https:\/\/nevadawic.org\/wp-content\/uploads\/2020\/02\/doctor-checkup-scaled-e1586285888445.jpg","datePublished":"2020-02-06T17:53:19+00:00","dateModified":"2024-03-12T19:54:22+00:00","description":"Trabajamos con proveedores de atenci\u00f3n m\u00e9dica locales para prestar mejores servicios a nuestra comunidad. Conozca c\u00f3mo participar en el Programa de WIC de Nevada como proveedor de atenci\u00f3n m\u00e9dica.","breadcrumb":{"@id":"https:\/\/nevadawic.org\/es\/proveedores-de-atencion-medica-del-wic\/#breadcrumb"},"inLanguage":"es","potentialAction":[{"@type":"ReadAction","target":["https:\/\/nevadawic.org\/es\/proveedores-de-atencion-medica-del-wic\/"]}]},{"@type":"ImageObject","inLanguage":"es","@id":"https:\/\/nevadawic.org\/es\/proveedores-de-atencion-medica-del-wic\/#primaryimage","url":"https:\/\/nevadawic.org\/wp-content\/uploads\/2020\/02\/doctor-checkup-scaled-e1586285888445.jpg","contentUrl":"https:\/\/nevadawic.org\/wp-content\/uploads\/2020\/02\/doctor-checkup-scaled-e1586285888445.jpg","width":1141,"height":573},{"@type":"BreadcrumbList","@id":"https:\/\/nevadawic.org\/es\/proveedores-de-atencion-medica-del-wic\/#breadcrumb","itemListElement":[{"@type":"ListItem","position":1,"name":"Inicio","item":"https:\/\/nevadawic.org\/es\/"},{"@type":"ListItem","position":2,"name":"Proveedores de atenci\u00f3n m\u00e9dica de WIC"}]},{"@type":"WebSite","@id":"https:\/\/nevadawic.org\/es\/#website","url":"https:\/\/nevadawic.org\/es\/","name":"Nevada WIC","description":"","publisher":{"@id":"https:\/\/nevadawic.org\/es\/#organization"},"potentialAction":[{"@type":"SearchAction","target":{"@type":"EntryPoint","urlTemplate":"https:\/\/nevadawic.org\/es\/?s={search_term_string}"},"query-input":{"@type":"PropertyValueSpecification","valueRequired":true,"valueName":"search_term_string"}}],"inLanguage":"es"},{"@type":"Organization","@id":"https:\/\/nevadawic.org\/es\/#organization","name":"WIC de Nevada:","url":"https:\/\/nevadawic.org\/es\/","logo":{"@type":"ImageObject","inLanguage":"es","@id":"https:\/\/nevadawic.org\/es\/#\/schema\/logo\/image\/","url":"https:\/\/nevadawic.org\/wp-content\/uploads\/2020\/07\/NV-Logo_Purple.jpg","contentUrl":"https:\/\/nevadawic.org\/wp-content\/uploads\/2020\/07\/NV-Logo_Purple.jpg","width":970,"height":507,"caption":"WIC de Nevada:"},"image":{"@id":"https:\/\/nevadawic.org\/es\/#\/schema\/logo\/image\/"}}]}},"_links":{"self":[{"href":"https:\/\/nevadawic.org\/es\/wp-json\/wp\/v2\/pages\/28040","targetHints":{"allow":["GET"]}}],"collection":[{"href":"https:\/\/nevadawic.org\/es\/wp-json\/wp\/v2\/pages"}],"about":[{"href":"https:\/\/nevadawic.org\/es\/wp-json\/wp\/v2\/types\/page"}],"author":[{"embeddable":true,"href":"https:\/\/nevadawic.org\/es\/wp-json\/wp\/v2\/users\/1"}],"replies":[{"embeddable":true,"href":"https:\/\/nevadawic.org\/es\/wp-json\/wp\/v2\/comments?post=28040"}],"version-history":[{"count":5,"href":"https:\/\/nevadawic.org\/es\/wp-json\/wp\/v2\/pages\/28040\/revisions"}],"predecessor-version":[{"id":33811,"href":"https:\/\/nevadawic.org\/es\/wp-json\/wp\/v2\/pages\/28040\/revisions\/33811"}],"wp:featuredmedia":[{"embeddable":true,"href":"https:\/\/nevadawic.org\/es\/wp-json\/wp\/v2\/media\/24563"}],"wp:attachment":[{"href":"https:\/\/nevadawic.org\/es\/wp-json\/wp\/v2\/media?parent=28040"}],"curies":[{"name":"wp","href":"https:\/\/api.w.org\/{rel}","templated":true}]}}