{"id":28044,"date":"2020-02-10T11:57:15","date_gmt":"2020-02-10T19:57:15","guid":{"rendered":"https:\/\/nevadawic.org\/acerca-del-wic\/preguntas-frecuentes-sobre-la-tarjeta-ebt-del-wic\/"},"modified":"2024-05-08T09:20:24","modified_gmt":"2024-05-08T16:20:24","slug":"preguntas-frecuentes-sobre-la-tarjeta-ebt-del-wic","status":"publish","type":"page","link":"https:\/\/nevadawic.org\/es\/acerca-de-wic\/preguntas-frecuentes-sobre-la-tarjeta-ebt-del-wic\/","title":{"rendered":"Preguntas frecuentes sobre la tarjeta EBT de WIC"},"content":{"rendered":"<h3><span style=\"color: #0000ff;\"><a style=\"color: #0000ff;\" href=\"https:\/\/nevadawic.org\/es\/ebt-de-nevada-wic\/\" target=\"_blank\" rel=\"noopener\"><strong>Haga clic aqu\u00ed<\/strong><\/a><\/span> para ver un breve videoclip sobre la tarjeta EBT de WIC de Nevada<\/h3>\n<h2>\u00bfC\u00f3mo puedo saber cu\u00e1l es mi saldo de beneficios alimentarios de WIC?<\/h2>\n<p>Hay cuatro maneras de obtener su saldo:<\/p>\n<ol>\n<li>Guarde su \u00faltimo recibo, ya que en \u00e9l se indica el saldo restante.<\/li>\n<li>Llame al 1-844-892-2932 para comunicarse con el servicio al cliente de EBT y siga las instrucciones.<\/li>\n<li>Vaya a la l\u00ednea del cajero de su tienda y solicite una consulta de saldo.<\/li>\n<li>Descargue y utilice la aplicaci\u00f3n WICShopper.<\/li>\n<\/ol>\n<h2>\u00bfQu\u00e9 tengo que hacer si necesito cambiar mis beneficios alimentarios de WIC?<\/h2>\n<p>Tendr\u00e1 que comunicarse con su cl\u00ednica de WIC para hablar de cualquier cambio posible en sus beneficios alimentarios.<\/p>\n<h2>\u00bfQu\u00e9 tengo que hacer si pienso mudarme o cambiar mi direcci\u00f3n?<\/h2>\n<p>Debe ponerse en contacto con el personal de su cl\u00ednica de WIC. Siempre aseg\u00farese de que su direcci\u00f3n sea la correcta.<\/p>\n<h2>\u00bfQu\u00e9 es un PIN (n\u00famero de identificaci\u00f3n personal)?<\/h2>\n<p>Su PIN es un c\u00f3digo secreto de cuatro d\u00edgitos que le permite usar su tarjeta EBT de WIC de Nevada en las tiendas. Su tarjeta NO funcionar\u00e1 hasta que llame al n\u00famero de servicio al cliente de EBT, la active y seleccione un PIN. Elija cuatro n\u00fameros que le resulten f\u00e1ciles de recordar.<\/p>\n<h2>\u00bfQu\u00e9 debo hacer si olvido mi PIN, quiero establecer un nuevo PIN o alguien lo descubre?<\/h2>\n<p>Llame al 1-844-892-2932 para comunicarse con el servicio al cliente de EBT y seleccionar un nuevo PIN.<\/p>\n<h2>\u00bfQu\u00e9 pasa si ingreso un PIN incorrecto en la tienda?<\/h2>\n<p>Si ingresa un PIN incorrecto, tendr\u00e1 DOS oportunidades m\u00e1s para ingresar el n\u00famero correcto. Despu\u00e9s del TERCER intento, deber\u00e1 llamar a su cl\u00ednica para desbloquear el PIN o no podr\u00e1 utilizar su tarjeta hasta las 12:01 am del d\u00eda siguiente.<\/p>\n<h2>\u00bfQu\u00e9 ocurre si pierdo o me roban la tarjeta?<\/h2>\n<p>Si pierde o le roban la tarjeta, puede reemplazarla en su cl\u00ednica. En cuanto se d\u00e9 cuenta de que perdi\u00f3 o le robaron la tarjeta EBT, llame a su cl\u00ednica para que la desactiven. Esto evitar\u00e1 que una persona no autorizada use sus beneficios. NOTA: Si no llama para desactivar la tarjeta y se utilizan los beneficios, no los podr\u00e1 recuperar.<\/p>\n<h2>\u00bfC\u00f3mo cuido mi tarjeta EBT de WIC?<\/h2>\n<ol>\n<li>NUNCA le diga su n\u00famero de identificaci\u00f3n personal (PIN) a nadie que no sea su representante designado.<\/li>\n<li>NO escriba su PIN en la tarjeta.<\/li>\n<li>Firme el reverso de la tarjeta.<\/li>\n<li>Mantenga su tarjeta limpia, en un lugar seguro y lejos de fuentes de calor, como la luz solar directa. NO la doble.<\/li>\n<\/ol>\n<h2>\u00bfQu\u00e9 pasa si necesito que otra persona haga las compras de WIC por m\u00ed?<\/h2>\n<p>Si quiere que otra persona haga las compras por usted, comun\u00edquese con el personal de su cl\u00ednica de WIC y preg\u00fanteles c\u00f3mo a\u00f1adir un representante.<\/p>\n<h2>\u00bfQu\u00e9 sucede si no funciona el equipo de EBT de WIC en la tienda?<\/h2>\n<p>Puede regresar a esa tienda en otro momento O puede ir a otra tienda aprobada por WIC para hacer la compra.<\/p>\n<h2>\u00bfQu\u00e9 pasa si mi tarjeta no funciona en la tienda?<\/h2>\n<ol>\n<li>A veces es necesario pasar la tarjeta EBT de WIC una segunda vez.<\/li>\n<li>Si la banda magn\u00e9tica est\u00e1 da\u00f1ada, preg\u00fantele al cajero si puede ingresar el n\u00famero de la tarjeta manualmente. Usted tendr\u00e1 que ingresar su PIN ya que los cajeros no est\u00e1n autorizados a ingresar el PIN de los participantes.<\/li>\n<li>\u00bfIngres\u00f3 un PIN incorrecto muchas veces? Llame a su oficina local de WIC para solicitar el desbloqueo del PIN. Si no recuerda su PIN puede llamar al 1-844-892-2932 para comunicarse con el servicio al cliente de EBT y cambiarlo por tel\u00e9fono.<\/li>\n<\/ol>\n<h2>\u00bfQu\u00e9 hago si me quitaron los beneficios de la tarjeta y no recib\u00ed los alimentos de la tienda?<\/h2>\n<p>Si cree que la tienda cometi\u00f3 un error, DEBE llamar o dirigirse a su cl\u00ednica en cuanto se d\u00e9 cuenta del error. Ni la tienda ni las cl\u00ednicas de WIC pueden devolver los art\u00edculos a su tarjeta EBT de WIC de Nevada. Su cl\u00ednica podr\u00e1 llamar a la Oficina Estatal de WIC para reportar el error e iniciar un reclamo.<\/p>\n<h2>\u00bfPor qu\u00e9 no puedo comprar art\u00edculos en la tienda?<\/h2>\n<p>Estas son algunas de las razones:<\/p>\n<ul>\n<li>Su saldo de alimentos de WIC est\u00e1 demasiado bajo para comprar el art\u00edculo.<\/li>\n<li>El art\u00edculo no est\u00e1 en su Lista de Beneficios Alimentarios o el tama\u00f1o del envase no est\u00e1 aprobado.<\/li>\n<li>El art\u00edculo no se ha a\u00f1adido a la lista de productos aprobados por WIC.<\/li>\n<li>Necesita comunicarse con su cl\u00ednica porque no tiene fondos suficientes.<\/li>\n<\/ul>\n<p>Si esto ocurre:<\/p>\n<ul>\n<li>El cajero no puede hacer nada que le permita comprar el art\u00edculo en ese momento.<\/li>\n<li>Revise su saldo de alimentos. Si est\u00e1 seguro de que le queda suficiente saldo, revise la base de datos de UPC de WIC para comprobar que eligi\u00f3 el tama\u00f1o de envase o la marca correctos.<\/li>\n<li>Si cree que se trata de un error, tome una foto de la etiqueta del producto y el c\u00f3digo UPC y, luego, llame a su cl\u00ednica local.<\/li>\n<\/ul>\n<h2>\u00bfEn qu\u00e9 casos es necesario llamar a servicio al cliente?<\/h2>\n<ul>\n<li>Cuando necesita seleccionar el PIN de una tarjeta nueva.<\/li>\n<li>Cuando no recuerda su PIN o quiere cambiarlo.<\/li>\n<li>Cuando necesita consultar su saldo de beneficios alimentarios.<\/li>\n<\/ul>\n","protected":false},"excerpt":{"rendered":"<p>Haga clic aqu\u00ed para ver un breve videoclip sobre la tarjeta EBT de WIC de Nevada \u00bfC\u00f3mo puedo&hellip;<\/p>\n","protected":false},"author":1,"featured_media":24566,"parent":28032,"menu_order":0,"comment_status":"closed","ping_status":"closed","template":"","meta":{"_acf_changed":false,"protect_children":false,"footnotes":""},"class_list":["post-28044","page","type-page","status-publish","has-post-thumbnail","hentry"],"acf":[],"yoast_head":"<!-- This site is optimized with the Yoast SEO plugin v27.2 - https:\/\/yoast.com\/product\/yoast-seo-wordpress\/ -->\n<title>Preguntas frecuentes sobre la tarjeta EBT de WIC de Nevada<\/title>\n<meta name=\"description\" content=\"Consulte las preguntas frecuentes sobre la tarjeta EBT de WIC de Nevada. Aprenda a consultar su saldo, cambiar los beneficios, cambiar la informaci\u00f3n de contacto y m\u00e1s.\" \/>\n<meta name=\"robots\" content=\"index, follow, max-snippet:-1, max-image-preview:large, max-video-preview:-1\" \/>\n<link rel=\"canonical\" href=\"https:\/\/nevadawic.org\/es\/acerca-de-wic\/preguntas-frecuentes-sobre-la-tarjeta-ebt-del-wic\/\" \/>\n<meta property=\"og:locale\" content=\"es_ES\" \/>\n<meta property=\"og:type\" content=\"article\" \/>\n<meta property=\"og:title\" content=\"Preguntas frecuentes sobre la tarjeta EBT de WIC de Nevada\" \/>\n<meta property=\"og:description\" content=\"Consulte las preguntas frecuentes sobre la tarjeta EBT de WIC de Nevada. Aprenda a consultar su saldo, cambiar los beneficios, cambiar la informaci\u00f3n de contacto y m\u00e1s.\" \/>\n<meta property=\"og:url\" content=\"https:\/\/nevadawic.org\/es\/acerca-de-wic\/preguntas-frecuentes-sobre-la-tarjeta-ebt-del-wic\/\" \/>\n<meta property=\"og:site_name\" content=\"Nevada WIC\" \/>\n<meta property=\"article:modified_time\" content=\"2024-05-08T16:20:24+00:00\" \/>\n<meta property=\"og:image\" content=\"https:\/\/nevadawic.org\/wp-content\/uploads\/2020\/07\/nwic-og-image.jpg\" \/>\n<meta name=\"twitter:card\" content=\"summary_large_image\" \/>\n<meta name=\"twitter:label1\" content=\"Tiempo de lectura\" \/>\n\t<meta name=\"twitter:data1\" content=\"4 minutos\" \/>\n<script type=\"application\/ld+json\" class=\"yoast-schema-graph\">{\"@context\":\"https:\/\/schema.org\",\"@graph\":[{\"@type\":\"WebPage\",\"@id\":\"https:\/\/nevadawic.org\/es\/acerca-de-wic\/preguntas-frecuentes-sobre-la-tarjeta-ebt-del-wic\/\",\"url\":\"https:\/\/nevadawic.org\/es\/acerca-de-wic\/preguntas-frecuentes-sobre-la-tarjeta-ebt-del-wic\/\",\"name\":\"Preguntas frecuentes sobre la tarjeta EBT de WIC de Nevada\",\"isPartOf\":{\"@id\":\"https:\/\/nevadawic.org\/es\/#website\"},\"primaryImageOfPage\":{\"@id\":\"https:\/\/nevadawic.org\/es\/acerca-de-wic\/preguntas-frecuentes-sobre-la-tarjeta-ebt-del-wic\/#primaryimage\"},\"image\":{\"@id\":\"https:\/\/nevadawic.org\/es\/acerca-de-wic\/preguntas-frecuentes-sobre-la-tarjeta-ebt-del-wic\/#primaryimage\"},\"thumbnailUrl\":\"https:\/\/nevadawic.org\/wp-content\/uploads\/2020\/02\/mother-daughter-grocery-shopping-scaled-e1613693974565.jpg\",\"datePublished\":\"2020-02-10T19:57:15+00:00\",\"dateModified\":\"2024-05-08T16:20:24+00:00\",\"description\":\"Consulte las preguntas frecuentes sobre la tarjeta EBT de WIC de Nevada. Aprenda a consultar su saldo, cambiar los beneficios, cambiar la informaci\u00f3n de contacto y m\u00e1s.\",\"breadcrumb\":{\"@id\":\"https:\/\/nevadawic.org\/es\/acerca-de-wic\/preguntas-frecuentes-sobre-la-tarjeta-ebt-del-wic\/#breadcrumb\"},\"inLanguage\":\"es\",\"potentialAction\":[{\"@type\":\"ReadAction\",\"target\":[\"https:\/\/nevadawic.org\/es\/acerca-de-wic\/preguntas-frecuentes-sobre-la-tarjeta-ebt-del-wic\/\"]}]},{\"@type\":\"ImageObject\",\"inLanguage\":\"es\",\"@id\":\"https:\/\/nevadawic.org\/es\/acerca-de-wic\/preguntas-frecuentes-sobre-la-tarjeta-ebt-del-wic\/#primaryimage\",\"url\":\"https:\/\/nevadawic.org\/wp-content\/uploads\/2020\/02\/mother-daughter-grocery-shopping-scaled-e1613693974565.jpg\",\"contentUrl\":\"https:\/\/nevadawic.org\/wp-content\/uploads\/2020\/02\/mother-daughter-grocery-shopping-scaled-e1613693974565.jpg\",\"width\":596,\"height\":356},{\"@type\":\"BreadcrumbList\",\"@id\":\"https:\/\/nevadawic.org\/es\/acerca-de-wic\/preguntas-frecuentes-sobre-la-tarjeta-ebt-del-wic\/#breadcrumb\",\"itemListElement\":[{\"@type\":\"ListItem\",\"position\":1,\"name\":\"Inicio\",\"item\":\"https:\/\/nevadawic.org\/es\/\"},{\"@type\":\"ListItem\",\"position\":2,\"name\":\"Acerca de WIC\",\"item\":\"https:\/\/nevadawic.org\/es\/acerca-de-wic\/\"},{\"@type\":\"ListItem\",\"position\":3,\"name\":\"Preguntas frecuentes sobre la tarjeta EBT de WIC\"}]},{\"@type\":\"WebSite\",\"@id\":\"https:\/\/nevadawic.org\/es\/#website\",\"url\":\"https:\/\/nevadawic.org\/es\/\",\"name\":\"Nevada WIC\",\"description\":\"\",\"publisher\":{\"@id\":\"https:\/\/nevadawic.org\/es\/#organization\"},\"potentialAction\":[{\"@type\":\"SearchAction\",\"target\":{\"@type\":\"EntryPoint\",\"urlTemplate\":\"https:\/\/nevadawic.org\/es\/?s={search_term_string}\"},\"query-input\":{\"@type\":\"PropertyValueSpecification\",\"valueRequired\":true,\"valueName\":\"search_term_string\"}}],\"inLanguage\":\"es\"},{\"@type\":\"Organization\",\"@id\":\"https:\/\/nevadawic.org\/es\/#organization\",\"name\":\"WIC de Nevada:\",\"url\":\"https:\/\/nevadawic.org\/es\/\",\"logo\":{\"@type\":\"ImageObject\",\"inLanguage\":\"es\",\"@id\":\"https:\/\/nevadawic.org\/es\/#\/schema\/logo\/image\/\",\"url\":\"https:\/\/nevadawic.org\/wp-content\/uploads\/2020\/07\/NV-Logo_Purple.jpg\",\"contentUrl\":\"https:\/\/nevadawic.org\/wp-content\/uploads\/2020\/07\/NV-Logo_Purple.jpg\",\"width\":970,\"height\":507,\"caption\":\"WIC de Nevada:\"},\"image\":{\"@id\":\"https:\/\/nevadawic.org\/es\/#\/schema\/logo\/image\/\"}}]}<\/script>\n<!-- \/ Yoast SEO plugin. -->","yoast_head_json":{"title":"Preguntas frecuentes sobre la tarjeta EBT de WIC de Nevada","description":"Consulte las preguntas frecuentes sobre la tarjeta EBT de WIC de Nevada. Aprenda a consultar su saldo, cambiar los beneficios, cambiar la informaci\u00f3n de contacto y m\u00e1s.","robots":{"index":"index","follow":"follow","max-snippet":"max-snippet:-1","max-image-preview":"max-image-preview:large","max-video-preview":"max-video-preview:-1"},"canonical":"https:\/\/nevadawic.org\/es\/acerca-de-wic\/preguntas-frecuentes-sobre-la-tarjeta-ebt-del-wic\/","og_locale":"es_ES","og_type":"article","og_title":"Preguntas frecuentes sobre la tarjeta EBT de WIC de Nevada","og_description":"Consulte las preguntas frecuentes sobre la tarjeta EBT de WIC de Nevada. Aprenda a consultar su saldo, cambiar los beneficios, cambiar la informaci\u00f3n de contacto y m\u00e1s.","og_url":"https:\/\/nevadawic.org\/es\/acerca-de-wic\/preguntas-frecuentes-sobre-la-tarjeta-ebt-del-wic\/","og_site_name":"Nevada WIC","article_modified_time":"2024-05-08T16:20:24+00:00","og_image":[{"url":"https:\/\/nevadawic.org\/wp-content\/uploads\/2020\/07\/nwic-og-image.jpg","type":"","width":"","height":""}],"twitter_card":"summary_large_image","twitter_misc":{"Tiempo de lectura":"4 minutos"},"schema":{"@context":"https:\/\/schema.org","@graph":[{"@type":"WebPage","@id":"https:\/\/nevadawic.org\/es\/acerca-de-wic\/preguntas-frecuentes-sobre-la-tarjeta-ebt-del-wic\/","url":"https:\/\/nevadawic.org\/es\/acerca-de-wic\/preguntas-frecuentes-sobre-la-tarjeta-ebt-del-wic\/","name":"Preguntas frecuentes sobre la tarjeta EBT de WIC de Nevada","isPartOf":{"@id":"https:\/\/nevadawic.org\/es\/#website"},"primaryImageOfPage":{"@id":"https:\/\/nevadawic.org\/es\/acerca-de-wic\/preguntas-frecuentes-sobre-la-tarjeta-ebt-del-wic\/#primaryimage"},"image":{"@id":"https:\/\/nevadawic.org\/es\/acerca-de-wic\/preguntas-frecuentes-sobre-la-tarjeta-ebt-del-wic\/#primaryimage"},"thumbnailUrl":"https:\/\/nevadawic.org\/wp-content\/uploads\/2020\/02\/mother-daughter-grocery-shopping-scaled-e1613693974565.jpg","datePublished":"2020-02-10T19:57:15+00:00","dateModified":"2024-05-08T16:20:24+00:00","description":"Consulte las preguntas frecuentes sobre la tarjeta EBT de WIC de Nevada. Aprenda a consultar su saldo, cambiar los beneficios, cambiar la informaci\u00f3n de contacto y m\u00e1s.","breadcrumb":{"@id":"https:\/\/nevadawic.org\/es\/acerca-de-wic\/preguntas-frecuentes-sobre-la-tarjeta-ebt-del-wic\/#breadcrumb"},"inLanguage":"es","potentialAction":[{"@type":"ReadAction","target":["https:\/\/nevadawic.org\/es\/acerca-de-wic\/preguntas-frecuentes-sobre-la-tarjeta-ebt-del-wic\/"]}]},{"@type":"ImageObject","inLanguage":"es","@id":"https:\/\/nevadawic.org\/es\/acerca-de-wic\/preguntas-frecuentes-sobre-la-tarjeta-ebt-del-wic\/#primaryimage","url":"https:\/\/nevadawic.org\/wp-content\/uploads\/2020\/02\/mother-daughter-grocery-shopping-scaled-e1613693974565.jpg","contentUrl":"https:\/\/nevadawic.org\/wp-content\/uploads\/2020\/02\/mother-daughter-grocery-shopping-scaled-e1613693974565.jpg","width":596,"height":356},{"@type":"BreadcrumbList","@id":"https:\/\/nevadawic.org\/es\/acerca-de-wic\/preguntas-frecuentes-sobre-la-tarjeta-ebt-del-wic\/#breadcrumb","itemListElement":[{"@type":"ListItem","position":1,"name":"Inicio","item":"https:\/\/nevadawic.org\/es\/"},{"@type":"ListItem","position":2,"name":"Acerca de WIC","item":"https:\/\/nevadawic.org\/es\/acerca-de-wic\/"},{"@type":"ListItem","position":3,"name":"Preguntas frecuentes sobre la tarjeta EBT de WIC"}]},{"@type":"WebSite","@id":"https:\/\/nevadawic.org\/es\/#website","url":"https:\/\/nevadawic.org\/es\/","name":"Nevada WIC","description":"","publisher":{"@id":"https:\/\/nevadawic.org\/es\/#organization"},"potentialAction":[{"@type":"SearchAction","target":{"@type":"EntryPoint","urlTemplate":"https:\/\/nevadawic.org\/es\/?s={search_term_string}"},"query-input":{"@type":"PropertyValueSpecification","valueRequired":true,"valueName":"search_term_string"}}],"inLanguage":"es"},{"@type":"Organization","@id":"https:\/\/nevadawic.org\/es\/#organization","name":"WIC de Nevada:","url":"https:\/\/nevadawic.org\/es\/","logo":{"@type":"ImageObject","inLanguage":"es","@id":"https:\/\/nevadawic.org\/es\/#\/schema\/logo\/image\/","url":"https:\/\/nevadawic.org\/wp-content\/uploads\/2020\/07\/NV-Logo_Purple.jpg","contentUrl":"https:\/\/nevadawic.org\/wp-content\/uploads\/2020\/07\/NV-Logo_Purple.jpg","width":970,"height":507,"caption":"WIC de Nevada:"},"image":{"@id":"https:\/\/nevadawic.org\/es\/#\/schema\/logo\/image\/"}}]}},"_links":{"self":[{"href":"https:\/\/nevadawic.org\/es\/wp-json\/wp\/v2\/pages\/28044","targetHints":{"allow":["GET"]}}],"collection":[{"href":"https:\/\/nevadawic.org\/es\/wp-json\/wp\/v2\/pages"}],"about":[{"href":"https:\/\/nevadawic.org\/es\/wp-json\/wp\/v2\/types\/page"}],"author":[{"embeddable":true,"href":"https:\/\/nevadawic.org\/es\/wp-json\/wp\/v2\/users\/1"}],"replies":[{"embeddable":true,"href":"https:\/\/nevadawic.org\/es\/wp-json\/wp\/v2\/comments?post=28044"}],"version-history":[{"count":11,"href":"https:\/\/nevadawic.org\/es\/wp-json\/wp\/v2\/pages\/28044\/revisions"}],"predecessor-version":[{"id":35795,"href":"https:\/\/nevadawic.org\/es\/wp-json\/wp\/v2\/pages\/28044\/revisions\/35795"}],"up":[{"embeddable":true,"href":"https:\/\/nevadawic.org\/es\/wp-json\/wp\/v2\/pages\/28032"}],"wp:featuredmedia":[{"embeddable":true,"href":"https:\/\/nevadawic.org\/es\/wp-json\/wp\/v2\/media\/24566"}],"wp:attachment":[{"href":"https:\/\/nevadawic.org\/es\/wp-json\/wp\/v2\/media?parent=28044"}],"curies":[{"name":"wp","href":"https:\/\/api.w.org\/{rel}","templated":true}]}}