{"id":28045,"date":"2020-02-10T12:01:55","date_gmt":"2020-02-10T20:01:55","guid":{"rendered":"https:\/\/nevadawic.org\/acerca-del-wic\/otros-servicios\/"},"modified":"2026-03-27T09:52:52","modified_gmt":"2026-03-27T16:52:52","slug":"otros-servicios","status":"publish","type":"page","link":"https:\/\/nevadawic.org\/es\/acerca-de-wic\/otros-servicios\/","title":{"rendered":"Otros servicios"},"content":{"rendered":"\t\t<div data-elementor-type=\"wp-page\" data-elementor-id=\"28045\" class=\"elementor elementor-28045 elementor-541\" data-elementor-post-type=\"page\">\n\t\t\t\t\t\t<section class=\"elementor-section elementor-top-section elementor-element elementor-element-a7db95d elementor-section-boxed elementor-section-height-default elementor-section-height-default\" data-id=\"a7db95d\" data-element_type=\"section\" data-e-type=\"section\">\n\t\t\t\t\t\t<div class=\"elementor-container elementor-column-gap-default\">\n\t\t\t\t\t<div class=\"elementor-column elementor-col-100 elementor-top-column elementor-element elementor-element-22278ad2\" data-id=\"22278ad2\" data-element_type=\"column\" data-e-type=\"column\">\n\t\t\t<div class=\"elementor-widget-wrap\">\n\t\t\t\t\t\t\t<\/div>\n\t\t<\/div>\n\t\t\t\t\t<\/div>\n\t\t<\/section>\n\t\t\t\t<section class=\"elementor-section elementor-top-section elementor-element elementor-element-71fd5d0 elementor-section-boxed elementor-section-height-default elementor-section-height-default\" data-id=\"71fd5d0\" data-element_type=\"section\" data-e-type=\"section\">\n\t\t\t\t\t\t<div class=\"elementor-container elementor-column-gap-default\">\n\t\t\t\t\t<div class=\"elementor-column elementor-col-100 elementor-top-column elementor-element elementor-element-ea806d5\" data-id=\"ea806d5\" data-element_type=\"column\" data-e-type=\"column\">\n\t\t\t<div class=\"elementor-widget-wrap elementor-element-populated\">\n\t\t\t\t\t\t<div class=\"elementor-element elementor-element-344057b elementor-widget elementor-widget-kps3-textimage\" data-id=\"344057b\" data-element_type=\"widget\" data-e-type=\"widget\" data-widget_type=\"kps3-textimage.default\">\n\t\t\t\t<div class=\"elementor-widget-container\">\n\t\t\t\t\t      <div >\n        <header class=\"header header--hero\">\n          <div class=\"header__background\" style=\"background-image: url('https:\/\/nevadawic.org\/wp-content\/uploads\/2020\/02\/mother-child-at-clinic-2-1440x640.jpg');\"><\/div>\n          <div class=\"header__accent\"><\/div>\n                    <div\n            class=\"header__overlay\"\n            style=\"background-image: linear-gradient(\n              130deg,\n              rgba(255, 255, 255, 1) 45%,\n              rgba(255, 255, 255, .1) 65%\n            );\"\n          ><\/div>\n                    <div class=\"header__container container container--large\">\n            <h1 class=\"header__heading\">\n              Otros programas y servicios            <\/h1>\n            <p class=\"header__text\">\n              Adem\u00e1s de los recursos proporcionados por el programa de WIC de Nevada, tambi\u00e9n podemos conectarlo con otros programas y servicios de apoyo. A continuaci\u00f3n, se presentan algunos de los programas que pueden ser \u00fatiles para usted y su familia.            <\/p>\n                      <\/div>\n          <div class=\"header__accent-alt\"><\/div>\n        <\/header>\n      <\/div>\n      \t\t\t\t<\/div>\n\t\t\t\t<\/div>\n\t\t\t\t<div class=\"elementor-element elementor-element-658aa72 elementor-widget elementor-widget-kps3-spacer\" data-id=\"658aa72\" data-element_type=\"widget\" data-e-type=\"widget\" data-widget_type=\"kps3-spacer.default\">\n\t\t\t\t<div class=\"elementor-widget-container\">\n\t\t\t\t\t    <div\n      class=\"spacer \"\n    ><\/div>\n    \t\t\t\t<\/div>\n\t\t\t\t<\/div>\n\t\t\t\t<div class=\"elementor-element elementor-element-4328a29 elementor-widget elementor-widget-kps3-spacer\" data-id=\"4328a29\" data-element_type=\"widget\" data-e-type=\"widget\" data-widget_type=\"kps3-spacer.default\">\n\t\t\t\t<div class=\"elementor-widget-container\">\n\t\t\t\t\t    <div\n      class=\"spacer spacer--small\"\n    ><\/div>\n    \t\t\t\t<\/div>\n\t\t\t\t<\/div>\n\t\t\t\t\t<\/div>\n\t\t<\/div>\n\t\t\t\t\t<\/div>\n\t\t<\/section>\n\t\t\t\t<section class=\"elementor-section elementor-top-section elementor-element elementor-element-ca9eb4f elementor-section-boxed elementor-section-height-default elementor-section-height-default\" data-id=\"ca9eb4f\" data-element_type=\"section\" data-e-type=\"section\">\n\t\t\t\t\t\t<div class=\"elementor-container elementor-column-gap-default\">\n\t\t\t\t\t<div class=\"elementor-column elementor-col-100 elementor-top-column elementor-element elementor-element-676dbab\" data-id=\"676dbab\" data-element_type=\"column\" data-e-type=\"column\">\n\t\t\t<div class=\"elementor-widget-wrap elementor-element-populated\">\n\t\t\t\t\t\t<div class=\"elementor-element elementor-element-0fe87cd elementor-widget elementor-widget-kps3-spacer\" data-id=\"0fe87cd\" data-element_type=\"widget\" data-e-type=\"widget\" data-widget_type=\"kps3-spacer.default\">\n\t\t\t\t<div class=\"elementor-widget-container\">\n\t\t\t\t\t    <div\n      class=\"spacer \"\n    ><\/div>\n    \t\t\t\t<\/div>\n\t\t\t\t<\/div>\n\t\t\t\t<div class=\"elementor-element elementor-element-e7a6496 elementor-widget elementor-widget-kps3-cards\" data-id=\"e7a6496\" data-element_type=\"widget\" data-e-type=\"widget\" data-widget_type=\"kps3-cards.default\">\n\t\t\t\t<div class=\"elementor-widget-container\">\n\t\t\t\t\t      <div  class=\"cards\">\n        <div class=\"cards__container container container--small\">\n          <div class=\"cards__items\">\n                                        <div class=\"cards__item\">\n                <div class=\"card\">\n                  <div\n                    class=\"card__image\"\n                    style=\"background-image: url('https:\/\/nevadawic.org\/wp-content\/uploads\/2020\/11\/mom-wearing-baby-with-toddler-400x205.jpg');\"\n                  ><\/div>\n                  <div class=\"card__content\">\n                                          <h3 class=\"card__heading\">Recursos alternativos<\/h3>\n                                                              <div class=\"card__text\">\n                        <p>\n                          Queremos que reciba la asistencia comunitaria y m\u00e9dica que necesita. Proporcionamos referencias para vacunas, atenci\u00f3n de salud y otros programas.\u00a0Las cl\u00ednicas tendr\u00e1n referencias m\u00e1s detalladas para su \u00e1rea local.                        <\/p>\n                      <\/div>\n                                                              <a href=\"https:\/\/nevadawic.org\/es\/acerca-de-wic\/otros-servicios\/recursos-alternativos\/\" target=\"_blank\" class=\"card__link\">\n                        M\u00e1s informaci\u00f3n                        <span>\n                          <svg class=\"svg-icon next-arrow-icon\" width=\"16\" height=\"11\" aria-label=\"Inicio\">\n                            <use xlink:href=\"https:\/\/nevadawic.org\/wp-content\/themes\/kps3-nwic\/public\/assets\/sprite.svg#icon-arrow-right\"><\/use>\n                          <\/svg>\n                        <\/span>\n                      <\/a>\n                                      <\/div>\n                <\/div>\n              <\/div>\n                                        <div class=\"cards__item\">\n                <div class=\"card\">\n                  <div\n                    class=\"card__image\"\n                    style=\"background-image: url('https:\/\/nevadawic.org\/wp-content\/uploads\/2022\/07\/shutterstock_1748867948-400x205.jpg');\"\n                  ><\/div>\n                  <div class=\"card__content\">\n                                          <h3 class=\"card__heading\">Recursos nutricionales<\/h3>\n                                                              <div class=\"card__text\">\n                        <p>\n                          En Internet se pueden encontrar excelentes recursos sobre nutrici\u00f3n.  A continuaci\u00f3n, se ofrecen algunos recursos locales y nacionales que pueden ayudar a responder preguntas y proporcionar informaci\u00f3n factual.                         <\/p>\n                      <\/div>\n                                                              <a href=\"https:\/\/nevadawic.org\/es\/recursos-nutricionales\/\" target=\"_blank\" class=\"card__link\">\n                        M\u00e1s informaci\u00f3n                        <span>\n                          <svg class=\"svg-icon next-arrow-icon\" width=\"16\" height=\"11\" aria-label=\"Inicio\">\n                            <use xlink:href=\"https:\/\/nevadawic.org\/wp-content\/themes\/kps3-nwic\/public\/assets\/sprite.svg#icon-arrow-right\"><\/use>\n                          <\/svg>\n                        <\/span>\n                      <\/a>\n                                      <\/div>\n                <\/div>\n              <\/div>\n                                        <div class=\"cards__item\">\n                <div class=\"card\">\n                  <div\n                    class=\"card__image\"\n                    style=\"background-image: url('');\"\n                  ><\/div>\n                  <div class=\"card__content\">\n                                          <h3 class=\"card__heading\">Ayuda con el My Nevada WIC Portal<\/h3>\n                                                              <div class=\"card__text\">\n                        <p>\n                          PR\u00d3XIMAMENTE: El My Nevada WIC Portal facilita el proceso de aplicar a la cl\u00ednica de WIC m\u00e1s cercana a los nuevos solicitantes y que los participantes existentes puedan ver su saldo de alimentos, solicitar citas y ver la informaci\u00f3n de su cl\u00ednica.                        <\/p>\n                      <\/div>\n                                                              <a href=\"https:\/\/nevadawic.org\/ayuda-con-el-my-nevada-wic-portal\/\" class=\"card__link\">\n                        M\u00e1s informaci\u00f3n                        <span>\n                          <svg class=\"svg-icon next-arrow-icon\" width=\"16\" height=\"11\" aria-label=\"Inicio\">\n                            <use xlink:href=\"https:\/\/nevadawic.org\/wp-content\/themes\/kps3-nwic\/public\/assets\/sprite.svg#icon-arrow-right\"><\/use>\n                          <\/svg>\n                        <\/span>\n                      <\/a>\n                                      <\/div>\n                <\/div>\n              <\/div>\n                      <\/div>\n        <\/div>\n      <\/div>\n      \t\t\t\t<\/div>\n\t\t\t\t<\/div>\n\t\t\t\t<div class=\"elementor-element elementor-element-8ee31f2 elementor-widget elementor-widget-kps3-spacer\" data-id=\"8ee31f2\" data-element_type=\"widget\" data-e-type=\"widget\" data-widget_type=\"kps3-spacer.default\">\n\t\t\t\t<div class=\"elementor-widget-container\">\n\t\t\t\t\t    <div\n      class=\"spacer \"\n    ><\/div>\n    \t\t\t\t<\/div>\n\t\t\t\t<\/div>\n\t\t\t\t\t<\/div>\n\t\t<\/div>\n\t\t\t\t\t<\/div>\n\t\t<\/section>\n\t\t\t\t<\/div>\n\t\t","protected":false},"excerpt":{"rendered":"<p>Otros programas y servicios Adem\u00e1s de los recursos proporcionados por el programa de WIC de Nevada, tambi\u00e9n podemos&hellip;<\/p>\n","protected":false},"author":1,"featured_media":24559,"parent":28032,"menu_order":0,"comment_status":"closed","ping_status":"closed","template":"elementor_header_footer","meta":{"_acf_changed":false,"protect_children":false,"footnotes":""},"class_list":["post-28045","page","type-page","status-publish","has-post-thumbnail","hentry"],"acf":[],"yoast_head":"<!-- This site is optimized with the Yoast SEO plugin v27.2 - https:\/\/yoast.com\/product\/yoast-seo-wordpress\/ -->\n<title>Otros servicios - Nevada WIC<\/title>\n<meta name=\"description\" content=\"Otros programas y servicios Adem\u00e1s de los recursos proporcionados por el programa de WIC de Nevada, tambi\u00e9n podemos conectarlo con otros programas y\" \/>\n<meta name=\"robots\" content=\"index, follow, max-snippet:-1, max-image-preview:large, max-video-preview:-1\" \/>\n<link rel=\"canonical\" href=\"https:\/\/nevadawic.org\/es\/acerca-de-wic\/otros-servicios\/\" \/>\n<meta property=\"og:locale\" content=\"es_ES\" \/>\n<meta property=\"og:type\" content=\"article\" \/>\n<meta property=\"og:title\" content=\"Otros servicios - Nevada WIC\" \/>\n<meta property=\"og:description\" content=\"Otros programas y servicios Adem\u00e1s de los recursos proporcionados por el programa de WIC de Nevada, tambi\u00e9n podemos conectarlo con otros programas y\" \/>\n<meta property=\"og:url\" content=\"https:\/\/nevadawic.org\/es\/acerca-de-wic\/otros-servicios\/\" \/>\n<meta property=\"og:site_name\" content=\"Nevada WIC\" \/>\n<meta property=\"article:modified_time\" content=\"2026-03-27T16:52:52+00:00\" \/>\n<meta property=\"og:image\" content=\"https:\/\/nevadawic.org\/wp-content\/uploads\/2020\/02\/parent-baby-holding-hands-scaled.jpg\" \/>\n\t<meta property=\"og:image:width\" content=\"2560\" \/>\n\t<meta property=\"og:image:height\" content=\"1707\" \/>\n\t<meta property=\"og:image:type\" content=\"image\/jpeg\" \/>\n<meta name=\"twitter:card\" content=\"summary_large_image\" \/>\n<meta name=\"twitter:label1\" content=\"Tiempo de lectura\" \/>\n\t<meta name=\"twitter:data1\" content=\"1 minuto\" \/>\n<script type=\"application\/ld+json\" class=\"yoast-schema-graph\">{\"@context\":\"https:\/\/schema.org\",\"@graph\":[{\"@type\":\"WebPage\",\"@id\":\"https:\/\/nevadawic.org\/es\/acerca-de-wic\/otros-servicios\/\",\"url\":\"https:\/\/nevadawic.org\/es\/acerca-de-wic\/otros-servicios\/\",\"name\":\"Otros servicios - Nevada WIC\",\"isPartOf\":{\"@id\":\"https:\/\/nevadawic.org\/es\/#website\"},\"primaryImageOfPage\":{\"@id\":\"https:\/\/nevadawic.org\/es\/acerca-de-wic\/otros-servicios\/#primaryimage\"},\"image\":{\"@id\":\"https:\/\/nevadawic.org\/es\/acerca-de-wic\/otros-servicios\/#primaryimage\"},\"thumbnailUrl\":\"https:\/\/nevadawic.org\/wp-content\/uploads\/2020\/02\/parent-baby-holding-hands-scaled.jpg\",\"datePublished\":\"2020-02-10T20:01:55+00:00\",\"dateModified\":\"2026-03-27T16:52:52+00:00\",\"description\":\"Otros programas y servicios Adem\u00e1s de los recursos proporcionados por el programa de WIC de Nevada, tambi\u00e9n podemos conectarlo con otros programas y\",\"breadcrumb\":{\"@id\":\"https:\/\/nevadawic.org\/es\/acerca-de-wic\/otros-servicios\/#breadcrumb\"},\"inLanguage\":\"es\",\"potentialAction\":[{\"@type\":\"ReadAction\",\"target\":[\"https:\/\/nevadawic.org\/es\/acerca-de-wic\/otros-servicios\/\"]}]},{\"@type\":\"ImageObject\",\"inLanguage\":\"es\",\"@id\":\"https:\/\/nevadawic.org\/es\/acerca-de-wic\/otros-servicios\/#primaryimage\",\"url\":\"https:\/\/nevadawic.org\/wp-content\/uploads\/2020\/02\/parent-baby-holding-hands-scaled.jpg\",\"contentUrl\":\"https:\/\/nevadawic.org\/wp-content\/uploads\/2020\/02\/parent-baby-holding-hands-scaled.jpg\",\"width\":2560,\"height\":1707},{\"@type\":\"BreadcrumbList\",\"@id\":\"https:\/\/nevadawic.org\/es\/acerca-de-wic\/otros-servicios\/#breadcrumb\",\"itemListElement\":[{\"@type\":\"ListItem\",\"position\":1,\"name\":\"Inicio\",\"item\":\"https:\/\/nevadawic.org\/es\/\"},{\"@type\":\"ListItem\",\"position\":2,\"name\":\"Acerca de WIC\",\"item\":\"https:\/\/nevadawic.org\/es\/acerca-de-wic\/\"},{\"@type\":\"ListItem\",\"position\":3,\"name\":\"Otros servicios\"}]},{\"@type\":\"WebSite\",\"@id\":\"https:\/\/nevadawic.org\/es\/#website\",\"url\":\"https:\/\/nevadawic.org\/es\/\",\"name\":\"Nevada WIC\",\"description\":\"\",\"publisher\":{\"@id\":\"https:\/\/nevadawic.org\/es\/#organization\"},\"potentialAction\":[{\"@type\":\"SearchAction\",\"target\":{\"@type\":\"EntryPoint\",\"urlTemplate\":\"https:\/\/nevadawic.org\/es\/?s={search_term_string}\"},\"query-input\":{\"@type\":\"PropertyValueSpecification\",\"valueRequired\":true,\"valueName\":\"search_term_string\"}}],\"inLanguage\":\"es\"},{\"@type\":\"Organization\",\"@id\":\"https:\/\/nevadawic.org\/es\/#organization\",\"name\":\"WIC de Nevada:\",\"url\":\"https:\/\/nevadawic.org\/es\/\",\"logo\":{\"@type\":\"ImageObject\",\"inLanguage\":\"es\",\"@id\":\"https:\/\/nevadawic.org\/es\/#\/schema\/logo\/image\/\",\"url\":\"https:\/\/nevadawic.org\/wp-content\/uploads\/2020\/07\/NV-Logo_Purple.jpg\",\"contentUrl\":\"https:\/\/nevadawic.org\/wp-content\/uploads\/2020\/07\/NV-Logo_Purple.jpg\",\"width\":970,\"height\":507,\"caption\":\"WIC de Nevada:\"},\"image\":{\"@id\":\"https:\/\/nevadawic.org\/es\/#\/schema\/logo\/image\/\"}}]}<\/script>\n<!-- \/ Yoast SEO plugin. -->","yoast_head_json":{"title":"Otros servicios - Nevada WIC","description":"Otros programas y servicios Adem\u00e1s de los recursos proporcionados por el programa de WIC de Nevada, tambi\u00e9n podemos conectarlo con otros programas y","robots":{"index":"index","follow":"follow","max-snippet":"max-snippet:-1","max-image-preview":"max-image-preview:large","max-video-preview":"max-video-preview:-1"},"canonical":"https:\/\/nevadawic.org\/es\/acerca-de-wic\/otros-servicios\/","og_locale":"es_ES","og_type":"article","og_title":"Otros servicios - Nevada WIC","og_description":"Otros programas y servicios Adem\u00e1s de los recursos proporcionados por el programa de WIC de Nevada, tambi\u00e9n podemos conectarlo con otros programas y","og_url":"https:\/\/nevadawic.org\/es\/acerca-de-wic\/otros-servicios\/","og_site_name":"Nevada WIC","article_modified_time":"2026-03-27T16:52:52+00:00","og_image":[{"width":2560,"height":1707,"url":"https:\/\/nevadawic.org\/wp-content\/uploads\/2020\/02\/parent-baby-holding-hands-scaled.jpg","type":"image\/jpeg"}],"twitter_card":"summary_large_image","twitter_misc":{"Tiempo de lectura":"1 minuto"},"schema":{"@context":"https:\/\/schema.org","@graph":[{"@type":"WebPage","@id":"https:\/\/nevadawic.org\/es\/acerca-de-wic\/otros-servicios\/","url":"https:\/\/nevadawic.org\/es\/acerca-de-wic\/otros-servicios\/","name":"Otros servicios - Nevada WIC","isPartOf":{"@id":"https:\/\/nevadawic.org\/es\/#website"},"primaryImageOfPage":{"@id":"https:\/\/nevadawic.org\/es\/acerca-de-wic\/otros-servicios\/#primaryimage"},"image":{"@id":"https:\/\/nevadawic.org\/es\/acerca-de-wic\/otros-servicios\/#primaryimage"},"thumbnailUrl":"https:\/\/nevadawic.org\/wp-content\/uploads\/2020\/02\/parent-baby-holding-hands-scaled.jpg","datePublished":"2020-02-10T20:01:55+00:00","dateModified":"2026-03-27T16:52:52+00:00","description":"Otros programas y servicios Adem\u00e1s de los recursos proporcionados por el programa de WIC de Nevada, tambi\u00e9n podemos conectarlo con otros programas y","breadcrumb":{"@id":"https:\/\/nevadawic.org\/es\/acerca-de-wic\/otros-servicios\/#breadcrumb"},"inLanguage":"es","potentialAction":[{"@type":"ReadAction","target":["https:\/\/nevadawic.org\/es\/acerca-de-wic\/otros-servicios\/"]}]},{"@type":"ImageObject","inLanguage":"es","@id":"https:\/\/nevadawic.org\/es\/acerca-de-wic\/otros-servicios\/#primaryimage","url":"https:\/\/nevadawic.org\/wp-content\/uploads\/2020\/02\/parent-baby-holding-hands-scaled.jpg","contentUrl":"https:\/\/nevadawic.org\/wp-content\/uploads\/2020\/02\/parent-baby-holding-hands-scaled.jpg","width":2560,"height":1707},{"@type":"BreadcrumbList","@id":"https:\/\/nevadawic.org\/es\/acerca-de-wic\/otros-servicios\/#breadcrumb","itemListElement":[{"@type":"ListItem","position":1,"name":"Inicio","item":"https:\/\/nevadawic.org\/es\/"},{"@type":"ListItem","position":2,"name":"Acerca de WIC","item":"https:\/\/nevadawic.org\/es\/acerca-de-wic\/"},{"@type":"ListItem","position":3,"name":"Otros servicios"}]},{"@type":"WebSite","@id":"https:\/\/nevadawic.org\/es\/#website","url":"https:\/\/nevadawic.org\/es\/","name":"Nevada WIC","description":"","publisher":{"@id":"https:\/\/nevadawic.org\/es\/#organization"},"potentialAction":[{"@type":"SearchAction","target":{"@type":"EntryPoint","urlTemplate":"https:\/\/nevadawic.org\/es\/?s={search_term_string}"},"query-input":{"@type":"PropertyValueSpecification","valueRequired":true,"valueName":"search_term_string"}}],"inLanguage":"es"},{"@type":"Organization","@id":"https:\/\/nevadawic.org\/es\/#organization","name":"WIC de Nevada:","url":"https:\/\/nevadawic.org\/es\/","logo":{"@type":"ImageObject","inLanguage":"es","@id":"https:\/\/nevadawic.org\/es\/#\/schema\/logo\/image\/","url":"https:\/\/nevadawic.org\/wp-content\/uploads\/2020\/07\/NV-Logo_Purple.jpg","contentUrl":"https:\/\/nevadawic.org\/wp-content\/uploads\/2020\/07\/NV-Logo_Purple.jpg","width":970,"height":507,"caption":"WIC de Nevada:"},"image":{"@id":"https:\/\/nevadawic.org\/es\/#\/schema\/logo\/image\/"}}]}},"_links":{"self":[{"href":"https:\/\/nevadawic.org\/es\/wp-json\/wp\/v2\/pages\/28045","targetHints":{"allow":["GET"]}}],"collection":[{"href":"https:\/\/nevadawic.org\/es\/wp-json\/wp\/v2\/pages"}],"about":[{"href":"https:\/\/nevadawic.org\/es\/wp-json\/wp\/v2\/types\/page"}],"author":[{"embeddable":true,"href":"https:\/\/nevadawic.org\/es\/wp-json\/wp\/v2\/users\/1"}],"replies":[{"embeddable":true,"href":"https:\/\/nevadawic.org\/es\/wp-json\/wp\/v2\/comments?post=28045"}],"version-history":[{"count":54,"href":"https:\/\/nevadawic.org\/es\/wp-json\/wp\/v2\/pages\/28045\/revisions"}],"predecessor-version":[{"id":42298,"href":"https:\/\/nevadawic.org\/es\/wp-json\/wp\/v2\/pages\/28045\/revisions\/42298"}],"up":[{"embeddable":true,"href":"https:\/\/nevadawic.org\/es\/wp-json\/wp\/v2\/pages\/28032"}],"wp:featuredmedia":[{"embeddable":true,"href":"https:\/\/nevadawic.org\/es\/wp-json\/wp\/v2\/media\/24559"}],"wp:attachment":[{"href":"https:\/\/nevadawic.org\/es\/wp-json\/wp\/v2\/media?parent=28045"}],"curies":[{"name":"wp","href":"https:\/\/api.w.org\/{rel}","templated":true}]}}