{"id":28048,"date":"2020-02-10T12:05:56","date_gmt":"2020-02-10T20:05:56","guid":{"rendered":"https:\/\/nevadawic.org\/acerca-del-wic\/otros-servicios\/programa-de-servicio-de-alimentos-de-verano\/"},"modified":"2024-04-04T13:28:28","modified_gmt":"2024-04-04T20:28:28","slug":"programa-de-servicio-de-alimentos-de-verano","status":"publish","type":"page","link":"https:\/\/nevadawic.org\/es\/acerca-de-wic\/otros-servicios\/programa-de-servicio-de-alimentos-de-verano\/","title":{"rendered":"Programa de Servicio de Alimentos de Verano"},"content":{"rendered":"<h2>Bienvenido al Programa de Servicio de Alimentos de Verano (SFSP) para ni\u00f1os<\/h2>\n<p><span style=\"font-weight: 400;\">El Departamento de Agricultura de Nevada administra el Programa de Servicio de Alimentos de Verano del Departamento de Agricultura de los Estados Unidos (USDA). El prop\u00f3sito del SFSP es proporcionar alimentos cuando no hay clases. La necesidad de alimentarse de manera saludable no termina cuando comienzan las vacaciones de verano. Para subsanar esas deficiencias, el Programa de Servicio de Alimentos de Verano proporciona alimentos buenos y nutritivos en varios centros de alimentaci\u00f3n en todo el estado. Todos los ni\u00f1os menores de 18 a\u00f1os pueden participar en el SFSP. \u00a1NO es necesario inscribirse ni pagar nada!<\/span><\/p>\n<p><span style=\"font-weight: 400;\">El siguiente folleto informativo (en ingl\u00e9s o espa\u00f1ol) proporciona informaci\u00f3n sobre c\u00f3mo funciona el SFSP y qu\u00e9 puede hacer para participar en las Comidas de Verano.<\/span><\/p>\n<ul>\n<li><span style=\"font-weight: 400;\">Folleto informativo del SFSP &#8211; <\/span><a href=\"https:\/\/fns-prod.azureedge.net\/sites\/default\/files\/resource-files\/SFSP-Fact-Sheet.pdf\" target=\"_blank\" rel=\"noopener noreferrer\"><span style=\"font-weight: 400;\">Ingl\u00e9s<\/span><\/a><\/li>\n<li><span style=\"font-weight: 400;\">Folleto informativo del SFSP &#8211; <\/span><a href=\"https:\/\/fns-prod.azureedge.net\/sites\/default\/files\/resource-files\/SFSP-Fact-Sheet-2017-Spanish.pdf\" target=\"_blank\" rel=\"noopener noreferrer\"><span style=\"font-weight: 400;\">Espa\u00f1ol<\/span><\/a><\/li>\n<\/ul>\n<p><span style=\"font-weight: 400;\">Para obtener m\u00e1s informaci\u00f3n sobre el SFSP y los centros de alimentaci\u00f3n m\u00e1s cercanos, consulte la informaci\u00f3n y los enlaces que aparecen a continuaci\u00f3n:<\/span><\/p>\n<h5><b>Para encontrar un centro cercano, puede hacer lo siguiente:<\/b><\/h5>\n<ul>\n<li style=\"font-weight: 400;\"><span style=\"font-weight: 400;\">Llamar al 1-877-842-6273<\/span><\/li>\n<li style=\"font-weight: 400;\"><span style=\"font-weight: 400;\">Visitar la p\u00e1gina web <\/span><a href=\"https:\/\/www.fns.usda.gov\/es\/meals4kids\" target=\"_blank\" rel=\"noopener noreferrer\"><span style=\"font-weight: 400;\">www.fns.usda.gov\/es\/meals4kids<\/span><\/a><\/li>\n<li style=\"font-weight: 400;\"><span style=\"font-weight: 400;\">Enviar un mensaje de texto con la palabra \u201cVerano\u201d a 97779<\/span><\/li>\n<\/ul>\n<p><span style=\"font-weight: 400;\">\u00a0<\/span><a href=\"https:\/\/www.fns.usda.gov\/sfsp\/summer-food-service-program\" target=\"_blank\" rel=\"noopener noreferrer\"><span style=\"font-weight: 400;\">Programa de Servicio de Alimentos de Verano<\/span><\/a><\/p>\n<p><img fetchpriority=\"high\" decoding=\"async\" class=\"wp-image-1677 size-full alignleft\" src=\"https:\/\/nevadawic.org\/wp-content\/uploads\/2020\/05\/SFSP-Pic.jpg\" alt=\"\" width=\"300\" height=\"186\" \/><\/p>\n","protected":false},"excerpt":{"rendered":"<p>Bienvenido al Programa de Servicio de Alimentos de Verano (SFSP) para ni\u00f1os El Departamento de Agricultura de Nevada&hellip;<\/p>\n","protected":false},"author":1,"featured_media":24584,"parent":28045,"menu_order":2,"comment_status":"closed","ping_status":"closed","template":"","meta":{"_acf_changed":false,"protect_children":false,"footnotes":""},"class_list":["post-28048","page","type-page","status-publish","has-post-thumbnail","hentry"],"acf":[],"yoast_head":"<!-- This site is optimized with the Yoast SEO plugin v27.2 - https:\/\/yoast.com\/product\/yoast-seo-wordpress\/ -->\n<title>Programa de Servicio de Alimentos de Verano - Nevada WIC<\/title>\n<meta name=\"description\" content=\"Bienvenido al Programa de Servicio de Alimentos de Verano (SFSP) para ni\u00f1os El Departamento de Agricultura de Nevada administra el Programa de Servicio de\" \/>\n<meta name=\"robots\" content=\"index, follow, max-snippet:-1, max-image-preview:large, max-video-preview:-1\" \/>\n<link rel=\"canonical\" href=\"https:\/\/nevadawic.org\/es\/acerca-de-wic\/otros-servicios\/programa-de-servicio-de-alimentos-de-verano\/\" \/>\n<meta property=\"og:locale\" content=\"es_ES\" \/>\n<meta property=\"og:type\" content=\"article\" \/>\n<meta property=\"og:title\" content=\"Programa de Servicio de Alimentos de Verano - Nevada WIC\" \/>\n<meta property=\"og:description\" content=\"Bienvenido al Programa de Servicio de Alimentos de Verano (SFSP) para ni\u00f1os El Departamento de Agricultura de Nevada administra el Programa de Servicio de\" \/>\n<meta property=\"og:url\" content=\"https:\/\/nevadawic.org\/es\/acerca-de-wic\/otros-servicios\/programa-de-servicio-de-alimentos-de-verano\/\" \/>\n<meta property=\"og:site_name\" content=\"Nevada WIC\" \/>\n<meta property=\"article:modified_time\" content=\"2024-04-04T20:28:28+00:00\" \/>\n<meta property=\"og:image\" content=\"https:\/\/nevadawic.org\/wp-content\/uploads\/2020\/02\/summer-food-program.jpg\" \/>\n\t<meta property=\"og:image:width\" content=\"1440\" \/>\n\t<meta property=\"og:image:height\" content=\"300\" \/>\n\t<meta property=\"og:image:type\" content=\"image\/jpeg\" \/>\n<meta name=\"twitter:card\" content=\"summary_large_image\" \/>\n<meta name=\"twitter:label1\" content=\"Tiempo de lectura\" \/>\n\t<meta name=\"twitter:data1\" content=\"2 minutos\" \/>\n<script type=\"application\/ld+json\" class=\"yoast-schema-graph\">{\"@context\":\"https:\/\/schema.org\",\"@graph\":[{\"@type\":\"WebPage\",\"@id\":\"https:\/\/nevadawic.org\/es\/acerca-de-wic\/otros-servicios\/programa-de-servicio-de-alimentos-de-verano\/\",\"url\":\"https:\/\/nevadawic.org\/es\/acerca-de-wic\/otros-servicios\/programa-de-servicio-de-alimentos-de-verano\/\",\"name\":\"Programa de Servicio de Alimentos de Verano - Nevada WIC\",\"isPartOf\":{\"@id\":\"https:\/\/nevadawic.org\/es\/#website\"},\"primaryImageOfPage\":{\"@id\":\"https:\/\/nevadawic.org\/es\/acerca-de-wic\/otros-servicios\/programa-de-servicio-de-alimentos-de-verano\/#primaryimage\"},\"image\":{\"@id\":\"https:\/\/nevadawic.org\/es\/acerca-de-wic\/otros-servicios\/programa-de-servicio-de-alimentos-de-verano\/#primaryimage\"},\"thumbnailUrl\":\"https:\/\/nevadawic.org\/wp-content\/uploads\/2020\/02\/summer-food-program.jpg\",\"datePublished\":\"2020-02-10T20:05:56+00:00\",\"dateModified\":\"2024-04-04T20:28:28+00:00\",\"description\":\"Bienvenido al Programa de Servicio de Alimentos de Verano (SFSP) para ni\u00f1os El Departamento de Agricultura de Nevada administra el Programa de Servicio de\",\"breadcrumb\":{\"@id\":\"https:\/\/nevadawic.org\/es\/acerca-de-wic\/otros-servicios\/programa-de-servicio-de-alimentos-de-verano\/#breadcrumb\"},\"inLanguage\":\"es\",\"potentialAction\":[{\"@type\":\"ReadAction\",\"target\":[\"https:\/\/nevadawic.org\/es\/acerca-de-wic\/otros-servicios\/programa-de-servicio-de-alimentos-de-verano\/\"]}]},{\"@type\":\"ImageObject\",\"inLanguage\":\"es\",\"@id\":\"https:\/\/nevadawic.org\/es\/acerca-de-wic\/otros-servicios\/programa-de-servicio-de-alimentos-de-verano\/#primaryimage\",\"url\":\"https:\/\/nevadawic.org\/wp-content\/uploads\/2020\/02\/summer-food-program.jpg\",\"contentUrl\":\"https:\/\/nevadawic.org\/wp-content\/uploads\/2020\/02\/summer-food-program.jpg\",\"width\":1440,\"height\":300},{\"@type\":\"BreadcrumbList\",\"@id\":\"https:\/\/nevadawic.org\/es\/acerca-de-wic\/otros-servicios\/programa-de-servicio-de-alimentos-de-verano\/#breadcrumb\",\"itemListElement\":[{\"@type\":\"ListItem\",\"position\":1,\"name\":\"Inicio\",\"item\":\"https:\/\/nevadawic.org\/es\/\"},{\"@type\":\"ListItem\",\"position\":2,\"name\":\"Acerca de WIC\",\"item\":\"https:\/\/nevadawic.org\/es\/acerca-de-wic\/\"},{\"@type\":\"ListItem\",\"position\":3,\"name\":\"Otros servicios\",\"item\":\"https:\/\/nevadawic.org\/es\/about\/other-services\/\"},{\"@type\":\"ListItem\",\"position\":4,\"name\":\"Programa de Servicio de Alimentos de Verano\"}]},{\"@type\":\"WebSite\",\"@id\":\"https:\/\/nevadawic.org\/es\/#website\",\"url\":\"https:\/\/nevadawic.org\/es\/\",\"name\":\"Nevada WIC\",\"description\":\"\",\"publisher\":{\"@id\":\"https:\/\/nevadawic.org\/es\/#organization\"},\"potentialAction\":[{\"@type\":\"SearchAction\",\"target\":{\"@type\":\"EntryPoint\",\"urlTemplate\":\"https:\/\/nevadawic.org\/es\/?s={search_term_string}\"},\"query-input\":{\"@type\":\"PropertyValueSpecification\",\"valueRequired\":true,\"valueName\":\"search_term_string\"}}],\"inLanguage\":\"es\"},{\"@type\":\"Organization\",\"@id\":\"https:\/\/nevadawic.org\/es\/#organization\",\"name\":\"WIC de Nevada:\",\"url\":\"https:\/\/nevadawic.org\/es\/\",\"logo\":{\"@type\":\"ImageObject\",\"inLanguage\":\"es\",\"@id\":\"https:\/\/nevadawic.org\/es\/#\/schema\/logo\/image\/\",\"url\":\"https:\/\/nevadawic.org\/wp-content\/uploads\/2020\/07\/NV-Logo_Purple.jpg\",\"contentUrl\":\"https:\/\/nevadawic.org\/wp-content\/uploads\/2020\/07\/NV-Logo_Purple.jpg\",\"width\":970,\"height\":507,\"caption\":\"WIC de Nevada:\"},\"image\":{\"@id\":\"https:\/\/nevadawic.org\/es\/#\/schema\/logo\/image\/\"}}]}<\/script>\n<!-- \/ Yoast SEO plugin. -->","yoast_head_json":{"title":"Programa de Servicio de Alimentos de Verano - Nevada WIC","description":"Bienvenido al Programa de Servicio de Alimentos de Verano (SFSP) para ni\u00f1os El Departamento de Agricultura de Nevada administra el Programa de Servicio de","robots":{"index":"index","follow":"follow","max-snippet":"max-snippet:-1","max-image-preview":"max-image-preview:large","max-video-preview":"max-video-preview:-1"},"canonical":"https:\/\/nevadawic.org\/es\/acerca-de-wic\/otros-servicios\/programa-de-servicio-de-alimentos-de-verano\/","og_locale":"es_ES","og_type":"article","og_title":"Programa de Servicio de Alimentos de Verano - Nevada WIC","og_description":"Bienvenido al Programa de Servicio de Alimentos de Verano (SFSP) para ni\u00f1os El Departamento de Agricultura de Nevada administra el Programa de Servicio de","og_url":"https:\/\/nevadawic.org\/es\/acerca-de-wic\/otros-servicios\/programa-de-servicio-de-alimentos-de-verano\/","og_site_name":"Nevada WIC","article_modified_time":"2024-04-04T20:28:28+00:00","og_image":[{"width":1440,"height":300,"url":"https:\/\/nevadawic.org\/wp-content\/uploads\/2020\/02\/summer-food-program.jpg","type":"image\/jpeg"}],"twitter_card":"summary_large_image","twitter_misc":{"Tiempo de lectura":"2 minutos"},"schema":{"@context":"https:\/\/schema.org","@graph":[{"@type":"WebPage","@id":"https:\/\/nevadawic.org\/es\/acerca-de-wic\/otros-servicios\/programa-de-servicio-de-alimentos-de-verano\/","url":"https:\/\/nevadawic.org\/es\/acerca-de-wic\/otros-servicios\/programa-de-servicio-de-alimentos-de-verano\/","name":"Programa de Servicio de Alimentos de Verano - Nevada WIC","isPartOf":{"@id":"https:\/\/nevadawic.org\/es\/#website"},"primaryImageOfPage":{"@id":"https:\/\/nevadawic.org\/es\/acerca-de-wic\/otros-servicios\/programa-de-servicio-de-alimentos-de-verano\/#primaryimage"},"image":{"@id":"https:\/\/nevadawic.org\/es\/acerca-de-wic\/otros-servicios\/programa-de-servicio-de-alimentos-de-verano\/#primaryimage"},"thumbnailUrl":"https:\/\/nevadawic.org\/wp-content\/uploads\/2020\/02\/summer-food-program.jpg","datePublished":"2020-02-10T20:05:56+00:00","dateModified":"2024-04-04T20:28:28+00:00","description":"Bienvenido al Programa de Servicio de Alimentos de Verano (SFSP) para ni\u00f1os El Departamento de Agricultura de Nevada administra el Programa de Servicio de","breadcrumb":{"@id":"https:\/\/nevadawic.org\/es\/acerca-de-wic\/otros-servicios\/programa-de-servicio-de-alimentos-de-verano\/#breadcrumb"},"inLanguage":"es","potentialAction":[{"@type":"ReadAction","target":["https:\/\/nevadawic.org\/es\/acerca-de-wic\/otros-servicios\/programa-de-servicio-de-alimentos-de-verano\/"]}]},{"@type":"ImageObject","inLanguage":"es","@id":"https:\/\/nevadawic.org\/es\/acerca-de-wic\/otros-servicios\/programa-de-servicio-de-alimentos-de-verano\/#primaryimage","url":"https:\/\/nevadawic.org\/wp-content\/uploads\/2020\/02\/summer-food-program.jpg","contentUrl":"https:\/\/nevadawic.org\/wp-content\/uploads\/2020\/02\/summer-food-program.jpg","width":1440,"height":300},{"@type":"BreadcrumbList","@id":"https:\/\/nevadawic.org\/es\/acerca-de-wic\/otros-servicios\/programa-de-servicio-de-alimentos-de-verano\/#breadcrumb","itemListElement":[{"@type":"ListItem","position":1,"name":"Inicio","item":"https:\/\/nevadawic.org\/es\/"},{"@type":"ListItem","position":2,"name":"Acerca de WIC","item":"https:\/\/nevadawic.org\/es\/acerca-de-wic\/"},{"@type":"ListItem","position":3,"name":"Otros servicios","item":"https:\/\/nevadawic.org\/es\/about\/other-services\/"},{"@type":"ListItem","position":4,"name":"Programa de Servicio de Alimentos de Verano"}]},{"@type":"WebSite","@id":"https:\/\/nevadawic.org\/es\/#website","url":"https:\/\/nevadawic.org\/es\/","name":"Nevada WIC","description":"","publisher":{"@id":"https:\/\/nevadawic.org\/es\/#organization"},"potentialAction":[{"@type":"SearchAction","target":{"@type":"EntryPoint","urlTemplate":"https:\/\/nevadawic.org\/es\/?s={search_term_string}"},"query-input":{"@type":"PropertyValueSpecification","valueRequired":true,"valueName":"search_term_string"}}],"inLanguage":"es"},{"@type":"Organization","@id":"https:\/\/nevadawic.org\/es\/#organization","name":"WIC de Nevada:","url":"https:\/\/nevadawic.org\/es\/","logo":{"@type":"ImageObject","inLanguage":"es","@id":"https:\/\/nevadawic.org\/es\/#\/schema\/logo\/image\/","url":"https:\/\/nevadawic.org\/wp-content\/uploads\/2020\/07\/NV-Logo_Purple.jpg","contentUrl":"https:\/\/nevadawic.org\/wp-content\/uploads\/2020\/07\/NV-Logo_Purple.jpg","width":970,"height":507,"caption":"WIC de Nevada:"},"image":{"@id":"https:\/\/nevadawic.org\/es\/#\/schema\/logo\/image\/"}}]}},"_links":{"self":[{"href":"https:\/\/nevadawic.org\/es\/wp-json\/wp\/v2\/pages\/28048","targetHints":{"allow":["GET"]}}],"collection":[{"href":"https:\/\/nevadawic.org\/es\/wp-json\/wp\/v2\/pages"}],"about":[{"href":"https:\/\/nevadawic.org\/es\/wp-json\/wp\/v2\/types\/page"}],"author":[{"embeddable":true,"href":"https:\/\/nevadawic.org\/es\/wp-json\/wp\/v2\/users\/1"}],"replies":[{"embeddable":true,"href":"https:\/\/nevadawic.org\/es\/wp-json\/wp\/v2\/comments?post=28048"}],"version-history":[{"count":15,"href":"https:\/\/nevadawic.org\/es\/wp-json\/wp\/v2\/pages\/28048\/revisions"}],"predecessor-version":[{"id":35149,"href":"https:\/\/nevadawic.org\/es\/wp-json\/wp\/v2\/pages\/28048\/revisions\/35149"}],"up":[{"embeddable":true,"href":"https:\/\/nevadawic.org\/es\/wp-json\/wp\/v2\/pages\/28045"}],"wp:featuredmedia":[{"embeddable":true,"href":"https:\/\/nevadawic.org\/es\/wp-json\/wp\/v2\/media\/24584"}],"wp:attachment":[{"href":"https:\/\/nevadawic.org\/es\/wp-json\/wp\/v2\/media?parent=28048"}],"curies":[{"name":"wp","href":"https:\/\/api.w.org\/{rel}","templated":true}]}}