{"id":28051,"date":"2020-02-11T13:53:17","date_gmt":"2020-02-11T21:53:17","guid":{"rendered":"https:\/\/nevadawic.org\/recursos-del-programa\/educacion-nutricional\/"},"modified":"2024-05-08T09:38:46","modified_gmt":"2024-05-08T16:38:46","slug":"educacion-nutricional","status":"publish","type":"page","link":"https:\/\/nevadawic.org\/es\/recursos-del-programa\/educacion-nutricional\/","title":{"rendered":"Educaci\u00f3n nutricional"},"content":{"rendered":"<h2>Educaci\u00f3n nutricional de WIC<\/h2>\n<p>La educaci\u00f3n nutricional es el beneficio que diferencia a WIC de otros programas de asistencia nutricional.<\/p>\n<p>Los objetivos generales de la educaci\u00f3n nutricional de WIC son los siguientes:<\/p>\n<ol>\n<li>Destacar la relaci\u00f3n entre nutrici\u00f3n, actividad f\u00edsica y salud, con \u00e9nfasis en las necesidades nutricionales de las mujeres que est\u00e1n embarazadas, en per\u00edodo de posparto y lactancia, al igual que la de los beb\u00e9s y los ni\u00f1os de hasta cinco a\u00f1os.<\/li>\n<li>Ayudar a la persona que se encuentra en riesgo nutricional a lograr un cambio positivo en los h\u00e1bitos alimentarios y de actividad f\u00edsica que resulte en un mejor estado nutricional y en la prevenci\u00f3n de problemas relacionados con la alimentaci\u00f3n a trav\u00e9s del uso \u00f3ptimo de los alimentos suplementarios de WIC y otros alimentos nutritivos.<\/li>\n<\/ol>\n<h2>Educaci\u00f3n y asesoramiento nutricional<\/h2>\n<p>La educaci\u00f3n nutricional de WIC lo motiva a desempe\u00f1ar un papel m\u00e1s activo en el aprendizaje. La educaci\u00f3n nutricional centrada en el participante hace que el aprendizaje sea m\u00e1s interesante y significativo.<\/p>\n<p>La educaci\u00f3n nutricional se ofrece de varias maneras diferentes:<\/p>\n<ol>\n<li>Asesoramiento individual<\/li>\n<li>Sesiones grupales<\/li>\n<li>Clases en l\u00ednea a trav\u00e9s de WIChealth.org<\/li>\n<\/ol>\n<p>Los participantes con problemas graves de salud o nutrici\u00f3n recibir\u00e1n asesoramiento personalizado de un <span style=\"font-weight: 400;\">nutricionista de WIC.\u00a0<\/span><\/p>\n<h2>\u00bfQu\u00e9 es WIChealth.org?<\/h2>\n<p>WIChealth.org es un sitio web de educaci\u00f3n nutricional. Completar una lecci\u00f3n en WIChealth.org cuenta como un contacto de educaci\u00f3n nutricional. Los participantes de alto riesgo pueden completar una lecci\u00f3n sobre los temas que les interesan, pero tendr\u00e1n que visitar al nutricionista de WIC para recibir educaci\u00f3n nutricional.<\/p>\n<p>\u00a1Comenzar es simple! Mire videos instructivos breves <a href=\"https:\/\/vimeo.com\/424361363\/676d7e2538\" target=\"_blank\" rel=\"noopener noreferrer\">Haga clic aqu\u00ed<\/a>.<\/p>\n<ol>\n<li>Visite <a href=\"https:\/\/www.wichealth.org\/?languageId=2\" target=\"_blank\" rel=\"noopener noreferrer\">WIChealth.org<\/a>.<\/li>\n<li>Reg\u00edstrese y complete su perfil. Necesitar\u00e1 su n\u00famero de identificaci\u00f3n familiar. Llame a su cl\u00ednica en caso de no tener este n\u00famero.<\/li>\n<li>Haga clic en la opci\u00f3n &#8220;Comenzar una nueva lecci\u00f3n&#8221; que aparece en el tablero.<\/li>\n<li>Escoja la lecci\u00f3n que el personal de WIC lo ayud\u00f3 a elegir basado en sus objetivos nutricionales.<\/li>\n<li>Complete la lecci\u00f3n.<\/li>\n<li>Complete la encuesta.<\/li>\n<li>Recibir\u00e1 un certificado de finalizaci\u00f3n. El certificado se enviar\u00e1 a su cl\u00ednica de WIC.<\/li>\n<\/ol>\n","protected":false},"excerpt":{"rendered":"<p>Educaci\u00f3n nutricional de WIC La educaci\u00f3n nutricional es el beneficio que diferencia a WIC de otros programas de&hellip;<\/p>\n","protected":false},"author":1,"featured_media":24585,"parent":27734,"menu_order":0,"comment_status":"closed","ping_status":"closed","template":"","meta":{"_acf_changed":false,"protect_children":false,"footnotes":""},"class_list":["post-28051","page","type-page","status-publish","has-post-thumbnail","hentry"],"acf":[],"yoast_head":"<!-- This site is optimized with the Yoast SEO plugin v27.2 - https:\/\/yoast.com\/product\/yoast-seo-wordpress\/ -->\n<title>Educaci\u00f3n nutricional - Nevada WIC<\/title>\n<meta name=\"description\" content=\"Educaci\u00f3n nutricional de WIC La educaci\u00f3n nutricional es el beneficio que diferencia a WIC de otros programas de asistencia nutricional. Los objetivos\" \/>\n<meta name=\"robots\" content=\"index, follow, max-snippet:-1, max-image-preview:large, max-video-preview:-1\" \/>\n<link rel=\"canonical\" href=\"https:\/\/nevadawic.org\/es\/recursos-del-programa\/educacion-nutricional\/\" \/>\n<meta property=\"og:locale\" content=\"es_ES\" \/>\n<meta property=\"og:type\" content=\"article\" \/>\n<meta property=\"og:title\" content=\"Educaci\u00f3n nutricional - Nevada WIC\" \/>\n<meta property=\"og:description\" content=\"Educaci\u00f3n nutricional de WIC La educaci\u00f3n nutricional es el beneficio que diferencia a WIC de otros programas de asistencia nutricional. Los objetivos\" \/>\n<meta property=\"og:url\" content=\"https:\/\/nevadawic.org\/es\/recursos-del-programa\/educacion-nutricional\/\" \/>\n<meta property=\"og:site_name\" content=\"Nevada WIC\" \/>\n<meta property=\"article:modified_time\" content=\"2024-05-08T16:38:46+00:00\" \/>\n<meta property=\"og:image\" content=\"https:\/\/nevadawic.org\/wp-content\/uploads\/2020\/02\/nutrition-education.jpg\" \/>\n\t<meta property=\"og:image:width\" content=\"1440\" \/>\n\t<meta property=\"og:image:height\" content=\"300\" \/>\n\t<meta property=\"og:image:type\" content=\"image\/jpeg\" \/>\n<meta name=\"twitter:card\" content=\"summary_large_image\" \/>\n<meta name=\"twitter:label1\" content=\"Tiempo de lectura\" \/>\n\t<meta name=\"twitter:data1\" content=\"2 minutos\" \/>\n<script type=\"application\/ld+json\" class=\"yoast-schema-graph\">{\"@context\":\"https:\/\/schema.org\",\"@graph\":[{\"@type\":\"WebPage\",\"@id\":\"https:\/\/nevadawic.org\/es\/recursos-del-programa\/educacion-nutricional\/\",\"url\":\"https:\/\/nevadawic.org\/es\/recursos-del-programa\/educacion-nutricional\/\",\"name\":\"Educaci\u00f3n nutricional - Nevada WIC\",\"isPartOf\":{\"@id\":\"https:\/\/nevadawic.org\/es\/#website\"},\"primaryImageOfPage\":{\"@id\":\"https:\/\/nevadawic.org\/es\/recursos-del-programa\/educacion-nutricional\/#primaryimage\"},\"image\":{\"@id\":\"https:\/\/nevadawic.org\/es\/recursos-del-programa\/educacion-nutricional\/#primaryimage\"},\"thumbnailUrl\":\"https:\/\/nevadawic.org\/wp-content\/uploads\/2020\/02\/nutrition-education.jpg\",\"datePublished\":\"2020-02-11T21:53:17+00:00\",\"dateModified\":\"2024-05-08T16:38:46+00:00\",\"description\":\"Educaci\u00f3n nutricional de WIC La educaci\u00f3n nutricional es el beneficio que diferencia a WIC de otros programas de asistencia nutricional. Los objetivos\",\"breadcrumb\":{\"@id\":\"https:\/\/nevadawic.org\/es\/recursos-del-programa\/educacion-nutricional\/#breadcrumb\"},\"inLanguage\":\"es\",\"potentialAction\":[{\"@type\":\"ReadAction\",\"target\":[\"https:\/\/nevadawic.org\/es\/recursos-del-programa\/educacion-nutricional\/\"]}]},{\"@type\":\"ImageObject\",\"inLanguage\":\"es\",\"@id\":\"https:\/\/nevadawic.org\/es\/recursos-del-programa\/educacion-nutricional\/#primaryimage\",\"url\":\"https:\/\/nevadawic.org\/wp-content\/uploads\/2020\/02\/nutrition-education.jpg\",\"contentUrl\":\"https:\/\/nevadawic.org\/wp-content\/uploads\/2020\/02\/nutrition-education.jpg\",\"width\":1440,\"height\":300},{\"@type\":\"BreadcrumbList\",\"@id\":\"https:\/\/nevadawic.org\/es\/recursos-del-programa\/educacion-nutricional\/#breadcrumb\",\"itemListElement\":[{\"@type\":\"ListItem\",\"position\":1,\"name\":\"Inicio\",\"item\":\"https:\/\/nevadawic.org\/es\/\"},{\"@type\":\"ListItem\",\"position\":2,\"name\":\"Recursos\",\"item\":\"https:\/\/nevadawic.org\/es\/wic-program-benefits\/\"},{\"@type\":\"ListItem\",\"position\":3,\"name\":\"Educaci\u00f3n nutricional\"}]},{\"@type\":\"WebSite\",\"@id\":\"https:\/\/nevadawic.org\/es\/#website\",\"url\":\"https:\/\/nevadawic.org\/es\/\",\"name\":\"Nevada WIC\",\"description\":\"\",\"publisher\":{\"@id\":\"https:\/\/nevadawic.org\/es\/#organization\"},\"potentialAction\":[{\"@type\":\"SearchAction\",\"target\":{\"@type\":\"EntryPoint\",\"urlTemplate\":\"https:\/\/nevadawic.org\/es\/?s={search_term_string}\"},\"query-input\":{\"@type\":\"PropertyValueSpecification\",\"valueRequired\":true,\"valueName\":\"search_term_string\"}}],\"inLanguage\":\"es\"},{\"@type\":\"Organization\",\"@id\":\"https:\/\/nevadawic.org\/es\/#organization\",\"name\":\"WIC de Nevada:\",\"url\":\"https:\/\/nevadawic.org\/es\/\",\"logo\":{\"@type\":\"ImageObject\",\"inLanguage\":\"es\",\"@id\":\"https:\/\/nevadawic.org\/es\/#\/schema\/logo\/image\/\",\"url\":\"https:\/\/nevadawic.org\/wp-content\/uploads\/2020\/07\/NV-Logo_Purple.jpg\",\"contentUrl\":\"https:\/\/nevadawic.org\/wp-content\/uploads\/2020\/07\/NV-Logo_Purple.jpg\",\"width\":970,\"height\":507,\"caption\":\"WIC de Nevada:\"},\"image\":{\"@id\":\"https:\/\/nevadawic.org\/es\/#\/schema\/logo\/image\/\"}}]}<\/script>\n<!-- \/ Yoast SEO plugin. -->","yoast_head_json":{"title":"Educaci\u00f3n nutricional - Nevada WIC","description":"Educaci\u00f3n nutricional de WIC La educaci\u00f3n nutricional es el beneficio que diferencia a WIC de otros programas de asistencia nutricional. Los objetivos","robots":{"index":"index","follow":"follow","max-snippet":"max-snippet:-1","max-image-preview":"max-image-preview:large","max-video-preview":"max-video-preview:-1"},"canonical":"https:\/\/nevadawic.org\/es\/recursos-del-programa\/educacion-nutricional\/","og_locale":"es_ES","og_type":"article","og_title":"Educaci\u00f3n nutricional - Nevada WIC","og_description":"Educaci\u00f3n nutricional de WIC La educaci\u00f3n nutricional es el beneficio que diferencia a WIC de otros programas de asistencia nutricional. Los objetivos","og_url":"https:\/\/nevadawic.org\/es\/recursos-del-programa\/educacion-nutricional\/","og_site_name":"Nevada WIC","article_modified_time":"2024-05-08T16:38:46+00:00","og_image":[{"width":1440,"height":300,"url":"https:\/\/nevadawic.org\/wp-content\/uploads\/2020\/02\/nutrition-education.jpg","type":"image\/jpeg"}],"twitter_card":"summary_large_image","twitter_misc":{"Tiempo de lectura":"2 minutos"},"schema":{"@context":"https:\/\/schema.org","@graph":[{"@type":"WebPage","@id":"https:\/\/nevadawic.org\/es\/recursos-del-programa\/educacion-nutricional\/","url":"https:\/\/nevadawic.org\/es\/recursos-del-programa\/educacion-nutricional\/","name":"Educaci\u00f3n nutricional - Nevada WIC","isPartOf":{"@id":"https:\/\/nevadawic.org\/es\/#website"},"primaryImageOfPage":{"@id":"https:\/\/nevadawic.org\/es\/recursos-del-programa\/educacion-nutricional\/#primaryimage"},"image":{"@id":"https:\/\/nevadawic.org\/es\/recursos-del-programa\/educacion-nutricional\/#primaryimage"},"thumbnailUrl":"https:\/\/nevadawic.org\/wp-content\/uploads\/2020\/02\/nutrition-education.jpg","datePublished":"2020-02-11T21:53:17+00:00","dateModified":"2024-05-08T16:38:46+00:00","description":"Educaci\u00f3n nutricional de WIC La educaci\u00f3n nutricional es el beneficio que diferencia a WIC de otros programas de asistencia nutricional. Los objetivos","breadcrumb":{"@id":"https:\/\/nevadawic.org\/es\/recursos-del-programa\/educacion-nutricional\/#breadcrumb"},"inLanguage":"es","potentialAction":[{"@type":"ReadAction","target":["https:\/\/nevadawic.org\/es\/recursos-del-programa\/educacion-nutricional\/"]}]},{"@type":"ImageObject","inLanguage":"es","@id":"https:\/\/nevadawic.org\/es\/recursos-del-programa\/educacion-nutricional\/#primaryimage","url":"https:\/\/nevadawic.org\/wp-content\/uploads\/2020\/02\/nutrition-education.jpg","contentUrl":"https:\/\/nevadawic.org\/wp-content\/uploads\/2020\/02\/nutrition-education.jpg","width":1440,"height":300},{"@type":"BreadcrumbList","@id":"https:\/\/nevadawic.org\/es\/recursos-del-programa\/educacion-nutricional\/#breadcrumb","itemListElement":[{"@type":"ListItem","position":1,"name":"Inicio","item":"https:\/\/nevadawic.org\/es\/"},{"@type":"ListItem","position":2,"name":"Recursos","item":"https:\/\/nevadawic.org\/es\/wic-program-benefits\/"},{"@type":"ListItem","position":3,"name":"Educaci\u00f3n nutricional"}]},{"@type":"WebSite","@id":"https:\/\/nevadawic.org\/es\/#website","url":"https:\/\/nevadawic.org\/es\/","name":"Nevada WIC","description":"","publisher":{"@id":"https:\/\/nevadawic.org\/es\/#organization"},"potentialAction":[{"@type":"SearchAction","target":{"@type":"EntryPoint","urlTemplate":"https:\/\/nevadawic.org\/es\/?s={search_term_string}"},"query-input":{"@type":"PropertyValueSpecification","valueRequired":true,"valueName":"search_term_string"}}],"inLanguage":"es"},{"@type":"Organization","@id":"https:\/\/nevadawic.org\/es\/#organization","name":"WIC de Nevada:","url":"https:\/\/nevadawic.org\/es\/","logo":{"@type":"ImageObject","inLanguage":"es","@id":"https:\/\/nevadawic.org\/es\/#\/schema\/logo\/image\/","url":"https:\/\/nevadawic.org\/wp-content\/uploads\/2020\/07\/NV-Logo_Purple.jpg","contentUrl":"https:\/\/nevadawic.org\/wp-content\/uploads\/2020\/07\/NV-Logo_Purple.jpg","width":970,"height":507,"caption":"WIC de Nevada:"},"image":{"@id":"https:\/\/nevadawic.org\/es\/#\/schema\/logo\/image\/"}}]}},"_links":{"self":[{"href":"https:\/\/nevadawic.org\/es\/wp-json\/wp\/v2\/pages\/28051","targetHints":{"allow":["GET"]}}],"collection":[{"href":"https:\/\/nevadawic.org\/es\/wp-json\/wp\/v2\/pages"}],"about":[{"href":"https:\/\/nevadawic.org\/es\/wp-json\/wp\/v2\/types\/page"}],"author":[{"embeddable":true,"href":"https:\/\/nevadawic.org\/es\/wp-json\/wp\/v2\/users\/1"}],"replies":[{"embeddable":true,"href":"https:\/\/nevadawic.org\/es\/wp-json\/wp\/v2\/comments?post=28051"}],"version-history":[{"count":8,"href":"https:\/\/nevadawic.org\/es\/wp-json\/wp\/v2\/pages\/28051\/revisions"}],"predecessor-version":[{"id":35799,"href":"https:\/\/nevadawic.org\/es\/wp-json\/wp\/v2\/pages\/28051\/revisions\/35799"}],"up":[{"embeddable":true,"href":"https:\/\/nevadawic.org\/es\/wp-json\/wp\/v2\/pages\/27734"}],"wp:featuredmedia":[{"embeddable":true,"href":"https:\/\/nevadawic.org\/es\/wp-json\/wp\/v2\/media\/24585"}],"wp:attachment":[{"href":"https:\/\/nevadawic.org\/es\/wp-json\/wp\/v2\/media?parent=28051"}],"curies":[{"name":"wp","href":"https:\/\/api.w.org\/{rel}","templated":true}]}}