{"id":28055,"date":"2020-02-11T20:05:01","date_gmt":"2020-02-12T04:05:01","guid":{"rendered":"https:\/\/nevadawic.org\/requisitos-para-la-capacitacion\/"},"modified":"2024-05-06T12:46:04","modified_gmt":"2024-05-06T19:46:04","slug":"requisitos-para-la-capacitacion","status":"publish","type":"page","link":"https:\/\/nevadawic.org\/es\/personal\/recursos-para-el-personal\/requisitos-para-la-capacitacion\/","title":{"rendered":"Requisitos para el entrenamiento"},"content":{"rendered":"\t\t<div data-elementor-type=\"wp-page\" data-elementor-id=\"28055\" class=\"elementor elementor-28055\" data-elementor-post-type=\"page\">\n\t\t\t\t\t\t<section class=\"elementor-section elementor-top-section elementor-element elementor-element-a507c62 elementor-section-boxed elementor-section-height-default elementor-section-height-default\" data-id=\"a507c62\" data-element_type=\"section\" data-e-type=\"section\">\n\t\t\t\t\t\t<div class=\"elementor-container elementor-column-gap-default\">\n\t\t\t\t\t<div class=\"elementor-column elementor-col-100 elementor-top-column elementor-element elementor-element-d30636a\" data-id=\"d30636a\" data-element_type=\"column\" data-e-type=\"column\">\n\t\t\t<div class=\"elementor-widget-wrap\">\n\t\t\t\t\t\t\t<\/div>\n\t\t<\/div>\n\t\t\t\t\t<\/div>\n\t\t<\/section>\n\t\t\t\t<section class=\"elementor-section elementor-top-section elementor-element elementor-element-e5ea607 elementor-section-boxed elementor-section-height-default elementor-section-height-default\" data-id=\"e5ea607\" data-element_type=\"section\" data-e-type=\"section\">\n\t\t\t\t\t\t<div class=\"elementor-container elementor-column-gap-default\">\n\t\t\t\t\t<div class=\"elementor-column elementor-col-100 elementor-top-column elementor-element elementor-element-ee84851\" data-id=\"ee84851\" data-element_type=\"column\" data-e-type=\"column\">\n\t\t\t<div class=\"elementor-widget-wrap elementor-element-populated\">\n\t\t\t\t\t\t<div class=\"elementor-element elementor-element-196ce44 elementor-widget elementor-widget-kps3-image-callout\" data-id=\"196ce44\" data-element_type=\"widget\" data-e-type=\"widget\" data-widget_type=\"kps3-image-callout.default\">\n\t\t\t\t<div class=\"elementor-widget-container\">\n\t\t\t\t\t      <div  class=\"callout-block\">\n        <div\n          class=\"callout-block__image\"\n          style=\"background-image: url('https:\/\/nevadawic.org\/wp-content\/uploads\/2020\/05\/STAFF_STOCK_PHOTO_TEMP.jpg');\"\n        ><\/div>\n        <div class=\"callout-block__container container\">\n          <div class=\"callout-block__content\">\n            <div class=\"callout-block__main\">\n                              <h2 class=\"callout-block__heading\">Todo el personal<\/h2>\n                            <div class=\"callout-block__text\">\n                                  <p><strong>El director\/gerente de la agencia local notifica a la oficina estatal la nueva contrataci\u00f3n dentro de las 48 horas siguientes a esta.<br \/><\/strong>Para ello es necesario completar la<span style=\"text-decoration: underline;\"><strong> <a href=\"https:\/\/nevadawic.org\/wp-content\/uploads\/2024\/05\/NV-WIC-Systems-Application-04.18.2024.pdf\" target=\"_blank\" rel=\"noopener\">solicitud de sistemas de WIC de Nevada<\/a><\/strong><\/span> y enviarla seg\u00fan se indica en el formulario.\u00a0 Este mismo formulario se utiliza para notificar a la oficina estatal cualquier otro cambio de personal, como ascensos, recontrataciones o despidos.<\/p>\n<p>Consulte el plan de entrenamiento de empleados de WIC para obtener m\u00e1s orientaci\u00f3n sobre c\u00f3mo empezar y completar el entrenamiento obligatorio.\u00a0 Los nuevos estudiantes deben visitar el sitio web <span style=\"text-decoration: underline;\"><strong><a href=\"https:\/\/nvwic.instructure.com\/login\/canvas\" target=\"_blank\" rel=\"noopener\">https:\/\/nvwic.instructure.com\/login\/canvas<\/a><\/strong><\/span> para acceder a todas las capacitaciones a trav\u00e9s del sistema de gesti\u00f3n del aprendizaje (LMS) Canvas.<\/p>\n                              <\/div>\n                          <\/div>\n            <div class=\"callout-block__aside type\">\n              <p><strong>Re\u00fanase con una persona coordinadora de lactancia materna de la agencia local en el plazo de una semana tras la contrataci\u00f3n.<\/strong><br \/>Luego de la contrataci\u00f3n, todo el personal de WIC debe reunirse con la persona coordinadora de lactancia materna de la agencia local. En esta reuni\u00f3n, la persona coordinadora de lactancia deber\u00e1 explicar por qu\u00e9 WIC apoya la lactancia materna, por qu\u00e9 es una prioridad, el programa de fomento de la lactancia de la agencia local, los suministros promocionales de lactancia disponibles para su distribuci\u00f3n, el programa de asesoramiento de pares (si corresponde) y el programa de distribuci\u00f3n de extractores de leche.<\/p>\n            <\/div>\n          <\/div>\n        <\/div>\n      \t\t\t\t<\/div>\n\t\t\t\t<\/div>\n\t\t\t\t<div class=\"elementor-element elementor-element-cff36b8 elementor-widget elementor-widget-kps3-spacer\" data-id=\"cff36b8\" data-element_type=\"widget\" data-e-type=\"widget\" data-widget_type=\"kps3-spacer.default\">\n\t\t\t\t<div class=\"elementor-widget-container\">\n\t\t\t\t\t    <div\n      class=\"spacer spacer--small\"\n    ><\/div>\n    \t\t\t\t<\/div>\n\t\t\t\t<\/div>\n\t\t\t\t\t<\/div>\n\t\t<\/div>\n\t\t\t\t\t<\/div>\n\t\t<\/section>\n\t\t\t\t<section class=\"elementor-section elementor-top-section elementor-element elementor-element-02ef6de elementor-section-boxed elementor-section-height-default elementor-section-height-default\" data-id=\"02ef6de\" data-element_type=\"section\" data-e-type=\"section\">\n\t\t\t\t\t\t<div class=\"elementor-container elementor-column-gap-default\">\n\t\t\t\t\t<div class=\"elementor-column elementor-col-100 elementor-top-column elementor-element elementor-element-3fae39e\" data-id=\"3fae39e\" data-element_type=\"column\" data-e-type=\"column\">\n\t\t\t<div class=\"elementor-widget-wrap\">\n\t\t\t\t\t\t\t<\/div>\n\t\t<\/div>\n\t\t\t\t\t<\/div>\n\t\t<\/section>\n\t\t\t\t<section class=\"elementor-section elementor-top-section elementor-element elementor-element-4b3d8d0 elementor-section-boxed elementor-section-height-default elementor-section-height-default\" data-id=\"4b3d8d0\" data-element_type=\"section\" data-e-type=\"section\">\n\t\t\t\t\t\t<div class=\"elementor-container elementor-column-gap-default\">\n\t\t\t\t\t<div class=\"elementor-column elementor-col-100 elementor-top-column elementor-element elementor-element-306c893\" data-id=\"306c893\" data-element_type=\"column\" data-e-type=\"column\">\n\t\t\t<div class=\"elementor-widget-wrap elementor-element-populated\">\n\t\t\t\t\t\t<div class=\"elementor-element elementor-element-a62f084 elementor-widget elementor-widget-kps3-spacer\" data-id=\"a62f084\" data-element_type=\"widget\" data-e-type=\"widget\" data-widget_type=\"kps3-spacer.default\">\n\t\t\t\t<div class=\"elementor-widget-container\">\n\t\t\t\t\t    <div\n      class=\"spacer spacer--small\"\n    ><\/div>\n    \t\t\t\t<\/div>\n\t\t\t\t<\/div>\n\t\t\t\t<div class=\"elementor-element elementor-element-09664ae elementor-widget elementor-widget-kps3-cards\" data-id=\"09664ae\" data-element_type=\"widget\" data-e-type=\"widget\" data-widget_type=\"kps3-cards.default\">\n\t\t\t\t<div class=\"elementor-widget-container\">\n\t\t\t\t\t      <div  class=\"cards\">\n        <div class=\"cards__container container container--small\">\n          <div class=\"cards__items\">\n                                        <div class=\"cards__item\">\n                <div class=\"card\">\n                  <div\n                    class=\"card__image\"\n                    style=\"background-image: url('https:\/\/nevadawic.org\/wp-content\/uploads\/2020\/05\/combating-high-blood-pressure-819720684-1-400x205.jpg');\"\n                  ><\/div>\n                  <div class=\"card__content\">\n                                          <h3 class=\"card__heading\">Autoridades profesionales competentes (CPA), dietistas diplomados (RD) y nutricionistas<\/h3>\n                                                                                  <a href=\"https:\/\/nevadawic.org\/es\/autoridad-profesional-competente-cpa-dietista-registrado-rd-y-nutricionista\/\" class=\"card__link\">\n                        M\u00e1s informaci\u00f3n                        <span>\n                          <svg class=\"svg-icon next-arrow-icon\" width=\"16\" height=\"11\" aria-label=\"Inicio\">\n                            <use xlink:href=\"https:\/\/nevadawic.org\/wp-content\/themes\/kps3-nwic\/public\/assets\/sprite.svg#icon-arrow-right\"><\/use>\n                          <\/svg>\n                        <\/span>\n                      <\/a>\n                                      <\/div>\n                <\/div>\n              <\/div>\n                                        <div class=\"cards__item\">\n                <div class=\"card\">\n                  <div\n                    class=\"card__image\"\n                    style=\"background-image: url('https:\/\/nevadawic.org\/wp-content\/uploads\/2020\/06\/WIC-Clinic-150DPI-400x205.jpg');\"\n                  ><\/div>\n                  <div class=\"card__content\">\n                                          <h3 class=\"card__heading\">Recepcionista, personal de atenci\u00f3n al p\u00fablico<\/h3>\n                                                                                  <a href=\"https:\/\/nevadawic.org\/es\/recepcionista-personal-de-atencion-al-publico\/\" class=\"card__link\">\n                        M\u00e1s informaci\u00f3n                        <span>\n                          <svg class=\"svg-icon next-arrow-icon\" width=\"16\" height=\"11\" aria-label=\"Inicio\">\n                            <use xlink:href=\"https:\/\/nevadawic.org\/wp-content\/themes\/kps3-nwic\/public\/assets\/sprite.svg#icon-arrow-right\"><\/use>\n                          <\/svg>\n                        <\/span>\n                      <\/a>\n                                      <\/div>\n                <\/div>\n              <\/div>\n                                        <div class=\"cards__item\">\n                <div class=\"card\">\n                  <div\n                    class=\"card__image\"\n                    style=\"background-image: url('https:\/\/nevadawic.org\/wp-content\/uploads\/2020\/07\/BFPC2-400x205.jpg');\"\n                  ><\/div>\n                  <div class=\"card__content\">\n                                          <h3 class=\"card__heading\">Consejeras de lactancia<\/h3>\n                                                                                  <a href=\"https:\/\/nevadawic.org\/es\/asesores-de-pares\/\" class=\"card__link\">\n                        M\u00e1s informaci\u00f3n                        <span>\n                          <svg class=\"svg-icon next-arrow-icon\" width=\"16\" height=\"11\" aria-label=\"Inicio\">\n                            <use xlink:href=\"https:\/\/nevadawic.org\/wp-content\/themes\/kps3-nwic\/public\/assets\/sprite.svg#icon-arrow-right\"><\/use>\n                          <\/svg>\n                        <\/span>\n                      <\/a>\n                                      <\/div>\n                <\/div>\n              <\/div>\n                                        <div class=\"cards__item\">\n                <div class=\"card\">\n                  <div\n                    class=\"card__image\"\n                    style=\"background-image: url('https:\/\/nevadawic.org\/wp-content\/uploads\/2020\/05\/breastfeeding-basics-headermom-e1579810644663-1024x379-1-400x205.jpg');\"\n                  ><\/div>\n                  <div class=\"card__content\">\n                                          <h3 class=\"card__heading\">Coordinadores de lactancia materna y asesores pares<\/h3>\n                                                                                  <a href=\"https:\/\/nevadawic.org\/es\/coordinadores-de-lactancia-materna-y-asesoras-de-pares\/\" class=\"card__link\">\n                        M\u00e1s informaci\u00f3n                        <span>\n                          <svg class=\"svg-icon next-arrow-icon\" width=\"16\" height=\"11\" aria-label=\"Inicio\">\n                            <use xlink:href=\"https:\/\/nevadawic.org\/wp-content\/themes\/kps3-nwic\/public\/assets\/sprite.svg#icon-arrow-right\"><\/use>\n                          <\/svg>\n                        <\/span>\n                      <\/a>\n                                      <\/div>\n                <\/div>\n              <\/div>\n                      <\/div>\n        <\/div>\n      <\/div>\n      \t\t\t\t<\/div>\n\t\t\t\t<\/div>\n\t\t\t\t<div class=\"elementor-element elementor-element-176445d elementor-widget elementor-widget-kps3-spacer\" data-id=\"176445d\" data-element_type=\"widget\" data-e-type=\"widget\" data-widget_type=\"kps3-spacer.default\">\n\t\t\t\t<div class=\"elementor-widget-container\">\n\t\t\t\t\t    <div\n      class=\"spacer spacer--small\"\n    ><\/div>\n    \t\t\t\t<\/div>\n\t\t\t\t<\/div>\n\t\t\t\t\t<\/div>\n\t\t<\/div>\n\t\t\t\t\t<\/div>\n\t\t<\/section>\n\t\t\t\t<\/div>\n\t\t","protected":false},"excerpt":{"rendered":"<p>Todo el personal El director\/gerente de la agencia local notifica a la oficina estatal la nueva contrataci\u00f3n dentro&hellip;<\/p>\n","protected":false},"author":1,"featured_media":24559,"parent":28057,"menu_order":2,"comment_status":"closed","ping_status":"closed","template":"","meta":{"_acf_changed":false,"protect_children":false,"footnotes":""},"class_list":["post-28055","page","type-page","status-publish","has-post-thumbnail","hentry"],"acf":[],"yoast_head":"<!-- This site is optimized with the Yoast SEO plugin v27.4 - https:\/\/yoast.com\/product\/yoast-seo-wordpress\/ -->\n<title>Requisitos para el entrenamiento - Nevada WIC<\/title>\n<meta name=\"description\" content=\"Todo el personal El director\/gerente de la agencia local notifica a la oficina estatal la nueva contrataci\u00f3n dentro de las 48 horas siguientes a esta.Para\" \/>\n<meta name=\"robots\" content=\"index, follow, max-snippet:-1, max-image-preview:large, max-video-preview:-1\" \/>\n<link rel=\"canonical\" href=\"https:\/\/nevadawic.org\/es\/personal\/recursos-para-el-personal\/requisitos-para-la-capacitacion\/\" \/>\n<meta property=\"og:locale\" content=\"es_ES\" \/>\n<meta property=\"og:type\" content=\"article\" \/>\n<meta property=\"og:title\" content=\"Requisitos para el entrenamiento - Nevada WIC\" \/>\n<meta property=\"og:description\" content=\"Todo el personal El director\/gerente de la agencia local notifica a la oficina estatal la nueva contrataci\u00f3n dentro de las 48 horas siguientes a esta.Para\" \/>\n<meta property=\"og:url\" content=\"https:\/\/nevadawic.org\/es\/personal\/recursos-para-el-personal\/requisitos-para-la-capacitacion\/\" \/>\n<meta property=\"og:site_name\" content=\"Nevada WIC\" \/>\n<meta property=\"article:modified_time\" content=\"2024-05-06T19:46:04+00:00\" \/>\n<meta property=\"og:image\" content=\"https:\/\/nevadawic.org\/wp-content\/uploads\/2020\/02\/parent-baby-holding-hands-scaled.jpg\" \/>\n\t<meta property=\"og:image:width\" content=\"2560\" \/>\n\t<meta property=\"og:image:height\" content=\"1707\" \/>\n\t<meta property=\"og:image:type\" content=\"image\/jpeg\" \/>\n<meta name=\"twitter:card\" content=\"summary_large_image\" \/>\n<meta name=\"twitter:label1\" content=\"Tiempo de lectura\" \/>\n\t<meta name=\"twitter:data1\" content=\"2 minutos\" \/>\n<script type=\"application\/ld+json\" class=\"yoast-schema-graph\">{\"@context\":\"https:\\\/\\\/schema.org\",\"@graph\":[{\"@type\":\"WebPage\",\"@id\":\"https:\\\/\\\/nevadawic.org\\\/es\\\/personal\\\/recursos-para-el-personal\\\/requisitos-para-la-capacitacion\\\/\",\"url\":\"https:\\\/\\\/nevadawic.org\\\/es\\\/personal\\\/recursos-para-el-personal\\\/requisitos-para-la-capacitacion\\\/\",\"name\":\"Requisitos para el entrenamiento - Nevada WIC\",\"isPartOf\":{\"@id\":\"https:\\\/\\\/nevadawic.org\\\/es\\\/#website\"},\"primaryImageOfPage\":{\"@id\":\"https:\\\/\\\/nevadawic.org\\\/es\\\/personal\\\/recursos-para-el-personal\\\/requisitos-para-la-capacitacion\\\/#primaryimage\"},\"image\":{\"@id\":\"https:\\\/\\\/nevadawic.org\\\/es\\\/personal\\\/recursos-para-el-personal\\\/requisitos-para-la-capacitacion\\\/#primaryimage\"},\"thumbnailUrl\":\"https:\\\/\\\/nevadawic.org\\\/wp-content\\\/uploads\\\/2020\\\/02\\\/parent-baby-holding-hands-scaled.jpg\",\"datePublished\":\"2020-02-12T04:05:01+00:00\",\"dateModified\":\"2024-05-06T19:46:04+00:00\",\"description\":\"Todo el personal El director\\\/gerente de la agencia local notifica a la oficina estatal la nueva contrataci\u00f3n dentro de las 48 horas siguientes a esta.Para\",\"breadcrumb\":{\"@id\":\"https:\\\/\\\/nevadawic.org\\\/es\\\/personal\\\/recursos-para-el-personal\\\/requisitos-para-la-capacitacion\\\/#breadcrumb\"},\"inLanguage\":\"es\",\"potentialAction\":[{\"@type\":\"ReadAction\",\"target\":[\"https:\\\/\\\/nevadawic.org\\\/es\\\/personal\\\/recursos-para-el-personal\\\/requisitos-para-la-capacitacion\\\/\"]}]},{\"@type\":\"ImageObject\",\"inLanguage\":\"es\",\"@id\":\"https:\\\/\\\/nevadawic.org\\\/es\\\/personal\\\/recursos-para-el-personal\\\/requisitos-para-la-capacitacion\\\/#primaryimage\",\"url\":\"https:\\\/\\\/nevadawic.org\\\/wp-content\\\/uploads\\\/2020\\\/02\\\/parent-baby-holding-hands-scaled.jpg\",\"contentUrl\":\"https:\\\/\\\/nevadawic.org\\\/wp-content\\\/uploads\\\/2020\\\/02\\\/parent-baby-holding-hands-scaled.jpg\",\"width\":2560,\"height\":1707},{\"@type\":\"BreadcrumbList\",\"@id\":\"https:\\\/\\\/nevadawic.org\\\/es\\\/personal\\\/recursos-para-el-personal\\\/requisitos-para-la-capacitacion\\\/#breadcrumb\",\"itemListElement\":[{\"@type\":\"ListItem\",\"position\":1,\"name\":\"Inicio\",\"item\":\"https:\\\/\\\/nevadawic.org\\\/es\\\/\"},{\"@type\":\"ListItem\",\"position\":2,\"name\":\"Personal\",\"item\":\"https:\\\/\\\/nevadawic.org\\\/es\\\/personal\\\/\"},{\"@type\":\"ListItem\",\"position\":3,\"name\":\"Recursos para el personal\",\"item\":\"https:\\\/\\\/nevadawic.org\\\/es\\\/personal\\\/recursos-para-el-personal\\\/\"},{\"@type\":\"ListItem\",\"position\":4,\"name\":\"Requisitos para el entrenamiento\"}]},{\"@type\":\"WebSite\",\"@id\":\"https:\\\/\\\/nevadawic.org\\\/es\\\/#website\",\"url\":\"https:\\\/\\\/nevadawic.org\\\/es\\\/\",\"name\":\"Nevada WIC\",\"description\":\"\",\"publisher\":{\"@id\":\"https:\\\/\\\/nevadawic.org\\\/es\\\/#organization\"},\"potentialAction\":[{\"@type\":\"SearchAction\",\"target\":{\"@type\":\"EntryPoint\",\"urlTemplate\":\"https:\\\/\\\/nevadawic.org\\\/es\\\/?s={search_term_string}\"},\"query-input\":{\"@type\":\"PropertyValueSpecification\",\"valueRequired\":true,\"valueName\":\"search_term_string\"}}],\"inLanguage\":\"es\"},{\"@type\":\"Organization\",\"@id\":\"https:\\\/\\\/nevadawic.org\\\/es\\\/#organization\",\"name\":\"WIC de Nevada:\",\"url\":\"https:\\\/\\\/nevadawic.org\\\/es\\\/\",\"logo\":{\"@type\":\"ImageObject\",\"inLanguage\":\"es\",\"@id\":\"https:\\\/\\\/nevadawic.org\\\/es\\\/#\\\/schema\\\/logo\\\/image\\\/\",\"url\":\"https:\\\/\\\/nevadawic.org\\\/wp-content\\\/uploads\\\/2020\\\/07\\\/NV-Logo_Purple.jpg\",\"contentUrl\":\"https:\\\/\\\/nevadawic.org\\\/wp-content\\\/uploads\\\/2020\\\/07\\\/NV-Logo_Purple.jpg\",\"width\":970,\"height\":507,\"caption\":\"WIC de Nevada:\"},\"image\":{\"@id\":\"https:\\\/\\\/nevadawic.org\\\/es\\\/#\\\/schema\\\/logo\\\/image\\\/\"}}]}<\/script>\n<!-- \/ Yoast SEO plugin. -->","yoast_head_json":{"title":"Requisitos para el entrenamiento - Nevada WIC","description":"Todo el personal El director\/gerente de la agencia local notifica a la oficina estatal la nueva contrataci\u00f3n dentro de las 48 horas siguientes a esta.Para","robots":{"index":"index","follow":"follow","max-snippet":"max-snippet:-1","max-image-preview":"max-image-preview:large","max-video-preview":"max-video-preview:-1"},"canonical":"https:\/\/nevadawic.org\/es\/personal\/recursos-para-el-personal\/requisitos-para-la-capacitacion\/","og_locale":"es_ES","og_type":"article","og_title":"Requisitos para el entrenamiento - Nevada WIC","og_description":"Todo el personal El director\/gerente de la agencia local notifica a la oficina estatal la nueva contrataci\u00f3n dentro de las 48 horas siguientes a esta.Para","og_url":"https:\/\/nevadawic.org\/es\/personal\/recursos-para-el-personal\/requisitos-para-la-capacitacion\/","og_site_name":"Nevada WIC","article_modified_time":"2024-05-06T19:46:04+00:00","og_image":[{"width":2560,"height":1707,"url":"https:\/\/nevadawic.org\/wp-content\/uploads\/2020\/02\/parent-baby-holding-hands-scaled.jpg","type":"image\/jpeg"}],"twitter_card":"summary_large_image","twitter_misc":{"Tiempo de lectura":"2 minutos"},"schema":{"@context":"https:\/\/schema.org","@graph":[{"@type":"WebPage","@id":"https:\/\/nevadawic.org\/es\/personal\/recursos-para-el-personal\/requisitos-para-la-capacitacion\/","url":"https:\/\/nevadawic.org\/es\/personal\/recursos-para-el-personal\/requisitos-para-la-capacitacion\/","name":"Requisitos para el entrenamiento - Nevada WIC","isPartOf":{"@id":"https:\/\/nevadawic.org\/es\/#website"},"primaryImageOfPage":{"@id":"https:\/\/nevadawic.org\/es\/personal\/recursos-para-el-personal\/requisitos-para-la-capacitacion\/#primaryimage"},"image":{"@id":"https:\/\/nevadawic.org\/es\/personal\/recursos-para-el-personal\/requisitos-para-la-capacitacion\/#primaryimage"},"thumbnailUrl":"https:\/\/nevadawic.org\/wp-content\/uploads\/2020\/02\/parent-baby-holding-hands-scaled.jpg","datePublished":"2020-02-12T04:05:01+00:00","dateModified":"2024-05-06T19:46:04+00:00","description":"Todo el personal El director\/gerente de la agencia local notifica a la oficina estatal la nueva contrataci\u00f3n dentro de las 48 horas siguientes a esta.Para","breadcrumb":{"@id":"https:\/\/nevadawic.org\/es\/personal\/recursos-para-el-personal\/requisitos-para-la-capacitacion\/#breadcrumb"},"inLanguage":"es","potentialAction":[{"@type":"ReadAction","target":["https:\/\/nevadawic.org\/es\/personal\/recursos-para-el-personal\/requisitos-para-la-capacitacion\/"]}]},{"@type":"ImageObject","inLanguage":"es","@id":"https:\/\/nevadawic.org\/es\/personal\/recursos-para-el-personal\/requisitos-para-la-capacitacion\/#primaryimage","url":"https:\/\/nevadawic.org\/wp-content\/uploads\/2020\/02\/parent-baby-holding-hands-scaled.jpg","contentUrl":"https:\/\/nevadawic.org\/wp-content\/uploads\/2020\/02\/parent-baby-holding-hands-scaled.jpg","width":2560,"height":1707},{"@type":"BreadcrumbList","@id":"https:\/\/nevadawic.org\/es\/personal\/recursos-para-el-personal\/requisitos-para-la-capacitacion\/#breadcrumb","itemListElement":[{"@type":"ListItem","position":1,"name":"Inicio","item":"https:\/\/nevadawic.org\/es\/"},{"@type":"ListItem","position":2,"name":"Personal","item":"https:\/\/nevadawic.org\/es\/personal\/"},{"@type":"ListItem","position":3,"name":"Recursos para el personal","item":"https:\/\/nevadawic.org\/es\/personal\/recursos-para-el-personal\/"},{"@type":"ListItem","position":4,"name":"Requisitos para el entrenamiento"}]},{"@type":"WebSite","@id":"https:\/\/nevadawic.org\/es\/#website","url":"https:\/\/nevadawic.org\/es\/","name":"Nevada WIC","description":"","publisher":{"@id":"https:\/\/nevadawic.org\/es\/#organization"},"potentialAction":[{"@type":"SearchAction","target":{"@type":"EntryPoint","urlTemplate":"https:\/\/nevadawic.org\/es\/?s={search_term_string}"},"query-input":{"@type":"PropertyValueSpecification","valueRequired":true,"valueName":"search_term_string"}}],"inLanguage":"es"},{"@type":"Organization","@id":"https:\/\/nevadawic.org\/es\/#organization","name":"WIC de Nevada:","url":"https:\/\/nevadawic.org\/es\/","logo":{"@type":"ImageObject","inLanguage":"es","@id":"https:\/\/nevadawic.org\/es\/#\/schema\/logo\/image\/","url":"https:\/\/nevadawic.org\/wp-content\/uploads\/2020\/07\/NV-Logo_Purple.jpg","contentUrl":"https:\/\/nevadawic.org\/wp-content\/uploads\/2020\/07\/NV-Logo_Purple.jpg","width":970,"height":507,"caption":"WIC de Nevada:"},"image":{"@id":"https:\/\/nevadawic.org\/es\/#\/schema\/logo\/image\/"}}]}},"_links":{"self":[{"href":"https:\/\/nevadawic.org\/es\/wp-json\/wp\/v2\/pages\/28055","targetHints":{"allow":["GET"]}}],"collection":[{"href":"https:\/\/nevadawic.org\/es\/wp-json\/wp\/v2\/pages"}],"about":[{"href":"https:\/\/nevadawic.org\/es\/wp-json\/wp\/v2\/types\/page"}],"author":[{"embeddable":true,"href":"https:\/\/nevadawic.org\/es\/wp-json\/wp\/v2\/users\/1"}],"replies":[{"embeddable":true,"href":"https:\/\/nevadawic.org\/es\/wp-json\/wp\/v2\/comments?post=28055"}],"version-history":[{"count":23,"href":"https:\/\/nevadawic.org\/es\/wp-json\/wp\/v2\/pages\/28055\/revisions"}],"predecessor-version":[{"id":35677,"href":"https:\/\/nevadawic.org\/es\/wp-json\/wp\/v2\/pages\/28055\/revisions\/35677"}],"up":[{"embeddable":true,"href":"https:\/\/nevadawic.org\/es\/wp-json\/wp\/v2\/pages\/28057"}],"wp:featuredmedia":[{"embeddable":true,"href":"https:\/\/nevadawic.org\/es\/wp-json\/wp\/v2\/media\/24559"}],"wp:attachment":[{"href":"https:\/\/nevadawic.org\/es\/wp-json\/wp\/v2\/media?parent=28055"}],"curies":[{"name":"wp","href":"https:\/\/api.w.org\/{rel}","templated":true}]}}