{"id":28059,"date":"2020-02-14T16:49:37","date_gmt":"2020-02-15T00:49:37","guid":{"rendered":"https:\/\/nevadawic.org\/contacto\/presentacion-de-comentarios-y-denuncias\/"},"modified":"2025-02-25T12:54:05","modified_gmt":"2025-02-25T20:54:05","slug":"presentacion-de-comentarios-y-quejas","status":"publish","type":"page","link":"https:\/\/nevadawic.org\/es\/contacto\/presentacion-de-comentarios-y-quejas\/","title":{"rendered":"Presentaci\u00f3n de comentarios y quejas"},"content":{"rendered":"<p>WIC de Nevada le agradece que se tome el tiempo de darnos su opini\u00f3n. Revisamos los comentarios que nos env\u00edan, ya que nos permiten saber qu\u00e9 estamos haciendo bien, y cu\u00e1les son los miembros del personal y los proveedores que han proporcionado un servicio excepcional.<br \/>\nTambi\u00e9n agradecemos que nos env\u00ede sus comentarios para saber cu\u00e1ndo el servicio no ha sido bueno o si hay un problema. Esto nos permitir\u00e1 investigar y resolver los problemas de una manera m\u00e1s eficiente.<br \/>\nTambi\u00e9n agradecemos su ayuda para garantizar que no ocurran fraudes ni abusos. Esto nos ayuda con lo siguiente:<\/p>\n<ul>\n<li>Asegurarnos de que los fondos del programa se dan solo a las familias que cumplen los requisitos<\/li>\n<li>Permitirnos investigar los reclamos de fraude y abuso del programa por parte de clientes, empleados y proveedores<\/li>\n<\/ul>\n<p>Aumenta nuestra conciencia de las posibles \u00e1reas de fraude y abuso del programa y proporciona actualizaciones necesarias para lo siguiente:<\/p>\n<ul>\n<li>Reglas del programa<\/li>\n<li>Servicio de atenci\u00f3n al cliente<\/li>\n<li>Alimentos permitidos<\/li>\n<li>Resoluci\u00f3n de conflictos<\/li>\n<\/ul>\n<h3>Comentarios positivos<\/h3>\n<ul>\n<li><a href=\"https:\/\/nevadawic.org\/es\/contacto\/presentacion-de-comentarios-y-quejas\/formulario-de-comentariospositivos\/\" target=\"_blank\" rel=\"noopener\">Formulario de comentarios positivos<\/a><\/li>\n<\/ul>\n<h3>Reportar fraude o actividades sospechosas<\/h3>\n<ul>\n<li><a href=\"https:\/\/nevadawic.org\/es\/contacto\/presentacion-de-comentarios-y-quejas\/reportar-fraude-o-actividades-sospechosas\/\" target=\"_blank\" rel=\"noopener\">Reportar fraude o actividades sospechosas<\/a><\/li>\n<\/ul>\n<h3>Presentar una queja contra:<\/h3>\n<ul>\n<li><a href=\"https:\/\/nevadawic.org\/es\/contacto\/presentacion-de-comentarios-y-quejas\/queja-contra-una-clinica-de-wic\/\" target=\"_blank\" rel=\"noopener\">Una cl\u00ednica de WIC<\/a><\/li>\n<li><a href=\"https:\/\/nevadawic.org\/es\/contacto\/presentacion-de-comentarios-y-quejas\/quejas-contra-un-participante-de-wic\/\" target=\"_blank\" rel=\"noopener\">Un participante de WIC<\/a><\/li>\n<li><a href=\"https:\/\/nevadawic.org\/es\/contacto\/presentacion-de-comentarios-y-quejas\/queja-contra-el-personal-de-wic\/\" target=\"_blank\" rel=\"noopener\">El personal de WIC<\/a><\/li>\n<li><a href=\"https:\/\/nevadawic.org\/es\/contacto\/presentacion-de-comentarios-y-quejas\/queja-contra-un-tienda-de-wic\/\" target=\"_blank\" rel=\"noopener\">Una tienda de WIC<\/a><\/li>\n<\/ul>\n<h3>Presentar una queja del mercado de agricultores contra:<\/h3>\n<ul>\n<li><a href=\"https:\/\/nevadawic.org\/es\/contacto\/presentacion-de-comentarios-y-quejas\/queja-sobre-el-mercado-de-agricultores-mercado-o-agricultor-especifico\/\" target=\"_blank\" rel=\"noopener\">Mercado de agricultores\/agricultor<\/a><\/li>\n<li><a href=\"https:\/\/nevadawic.org\/es\/contacto\/presentacion-de-comentarios-y-quejas\/queja-sobre-el-mercado-de-agricultores-participante-de-wic\/\" target=\"_blank\" rel=\"noopener\">Un participante de WIC<\/a><\/li>\n<\/ul>\n<h3>Demanda por discriminaci\u00f3n de derechos civiles del USDA<\/h3>\n<ul>\n<li><a href=\"https:\/\/nevadawic.org\/es\/contacto\/presentacion-de-comentarios-y-quejas\/demanda-por-discriminacion-de-derechos-civiles-del-usda\/\" target=\"_blank\" rel=\"noopener\">Demanda por discriminaci\u00f3n de derechos civiles del USDA<\/a><\/li>\n<\/ul>\n<h3>Acta de equidad para trabajadoras embarazadas (PWFA)<\/h3>\n<ul>\n<li><a href=\"https:\/\/nevadawic.org\/es\/contacto\/presentacion-de-comentarios-y-quejas\/el-acta-de-equidad-para-trabajadoras-embarazadas-pwfa\/\" target=\"_blank\" rel=\"noopener\">Acta de equidad para trabajadoras embarazadas<\/a><\/li>\n<\/ul>\n","protected":false},"excerpt":{"rendered":"<p>WIC de Nevada le agradece que se tome el tiempo de darnos su opini\u00f3n. Revisamos los comentarios que&hellip;<\/p>\n","protected":false},"author":1,"featured_media":24582,"parent":28036,"menu_order":0,"comment_status":"closed","ping_status":"closed","template":"","meta":{"_acf_changed":false,"protect_children":false,"footnotes":""},"class_list":["post-28059","page","type-page","status-publish","has-post-thumbnail","hentry"],"acf":[],"yoast_head":"<!-- This site is optimized with the Yoast SEO plugin v27.2 - https:\/\/yoast.com\/product\/yoast-seo-wordpress\/ -->\n<title>Presentaci\u00f3n de comentarios y quejas - Nevada WIC<\/title>\n<meta name=\"description\" content=\"WIC de Nevada le agradece que se tome el tiempo de darnos su opini\u00f3n. Revisamos los comentarios que nos env\u00edan, ya que nos permiten saber qu\u00e9 estamos\" \/>\n<meta name=\"robots\" content=\"index, follow, max-snippet:-1, max-image-preview:large, max-video-preview:-1\" \/>\n<link rel=\"canonical\" href=\"https:\/\/nevadawic.org\/es\/contacto\/presentacion-de-comentarios-y-quejas\/\" \/>\n<meta property=\"og:locale\" content=\"es_ES\" \/>\n<meta property=\"og:type\" content=\"article\" \/>\n<meta property=\"og:title\" content=\"Presentaci\u00f3n de comentarios y quejas - Nevada WIC\" \/>\n<meta property=\"og:description\" content=\"WIC de Nevada le agradece que se tome el tiempo de darnos su opini\u00f3n. Revisamos los comentarios que nos env\u00edan, ya que nos permiten saber qu\u00e9 estamos\" \/>\n<meta property=\"og:url\" content=\"https:\/\/nevadawic.org\/es\/contacto\/presentacion-de-comentarios-y-quejas\/\" \/>\n<meta property=\"og:site_name\" content=\"Nevada WIC\" \/>\n<meta property=\"article:modified_time\" content=\"2025-02-25T20:54:05+00:00\" \/>\n<meta property=\"og:image\" content=\"https:\/\/nevadawic.org\/wp-content\/uploads\/2020\/02\/clerk-helping-at-checkout.jpg\" \/>\n\t<meta property=\"og:image:width\" content=\"7952\" \/>\n\t<meta property=\"og:image:height\" content=\"5304\" \/>\n\t<meta property=\"og:image:type\" content=\"image\/jpeg\" \/>\n<meta name=\"twitter:card\" content=\"summary_large_image\" \/>\n<meta name=\"twitter:label1\" content=\"Tiempo de lectura\" \/>\n\t<meta name=\"twitter:data1\" content=\"2 minutos\" \/>\n<script type=\"application\/ld+json\" class=\"yoast-schema-graph\">{\"@context\":\"https:\/\/schema.org\",\"@graph\":[{\"@type\":\"WebPage\",\"@id\":\"https:\/\/nevadawic.org\/es\/contacto\/presentacion-de-comentarios-y-quejas\/\",\"url\":\"https:\/\/nevadawic.org\/es\/contacto\/presentacion-de-comentarios-y-quejas\/\",\"name\":\"Presentaci\u00f3n de comentarios y quejas - Nevada WIC\",\"isPartOf\":{\"@id\":\"https:\/\/nevadawic.org\/es\/#website\"},\"primaryImageOfPage\":{\"@id\":\"https:\/\/nevadawic.org\/es\/contacto\/presentacion-de-comentarios-y-quejas\/#primaryimage\"},\"image\":{\"@id\":\"https:\/\/nevadawic.org\/es\/contacto\/presentacion-de-comentarios-y-quejas\/#primaryimage\"},\"thumbnailUrl\":\"https:\/\/nevadawic.org\/wp-content\/uploads\/2020\/02\/clerk-helping-at-checkout.jpg\",\"datePublished\":\"2020-02-15T00:49:37+00:00\",\"dateModified\":\"2025-02-25T20:54:05+00:00\",\"description\":\"WIC de Nevada le agradece que se tome el tiempo de darnos su opini\u00f3n. Revisamos los comentarios que nos env\u00edan, ya que nos permiten saber qu\u00e9 estamos\",\"breadcrumb\":{\"@id\":\"https:\/\/nevadawic.org\/es\/contacto\/presentacion-de-comentarios-y-quejas\/#breadcrumb\"},\"inLanguage\":\"es\",\"potentialAction\":[{\"@type\":\"ReadAction\",\"target\":[\"https:\/\/nevadawic.org\/es\/contacto\/presentacion-de-comentarios-y-quejas\/\"]}]},{\"@type\":\"ImageObject\",\"inLanguage\":\"es\",\"@id\":\"https:\/\/nevadawic.org\/es\/contacto\/presentacion-de-comentarios-y-quejas\/#primaryimage\",\"url\":\"https:\/\/nevadawic.org\/wp-content\/uploads\/2020\/02\/clerk-helping-at-checkout.jpg\",\"contentUrl\":\"https:\/\/nevadawic.org\/wp-content\/uploads\/2020\/02\/clerk-helping-at-checkout.jpg\",\"width\":7952,\"height\":5304},{\"@type\":\"BreadcrumbList\",\"@id\":\"https:\/\/nevadawic.org\/es\/contacto\/presentacion-de-comentarios-y-quejas\/#breadcrumb\",\"itemListElement\":[{\"@type\":\"ListItem\",\"position\":1,\"name\":\"Inicio\",\"item\":\"https:\/\/nevadawic.org\/es\/\"},{\"@type\":\"ListItem\",\"position\":2,\"name\":\"Contactos\",\"item\":\"https:\/\/nevadawic.org\/es\/contacto\/\"},{\"@type\":\"ListItem\",\"position\":3,\"name\":\"Presentaci\u00f3n de comentarios y quejas\"}]},{\"@type\":\"WebSite\",\"@id\":\"https:\/\/nevadawic.org\/es\/#website\",\"url\":\"https:\/\/nevadawic.org\/es\/\",\"name\":\"Nevada WIC\",\"description\":\"\",\"publisher\":{\"@id\":\"https:\/\/nevadawic.org\/es\/#organization\"},\"potentialAction\":[{\"@type\":\"SearchAction\",\"target\":{\"@type\":\"EntryPoint\",\"urlTemplate\":\"https:\/\/nevadawic.org\/es\/?s={search_term_string}\"},\"query-input\":{\"@type\":\"PropertyValueSpecification\",\"valueRequired\":true,\"valueName\":\"search_term_string\"}}],\"inLanguage\":\"es\"},{\"@type\":\"Organization\",\"@id\":\"https:\/\/nevadawic.org\/es\/#organization\",\"name\":\"WIC de Nevada:\",\"url\":\"https:\/\/nevadawic.org\/es\/\",\"logo\":{\"@type\":\"ImageObject\",\"inLanguage\":\"es\",\"@id\":\"https:\/\/nevadawic.org\/es\/#\/schema\/logo\/image\/\",\"url\":\"https:\/\/nevadawic.org\/wp-content\/uploads\/2020\/07\/NV-Logo_Purple.jpg\",\"contentUrl\":\"https:\/\/nevadawic.org\/wp-content\/uploads\/2020\/07\/NV-Logo_Purple.jpg\",\"width\":970,\"height\":507,\"caption\":\"WIC de Nevada:\"},\"image\":{\"@id\":\"https:\/\/nevadawic.org\/es\/#\/schema\/logo\/image\/\"}}]}<\/script>\n<!-- \/ Yoast SEO plugin. -->","yoast_head_json":{"title":"Presentaci\u00f3n de comentarios y quejas - Nevada WIC","description":"WIC de Nevada le agradece que se tome el tiempo de darnos su opini\u00f3n. Revisamos los comentarios que nos env\u00edan, ya que nos permiten saber qu\u00e9 estamos","robots":{"index":"index","follow":"follow","max-snippet":"max-snippet:-1","max-image-preview":"max-image-preview:large","max-video-preview":"max-video-preview:-1"},"canonical":"https:\/\/nevadawic.org\/es\/contacto\/presentacion-de-comentarios-y-quejas\/","og_locale":"es_ES","og_type":"article","og_title":"Presentaci\u00f3n de comentarios y quejas - Nevada WIC","og_description":"WIC de Nevada le agradece que se tome el tiempo de darnos su opini\u00f3n. Revisamos los comentarios que nos env\u00edan, ya que nos permiten saber qu\u00e9 estamos","og_url":"https:\/\/nevadawic.org\/es\/contacto\/presentacion-de-comentarios-y-quejas\/","og_site_name":"Nevada WIC","article_modified_time":"2025-02-25T20:54:05+00:00","og_image":[{"width":7952,"height":5304,"url":"https:\/\/nevadawic.org\/wp-content\/uploads\/2020\/02\/clerk-helping-at-checkout.jpg","type":"image\/jpeg"}],"twitter_card":"summary_large_image","twitter_misc":{"Tiempo de lectura":"2 minutos"},"schema":{"@context":"https:\/\/schema.org","@graph":[{"@type":"WebPage","@id":"https:\/\/nevadawic.org\/es\/contacto\/presentacion-de-comentarios-y-quejas\/","url":"https:\/\/nevadawic.org\/es\/contacto\/presentacion-de-comentarios-y-quejas\/","name":"Presentaci\u00f3n de comentarios y quejas - Nevada WIC","isPartOf":{"@id":"https:\/\/nevadawic.org\/es\/#website"},"primaryImageOfPage":{"@id":"https:\/\/nevadawic.org\/es\/contacto\/presentacion-de-comentarios-y-quejas\/#primaryimage"},"image":{"@id":"https:\/\/nevadawic.org\/es\/contacto\/presentacion-de-comentarios-y-quejas\/#primaryimage"},"thumbnailUrl":"https:\/\/nevadawic.org\/wp-content\/uploads\/2020\/02\/clerk-helping-at-checkout.jpg","datePublished":"2020-02-15T00:49:37+00:00","dateModified":"2025-02-25T20:54:05+00:00","description":"WIC de Nevada le agradece que se tome el tiempo de darnos su opini\u00f3n. Revisamos los comentarios que nos env\u00edan, ya que nos permiten saber qu\u00e9 estamos","breadcrumb":{"@id":"https:\/\/nevadawic.org\/es\/contacto\/presentacion-de-comentarios-y-quejas\/#breadcrumb"},"inLanguage":"es","potentialAction":[{"@type":"ReadAction","target":["https:\/\/nevadawic.org\/es\/contacto\/presentacion-de-comentarios-y-quejas\/"]}]},{"@type":"ImageObject","inLanguage":"es","@id":"https:\/\/nevadawic.org\/es\/contacto\/presentacion-de-comentarios-y-quejas\/#primaryimage","url":"https:\/\/nevadawic.org\/wp-content\/uploads\/2020\/02\/clerk-helping-at-checkout.jpg","contentUrl":"https:\/\/nevadawic.org\/wp-content\/uploads\/2020\/02\/clerk-helping-at-checkout.jpg","width":7952,"height":5304},{"@type":"BreadcrumbList","@id":"https:\/\/nevadawic.org\/es\/contacto\/presentacion-de-comentarios-y-quejas\/#breadcrumb","itemListElement":[{"@type":"ListItem","position":1,"name":"Inicio","item":"https:\/\/nevadawic.org\/es\/"},{"@type":"ListItem","position":2,"name":"Contactos","item":"https:\/\/nevadawic.org\/es\/contacto\/"},{"@type":"ListItem","position":3,"name":"Presentaci\u00f3n de comentarios y quejas"}]},{"@type":"WebSite","@id":"https:\/\/nevadawic.org\/es\/#website","url":"https:\/\/nevadawic.org\/es\/","name":"Nevada WIC","description":"","publisher":{"@id":"https:\/\/nevadawic.org\/es\/#organization"},"potentialAction":[{"@type":"SearchAction","target":{"@type":"EntryPoint","urlTemplate":"https:\/\/nevadawic.org\/es\/?s={search_term_string}"},"query-input":{"@type":"PropertyValueSpecification","valueRequired":true,"valueName":"search_term_string"}}],"inLanguage":"es"},{"@type":"Organization","@id":"https:\/\/nevadawic.org\/es\/#organization","name":"WIC de Nevada:","url":"https:\/\/nevadawic.org\/es\/","logo":{"@type":"ImageObject","inLanguage":"es","@id":"https:\/\/nevadawic.org\/es\/#\/schema\/logo\/image\/","url":"https:\/\/nevadawic.org\/wp-content\/uploads\/2020\/07\/NV-Logo_Purple.jpg","contentUrl":"https:\/\/nevadawic.org\/wp-content\/uploads\/2020\/07\/NV-Logo_Purple.jpg","width":970,"height":507,"caption":"WIC de Nevada:"},"image":{"@id":"https:\/\/nevadawic.org\/es\/#\/schema\/logo\/image\/"}}]}},"_links":{"self":[{"href":"https:\/\/nevadawic.org\/es\/wp-json\/wp\/v2\/pages\/28059","targetHints":{"allow":["GET"]}}],"collection":[{"href":"https:\/\/nevadawic.org\/es\/wp-json\/wp\/v2\/pages"}],"about":[{"href":"https:\/\/nevadawic.org\/es\/wp-json\/wp\/v2\/types\/page"}],"author":[{"embeddable":true,"href":"https:\/\/nevadawic.org\/es\/wp-json\/wp\/v2\/users\/1"}],"replies":[{"embeddable":true,"href":"https:\/\/nevadawic.org\/es\/wp-json\/wp\/v2\/comments?post=28059"}],"version-history":[{"count":19,"href":"https:\/\/nevadawic.org\/es\/wp-json\/wp\/v2\/pages\/28059\/revisions"}],"predecessor-version":[{"id":38459,"href":"https:\/\/nevadawic.org\/es\/wp-json\/wp\/v2\/pages\/28059\/revisions\/38459"}],"up":[{"embeddable":true,"href":"https:\/\/nevadawic.org\/es\/wp-json\/wp\/v2\/pages\/28036"}],"wp:featuredmedia":[{"embeddable":true,"href":"https:\/\/nevadawic.org\/es\/wp-json\/wp\/v2\/media\/24582"}],"wp:attachment":[{"href":"https:\/\/nevadawic.org\/es\/wp-json\/wp\/v2\/media?parent=28059"}],"curies":[{"name":"wp","href":"https:\/\/api.w.org\/{rel}","templated":true}]}}