{"id":28061,"date":"2020-05-07T09:36:03","date_gmt":"2020-05-07T16:36:03","guid":{"rendered":"https:\/\/nevadawic.org\/acerca-del-wic\/otros-servicios\/programa-de-la-lista-de-verificacion-de-indicadores-del-desarrollo-del-wic\/"},"modified":"2024-04-08T12:22:58","modified_gmt":"2024-04-08T19:22:58","slug":"programa-de-la-lista-de-verificacion-de-indicadores-del-desarrollo-del-wic","status":"publish","type":"page","link":"https:\/\/nevadawic.org\/es\/acerca-de-wic\/otros-servicios\/programa-de-la-lista-de-verificacion-de-indicadores-del-desarrollo-del-wic\/","title":{"rendered":"Programa de Indicadores del Desarrollo de WIC"},"content":{"rendered":"<div class=\"row \">\n<div class=\"col-md-12\">\n<h3>Programa de Indicadores del Desarrollo de WIC<br \/>\nGu\u00eda de implementaci\u00f3n en l\u00ednea<\/h3>\n<p>Los proveedores de WIC saben que la forma en que un ni\u00f1o juega, aprende, habla, act\u00faa y se mueve para su edad son signos importantes del crecimiento y desarrollo de un ni\u00f1o. Cuando un ni\u00f1o tiene un retraso en el desarrollo, los proveedores de WIC tambi\u00e9n conocen el valor de una referencia oportuna para apoyar tanto al ni\u00f1o como a la familia.<\/p>\n<p><strong>El programa de indicadores del desarrollo de WIC que fue creado en colaboraci\u00f3n con el personal de WIC y evaluado en las cl\u00ednicas de WIC, ayuda a involucrar a los padres en el seguimiento del desarrollo de sus hijos y a apoyarlos con referencias oportunas cuando sea necesario.<\/strong><\/p>\n<p>Para saber m\u00e1s sobre el programa, \u00a0<a href=\"https:\/\/www.youtube.com\/watch?v=IeVS67a_8j0\" target=\"_blank\" rel=\"noopener noreferrer\">haga clic aqu\u00ed para ver un breve video<\/a>.<\/p>\n<h3>Hay tres componentes b\u00e1sicos:<\/h3>\n<ul>\n<li><strong>Gr\u00e1ficos ambientales<\/strong>: los gr\u00e1ficos de las paredes y el suelo de la cl\u00ednica introducen el monitoreo de los indicadores de una forma divertida y amigable.<\/li>\n<li><strong>Administraci\u00f3n de listas de verificaci\u00f3n<\/strong>: el personal invita a los padres a completar una lista de verificaci\u00f3n de indicadores durante las visitas de certificaci\u00f3n, recertificaci\u00f3n y evaluaci\u00f3n de salud, o siempre que haya una pregunta o inquietud.\n<ul>\n<li>Env\u00edela en l\u00ednea <strong>(<a href=\"https:\/\/nevadawic.org\/about\/other-services\/wic-developmental-milestone-checklist-program\/wic-developmental-milestones-checklists\/\" target=\"_blank\" rel=\"noopener noreferrer\">INGL\u00c9S<\/a>)\u00a0 (<a href=\"https:\/\/nevadawic.org\/es\/acerca-de-wic\/otros-servicios\/programa-de-la-lista-de-verificacion-de-indicadores-del-desarrollo-del-wic\/listas-de-verificacion-de-indicadores-en-espanol-2\/\" target=\"_blank\" rel=\"noopener noreferrer\">ESPA\u00d1OL<\/a>)<\/strong><\/li>\n<\/ul>\n<\/li>\n<li><strong>Referencias<\/strong>: el personal revisa la lista de verificaci\u00f3n y hace una referencia si hay alg\u00fan indicador que falta o se observan otras preocupaciones.<\/li>\n<\/ul>\n<h3><a href=\"https:\/\/nevadawic.org\/es\/acerca-de-wic\/otros-servicios\/programa-de-la-lista-de-verificacion-de-indicadores-del-desarrollo-del-wic\/que-es-el-seguimiento-del-desarrollo\/\">M\u00e1s informaci\u00f3n \u21d2<\/a><\/h3>\n<p><em>El programa de indicadores del desarrollo de WIC fue dise\u00f1ado y evaluado por la University of Missouri en colaboraci\u00f3n con el Programa Especial de Nutrici\u00f3n Suplementaria para Mujeres, Beb\u00e9s y Ni\u00f1os (WIC) de Missouri, con el apoyo de la financiaci\u00f3n de los Centros para el Control y la Prevenci\u00f3n de Enfermedades.<\/em><\/p>\n<\/div>\n<\/div>\n","protected":false},"excerpt":{"rendered":"<p>Programa de Indicadores del Desarrollo de WIC Gu\u00eda de implementaci\u00f3n en l\u00ednea Los proveedores de WIC saben que&hellip;<\/p>\n","protected":false},"author":7,"featured_media":25102,"parent":28045,"menu_order":3,"comment_status":"closed","ping_status":"closed","template":"","meta":{"_acf_changed":false,"protect_children":false,"footnotes":""},"class_list":["post-28061","page","type-page","status-publish","has-post-thumbnail","hentry"],"acf":[],"yoast_head":"<!-- This site is optimized with the Yoast SEO plugin v27.2 - https:\/\/yoast.com\/product\/yoast-seo-wordpress\/ -->\n<title>Programa de Indicadores del Desarrollo de WIC - Nevada WIC<\/title>\n<meta name=\"description\" content=\"Programa de Indicadores del Desarrollo de WIC Gu\u00eda de implementaci\u00f3n en l\u00ednea Los proveedores de WIC saben que la forma en que un ni\u00f1o juega, aprende,\" \/>\n<meta name=\"robots\" content=\"index, follow, max-snippet:-1, max-image-preview:large, max-video-preview:-1\" \/>\n<link rel=\"canonical\" href=\"https:\/\/nevadawic.org\/es\/acerca-de-wic\/otros-servicios\/programa-de-la-lista-de-verificacion-de-indicadores-del-desarrollo-del-wic\/\" \/>\n<meta property=\"og:locale\" content=\"es_ES\" \/>\n<meta property=\"og:type\" content=\"article\" \/>\n<meta property=\"og:title\" content=\"Programa de Indicadores del Desarrollo de WIC - Nevada WIC\" \/>\n<meta property=\"og:description\" content=\"Programa de Indicadores del Desarrollo de WIC Gu\u00eda de implementaci\u00f3n en l\u00ednea Los proveedores de WIC saben que la forma en que un ni\u00f1o juega, aprende,\" \/>\n<meta property=\"og:url\" content=\"https:\/\/nevadawic.org\/es\/acerca-de-wic\/otros-servicios\/programa-de-la-lista-de-verificacion-de-indicadores-del-desarrollo-del-wic\/\" \/>\n<meta property=\"og:site_name\" content=\"Nevada WIC\" \/>\n<meta property=\"article:modified_time\" content=\"2024-04-08T19:22:58+00:00\" \/>\n<meta property=\"og:image\" content=\"https:\/\/nevadawic.org\/wp-content\/uploads\/2020\/08\/DMCP-Poster-Clip.jpg\" \/>\n\t<meta property=\"og:image:width\" content=\"1095\" \/>\n\t<meta property=\"og:image:height\" content=\"269\" \/>\n\t<meta property=\"og:image:type\" content=\"image\/jpeg\" \/>\n<meta name=\"twitter:card\" content=\"summary_large_image\" \/>\n<meta name=\"twitter:label1\" content=\"Tiempo de lectura\" \/>\n\t<meta name=\"twitter:data1\" content=\"2 minutos\" \/>\n<script type=\"application\/ld+json\" class=\"yoast-schema-graph\">{\"@context\":\"https:\/\/schema.org\",\"@graph\":[{\"@type\":\"WebPage\",\"@id\":\"https:\/\/nevadawic.org\/es\/acerca-de-wic\/otros-servicios\/programa-de-la-lista-de-verificacion-de-indicadores-del-desarrollo-del-wic\/\",\"url\":\"https:\/\/nevadawic.org\/es\/acerca-de-wic\/otros-servicios\/programa-de-la-lista-de-verificacion-de-indicadores-del-desarrollo-del-wic\/\",\"name\":\"Programa de Indicadores del Desarrollo de WIC - Nevada WIC\",\"isPartOf\":{\"@id\":\"https:\/\/nevadawic.org\/es\/#website\"},\"primaryImageOfPage\":{\"@id\":\"https:\/\/nevadawic.org\/es\/acerca-de-wic\/otros-servicios\/programa-de-la-lista-de-verificacion-de-indicadores-del-desarrollo-del-wic\/#primaryimage\"},\"image\":{\"@id\":\"https:\/\/nevadawic.org\/es\/acerca-de-wic\/otros-servicios\/programa-de-la-lista-de-verificacion-de-indicadores-del-desarrollo-del-wic\/#primaryimage\"},\"thumbnailUrl\":\"https:\/\/nevadawic.org\/wp-content\/uploads\/2020\/08\/DMCP-Poster-Clip.jpg\",\"datePublished\":\"2020-05-07T16:36:03+00:00\",\"dateModified\":\"2024-04-08T19:22:58+00:00\",\"description\":\"Programa de Indicadores del Desarrollo de WIC Gu\u00eda de implementaci\u00f3n en l\u00ednea Los proveedores de WIC saben que la forma en que un ni\u00f1o juega, aprende,\",\"breadcrumb\":{\"@id\":\"https:\/\/nevadawic.org\/es\/acerca-de-wic\/otros-servicios\/programa-de-la-lista-de-verificacion-de-indicadores-del-desarrollo-del-wic\/#breadcrumb\"},\"inLanguage\":\"es\",\"potentialAction\":[{\"@type\":\"ReadAction\",\"target\":[\"https:\/\/nevadawic.org\/es\/acerca-de-wic\/otros-servicios\/programa-de-la-lista-de-verificacion-de-indicadores-del-desarrollo-del-wic\/\"]}]},{\"@type\":\"ImageObject\",\"inLanguage\":\"es\",\"@id\":\"https:\/\/nevadawic.org\/es\/acerca-de-wic\/otros-servicios\/programa-de-la-lista-de-verificacion-de-indicadores-del-desarrollo-del-wic\/#primaryimage\",\"url\":\"https:\/\/nevadawic.org\/wp-content\/uploads\/2020\/08\/DMCP-Poster-Clip.jpg\",\"contentUrl\":\"https:\/\/nevadawic.org\/wp-content\/uploads\/2020\/08\/DMCP-Poster-Clip.jpg\",\"width\":1095,\"height\":269},{\"@type\":\"BreadcrumbList\",\"@id\":\"https:\/\/nevadawic.org\/es\/acerca-de-wic\/otros-servicios\/programa-de-la-lista-de-verificacion-de-indicadores-del-desarrollo-del-wic\/#breadcrumb\",\"itemListElement\":[{\"@type\":\"ListItem\",\"position\":1,\"name\":\"Inicio\",\"item\":\"https:\/\/nevadawic.org\/es\/\"},{\"@type\":\"ListItem\",\"position\":2,\"name\":\"Acerca de WIC\",\"item\":\"https:\/\/nevadawic.org\/es\/acerca-de-wic\/\"},{\"@type\":\"ListItem\",\"position\":3,\"name\":\"Otros servicios\",\"item\":\"https:\/\/nevadawic.org\/es\/about\/other-services\/\"},{\"@type\":\"ListItem\",\"position\":4,\"name\":\"Programa de Indicadores del Desarrollo de WIC\"}]},{\"@type\":\"WebSite\",\"@id\":\"https:\/\/nevadawic.org\/es\/#website\",\"url\":\"https:\/\/nevadawic.org\/es\/\",\"name\":\"Nevada WIC\",\"description\":\"\",\"publisher\":{\"@id\":\"https:\/\/nevadawic.org\/es\/#organization\"},\"potentialAction\":[{\"@type\":\"SearchAction\",\"target\":{\"@type\":\"EntryPoint\",\"urlTemplate\":\"https:\/\/nevadawic.org\/es\/?s={search_term_string}\"},\"query-input\":{\"@type\":\"PropertyValueSpecification\",\"valueRequired\":true,\"valueName\":\"search_term_string\"}}],\"inLanguage\":\"es\"},{\"@type\":\"Organization\",\"@id\":\"https:\/\/nevadawic.org\/es\/#organization\",\"name\":\"WIC de Nevada:\",\"url\":\"https:\/\/nevadawic.org\/es\/\",\"logo\":{\"@type\":\"ImageObject\",\"inLanguage\":\"es\",\"@id\":\"https:\/\/nevadawic.org\/es\/#\/schema\/logo\/image\/\",\"url\":\"https:\/\/nevadawic.org\/wp-content\/uploads\/2020\/07\/NV-Logo_Purple.jpg\",\"contentUrl\":\"https:\/\/nevadawic.org\/wp-content\/uploads\/2020\/07\/NV-Logo_Purple.jpg\",\"width\":970,\"height\":507,\"caption\":\"WIC de Nevada:\"},\"image\":{\"@id\":\"https:\/\/nevadawic.org\/es\/#\/schema\/logo\/image\/\"}}]}<\/script>\n<!-- \/ Yoast SEO plugin. -->","yoast_head_json":{"title":"Programa de Indicadores del Desarrollo de WIC - Nevada WIC","description":"Programa de Indicadores del Desarrollo de WIC Gu\u00eda de implementaci\u00f3n en l\u00ednea Los proveedores de WIC saben que la forma en que un ni\u00f1o juega, aprende,","robots":{"index":"index","follow":"follow","max-snippet":"max-snippet:-1","max-image-preview":"max-image-preview:large","max-video-preview":"max-video-preview:-1"},"canonical":"https:\/\/nevadawic.org\/es\/acerca-de-wic\/otros-servicios\/programa-de-la-lista-de-verificacion-de-indicadores-del-desarrollo-del-wic\/","og_locale":"es_ES","og_type":"article","og_title":"Programa de Indicadores del Desarrollo de WIC - Nevada WIC","og_description":"Programa de Indicadores del Desarrollo de WIC Gu\u00eda de implementaci\u00f3n en l\u00ednea Los proveedores de WIC saben que la forma en que un ni\u00f1o juega, aprende,","og_url":"https:\/\/nevadawic.org\/es\/acerca-de-wic\/otros-servicios\/programa-de-la-lista-de-verificacion-de-indicadores-del-desarrollo-del-wic\/","og_site_name":"Nevada WIC","article_modified_time":"2024-04-08T19:22:58+00:00","og_image":[{"width":1095,"height":269,"url":"https:\/\/nevadawic.org\/wp-content\/uploads\/2020\/08\/DMCP-Poster-Clip.jpg","type":"image\/jpeg"}],"twitter_card":"summary_large_image","twitter_misc":{"Tiempo de lectura":"2 minutos"},"schema":{"@context":"https:\/\/schema.org","@graph":[{"@type":"WebPage","@id":"https:\/\/nevadawic.org\/es\/acerca-de-wic\/otros-servicios\/programa-de-la-lista-de-verificacion-de-indicadores-del-desarrollo-del-wic\/","url":"https:\/\/nevadawic.org\/es\/acerca-de-wic\/otros-servicios\/programa-de-la-lista-de-verificacion-de-indicadores-del-desarrollo-del-wic\/","name":"Programa de Indicadores del Desarrollo de WIC - Nevada WIC","isPartOf":{"@id":"https:\/\/nevadawic.org\/es\/#website"},"primaryImageOfPage":{"@id":"https:\/\/nevadawic.org\/es\/acerca-de-wic\/otros-servicios\/programa-de-la-lista-de-verificacion-de-indicadores-del-desarrollo-del-wic\/#primaryimage"},"image":{"@id":"https:\/\/nevadawic.org\/es\/acerca-de-wic\/otros-servicios\/programa-de-la-lista-de-verificacion-de-indicadores-del-desarrollo-del-wic\/#primaryimage"},"thumbnailUrl":"https:\/\/nevadawic.org\/wp-content\/uploads\/2020\/08\/DMCP-Poster-Clip.jpg","datePublished":"2020-05-07T16:36:03+00:00","dateModified":"2024-04-08T19:22:58+00:00","description":"Programa de Indicadores del Desarrollo de WIC Gu\u00eda de implementaci\u00f3n en l\u00ednea Los proveedores de WIC saben que la forma en que un ni\u00f1o juega, aprende,","breadcrumb":{"@id":"https:\/\/nevadawic.org\/es\/acerca-de-wic\/otros-servicios\/programa-de-la-lista-de-verificacion-de-indicadores-del-desarrollo-del-wic\/#breadcrumb"},"inLanguage":"es","potentialAction":[{"@type":"ReadAction","target":["https:\/\/nevadawic.org\/es\/acerca-de-wic\/otros-servicios\/programa-de-la-lista-de-verificacion-de-indicadores-del-desarrollo-del-wic\/"]}]},{"@type":"ImageObject","inLanguage":"es","@id":"https:\/\/nevadawic.org\/es\/acerca-de-wic\/otros-servicios\/programa-de-la-lista-de-verificacion-de-indicadores-del-desarrollo-del-wic\/#primaryimage","url":"https:\/\/nevadawic.org\/wp-content\/uploads\/2020\/08\/DMCP-Poster-Clip.jpg","contentUrl":"https:\/\/nevadawic.org\/wp-content\/uploads\/2020\/08\/DMCP-Poster-Clip.jpg","width":1095,"height":269},{"@type":"BreadcrumbList","@id":"https:\/\/nevadawic.org\/es\/acerca-de-wic\/otros-servicios\/programa-de-la-lista-de-verificacion-de-indicadores-del-desarrollo-del-wic\/#breadcrumb","itemListElement":[{"@type":"ListItem","position":1,"name":"Inicio","item":"https:\/\/nevadawic.org\/es\/"},{"@type":"ListItem","position":2,"name":"Acerca de WIC","item":"https:\/\/nevadawic.org\/es\/acerca-de-wic\/"},{"@type":"ListItem","position":3,"name":"Otros servicios","item":"https:\/\/nevadawic.org\/es\/about\/other-services\/"},{"@type":"ListItem","position":4,"name":"Programa de Indicadores del Desarrollo de WIC"}]},{"@type":"WebSite","@id":"https:\/\/nevadawic.org\/es\/#website","url":"https:\/\/nevadawic.org\/es\/","name":"Nevada WIC","description":"","publisher":{"@id":"https:\/\/nevadawic.org\/es\/#organization"},"potentialAction":[{"@type":"SearchAction","target":{"@type":"EntryPoint","urlTemplate":"https:\/\/nevadawic.org\/es\/?s={search_term_string}"},"query-input":{"@type":"PropertyValueSpecification","valueRequired":true,"valueName":"search_term_string"}}],"inLanguage":"es"},{"@type":"Organization","@id":"https:\/\/nevadawic.org\/es\/#organization","name":"WIC de Nevada:","url":"https:\/\/nevadawic.org\/es\/","logo":{"@type":"ImageObject","inLanguage":"es","@id":"https:\/\/nevadawic.org\/es\/#\/schema\/logo\/image\/","url":"https:\/\/nevadawic.org\/wp-content\/uploads\/2020\/07\/NV-Logo_Purple.jpg","contentUrl":"https:\/\/nevadawic.org\/wp-content\/uploads\/2020\/07\/NV-Logo_Purple.jpg","width":970,"height":507,"caption":"WIC de Nevada:"},"image":{"@id":"https:\/\/nevadawic.org\/es\/#\/schema\/logo\/image\/"}}]}},"_links":{"self":[{"href":"https:\/\/nevadawic.org\/es\/wp-json\/wp\/v2\/pages\/28061","targetHints":{"allow":["GET"]}}],"collection":[{"href":"https:\/\/nevadawic.org\/es\/wp-json\/wp\/v2\/pages"}],"about":[{"href":"https:\/\/nevadawic.org\/es\/wp-json\/wp\/v2\/types\/page"}],"author":[{"embeddable":true,"href":"https:\/\/nevadawic.org\/es\/wp-json\/wp\/v2\/users\/7"}],"replies":[{"embeddable":true,"href":"https:\/\/nevadawic.org\/es\/wp-json\/wp\/v2\/comments?post=28061"}],"version-history":[{"count":22,"href":"https:\/\/nevadawic.org\/es\/wp-json\/wp\/v2\/pages\/28061\/revisions"}],"predecessor-version":[{"id":35175,"href":"https:\/\/nevadawic.org\/es\/wp-json\/wp\/v2\/pages\/28061\/revisions\/35175"}],"up":[{"embeddable":true,"href":"https:\/\/nevadawic.org\/es\/wp-json\/wp\/v2\/pages\/28045"}],"wp:featuredmedia":[{"embeddable":true,"href":"https:\/\/nevadawic.org\/es\/wp-json\/wp\/v2\/media\/25102"}],"wp:attachment":[{"href":"https:\/\/nevadawic.org\/es\/wp-json\/wp\/v2\/media?parent=28061"}],"curies":[{"name":"wp","href":"https:\/\/api.w.org\/{rel}","templated":true}]}}