{"id":28062,"date":"2020-05-07T10:57:03","date_gmt":"2020-05-07T17:57:03","guid":{"rendered":"https:\/\/nevadawic.org\/acerca-del-wic\/otros-servicios\/programa-de-la-lista-de-verificacion-de-indicadores-del-desarrollo-del-wic\/que-es-el-seguimiento-del-desarrollo\/"},"modified":"2024-04-08T12:56:48","modified_gmt":"2024-04-08T19:56:48","slug":"que-es-el-monitoreo-del-desarrollo","status":"publish","type":"page","link":"https:\/\/nevadawic.org\/es\/acerca-de-wic\/otros-servicios\/programa-de-la-lista-de-verificacion-de-indicadores-del-desarrollo-del-wic\/que-es-el-monitoreo-del-desarrollo\/","title":{"rendered":"\u00bfQu\u00e9 es el Monitoreo del Desarrollo?"},"content":{"rendered":"<h1 id=\"content\">\u00bfQu\u00e9 es el Monitoreo del Desarrollo?<\/h1>\n<p>El personal de WIC est\u00e1 capacitado para hacer participar, educar y empoderar a las familias para que hagan un monitoreo de los indicadores del desarrollo de su hijo y tomen medidas para ayudar a su hijo cuando haya una posible preocupaci\u00f3n. Apoyar a las familias es lo que mejor hace el WIC<\/p>\n<h3>En primer lugar, \u00bfqu\u00e9 son los indicadores del desarrollo?<\/h3>\n<p><img fetchpriority=\"high\" decoding=\"async\" title=\"Una madre usando la lista de control con su beb\u00e9 9 mo_F_CDC-4268\" src=\"https:\/\/www.cdc.gov\/ncbddd\/wicguide\/img\/Mom-using-checklist-with-baby-9-mo_F_CDC-4268.jpg\" alt=\"Una madre usando la lista de control con su beb\u00e9 de 9 meses\" width=\"459\" height=\"306\" \/><\/p>\n<p>Los <strong>indicadores del desarrollo<\/strong> son habilidades que la mayor\u00eda de los ni\u00f1os alcanzan a una determinada edad. Los ni\u00f1os alcanzan indicadores en su forma de jugar, aprender, hablar, actuar y moverse. Algunas habilidades, como sonre\u00edr a los 2 meses, caminar con ayuda al a\u00f1o y decir \u201cadi\u00f3s\u201d con las manos a los 18 meses, son algunos de los indicadores comunes del desarrollo, aunque hay muchos m\u00e1s.<\/p>\n<p>Los ni\u00f1os se desarrollan a su propio ritmo, por lo que es dif\u00edcil saber con exactitud cu\u00e1ndo aprender\u00e1 una determinada habilidad. Sin embargo, los indicadores de desarrollo espec\u00edficos de cada edad dan una idea general de las habilidades que se pueden esperar. Los indicadores incluidos en las listas de verificaci\u00f3n del desarrollo de los CDC reflejan lo que la MAYOR\u00cdA de los ni\u00f1os (se calcula que entre el 75\u00a0% y el 90\u00a0%) alcanzan a una edad determinada.<\/p>\n<p><strong>El monitoreo del desarrollo<\/strong> consiste en monitorear el momento en que un ni\u00f1o alcanza los indicadores esperados para su edad, o si no los alcanza. Es algo que los padres y otros cuidadores pueden hacer, de forma regular y continua. Esto proporciona informaci\u00f3n importante sobre la salud del desarrollo del ni\u00f1o. Las listas de verificaci\u00f3n de los indicadores del desarrollo de los CDC hacen que sea f\u00e1cil.<\/p>\n<h3>\u00bfPor qu\u00e9 hacer un monitoreo de los indicadores del desarrollo?<\/h3>\n<p>Monitorear los indicadores del desarrollo usando una lista sencilla de verificaci\u00f3n de indicadores ayuda a los padres a saber qu\u00e9 habilidades son comunes a la edad de sus hijos y qu\u00e9 pueden esperar. Tambi\u00e9n les ayuda a saber cu\u00e1ndo actuar si tienen una preocupaci\u00f3n o si hay signos de un posible retraso o discapacidad en el desarrollo, para que ellos y sus hijos puedan obtener los servicios y recursos que necesitan lo antes posible.<\/p>\n<p>Los padres son los que mejor conocen a sus hijos. Si un ni\u00f1o no alcanza los indicadores de su edad, o si el personal de WIC o un padre piensan que podr\u00eda haber un problema con el desarrollo del ni\u00f1o, es importante que el ni\u00f1o sea referido a su proveedor de atenci\u00f3n m\u00e9dica o a otro programa para que se le realice un examen de desarrollo y un monitoreo. El personal de WIC puede ayudar a los padres a controlar el desarrollo de sus hijos y apoyarlos para que tomen medidas cuando haya alg\u00fan problema<\/p>\n<h3>\u00bfQu\u00e9 tan comunes son las discapacidades del desarrollo?<\/h3>\n<p>Las discapacidades del desarrollo entre los ni\u00f1os y los j\u00f3venes son bastante comunes y son un problema de salud p\u00fablica.<\/p>\n<ul>\n<li>Uno de cada seis ni\u00f1os de entre 3 y 17 a\u00f1os tiene discapacidades de desarrollo, es decir, condiciones que afectan a la forma en que los ni\u00f1os juegan, aprenden, hablan, act\u00faan o se mueven para su edad.<\/li>\n<li>Muchos de los ni\u00f1os que tienen una discapacidad del desarrollo no son identificados hasta que empiezan a ir a la escuela.<\/li>\n<li>Los ni\u00f1os de familias con bajos ingresos, como los que atiende el Programa WIC, corren un riesgo a\u00fan mayor.<\/li>\n<\/ul>\n<h3>\u00bfC\u00f3mo puede el programa de la lista de verificaci\u00f3n de indicadores de WIC promover el desarrollo infantil?<\/h3>\n<p>Se ha demostrado que la integraci\u00f3n del programa de la lista de verificaci\u00f3n de indicadores del WIC:<\/p>\n<ul>\n<li>Aumenta el conocimiento de los padres sobre el desarrollo infantil temprano<\/li>\n<li>Aumenta la detecci\u00f3n de los ni\u00f1os con retrasos y discapacidades del desarrollo para que los ni\u00f1os y las familias puedan obtener los servicios y apoyos que necesitan<\/li>\n<li>Mejora los esfuerzos de colaboraci\u00f3n entre WIC y los proveedores de servicios de la comunidad para mejorar la detecci\u00f3n y las referencias a los servicios de intervenci\u00f3n temprana.<\/li>\n<\/ul>\n<h4>Pruebe la aplicaci\u00f3n de los indicadores del CDC. <a href=\"https:\/\/www.cdc.gov\/ncbddd\/actearly\/milestones-app.html\" target=\"_blank\" rel=\"noopener\">Obtenga m\u00e1s informaci\u00f3n aqu\u00ed<\/a><\/h4>\n","protected":false},"excerpt":{"rendered":"<p>\u00bfQu\u00e9 es el Monitoreo del Desarrollo? El personal de WIC est\u00e1 capacitado para hacer participar, educar y empoderar&hellip;<\/p>\n","protected":false},"author":7,"featured_media":25102,"parent":28061,"menu_order":2,"comment_status":"closed","ping_status":"closed","template":"","meta":{"_acf_changed":false,"protect_children":false,"footnotes":""},"class_list":["post-28062","page","type-page","status-publish","has-post-thumbnail","hentry"],"acf":[],"yoast_head":"<!-- This site is optimized with the Yoast SEO plugin v27.2 - https:\/\/yoast.com\/product\/yoast-seo-wordpress\/ -->\n<title>\u00bfQu\u00e9 es el Monitoreo del Desarrollo? - Nevada WIC<\/title>\n<meta name=\"description\" content=\"\u00bfQu\u00e9 es el Monitoreo del Desarrollo? El personal de WIC est\u00e1 capacitado para hacer participar, educar y empoderar a las familias para que hagan un\" \/>\n<meta name=\"robots\" content=\"index, follow, max-snippet:-1, max-image-preview:large, max-video-preview:-1\" \/>\n<link rel=\"canonical\" href=\"https:\/\/nevadawic.org\/es\/acerca-de-wic\/otros-servicios\/programa-de-la-lista-de-verificacion-de-indicadores-del-desarrollo-del-wic\/que-es-el-monitoreo-del-desarrollo\/\" \/>\n<meta property=\"og:locale\" content=\"es_ES\" \/>\n<meta property=\"og:type\" content=\"article\" \/>\n<meta property=\"og:title\" content=\"\u00bfQu\u00e9 es el Monitoreo del Desarrollo? - Nevada WIC\" \/>\n<meta property=\"og:description\" content=\"\u00bfQu\u00e9 es el Monitoreo del Desarrollo? El personal de WIC est\u00e1 capacitado para hacer participar, educar y empoderar a las familias para que hagan un\" \/>\n<meta property=\"og:url\" content=\"https:\/\/nevadawic.org\/es\/acerca-de-wic\/otros-servicios\/programa-de-la-lista-de-verificacion-de-indicadores-del-desarrollo-del-wic\/que-es-el-monitoreo-del-desarrollo\/\" \/>\n<meta property=\"og:site_name\" content=\"Nevada WIC\" \/>\n<meta property=\"article:modified_time\" content=\"2024-04-08T19:56:48+00:00\" \/>\n<meta property=\"og:image\" content=\"https:\/\/nevadawic.org\/wp-content\/uploads\/2020\/08\/DMCP-Poster-Clip.jpg\" \/>\n\t<meta property=\"og:image:width\" content=\"1095\" \/>\n\t<meta property=\"og:image:height\" content=\"269\" \/>\n\t<meta property=\"og:image:type\" content=\"image\/jpeg\" \/>\n<meta name=\"twitter:card\" content=\"summary_large_image\" \/>\n<meta name=\"twitter:label1\" content=\"Tiempo de lectura\" \/>\n\t<meta name=\"twitter:data1\" content=\"4 minutos\" \/>\n<script type=\"application\/ld+json\" class=\"yoast-schema-graph\">{\"@context\":\"https:\/\/schema.org\",\"@graph\":[{\"@type\":\"WebPage\",\"@id\":\"https:\/\/nevadawic.org\/es\/acerca-de-wic\/otros-servicios\/programa-de-la-lista-de-verificacion-de-indicadores-del-desarrollo-del-wic\/que-es-el-monitoreo-del-desarrollo\/\",\"url\":\"https:\/\/nevadawic.org\/es\/acerca-de-wic\/otros-servicios\/programa-de-la-lista-de-verificacion-de-indicadores-del-desarrollo-del-wic\/que-es-el-monitoreo-del-desarrollo\/\",\"name\":\"\u00bfQu\u00e9 es el Monitoreo del Desarrollo? - Nevada WIC\",\"isPartOf\":{\"@id\":\"https:\/\/nevadawic.org\/es\/#website\"},\"primaryImageOfPage\":{\"@id\":\"https:\/\/nevadawic.org\/es\/acerca-de-wic\/otros-servicios\/programa-de-la-lista-de-verificacion-de-indicadores-del-desarrollo-del-wic\/que-es-el-monitoreo-del-desarrollo\/#primaryimage\"},\"image\":{\"@id\":\"https:\/\/nevadawic.org\/es\/acerca-de-wic\/otros-servicios\/programa-de-la-lista-de-verificacion-de-indicadores-del-desarrollo-del-wic\/que-es-el-monitoreo-del-desarrollo\/#primaryimage\"},\"thumbnailUrl\":\"https:\/\/nevadawic.org\/wp-content\/uploads\/2020\/08\/DMCP-Poster-Clip.jpg\",\"datePublished\":\"2020-05-07T17:57:03+00:00\",\"dateModified\":\"2024-04-08T19:56:48+00:00\",\"description\":\"\u00bfQu\u00e9 es el Monitoreo del Desarrollo? El personal de WIC est\u00e1 capacitado para hacer participar, educar y empoderar a las familias para que hagan un\",\"breadcrumb\":{\"@id\":\"https:\/\/nevadawic.org\/es\/acerca-de-wic\/otros-servicios\/programa-de-la-lista-de-verificacion-de-indicadores-del-desarrollo-del-wic\/que-es-el-monitoreo-del-desarrollo\/#breadcrumb\"},\"inLanguage\":\"es\",\"potentialAction\":[{\"@type\":\"ReadAction\",\"target\":[\"https:\/\/nevadawic.org\/es\/acerca-de-wic\/otros-servicios\/programa-de-la-lista-de-verificacion-de-indicadores-del-desarrollo-del-wic\/que-es-el-monitoreo-del-desarrollo\/\"]}]},{\"@type\":\"ImageObject\",\"inLanguage\":\"es\",\"@id\":\"https:\/\/nevadawic.org\/es\/acerca-de-wic\/otros-servicios\/programa-de-la-lista-de-verificacion-de-indicadores-del-desarrollo-del-wic\/que-es-el-monitoreo-del-desarrollo\/#primaryimage\",\"url\":\"https:\/\/nevadawic.org\/wp-content\/uploads\/2020\/08\/DMCP-Poster-Clip.jpg\",\"contentUrl\":\"https:\/\/nevadawic.org\/wp-content\/uploads\/2020\/08\/DMCP-Poster-Clip.jpg\",\"width\":1095,\"height\":269},{\"@type\":\"BreadcrumbList\",\"@id\":\"https:\/\/nevadawic.org\/es\/acerca-de-wic\/otros-servicios\/programa-de-la-lista-de-verificacion-de-indicadores-del-desarrollo-del-wic\/que-es-el-monitoreo-del-desarrollo\/#breadcrumb\",\"itemListElement\":[{\"@type\":\"ListItem\",\"position\":1,\"name\":\"Inicio\",\"item\":\"https:\/\/nevadawic.org\/es\/\"},{\"@type\":\"ListItem\",\"position\":2,\"name\":\"Acerca de WIC\",\"item\":\"https:\/\/nevadawic.org\/es\/acerca-de-wic\/\"},{\"@type\":\"ListItem\",\"position\":3,\"name\":\"Otros servicios\",\"item\":\"https:\/\/nevadawic.org\/es\/about\/other-services\/\"},{\"@type\":\"ListItem\",\"position\":4,\"name\":\"Programa de Indicadores del Desarrollo de WIC\",\"item\":\"https:\/\/nevadawic.org\/es\/about\/other-services\/wic-developmental-milestone-checklist-program\/\"},{\"@type\":\"ListItem\",\"position\":5,\"name\":\"\u00bfQu\u00e9 es el Monitoreo del Desarrollo?\"}]},{\"@type\":\"WebSite\",\"@id\":\"https:\/\/nevadawic.org\/es\/#website\",\"url\":\"https:\/\/nevadawic.org\/es\/\",\"name\":\"Nevada WIC\",\"description\":\"\",\"publisher\":{\"@id\":\"https:\/\/nevadawic.org\/es\/#organization\"},\"potentialAction\":[{\"@type\":\"SearchAction\",\"target\":{\"@type\":\"EntryPoint\",\"urlTemplate\":\"https:\/\/nevadawic.org\/es\/?s={search_term_string}\"},\"query-input\":{\"@type\":\"PropertyValueSpecification\",\"valueRequired\":true,\"valueName\":\"search_term_string\"}}],\"inLanguage\":\"es\"},{\"@type\":\"Organization\",\"@id\":\"https:\/\/nevadawic.org\/es\/#organization\",\"name\":\"WIC de Nevada:\",\"url\":\"https:\/\/nevadawic.org\/es\/\",\"logo\":{\"@type\":\"ImageObject\",\"inLanguage\":\"es\",\"@id\":\"https:\/\/nevadawic.org\/es\/#\/schema\/logo\/image\/\",\"url\":\"https:\/\/nevadawic.org\/wp-content\/uploads\/2020\/07\/NV-Logo_Purple.jpg\",\"contentUrl\":\"https:\/\/nevadawic.org\/wp-content\/uploads\/2020\/07\/NV-Logo_Purple.jpg\",\"width\":970,\"height\":507,\"caption\":\"WIC de Nevada:\"},\"image\":{\"@id\":\"https:\/\/nevadawic.org\/es\/#\/schema\/logo\/image\/\"}}]}<\/script>\n<!-- \/ Yoast SEO plugin. -->","yoast_head_json":{"title":"\u00bfQu\u00e9 es el Monitoreo del Desarrollo? - Nevada WIC","description":"\u00bfQu\u00e9 es el Monitoreo del Desarrollo? El personal de WIC est\u00e1 capacitado para hacer participar, educar y empoderar a las familias para que hagan un","robots":{"index":"index","follow":"follow","max-snippet":"max-snippet:-1","max-image-preview":"max-image-preview:large","max-video-preview":"max-video-preview:-1"},"canonical":"https:\/\/nevadawic.org\/es\/acerca-de-wic\/otros-servicios\/programa-de-la-lista-de-verificacion-de-indicadores-del-desarrollo-del-wic\/que-es-el-monitoreo-del-desarrollo\/","og_locale":"es_ES","og_type":"article","og_title":"\u00bfQu\u00e9 es el Monitoreo del Desarrollo? - Nevada WIC","og_description":"\u00bfQu\u00e9 es el Monitoreo del Desarrollo? El personal de WIC est\u00e1 capacitado para hacer participar, educar y empoderar a las familias para que hagan un","og_url":"https:\/\/nevadawic.org\/es\/acerca-de-wic\/otros-servicios\/programa-de-la-lista-de-verificacion-de-indicadores-del-desarrollo-del-wic\/que-es-el-monitoreo-del-desarrollo\/","og_site_name":"Nevada WIC","article_modified_time":"2024-04-08T19:56:48+00:00","og_image":[{"width":1095,"height":269,"url":"https:\/\/nevadawic.org\/wp-content\/uploads\/2020\/08\/DMCP-Poster-Clip.jpg","type":"image\/jpeg"}],"twitter_card":"summary_large_image","twitter_misc":{"Tiempo de lectura":"4 minutos"},"schema":{"@context":"https:\/\/schema.org","@graph":[{"@type":"WebPage","@id":"https:\/\/nevadawic.org\/es\/acerca-de-wic\/otros-servicios\/programa-de-la-lista-de-verificacion-de-indicadores-del-desarrollo-del-wic\/que-es-el-monitoreo-del-desarrollo\/","url":"https:\/\/nevadawic.org\/es\/acerca-de-wic\/otros-servicios\/programa-de-la-lista-de-verificacion-de-indicadores-del-desarrollo-del-wic\/que-es-el-monitoreo-del-desarrollo\/","name":"\u00bfQu\u00e9 es el Monitoreo del Desarrollo? - Nevada WIC","isPartOf":{"@id":"https:\/\/nevadawic.org\/es\/#website"},"primaryImageOfPage":{"@id":"https:\/\/nevadawic.org\/es\/acerca-de-wic\/otros-servicios\/programa-de-la-lista-de-verificacion-de-indicadores-del-desarrollo-del-wic\/que-es-el-monitoreo-del-desarrollo\/#primaryimage"},"image":{"@id":"https:\/\/nevadawic.org\/es\/acerca-de-wic\/otros-servicios\/programa-de-la-lista-de-verificacion-de-indicadores-del-desarrollo-del-wic\/que-es-el-monitoreo-del-desarrollo\/#primaryimage"},"thumbnailUrl":"https:\/\/nevadawic.org\/wp-content\/uploads\/2020\/08\/DMCP-Poster-Clip.jpg","datePublished":"2020-05-07T17:57:03+00:00","dateModified":"2024-04-08T19:56:48+00:00","description":"\u00bfQu\u00e9 es el Monitoreo del Desarrollo? El personal de WIC est\u00e1 capacitado para hacer participar, educar y empoderar a las familias para que hagan un","breadcrumb":{"@id":"https:\/\/nevadawic.org\/es\/acerca-de-wic\/otros-servicios\/programa-de-la-lista-de-verificacion-de-indicadores-del-desarrollo-del-wic\/que-es-el-monitoreo-del-desarrollo\/#breadcrumb"},"inLanguage":"es","potentialAction":[{"@type":"ReadAction","target":["https:\/\/nevadawic.org\/es\/acerca-de-wic\/otros-servicios\/programa-de-la-lista-de-verificacion-de-indicadores-del-desarrollo-del-wic\/que-es-el-monitoreo-del-desarrollo\/"]}]},{"@type":"ImageObject","inLanguage":"es","@id":"https:\/\/nevadawic.org\/es\/acerca-de-wic\/otros-servicios\/programa-de-la-lista-de-verificacion-de-indicadores-del-desarrollo-del-wic\/que-es-el-monitoreo-del-desarrollo\/#primaryimage","url":"https:\/\/nevadawic.org\/wp-content\/uploads\/2020\/08\/DMCP-Poster-Clip.jpg","contentUrl":"https:\/\/nevadawic.org\/wp-content\/uploads\/2020\/08\/DMCP-Poster-Clip.jpg","width":1095,"height":269},{"@type":"BreadcrumbList","@id":"https:\/\/nevadawic.org\/es\/acerca-de-wic\/otros-servicios\/programa-de-la-lista-de-verificacion-de-indicadores-del-desarrollo-del-wic\/que-es-el-monitoreo-del-desarrollo\/#breadcrumb","itemListElement":[{"@type":"ListItem","position":1,"name":"Inicio","item":"https:\/\/nevadawic.org\/es\/"},{"@type":"ListItem","position":2,"name":"Acerca de WIC","item":"https:\/\/nevadawic.org\/es\/acerca-de-wic\/"},{"@type":"ListItem","position":3,"name":"Otros servicios","item":"https:\/\/nevadawic.org\/es\/about\/other-services\/"},{"@type":"ListItem","position":4,"name":"Programa de Indicadores del Desarrollo de WIC","item":"https:\/\/nevadawic.org\/es\/about\/other-services\/wic-developmental-milestone-checklist-program\/"},{"@type":"ListItem","position":5,"name":"\u00bfQu\u00e9 es el Monitoreo del Desarrollo?"}]},{"@type":"WebSite","@id":"https:\/\/nevadawic.org\/es\/#website","url":"https:\/\/nevadawic.org\/es\/","name":"Nevada WIC","description":"","publisher":{"@id":"https:\/\/nevadawic.org\/es\/#organization"},"potentialAction":[{"@type":"SearchAction","target":{"@type":"EntryPoint","urlTemplate":"https:\/\/nevadawic.org\/es\/?s={search_term_string}"},"query-input":{"@type":"PropertyValueSpecification","valueRequired":true,"valueName":"search_term_string"}}],"inLanguage":"es"},{"@type":"Organization","@id":"https:\/\/nevadawic.org\/es\/#organization","name":"WIC de Nevada:","url":"https:\/\/nevadawic.org\/es\/","logo":{"@type":"ImageObject","inLanguage":"es","@id":"https:\/\/nevadawic.org\/es\/#\/schema\/logo\/image\/","url":"https:\/\/nevadawic.org\/wp-content\/uploads\/2020\/07\/NV-Logo_Purple.jpg","contentUrl":"https:\/\/nevadawic.org\/wp-content\/uploads\/2020\/07\/NV-Logo_Purple.jpg","width":970,"height":507,"caption":"WIC de Nevada:"},"image":{"@id":"https:\/\/nevadawic.org\/es\/#\/schema\/logo\/image\/"}}]}},"_links":{"self":[{"href":"https:\/\/nevadawic.org\/es\/wp-json\/wp\/v2\/pages\/28062","targetHints":{"allow":["GET"]}}],"collection":[{"href":"https:\/\/nevadawic.org\/es\/wp-json\/wp\/v2\/pages"}],"about":[{"href":"https:\/\/nevadawic.org\/es\/wp-json\/wp\/v2\/types\/page"}],"author":[{"embeddable":true,"href":"https:\/\/nevadawic.org\/es\/wp-json\/wp\/v2\/users\/7"}],"replies":[{"embeddable":true,"href":"https:\/\/nevadawic.org\/es\/wp-json\/wp\/v2\/comments?post=28062"}],"version-history":[{"count":17,"href":"https:\/\/nevadawic.org\/es\/wp-json\/wp\/v2\/pages\/28062\/revisions"}],"predecessor-version":[{"id":35177,"href":"https:\/\/nevadawic.org\/es\/wp-json\/wp\/v2\/pages\/28062\/revisions\/35177"}],"up":[{"embeddable":true,"href":"https:\/\/nevadawic.org\/es\/wp-json\/wp\/v2\/pages\/28061"}],"wp:featuredmedia":[{"embeddable":true,"href":"https:\/\/nevadawic.org\/es\/wp-json\/wp\/v2\/media\/25102"}],"wp:attachment":[{"href":"https:\/\/nevadawic.org\/es\/wp-json\/wp\/v2\/media?parent=28062"}],"curies":[{"name":"wp","href":"https:\/\/api.w.org\/{rel}","templated":true}]}}