{"id":28064,"date":"2020-05-07T13:35:50","date_gmt":"2020-05-07T20:35:50","guid":{"rendered":"https:\/\/nevadawic.org\/elegibilidad\/pautas-de-ingresos-para-la-elegibilidad\/"},"modified":"2026-03-03T10:26:23","modified_gmt":"2026-03-03T18:26:23","slug":"guia-de-ingresos-para-la-elegibilidad","status":"publish","type":"page","link":"https:\/\/nevadawic.org\/es\/elegibilidad\/guia-de-ingresos-para-la-elegibilidad\/","title":{"rendered":"Gu\u00eda de ingresos para verificar la elegibilidad"},"content":{"rendered":"<p>Para calificar para beneficios de WIC, el ingreso total combinado de su hogar, antes de impuestos, no puede exceder la siguiente gu\u00eda de ingreso.<\/p>\n<p>WIC toma en cuenta a un beb\u00e9 que no ha nacido como miembro del hogar, as\u00ed que agregue uno al hogar si est\u00e1 embarazada.<\/p>\n<p>NOTA: Los solicitantes que participan en Medicaid, en el Programa de Asistencia Nutricional Complementaria (SNAP) o en la Asistencia Temporal para Familias Necesitadas (TANF) cumplen autom\u00e1ticamente con los requisitos de ingresos al traer una prueba de su participaci\u00f3n actual en uno de estos programas. No se necesitan otros documentos de ingresos.<\/p>\n<h2>GU\u00cdA DE INGRESOS PARA VERIFICAR LA ELEGIBILIDAD<\/h2>\n<h3>1 DE JULIO DE 2025 &#8211; 30 DE JUNIO DE 2026<\/h3>\n<p>&nbsp;<\/p>\n<p><img fetchpriority=\"high\" decoding=\"async\" class=\"alignnone  wp-image-42115\" src=\"https:\/\/nevadawic.org\/wp-content\/uploads\/2026\/03\/FFY26-Income-Table_Spanish.jpg\" alt=\"\" width=\"642\" height=\"724\" srcset=\"https:\/\/nevadawic.org\/wp-content\/uploads\/2026\/03\/FFY26-Income-Table_Spanish.jpg 617w, https:\/\/nevadawic.org\/wp-content\/uploads\/2026\/03\/FFY26-Income-Table_Spanish-266x300.jpg 266w, https:\/\/nevadawic.org\/wp-content\/uploads\/2026\/03\/FFY26-Income-Table_Spanish-222x250.jpg 222w, https:\/\/nevadawic.org\/wp-content\/uploads\/2026\/03\/FFY26-Income-Table_Spanish-443x500.jpg 443w\" sizes=\"(max-width: 642px) 100vw, 642px\" \/><\/p>\n<p>&nbsp;<\/p>\n<h4><a href=\"https:\/\/nevadawic.org\/es\/elegibilidad\/\">M\u00e1s informaci\u00f3n \u21d2<\/a><\/h4>\n","protected":false},"excerpt":{"rendered":"<p>Para calificar para beneficios de WIC, el ingreso total combinado de su hogar, antes de impuestos, no puede&hellip;<\/p>\n","protected":false},"author":7,"featured_media":24596,"parent":27732,"menu_order":0,"comment_status":"closed","ping_status":"closed","template":"","meta":{"_acf_changed":false,"protect_children":false,"footnotes":""},"class_list":["post-28064","page","type-page","status-publish","has-post-thumbnail","hentry"],"acf":[],"yoast_head":"<!-- This site is optimized with the Yoast SEO plugin v27.2 - https:\/\/yoast.com\/product\/yoast-seo-wordpress\/ -->\n<title>Gu\u00eda de ingresos para verificar la elegibilidad - Nevada WIC<\/title>\n<meta name=\"description\" content=\"Para calificar para beneficios de WIC, el ingreso total combinado de su hogar, antes de impuestos, no puede exceder la siguiente gu\u00eda de ingreso. WIC toma\" \/>\n<meta name=\"robots\" content=\"index, follow, max-snippet:-1, max-image-preview:large, max-video-preview:-1\" \/>\n<link rel=\"canonical\" href=\"https:\/\/nevadawic.org\/es\/elegibilidad\/guia-de-ingresos-para-la-elegibilidad\/\" \/>\n<meta property=\"og:locale\" content=\"es_ES\" \/>\n<meta property=\"og:type\" content=\"article\" \/>\n<meta property=\"og:title\" content=\"Gu\u00eda de ingresos para verificar la elegibilidad - Nevada WIC\" \/>\n<meta property=\"og:description\" content=\"Para calificar para beneficios de WIC, el ingreso total combinado de su hogar, antes de impuestos, no puede exceder la siguiente gu\u00eda de ingreso. WIC toma\" \/>\n<meta property=\"og:url\" content=\"https:\/\/nevadawic.org\/es\/elegibilidad\/guia-de-ingresos-para-la-elegibilidad\/\" \/>\n<meta property=\"og:site_name\" content=\"Nevada WIC\" \/>\n<meta property=\"article:modified_time\" content=\"2026-03-03T18:26:23+00:00\" \/>\n<meta property=\"og:image\" content=\"https:\/\/nevadawic.org\/wp-content\/uploads\/2020\/05\/WIC-Office.jpg\" \/>\n\t<meta property=\"og:image:width\" content=\"1167\" \/>\n\t<meta property=\"og:image:height\" content=\"359\" \/>\n\t<meta property=\"og:image:type\" content=\"image\/jpeg\" \/>\n<meta name=\"twitter:card\" content=\"summary_large_image\" \/>\n<meta name=\"twitter:label1\" content=\"Tiempo de lectura\" \/>\n\t<meta name=\"twitter:data1\" content=\"1 minuto\" \/>\n<script type=\"application\/ld+json\" class=\"yoast-schema-graph\">{\"@context\":\"https:\/\/schema.org\",\"@graph\":[{\"@type\":\"WebPage\",\"@id\":\"https:\/\/nevadawic.org\/es\/elegibilidad\/guia-de-ingresos-para-la-elegibilidad\/\",\"url\":\"https:\/\/nevadawic.org\/es\/elegibilidad\/guia-de-ingresos-para-la-elegibilidad\/\",\"name\":\"Gu\u00eda de ingresos para verificar la elegibilidad - Nevada WIC\",\"isPartOf\":{\"@id\":\"https:\/\/nevadawic.org\/es\/#website\"},\"primaryImageOfPage\":{\"@id\":\"https:\/\/nevadawic.org\/es\/elegibilidad\/guia-de-ingresos-para-la-elegibilidad\/#primaryimage\"},\"image\":{\"@id\":\"https:\/\/nevadawic.org\/es\/elegibilidad\/guia-de-ingresos-para-la-elegibilidad\/#primaryimage\"},\"thumbnailUrl\":\"https:\/\/nevadawic.org\/wp-content\/uploads\/2020\/05\/WIC-Office.jpg\",\"datePublished\":\"2020-05-07T20:35:50+00:00\",\"dateModified\":\"2026-03-03T18:26:23+00:00\",\"description\":\"Para calificar para beneficios de WIC, el ingreso total combinado de su hogar, antes de impuestos, no puede exceder la siguiente gu\u00eda de ingreso. WIC toma\",\"breadcrumb\":{\"@id\":\"https:\/\/nevadawic.org\/es\/elegibilidad\/guia-de-ingresos-para-la-elegibilidad\/#breadcrumb\"},\"inLanguage\":\"es\",\"potentialAction\":[{\"@type\":\"ReadAction\",\"target\":[\"https:\/\/nevadawic.org\/es\/elegibilidad\/guia-de-ingresos-para-la-elegibilidad\/\"]}]},{\"@type\":\"ImageObject\",\"inLanguage\":\"es\",\"@id\":\"https:\/\/nevadawic.org\/es\/elegibilidad\/guia-de-ingresos-para-la-elegibilidad\/#primaryimage\",\"url\":\"https:\/\/nevadawic.org\/wp-content\/uploads\/2020\/05\/WIC-Office.jpg\",\"contentUrl\":\"https:\/\/nevadawic.org\/wp-content\/uploads\/2020\/05\/WIC-Office.jpg\",\"width\":1167,\"height\":359},{\"@type\":\"BreadcrumbList\",\"@id\":\"https:\/\/nevadawic.org\/es\/elegibilidad\/guia-de-ingresos-para-la-elegibilidad\/#breadcrumb\",\"itemListElement\":[{\"@type\":\"ListItem\",\"position\":1,\"name\":\"Inicio\",\"item\":\"https:\/\/nevadawic.org\/es\/\"},{\"@type\":\"ListItem\",\"position\":2,\"name\":\"Elegibilidad\",\"item\":\"https:\/\/nevadawic.org\/es\/elegibilidad\/\"},{\"@type\":\"ListItem\",\"position\":3,\"name\":\"Gu\u00eda de ingresos para verificar la elegibilidad\"}]},{\"@type\":\"WebSite\",\"@id\":\"https:\/\/nevadawic.org\/es\/#website\",\"url\":\"https:\/\/nevadawic.org\/es\/\",\"name\":\"Nevada WIC\",\"description\":\"\",\"publisher\":{\"@id\":\"https:\/\/nevadawic.org\/es\/#organization\"},\"potentialAction\":[{\"@type\":\"SearchAction\",\"target\":{\"@type\":\"EntryPoint\",\"urlTemplate\":\"https:\/\/nevadawic.org\/es\/?s={search_term_string}\"},\"query-input\":{\"@type\":\"PropertyValueSpecification\",\"valueRequired\":true,\"valueName\":\"search_term_string\"}}],\"inLanguage\":\"es\"},{\"@type\":\"Organization\",\"@id\":\"https:\/\/nevadawic.org\/es\/#organization\",\"name\":\"WIC de Nevada:\",\"url\":\"https:\/\/nevadawic.org\/es\/\",\"logo\":{\"@type\":\"ImageObject\",\"inLanguage\":\"es\",\"@id\":\"https:\/\/nevadawic.org\/es\/#\/schema\/logo\/image\/\",\"url\":\"https:\/\/nevadawic.org\/wp-content\/uploads\/2020\/07\/NV-Logo_Purple.jpg\",\"contentUrl\":\"https:\/\/nevadawic.org\/wp-content\/uploads\/2020\/07\/NV-Logo_Purple.jpg\",\"width\":970,\"height\":507,\"caption\":\"WIC de Nevada:\"},\"image\":{\"@id\":\"https:\/\/nevadawic.org\/es\/#\/schema\/logo\/image\/\"}}]}<\/script>\n<!-- \/ Yoast SEO plugin. -->","yoast_head_json":{"title":"Gu\u00eda de ingresos para verificar la elegibilidad - Nevada WIC","description":"Para calificar para beneficios de WIC, el ingreso total combinado de su hogar, antes de impuestos, no puede exceder la siguiente gu\u00eda de ingreso. WIC toma","robots":{"index":"index","follow":"follow","max-snippet":"max-snippet:-1","max-image-preview":"max-image-preview:large","max-video-preview":"max-video-preview:-1"},"canonical":"https:\/\/nevadawic.org\/es\/elegibilidad\/guia-de-ingresos-para-la-elegibilidad\/","og_locale":"es_ES","og_type":"article","og_title":"Gu\u00eda de ingresos para verificar la elegibilidad - Nevada WIC","og_description":"Para calificar para beneficios de WIC, el ingreso total combinado de su hogar, antes de impuestos, no puede exceder la siguiente gu\u00eda de ingreso. WIC toma","og_url":"https:\/\/nevadawic.org\/es\/elegibilidad\/guia-de-ingresos-para-la-elegibilidad\/","og_site_name":"Nevada WIC","article_modified_time":"2026-03-03T18:26:23+00:00","og_image":[{"width":1167,"height":359,"url":"https:\/\/nevadawic.org\/wp-content\/uploads\/2020\/05\/WIC-Office.jpg","type":"image\/jpeg"}],"twitter_card":"summary_large_image","twitter_misc":{"Tiempo de lectura":"1 minuto"},"schema":{"@context":"https:\/\/schema.org","@graph":[{"@type":"WebPage","@id":"https:\/\/nevadawic.org\/es\/elegibilidad\/guia-de-ingresos-para-la-elegibilidad\/","url":"https:\/\/nevadawic.org\/es\/elegibilidad\/guia-de-ingresos-para-la-elegibilidad\/","name":"Gu\u00eda de ingresos para verificar la elegibilidad - Nevada WIC","isPartOf":{"@id":"https:\/\/nevadawic.org\/es\/#website"},"primaryImageOfPage":{"@id":"https:\/\/nevadawic.org\/es\/elegibilidad\/guia-de-ingresos-para-la-elegibilidad\/#primaryimage"},"image":{"@id":"https:\/\/nevadawic.org\/es\/elegibilidad\/guia-de-ingresos-para-la-elegibilidad\/#primaryimage"},"thumbnailUrl":"https:\/\/nevadawic.org\/wp-content\/uploads\/2020\/05\/WIC-Office.jpg","datePublished":"2020-05-07T20:35:50+00:00","dateModified":"2026-03-03T18:26:23+00:00","description":"Para calificar para beneficios de WIC, el ingreso total combinado de su hogar, antes de impuestos, no puede exceder la siguiente gu\u00eda de ingreso. WIC toma","breadcrumb":{"@id":"https:\/\/nevadawic.org\/es\/elegibilidad\/guia-de-ingresos-para-la-elegibilidad\/#breadcrumb"},"inLanguage":"es","potentialAction":[{"@type":"ReadAction","target":["https:\/\/nevadawic.org\/es\/elegibilidad\/guia-de-ingresos-para-la-elegibilidad\/"]}]},{"@type":"ImageObject","inLanguage":"es","@id":"https:\/\/nevadawic.org\/es\/elegibilidad\/guia-de-ingresos-para-la-elegibilidad\/#primaryimage","url":"https:\/\/nevadawic.org\/wp-content\/uploads\/2020\/05\/WIC-Office.jpg","contentUrl":"https:\/\/nevadawic.org\/wp-content\/uploads\/2020\/05\/WIC-Office.jpg","width":1167,"height":359},{"@type":"BreadcrumbList","@id":"https:\/\/nevadawic.org\/es\/elegibilidad\/guia-de-ingresos-para-la-elegibilidad\/#breadcrumb","itemListElement":[{"@type":"ListItem","position":1,"name":"Inicio","item":"https:\/\/nevadawic.org\/es\/"},{"@type":"ListItem","position":2,"name":"Elegibilidad","item":"https:\/\/nevadawic.org\/es\/elegibilidad\/"},{"@type":"ListItem","position":3,"name":"Gu\u00eda de ingresos para verificar la elegibilidad"}]},{"@type":"WebSite","@id":"https:\/\/nevadawic.org\/es\/#website","url":"https:\/\/nevadawic.org\/es\/","name":"Nevada WIC","description":"","publisher":{"@id":"https:\/\/nevadawic.org\/es\/#organization"},"potentialAction":[{"@type":"SearchAction","target":{"@type":"EntryPoint","urlTemplate":"https:\/\/nevadawic.org\/es\/?s={search_term_string}"},"query-input":{"@type":"PropertyValueSpecification","valueRequired":true,"valueName":"search_term_string"}}],"inLanguage":"es"},{"@type":"Organization","@id":"https:\/\/nevadawic.org\/es\/#organization","name":"WIC de Nevada:","url":"https:\/\/nevadawic.org\/es\/","logo":{"@type":"ImageObject","inLanguage":"es","@id":"https:\/\/nevadawic.org\/es\/#\/schema\/logo\/image\/","url":"https:\/\/nevadawic.org\/wp-content\/uploads\/2020\/07\/NV-Logo_Purple.jpg","contentUrl":"https:\/\/nevadawic.org\/wp-content\/uploads\/2020\/07\/NV-Logo_Purple.jpg","width":970,"height":507,"caption":"WIC de Nevada:"},"image":{"@id":"https:\/\/nevadawic.org\/es\/#\/schema\/logo\/image\/"}}]}},"_links":{"self":[{"href":"https:\/\/nevadawic.org\/es\/wp-json\/wp\/v2\/pages\/28064","targetHints":{"allow":["GET"]}}],"collection":[{"href":"https:\/\/nevadawic.org\/es\/wp-json\/wp\/v2\/pages"}],"about":[{"href":"https:\/\/nevadawic.org\/es\/wp-json\/wp\/v2\/types\/page"}],"author":[{"embeddable":true,"href":"https:\/\/nevadawic.org\/es\/wp-json\/wp\/v2\/users\/7"}],"replies":[{"embeddable":true,"href":"https:\/\/nevadawic.org\/es\/wp-json\/wp\/v2\/comments?post=28064"}],"version-history":[{"count":13,"href":"https:\/\/nevadawic.org\/es\/wp-json\/wp\/v2\/pages\/28064\/revisions"}],"predecessor-version":[{"id":42118,"href":"https:\/\/nevadawic.org\/es\/wp-json\/wp\/v2\/pages\/28064\/revisions\/42118"}],"up":[{"embeddable":true,"href":"https:\/\/nevadawic.org\/es\/wp-json\/wp\/v2\/pages\/27732"}],"wp:featuredmedia":[{"embeddable":true,"href":"https:\/\/nevadawic.org\/es\/wp-json\/wp\/v2\/media\/24596"}],"wp:attachment":[{"href":"https:\/\/nevadawic.org\/es\/wp-json\/wp\/v2\/media?parent=28064"}],"curies":[{"name":"wp","href":"https:\/\/api.w.org\/{rel}","templated":true}]}}