{"id":28065,"date":"2020-05-07T15:23:38","date_gmt":"2020-05-07T22:23:38","guid":{"rendered":"https:\/\/nevadawic.org\/elegibilidad\/que-llevar-a-su-cita-con-el-wic\/"},"modified":"2024-03-12T16:45:16","modified_gmt":"2024-03-12T23:45:16","slug":"que-llevar-a-su-cita-con-el-wic","status":"publish","type":"page","link":"https:\/\/nevadawic.org\/es\/elegibilidad\/que-llevar-a-su-cita-con-el-wic\/","title":{"rendered":"Qu\u00e9 llevar a su cita con WIC"},"content":{"rendered":"<h2>\u00bfQu\u00e9 es necesario presentar en su cita?<\/h2>\n<p><strong>En la cita, cada solicitante deber\u00e1 tener su<\/strong><\/p>\n<ol>\n<li>Identificaci\u00f3n<\/li>\n<li>Comprobante de residencia<\/li>\n<li>Comprobante de ingresos<\/li>\n<\/ol>\n<h3><strong><br \/>\nPrep\u00e1rese para traer lo siguiente para su cita de certificaci\u00f3n con WIC:<\/strong><\/h3>\n<h3>PRUEBA DE IDENTIFICACI\u00d3N<\/h3>\n<p>Debe ser un documento original vigente\/v\u00e1lido (no se aceptan fotocopias)<\/p>\n<p><strong>Beb\u00e9s\/ni\u00f1os<\/strong><\/p>\n<ul>\n<li>Registro de vacunas<\/li>\n<li>Registro de nacimiento del hospital<\/li>\n<li>Certificado de nacimiento<\/li>\n<li>Tarjeta de Medicaid<\/li>\n<\/ul>\n<p><strong>Mujeres o adultos<\/strong>\u00a0 (padres, tutores o representantes)<\/p>\n<ul>\n<li>Documento de identidad con fotograf\u00eda (tarjeta de identificaci\u00f3n, permiso de conducir, pasaporte)<\/li>\n<li>Identificaci\u00f3n del trabajo o la escuela<\/li>\n<li>Certificado de nacimiento<\/li>\n<li>Tarjeta de Medicaid<\/li>\n<\/ul>\n<h3><\/h3>\n<h3>COMPROBANTE DE RESIDENCIA<\/h3>\n<p><span class=\"title-description\">Un solo comprobante de residencia puede servir para certificar a toda la familia.\u00a0 El comprobante de residencia del padre\/tutor se aplica al beb\u00e9\/ni\u00f1o (el nombre no tiene que aparecer en el documento utilizado).<\/span><\/p>\n<ul>\n<li>Factura actual de servicios p\u00fablicos<\/li>\n<li>Documentos de alquiler o hipoteca<\/li>\n<li>Declaraci\u00f3n del propietario<\/li>\n<li>Licencia de conducir o identificaci\u00f3n del estado de Nevada con direcci\u00f3n actualizada<\/li>\n<li><strong>No se acepta una direcci\u00f3n de apartado postal como prueba de residencia<\/strong><\/li>\n<\/ul>\n<p>&nbsp;<\/p>\n<h3>COMPROBANTE DE INGRESOS<\/h3>\n<p>Traiga la documentaci\u00f3n de todos los ingresos que reciben los miembros del hogar o proporcione la documentaci\u00f3n de elegibilidad actual para Medicaid, SNAP, TANF, o FDPIR.<\/p>\n<ul>\n<li>Recibo de sueldo actual (salarios, comisiones u honorarios)<\/li>\n<li>Declaraci\u00f3n de Impuestos Federales<\/li>\n<li>Si no recibe ingresos, puede completar una declaraci\u00f3n jurada en la que se indique que no recibe ingresos.<\/li>\n<\/ul>\n<p>Los ingresos se definen como todos los ingresos brutos antes de las deducciones de los impuestos federales y del Seguro Social, las primas del seguro, pensi\u00f3n infantil, los pagos del autom\u00f3vil, etc. Normalmente, se considerar\u00e1n todos los ingresos de los 30 d\u00edas anteriores.<\/p>\n","protected":false},"excerpt":{"rendered":"<p>\u00bfQu\u00e9 es necesario presentar en su cita? En la cita, cada solicitante deber\u00e1 tener su Identificaci\u00f3n Comprobante de&hellip;<\/p>\n","protected":false},"author":7,"featured_media":24674,"parent":27732,"menu_order":0,"comment_status":"closed","ping_status":"closed","template":"","meta":{"_acf_changed":false,"protect_children":false,"footnotes":""},"class_list":["post-28065","page","type-page","status-publish","has-post-thumbnail","hentry"],"acf":[],"yoast_head":"<!-- This site is optimized with the Yoast SEO plugin v27.2 - https:\/\/yoast.com\/product\/yoast-seo-wordpress\/ -->\n<title>Citas con WIC de Nevada - \u00bfQu\u00e9 debe llevar a su cita?<\/title>\n<meta name=\"description\" content=\"Conozca lo que necesita llevar a su cita con WIC de Nevada aqu\u00ed. Se requieren formas espec\u00edficas de identificaci\u00f3n, prueba de residencia y prueba de ingresos.\" \/>\n<meta name=\"robots\" content=\"index, follow, max-snippet:-1, max-image-preview:large, max-video-preview:-1\" \/>\n<link rel=\"canonical\" href=\"https:\/\/nevadawic.org\/es\/elegibilidad\/que-llevar-a-su-cita-con-el-wic\/\" \/>\n<meta property=\"og:locale\" content=\"es_ES\" \/>\n<meta property=\"og:type\" content=\"article\" \/>\n<meta property=\"og:title\" content=\"Citas con WIC de Nevada - \u00bfQu\u00e9 debe llevar a su cita?\" \/>\n<meta property=\"og:description\" content=\"Conozca lo que necesita llevar a su cita con WIC de Nevada aqu\u00ed. Se requieren formas espec\u00edficas de identificaci\u00f3n, prueba de residencia y prueba de ingresos.\" \/>\n<meta property=\"og:url\" content=\"https:\/\/nevadawic.org\/es\/elegibilidad\/que-llevar-a-su-cita-con-el-wic\/\" \/>\n<meta property=\"og:site_name\" content=\"Nevada WIC\" \/>\n<meta property=\"article:modified_time\" content=\"2024-03-12T23:45:16+00:00\" \/>\n<meta property=\"og:image\" content=\"https:\/\/nevadawic.org\/wp-content\/uploads\/2020\/07\/nwic-og-image.jpg\" \/>\n<meta name=\"twitter:card\" content=\"summary_large_image\" \/>\n<meta name=\"twitter:label1\" content=\"Tiempo de lectura\" \/>\n\t<meta name=\"twitter:data1\" content=\"2 minutos\" \/>\n<script type=\"application\/ld+json\" class=\"yoast-schema-graph\">{\"@context\":\"https:\/\/schema.org\",\"@graph\":[{\"@type\":\"WebPage\",\"@id\":\"https:\/\/nevadawic.org\/es\/elegibilidad\/que-llevar-a-su-cita-con-el-wic\/\",\"url\":\"https:\/\/nevadawic.org\/es\/elegibilidad\/que-llevar-a-su-cita-con-el-wic\/\",\"name\":\"Citas con WIC de Nevada - \u00bfQu\u00e9 debe llevar a su cita?\",\"isPartOf\":{\"@id\":\"https:\/\/nevadawic.org\/es\/#website\"},\"primaryImageOfPage\":{\"@id\":\"https:\/\/nevadawic.org\/es\/elegibilidad\/que-llevar-a-su-cita-con-el-wic\/#primaryimage\"},\"image\":{\"@id\":\"https:\/\/nevadawic.org\/es\/elegibilidad\/que-llevar-a-su-cita-con-el-wic\/#primaryimage\"},\"thumbnailUrl\":\"https:\/\/nevadawic.org\/wp-content\/uploads\/2020\/05\/WIC-banner-smaller.jpg\",\"datePublished\":\"2020-05-07T22:23:38+00:00\",\"dateModified\":\"2024-03-12T23:45:16+00:00\",\"description\":\"Conozca lo que necesita llevar a su cita con WIC de Nevada aqu\u00ed. Se requieren formas espec\u00edficas de identificaci\u00f3n, prueba de residencia y prueba de ingresos.\",\"breadcrumb\":{\"@id\":\"https:\/\/nevadawic.org\/es\/elegibilidad\/que-llevar-a-su-cita-con-el-wic\/#breadcrumb\"},\"inLanguage\":\"es\",\"potentialAction\":[{\"@type\":\"ReadAction\",\"target\":[\"https:\/\/nevadawic.org\/es\/elegibilidad\/que-llevar-a-su-cita-con-el-wic\/\"]}]},{\"@type\":\"ImageObject\",\"inLanguage\":\"es\",\"@id\":\"https:\/\/nevadawic.org\/es\/elegibilidad\/que-llevar-a-su-cita-con-el-wic\/#primaryimage\",\"url\":\"https:\/\/nevadawic.org\/wp-content\/uploads\/2020\/05\/WIC-banner-smaller.jpg\",\"contentUrl\":\"https:\/\/nevadawic.org\/wp-content\/uploads\/2020\/05\/WIC-banner-smaller.jpg\",\"width\":1000,\"height\":458},{\"@type\":\"BreadcrumbList\",\"@id\":\"https:\/\/nevadawic.org\/es\/elegibilidad\/que-llevar-a-su-cita-con-el-wic\/#breadcrumb\",\"itemListElement\":[{\"@type\":\"ListItem\",\"position\":1,\"name\":\"Inicio\",\"item\":\"https:\/\/nevadawic.org\/es\/\"},{\"@type\":\"ListItem\",\"position\":2,\"name\":\"Elegibilidad\",\"item\":\"https:\/\/nevadawic.org\/es\/elegibilidad\/\"},{\"@type\":\"ListItem\",\"position\":3,\"name\":\"Qu\u00e9 llevar a su cita con WIC\"}]},{\"@type\":\"WebSite\",\"@id\":\"https:\/\/nevadawic.org\/es\/#website\",\"url\":\"https:\/\/nevadawic.org\/es\/\",\"name\":\"Nevada WIC\",\"description\":\"\",\"publisher\":{\"@id\":\"https:\/\/nevadawic.org\/es\/#organization\"},\"potentialAction\":[{\"@type\":\"SearchAction\",\"target\":{\"@type\":\"EntryPoint\",\"urlTemplate\":\"https:\/\/nevadawic.org\/es\/?s={search_term_string}\"},\"query-input\":{\"@type\":\"PropertyValueSpecification\",\"valueRequired\":true,\"valueName\":\"search_term_string\"}}],\"inLanguage\":\"es\"},{\"@type\":\"Organization\",\"@id\":\"https:\/\/nevadawic.org\/es\/#organization\",\"name\":\"WIC de Nevada:\",\"url\":\"https:\/\/nevadawic.org\/es\/\",\"logo\":{\"@type\":\"ImageObject\",\"inLanguage\":\"es\",\"@id\":\"https:\/\/nevadawic.org\/es\/#\/schema\/logo\/image\/\",\"url\":\"https:\/\/nevadawic.org\/wp-content\/uploads\/2020\/07\/NV-Logo_Purple.jpg\",\"contentUrl\":\"https:\/\/nevadawic.org\/wp-content\/uploads\/2020\/07\/NV-Logo_Purple.jpg\",\"width\":970,\"height\":507,\"caption\":\"WIC de Nevada:\"},\"image\":{\"@id\":\"https:\/\/nevadawic.org\/es\/#\/schema\/logo\/image\/\"}}]}<\/script>\n<!-- \/ Yoast SEO plugin. -->","yoast_head_json":{"title":"Citas con WIC de Nevada - \u00bfQu\u00e9 debe llevar a su cita?","description":"Conozca lo que necesita llevar a su cita con WIC de Nevada aqu\u00ed. Se requieren formas espec\u00edficas de identificaci\u00f3n, prueba de residencia y prueba de ingresos.","robots":{"index":"index","follow":"follow","max-snippet":"max-snippet:-1","max-image-preview":"max-image-preview:large","max-video-preview":"max-video-preview:-1"},"canonical":"https:\/\/nevadawic.org\/es\/elegibilidad\/que-llevar-a-su-cita-con-el-wic\/","og_locale":"es_ES","og_type":"article","og_title":"Citas con WIC de Nevada - \u00bfQu\u00e9 debe llevar a su cita?","og_description":"Conozca lo que necesita llevar a su cita con WIC de Nevada aqu\u00ed. Se requieren formas espec\u00edficas de identificaci\u00f3n, prueba de residencia y prueba de ingresos.","og_url":"https:\/\/nevadawic.org\/es\/elegibilidad\/que-llevar-a-su-cita-con-el-wic\/","og_site_name":"Nevada WIC","article_modified_time":"2024-03-12T23:45:16+00:00","og_image":[{"url":"https:\/\/nevadawic.org\/wp-content\/uploads\/2020\/07\/nwic-og-image.jpg","type":"","width":"","height":""}],"twitter_card":"summary_large_image","twitter_misc":{"Tiempo de lectura":"2 minutos"},"schema":{"@context":"https:\/\/schema.org","@graph":[{"@type":"WebPage","@id":"https:\/\/nevadawic.org\/es\/elegibilidad\/que-llevar-a-su-cita-con-el-wic\/","url":"https:\/\/nevadawic.org\/es\/elegibilidad\/que-llevar-a-su-cita-con-el-wic\/","name":"Citas con WIC de Nevada - \u00bfQu\u00e9 debe llevar a su cita?","isPartOf":{"@id":"https:\/\/nevadawic.org\/es\/#website"},"primaryImageOfPage":{"@id":"https:\/\/nevadawic.org\/es\/elegibilidad\/que-llevar-a-su-cita-con-el-wic\/#primaryimage"},"image":{"@id":"https:\/\/nevadawic.org\/es\/elegibilidad\/que-llevar-a-su-cita-con-el-wic\/#primaryimage"},"thumbnailUrl":"https:\/\/nevadawic.org\/wp-content\/uploads\/2020\/05\/WIC-banner-smaller.jpg","datePublished":"2020-05-07T22:23:38+00:00","dateModified":"2024-03-12T23:45:16+00:00","description":"Conozca lo que necesita llevar a su cita con WIC de Nevada aqu\u00ed. Se requieren formas espec\u00edficas de identificaci\u00f3n, prueba de residencia y prueba de ingresos.","breadcrumb":{"@id":"https:\/\/nevadawic.org\/es\/elegibilidad\/que-llevar-a-su-cita-con-el-wic\/#breadcrumb"},"inLanguage":"es","potentialAction":[{"@type":"ReadAction","target":["https:\/\/nevadawic.org\/es\/elegibilidad\/que-llevar-a-su-cita-con-el-wic\/"]}]},{"@type":"ImageObject","inLanguage":"es","@id":"https:\/\/nevadawic.org\/es\/elegibilidad\/que-llevar-a-su-cita-con-el-wic\/#primaryimage","url":"https:\/\/nevadawic.org\/wp-content\/uploads\/2020\/05\/WIC-banner-smaller.jpg","contentUrl":"https:\/\/nevadawic.org\/wp-content\/uploads\/2020\/05\/WIC-banner-smaller.jpg","width":1000,"height":458},{"@type":"BreadcrumbList","@id":"https:\/\/nevadawic.org\/es\/elegibilidad\/que-llevar-a-su-cita-con-el-wic\/#breadcrumb","itemListElement":[{"@type":"ListItem","position":1,"name":"Inicio","item":"https:\/\/nevadawic.org\/es\/"},{"@type":"ListItem","position":2,"name":"Elegibilidad","item":"https:\/\/nevadawic.org\/es\/elegibilidad\/"},{"@type":"ListItem","position":3,"name":"Qu\u00e9 llevar a su cita con WIC"}]},{"@type":"WebSite","@id":"https:\/\/nevadawic.org\/es\/#website","url":"https:\/\/nevadawic.org\/es\/","name":"Nevada WIC","description":"","publisher":{"@id":"https:\/\/nevadawic.org\/es\/#organization"},"potentialAction":[{"@type":"SearchAction","target":{"@type":"EntryPoint","urlTemplate":"https:\/\/nevadawic.org\/es\/?s={search_term_string}"},"query-input":{"@type":"PropertyValueSpecification","valueRequired":true,"valueName":"search_term_string"}}],"inLanguage":"es"},{"@type":"Organization","@id":"https:\/\/nevadawic.org\/es\/#organization","name":"WIC de Nevada:","url":"https:\/\/nevadawic.org\/es\/","logo":{"@type":"ImageObject","inLanguage":"es","@id":"https:\/\/nevadawic.org\/es\/#\/schema\/logo\/image\/","url":"https:\/\/nevadawic.org\/wp-content\/uploads\/2020\/07\/NV-Logo_Purple.jpg","contentUrl":"https:\/\/nevadawic.org\/wp-content\/uploads\/2020\/07\/NV-Logo_Purple.jpg","width":970,"height":507,"caption":"WIC de Nevada:"},"image":{"@id":"https:\/\/nevadawic.org\/es\/#\/schema\/logo\/image\/"}}]}},"_links":{"self":[{"href":"https:\/\/nevadawic.org\/es\/wp-json\/wp\/v2\/pages\/28065","targetHints":{"allow":["GET"]}}],"collection":[{"href":"https:\/\/nevadawic.org\/es\/wp-json\/wp\/v2\/pages"}],"about":[{"href":"https:\/\/nevadawic.org\/es\/wp-json\/wp\/v2\/types\/page"}],"author":[{"embeddable":true,"href":"https:\/\/nevadawic.org\/es\/wp-json\/wp\/v2\/users\/7"}],"replies":[{"embeddable":true,"href":"https:\/\/nevadawic.org\/es\/wp-json\/wp\/v2\/comments?post=28065"}],"version-history":[{"count":5,"href":"https:\/\/nevadawic.org\/es\/wp-json\/wp\/v2\/pages\/28065\/revisions"}],"predecessor-version":[{"id":33827,"href":"https:\/\/nevadawic.org\/es\/wp-json\/wp\/v2\/pages\/28065\/revisions\/33827"}],"up":[{"embeddable":true,"href":"https:\/\/nevadawic.org\/es\/wp-json\/wp\/v2\/pages\/27732"}],"wp:featuredmedia":[{"embeddable":true,"href":"https:\/\/nevadawic.org\/es\/wp-json\/wp\/v2\/media\/24674"}],"wp:attachment":[{"href":"https:\/\/nevadawic.org\/es\/wp-json\/wp\/v2\/media?parent=28065"}],"curies":[{"name":"wp","href":"https:\/\/api.w.org\/{rel}","templated":true}]}}