{"id":28066,"date":"2020-05-08T09:13:19","date_gmt":"2020-05-08T16:13:19","guid":{"rendered":"https:\/\/nevadawic.org\/proveedores\/lista-de-alimentos-aprobados-y-folletos\/"},"modified":"2025-12-01T12:45:37","modified_gmt":"2025-12-01T20:45:37","slug":"lista-de-alimentos-aprobados-y-folletos","status":"publish","type":"page","link":"https:\/\/nevadawic.org\/es\/vendedores\/lista-de-alimentos-aprobados-y-folletos\/","title":{"rendered":"Lista de alimentos aprobados y folletos"},"content":{"rendered":"<h2>Gu\u00eda de compras de WIC de Nevada:<\/h2>\n<h4>Gu\u00eda de compras: vigente a partir del 1 de marzo de 2026<\/h4>\n<ul>\n<li><a href=\"https:\/\/nevadawic.org\/wp-content\/uploads\/2025\/12\/FFR-Shopping-Guide.pdf\" target=\"_blank\" rel=\"noopener\">PDF en ingl\u00e9s<\/a> \/ <a href=\"https:\/\/nevadawic.org\/wp-content\/uploads\/2025\/12\/FFR-Shopping-Guide-SPA-Final-Copy.pdf\" target=\"_blank\" rel=\"noopener\">PDF en espa\u00f1ol<\/a><\/li>\n<\/ul>\n<h2>Gu\u00eda de compras de WIC de Nevada:<\/h2>\n<h4>Gu\u00eda de compras: vigente a partir del 1 de octubre de 2021<\/h4>\n<ul>\n<li><a href=\"https:\/\/nevadawic.org\/wp-content\/uploads\/2022\/08\/NVWIC_2022FoodGuide_NV-APPROVED.pdf\" target=\"_blank\" rel=\"noopener\">PDF en ingl\u00e9s<\/a> \/ <a href=\"https:\/\/nevadawic.org\/wp-content\/uploads\/2022\/08\/NVWIC_2022FoodGuide_Inside_Spanish_Final.pdf\" target=\"_blank\" rel=\"noopener\">PDF en espa\u00f1ol<\/a><\/li>\n<\/ul>\n<h2>Lista de alimentos aprobados:<\/h2>\n<ul>\n<li><a href=\"https:\/\/nevadawic.org\/wp-content\/uploads\/2023\/08\/Approved-Food-List-08.24.23-dhhs-template_CC.pdf\" target=\"_blank\" rel=\"noopener\">Lista de alimentos aprobados por WIC de Nevada: vigente a partir de 24 de agosto de 2023 (PDF)<\/a><\/li>\n<\/ul>\n<p>&nbsp;<\/p>\n","protected":false},"excerpt":{"rendered":"<p>Gu\u00eda de compras de WIC de Nevada: Gu\u00eda de compras: vigente a partir del 1 de marzo de&hellip;<\/p>\n","protected":false},"author":7,"featured_media":24623,"parent":28039,"menu_order":3,"comment_status":"closed","ping_status":"closed","template":"","meta":{"_acf_changed":false,"protect_children":false,"footnotes":""},"class_list":["post-28066","page","type-page","status-publish","has-post-thumbnail","hentry"],"acf":[],"yoast_head":"<!-- This site is optimized with the Yoast SEO plugin v27.4 - https:\/\/yoast.com\/product\/yoast-seo-wordpress\/ -->\n<title>Alimentos aprobados por WIC de Nevada: mujeres, beb\u00e9s y ni\u00f1os<\/title>\n<meta name=\"description\" content=\"Vea los alimentos aprobados por WIC, la informaci\u00f3n sobre los paquetes de alimentos y m\u00e1s. Descargue la gu\u00eda del comprador de WIC de Nevada y mant\u00e9ngase al d\u00eda con los alimentos que son elegibles para WIC.\" \/>\n<meta name=\"robots\" content=\"index, follow, max-snippet:-1, max-image-preview:large, max-video-preview:-1\" \/>\n<link rel=\"canonical\" href=\"https:\/\/nevadawic.org\/es\/vendedores\/lista-de-alimentos-aprobados-y-folletos\/\" \/>\n<meta property=\"og:locale\" content=\"es_ES\" \/>\n<meta property=\"og:type\" content=\"article\" \/>\n<meta property=\"og:title\" content=\"Alimentos aprobados por WIC de Nevada: mujeres, beb\u00e9s y ni\u00f1os\" \/>\n<meta property=\"og:description\" content=\"Vea los alimentos aprobados por WIC, la informaci\u00f3n sobre los paquetes de alimentos y m\u00e1s. Descargue la gu\u00eda del comprador de WIC de Nevada y mant\u00e9ngase al d\u00eda con los alimentos que son elegibles para WIC.\" \/>\n<meta property=\"og:url\" content=\"https:\/\/nevadawic.org\/es\/vendedores\/lista-de-alimentos-aprobados-y-folletos\/\" \/>\n<meta property=\"og:site_name\" content=\"Nevada WIC\" \/>\n<meta property=\"article:modified_time\" content=\"2025-12-01T20:45:37+00:00\" \/>\n<meta property=\"og:image\" content=\"https:\/\/nevadawic.org\/wp-content\/uploads\/2020\/07\/nwic-og-image.jpg\" \/>\n<meta name=\"twitter:card\" content=\"summary_large_image\" \/>\n<meta name=\"twitter:label1\" content=\"Tiempo de lectura\" \/>\n\t<meta name=\"twitter:data1\" content=\"1 minuto\" \/>\n<script type=\"application\/ld+json\" class=\"yoast-schema-graph\">{\"@context\":\"https:\\\/\\\/schema.org\",\"@graph\":[{\"@type\":\"WebPage\",\"@id\":\"https:\\\/\\\/nevadawic.org\\\/es\\\/vendedores\\\/lista-de-alimentos-aprobados-y-folletos\\\/\",\"url\":\"https:\\\/\\\/nevadawic.org\\\/es\\\/vendedores\\\/lista-de-alimentos-aprobados-y-folletos\\\/\",\"name\":\"Alimentos aprobados por WIC de Nevada: mujeres, beb\u00e9s y ni\u00f1os\",\"isPartOf\":{\"@id\":\"https:\\\/\\\/nevadawic.org\\\/es\\\/#website\"},\"primaryImageOfPage\":{\"@id\":\"https:\\\/\\\/nevadawic.org\\\/es\\\/vendedores\\\/lista-de-alimentos-aprobados-y-folletos\\\/#primaryimage\"},\"image\":{\"@id\":\"https:\\\/\\\/nevadawic.org\\\/es\\\/vendedores\\\/lista-de-alimentos-aprobados-y-folletos\\\/#primaryimage\"},\"thumbnailUrl\":\"https:\\\/\\\/nevadawic.org\\\/wp-content\\\/uploads\\\/2020\\\/05\\\/Food_Pkg_IMAGE_89731144.jpg\",\"datePublished\":\"2020-05-08T16:13:19+00:00\",\"dateModified\":\"2025-12-01T20:45:37+00:00\",\"description\":\"Vea los alimentos aprobados por WIC, la informaci\u00f3n sobre los paquetes de alimentos y m\u00e1s. Descargue la gu\u00eda del comprador de WIC de Nevada y mant\u00e9ngase al d\u00eda con los alimentos que son elegibles para WIC.\",\"breadcrumb\":{\"@id\":\"https:\\\/\\\/nevadawic.org\\\/es\\\/vendedores\\\/lista-de-alimentos-aprobados-y-folletos\\\/#breadcrumb\"},\"inLanguage\":\"es\",\"potentialAction\":[{\"@type\":\"ReadAction\",\"target\":[\"https:\\\/\\\/nevadawic.org\\\/es\\\/vendedores\\\/lista-de-alimentos-aprobados-y-folletos\\\/\"]}]},{\"@type\":\"ImageObject\",\"inLanguage\":\"es\",\"@id\":\"https:\\\/\\\/nevadawic.org\\\/es\\\/vendedores\\\/lista-de-alimentos-aprobados-y-folletos\\\/#primaryimage\",\"url\":\"https:\\\/\\\/nevadawic.org\\\/wp-content\\\/uploads\\\/2020\\\/05\\\/Food_Pkg_IMAGE_89731144.jpg\",\"contentUrl\":\"https:\\\/\\\/nevadawic.org\\\/wp-content\\\/uploads\\\/2020\\\/05\\\/Food_Pkg_IMAGE_89731144.jpg\",\"width\":1000,\"height\":327},{\"@type\":\"BreadcrumbList\",\"@id\":\"https:\\\/\\\/nevadawic.org\\\/es\\\/vendedores\\\/lista-de-alimentos-aprobados-y-folletos\\\/#breadcrumb\",\"itemListElement\":[{\"@type\":\"ListItem\",\"position\":1,\"name\":\"Inicio\",\"item\":\"https:\\\/\\\/nevadawic.org\\\/es\\\/\"},{\"@type\":\"ListItem\",\"position\":2,\"name\":\"Vendedores\",\"item\":\"https:\\\/\\\/nevadawic.org\\\/es\\\/vendedores\\\/\"},{\"@type\":\"ListItem\",\"position\":3,\"name\":\"Lista de alimentos aprobados y folletos\"}]},{\"@type\":\"WebSite\",\"@id\":\"https:\\\/\\\/nevadawic.org\\\/es\\\/#website\",\"url\":\"https:\\\/\\\/nevadawic.org\\\/es\\\/\",\"name\":\"Nevada WIC\",\"description\":\"\",\"publisher\":{\"@id\":\"https:\\\/\\\/nevadawic.org\\\/es\\\/#organization\"},\"potentialAction\":[{\"@type\":\"SearchAction\",\"target\":{\"@type\":\"EntryPoint\",\"urlTemplate\":\"https:\\\/\\\/nevadawic.org\\\/es\\\/?s={search_term_string}\"},\"query-input\":{\"@type\":\"PropertyValueSpecification\",\"valueRequired\":true,\"valueName\":\"search_term_string\"}}],\"inLanguage\":\"es\"},{\"@type\":\"Organization\",\"@id\":\"https:\\\/\\\/nevadawic.org\\\/es\\\/#organization\",\"name\":\"WIC de Nevada:\",\"url\":\"https:\\\/\\\/nevadawic.org\\\/es\\\/\",\"logo\":{\"@type\":\"ImageObject\",\"inLanguage\":\"es\",\"@id\":\"https:\\\/\\\/nevadawic.org\\\/es\\\/#\\\/schema\\\/logo\\\/image\\\/\",\"url\":\"https:\\\/\\\/nevadawic.org\\\/wp-content\\\/uploads\\\/2020\\\/07\\\/NV-Logo_Purple.jpg\",\"contentUrl\":\"https:\\\/\\\/nevadawic.org\\\/wp-content\\\/uploads\\\/2020\\\/07\\\/NV-Logo_Purple.jpg\",\"width\":970,\"height\":507,\"caption\":\"WIC de Nevada:\"},\"image\":{\"@id\":\"https:\\\/\\\/nevadawic.org\\\/es\\\/#\\\/schema\\\/logo\\\/image\\\/\"}}]}<\/script>\n<!-- \/ Yoast SEO plugin. -->","yoast_head_json":{"title":"Alimentos aprobados por WIC de Nevada: mujeres, beb\u00e9s y ni\u00f1os","description":"Vea los alimentos aprobados por WIC, la informaci\u00f3n sobre los paquetes de alimentos y m\u00e1s. Descargue la gu\u00eda del comprador de WIC de Nevada y mant\u00e9ngase al d\u00eda con los alimentos que son elegibles para WIC.","robots":{"index":"index","follow":"follow","max-snippet":"max-snippet:-1","max-image-preview":"max-image-preview:large","max-video-preview":"max-video-preview:-1"},"canonical":"https:\/\/nevadawic.org\/es\/vendedores\/lista-de-alimentos-aprobados-y-folletos\/","og_locale":"es_ES","og_type":"article","og_title":"Alimentos aprobados por WIC de Nevada: mujeres, beb\u00e9s y ni\u00f1os","og_description":"Vea los alimentos aprobados por WIC, la informaci\u00f3n sobre los paquetes de alimentos y m\u00e1s. Descargue la gu\u00eda del comprador de WIC de Nevada y mant\u00e9ngase al d\u00eda con los alimentos que son elegibles para WIC.","og_url":"https:\/\/nevadawic.org\/es\/vendedores\/lista-de-alimentos-aprobados-y-folletos\/","og_site_name":"Nevada WIC","article_modified_time":"2025-12-01T20:45:37+00:00","og_image":[{"url":"https:\/\/nevadawic.org\/wp-content\/uploads\/2020\/07\/nwic-og-image.jpg","type":"","width":"","height":""}],"twitter_card":"summary_large_image","twitter_misc":{"Tiempo de lectura":"1 minuto"},"schema":{"@context":"https:\/\/schema.org","@graph":[{"@type":"WebPage","@id":"https:\/\/nevadawic.org\/es\/vendedores\/lista-de-alimentos-aprobados-y-folletos\/","url":"https:\/\/nevadawic.org\/es\/vendedores\/lista-de-alimentos-aprobados-y-folletos\/","name":"Alimentos aprobados por WIC de Nevada: mujeres, beb\u00e9s y ni\u00f1os","isPartOf":{"@id":"https:\/\/nevadawic.org\/es\/#website"},"primaryImageOfPage":{"@id":"https:\/\/nevadawic.org\/es\/vendedores\/lista-de-alimentos-aprobados-y-folletos\/#primaryimage"},"image":{"@id":"https:\/\/nevadawic.org\/es\/vendedores\/lista-de-alimentos-aprobados-y-folletos\/#primaryimage"},"thumbnailUrl":"https:\/\/nevadawic.org\/wp-content\/uploads\/2020\/05\/Food_Pkg_IMAGE_89731144.jpg","datePublished":"2020-05-08T16:13:19+00:00","dateModified":"2025-12-01T20:45:37+00:00","description":"Vea los alimentos aprobados por WIC, la informaci\u00f3n sobre los paquetes de alimentos y m\u00e1s. Descargue la gu\u00eda del comprador de WIC de Nevada y mant\u00e9ngase al d\u00eda con los alimentos que son elegibles para WIC.","breadcrumb":{"@id":"https:\/\/nevadawic.org\/es\/vendedores\/lista-de-alimentos-aprobados-y-folletos\/#breadcrumb"},"inLanguage":"es","potentialAction":[{"@type":"ReadAction","target":["https:\/\/nevadawic.org\/es\/vendedores\/lista-de-alimentos-aprobados-y-folletos\/"]}]},{"@type":"ImageObject","inLanguage":"es","@id":"https:\/\/nevadawic.org\/es\/vendedores\/lista-de-alimentos-aprobados-y-folletos\/#primaryimage","url":"https:\/\/nevadawic.org\/wp-content\/uploads\/2020\/05\/Food_Pkg_IMAGE_89731144.jpg","contentUrl":"https:\/\/nevadawic.org\/wp-content\/uploads\/2020\/05\/Food_Pkg_IMAGE_89731144.jpg","width":1000,"height":327},{"@type":"BreadcrumbList","@id":"https:\/\/nevadawic.org\/es\/vendedores\/lista-de-alimentos-aprobados-y-folletos\/#breadcrumb","itemListElement":[{"@type":"ListItem","position":1,"name":"Inicio","item":"https:\/\/nevadawic.org\/es\/"},{"@type":"ListItem","position":2,"name":"Vendedores","item":"https:\/\/nevadawic.org\/es\/vendedores\/"},{"@type":"ListItem","position":3,"name":"Lista de alimentos aprobados y folletos"}]},{"@type":"WebSite","@id":"https:\/\/nevadawic.org\/es\/#website","url":"https:\/\/nevadawic.org\/es\/","name":"Nevada WIC","description":"","publisher":{"@id":"https:\/\/nevadawic.org\/es\/#organization"},"potentialAction":[{"@type":"SearchAction","target":{"@type":"EntryPoint","urlTemplate":"https:\/\/nevadawic.org\/es\/?s={search_term_string}"},"query-input":{"@type":"PropertyValueSpecification","valueRequired":true,"valueName":"search_term_string"}}],"inLanguage":"es"},{"@type":"Organization","@id":"https:\/\/nevadawic.org\/es\/#organization","name":"WIC de Nevada:","url":"https:\/\/nevadawic.org\/es\/","logo":{"@type":"ImageObject","inLanguage":"es","@id":"https:\/\/nevadawic.org\/es\/#\/schema\/logo\/image\/","url":"https:\/\/nevadawic.org\/wp-content\/uploads\/2020\/07\/NV-Logo_Purple.jpg","contentUrl":"https:\/\/nevadawic.org\/wp-content\/uploads\/2020\/07\/NV-Logo_Purple.jpg","width":970,"height":507,"caption":"WIC de Nevada:"},"image":{"@id":"https:\/\/nevadawic.org\/es\/#\/schema\/logo\/image\/"}}]}},"_links":{"self":[{"href":"https:\/\/nevadawic.org\/es\/wp-json\/wp\/v2\/pages\/28066","targetHints":{"allow":["GET"]}}],"collection":[{"href":"https:\/\/nevadawic.org\/es\/wp-json\/wp\/v2\/pages"}],"about":[{"href":"https:\/\/nevadawic.org\/es\/wp-json\/wp\/v2\/types\/page"}],"author":[{"embeddable":true,"href":"https:\/\/nevadawic.org\/es\/wp-json\/wp\/v2\/users\/7"}],"replies":[{"embeddable":true,"href":"https:\/\/nevadawic.org\/es\/wp-json\/wp\/v2\/comments?post=28066"}],"version-history":[{"count":7,"href":"https:\/\/nevadawic.org\/es\/wp-json\/wp\/v2\/pages\/28066\/revisions"}],"predecessor-version":[{"id":40850,"href":"https:\/\/nevadawic.org\/es\/wp-json\/wp\/v2\/pages\/28066\/revisions\/40850"}],"up":[{"embeddable":true,"href":"https:\/\/nevadawic.org\/es\/wp-json\/wp\/v2\/pages\/28039"}],"wp:featuredmedia":[{"embeddable":true,"href":"https:\/\/nevadawic.org\/es\/wp-json\/wp\/v2\/media\/24623"}],"wp:attachment":[{"href":"https:\/\/nevadawic.org\/es\/wp-json\/wp\/v2\/media?parent=28066"}],"curies":[{"name":"wp","href":"https:\/\/api.w.org\/{rel}","templated":true}]}}