{"id":28067,"date":"2020-05-19T12:32:46","date_gmt":"2020-05-19T19:32:46","guid":{"rendered":"https:\/\/nevadawic.org\/acerca-del-wic\/otros-servicios\/recursos-alternativos\/"},"modified":"2024-04-08T13:24:13","modified_gmt":"2024-04-08T20:24:13","slug":"recursos-alternativos","status":"publish","type":"page","link":"https:\/\/nevadawic.org\/es\/acerca-de-wic\/otros-servicios\/recursos-alternativos\/","title":{"rendered":"Recursos Alternativos"},"content":{"rendered":"\t\t<div data-elementor-type=\"wp-page\" data-elementor-id=\"28067\" class=\"elementor elementor-28067 elementor-1680\" data-elementor-post-type=\"page\">\n\t\t\t\t\t\t<section class=\"elementor-section elementor-top-section elementor-element elementor-element-bd6045b elementor-section-boxed elementor-section-height-default elementor-section-height-default\" data-id=\"bd6045b\" data-element_type=\"section\" data-e-type=\"section\">\n\t\t\t\t\t\t<div class=\"elementor-container elementor-column-gap-default\">\n\t\t\t\t\t<div class=\"elementor-column elementor-col-100 elementor-top-column elementor-element elementor-element-b9cbc6d\" data-id=\"b9cbc6d\" data-element_type=\"column\" data-e-type=\"column\">\n\t\t\t<div class=\"elementor-widget-wrap elementor-element-populated\">\n\t\t\t\t\t\t<div class=\"elementor-element elementor-element-0fe05a1 elementor-widget elementor-widget-kps3-simple\" data-id=\"0fe05a1\" data-element_type=\"widget\" data-e-type=\"widget\" data-widget_type=\"kps3-simple.default\">\n\t\t\t\t<div class=\"elementor-widget-container\">\n\t\t\t\t\t    <header\n            class=\"header header--small\"\n      style=\"background-image: url('https:\/\/nevadawic.org\/wp-content\/uploads\/2020\/02\/father-daughter-clinic-visit-scaled-e1589914803175-1440x450.jpg');\"\n    >\n                  <div\n        class=\"header__overlay\"\n        style=\"background-image: linear-gradient(\n          130deg,\n          rgba(255, 255, 255, 1) 40%,\n          rgba(255, 255, 255, .1) 60%\n        );\"\n      ><\/div>\n            <div class=\"header__container container container--large\">\n        <h1 class=\"header__heading\">\n          Recursos Alternativos        <\/h1>\n      <\/div>\n    <\/header>\n    \t\t\t\t<\/div>\n\t\t\t\t<\/div>\n\t\t\t\t\t<\/div>\n\t\t<\/div>\n\t\t\t\t\t<\/div>\n\t\t<\/section>\n\t\t\t\t<section class=\"elementor-section elementor-top-section elementor-element elementor-element-3c8ccbe elementor-section-boxed elementor-section-height-default elementor-section-height-default\" data-id=\"3c8ccbe\" data-element_type=\"section\" data-e-type=\"section\">\n\t\t\t\t\t\t<div class=\"elementor-container elementor-column-gap-default\">\n\t\t\t\t\t<div class=\"elementor-column elementor-col-100 elementor-top-column elementor-element elementor-element-3653ece\" data-id=\"3653ece\" data-element_type=\"column\" data-e-type=\"column\">\n\t\t\t<div class=\"elementor-widget-wrap elementor-element-populated\">\n\t\t\t\t\t\t<div class=\"elementor-element elementor-element-a138e66 elementor-widget elementor-widget-kps3-spacer\" data-id=\"a138e66\" data-element_type=\"widget\" data-e-type=\"widget\" data-widget_type=\"kps3-spacer.default\">\n\t\t\t\t<div class=\"elementor-widget-container\">\n\t\t\t\t\t    <div\n      class=\"spacer spacer--large\"\n    ><\/div>\n    \t\t\t\t<\/div>\n\t\t\t\t<\/div>\n\t\t\t\t\t<\/div>\n\t\t<\/div>\n\t\t\t\t\t<\/div>\n\t\t<\/section>\n\t\t\t\t<section class=\"elementor-section elementor-top-section elementor-element elementor-element-b6740ef elementor-section-boxed elementor-section-height-default elementor-section-height-default\" data-id=\"b6740ef\" data-element_type=\"section\" data-e-type=\"section\">\n\t\t\t\t\t\t<div class=\"elementor-container elementor-column-gap-default\">\n\t\t\t\t\t<div class=\"elementor-column elementor-col-100 elementor-top-column elementor-element elementor-element-f4e7f95\" data-id=\"f4e7f95\" data-element_type=\"column\" data-e-type=\"column\">\n\t\t\t<div class=\"elementor-widget-wrap elementor-element-populated\">\n\t\t\t\t\t\t<div class=\"elementor-element elementor-element-e6f34e5 elementor-widget elementor-widget-kps3-resource-links\" data-id=\"e6f34e5\" data-element_type=\"widget\" data-e-type=\"widget\" data-widget_type=\"kps3-resource-links.default\">\n\t\t\t\t<div class=\"elementor-widget-container\">\n\t\t\t\t\t      <div  class=\"resource-links\">\n        <div class=\"resource-links__container container\">\n          <div class=\"resource-links__wrapper\">\n            <div class=\"resource-links__image\">\n              <img fetchpriority=\"high\" decoding=\"async\"\n                src=\"https:\/\/nevadawic.org\/wp-content\/uploads\/2020\/02\/mother-child-multi-task-596x596.jpg\"\n                width=\"596\"\n                height=\"596\"\n                alt=\"\"\n                role=\"presentation\"\n              \/>\n            <\/div>\n            <div class=\"resource-links__content\">\n              <h2 class=\"resource-links__heading\">Recursos estatales y locales<\/h2>\n              <div class=\"resource-links__items\">\n                                                    <div class=\"resource-links__item\">\n                    <h3\n                      id=\"resource-links__title--0-e6f34e5\"\n                      class=\"resource-links__title\"\n                    >\n                      Recursos estatales                    <\/h3>\n                    <div class=\"resource-links__text\">\n                      <p>\n                                              <\/p>\n                    <\/div>\n                    <a\n                      href=\"https:\/\/nevadawic.org\/es\/acerca-de-wic\/otros-servicios\/recursos-alternativos\/recursos-estatales\/\"                      class=\"resource-links__link\"\n                                          >\n                      M\u00e1s informaci\u00f3n                      <span>\n                        <svg class=\"svg-icon next-arrow-icon\" width=\"16\" height=\"11\" aria-label=\"M\u00e1s informaci\u00f3n\">\n                          <use xlink:href=\"https:\/\/nevadawic.org\/wp-content\/themes\/kps3-nwic\/public\/assets\/sprite.svg#icon-arrow-right\">\n                        <\/svg>\n                      <\/span>\n                    <\/a>\n                  <\/div>\n                                                    <div class=\"resource-links__item\">\n                    <h3\n                      id=\"resource-links__title--1-e6f34e5\"\n                      class=\"resource-links__title\"\n                    >\n                      Norte de Nevada                    <\/h3>\n                    <div class=\"resource-links__text\">\n                      <p>\n                                              <\/p>\n                    <\/div>\n                    <a\n                      href=\"https:\/\/nevadawic.org\/es\/acerca-de-wic\/otros-servicios\/recursos-alternativos\/norte-de-nevada\/\"                      class=\"resource-links__link\"\n                                          >\n                      M\u00e1s informaci\u00f3n                      <span>\n                        <svg class=\"svg-icon next-arrow-icon\" width=\"16\" height=\"11\" aria-label=\"M\u00e1s informaci\u00f3n\">\n                          <use xlink:href=\"https:\/\/nevadawic.org\/wp-content\/themes\/kps3-nwic\/public\/assets\/sprite.svg#icon-arrow-right\">\n                        <\/svg>\n                      <\/span>\n                    <\/a>\n                  <\/div>\n                                                    <div class=\"resource-links__item\">\n                    <h3\n                      id=\"resource-links__title--2-e6f34e5\"\n                      class=\"resource-links__title\"\n                    >\n                      Sur de Nevada                    <\/h3>\n                    <div class=\"resource-links__text\">\n                      <p>\n                                              <\/p>\n                    <\/div>\n                    <a\n                      href=\"https:\/\/nevadawic.org\/es\/acerca-de-wic\/otros-servicios\/recursos-alternativos\/sur-de-nevada\/\"                      class=\"resource-links__link\"\n                                          >\n                      M\u00e1s informaci\u00f3n                      <span>\n                        <svg class=\"svg-icon next-arrow-icon\" width=\"16\" height=\"11\" aria-label=\"M\u00e1s informaci\u00f3n\">\n                          <use xlink:href=\"https:\/\/nevadawic.org\/wp-content\/themes\/kps3-nwic\/public\/assets\/sprite.svg#icon-arrow-right\">\n                        <\/svg>\n                      <\/span>\n                    <\/a>\n                  <\/div>\n                              <\/div>\n            <\/div>\n          <\/div>\n        <\/div>\n      <\/div>\n      \t\t\t\t<\/div>\n\t\t\t\t<\/div>\n\t\t\t\t<div class=\"elementor-element elementor-element-e0df6fc elementor-widget elementor-widget-kps3-spacer\" data-id=\"e0df6fc\" data-element_type=\"widget\" data-e-type=\"widget\" data-widget_type=\"kps3-spacer.default\">\n\t\t\t\t<div class=\"elementor-widget-container\">\n\t\t\t\t\t    <div\n      class=\"spacer \"\n    ><\/div>\n    \t\t\t\t<\/div>\n\t\t\t\t<\/div>\n\t\t\t\t\t<\/div>\n\t\t<\/div>\n\t\t\t\t\t<\/div>\n\t\t<\/section>\n\t\t\t\t<section class=\"elementor-section elementor-top-section elementor-element elementor-element-9d9f128 elementor-section-boxed elementor-section-height-default elementor-section-height-default\" data-id=\"9d9f128\" data-element_type=\"section\" data-e-type=\"section\">\n\t\t\t\t\t\t<div class=\"elementor-container elementor-column-gap-default\">\n\t\t\t\t\t<div class=\"elementor-column elementor-col-100 elementor-top-column elementor-element elementor-element-f22b9eb\" data-id=\"f22b9eb\" data-element_type=\"column\" data-e-type=\"column\">\n\t\t\t<div class=\"elementor-widget-wrap elementor-element-populated\">\n\t\t\t\t\t\t<div class=\"elementor-element elementor-element-5b663a8 elementor-widget elementor-widget-kps3-media-block\" data-id=\"5b663a8\" data-element_type=\"widget\" data-e-type=\"widget\" data-widget_type=\"kps3-media-block.default\">\n\t\t\t\t<div class=\"elementor-widget-container\">\n\t\t\t\t\t    <div  class=\"media-block media-block--right\">\n      <div class=\"media-block__container container\">\n        <div class=\"media-block__content\">\n          <h2 class=\"media-block__heading\">Recursos en l\u00ednea<\/h2>\n          <div class=\"media-block__text\">\n            <p>Estos son algunos programas y servicios nacionales que podr\u00edan ser \u00fatiles para usted.<\/p>\n          <\/div>\n                    <a href=\"https:\/\/nevadawic.org\/es\/acerca-de-wic\/otros-servicios\/recursos-alternativos\/recursos-en-linea\/\" class=\"media-block__link button\">\n            M\u00e1s informaci\u00f3n          <\/a>\n                  <\/div>\n        <div\n          class=\"media-block__image\"\n          style=\"background-image: url('https:\/\/nevadawic.org\/wp-content\/uploads\/2020\/05\/BabyNetworking-596x430.jpg');\"\n        ><\/div>\n      <\/div>\n    <\/div>\n    \t\t\t\t<\/div>\n\t\t\t\t<\/div>\n\t\t\t\t<div class=\"elementor-element elementor-element-ca870f4 elementor-widget elementor-widget-kps3-spacer\" data-id=\"ca870f4\" data-element_type=\"widget\" data-e-type=\"widget\" data-widget_type=\"kps3-spacer.default\">\n\t\t\t\t<div class=\"elementor-widget-container\">\n\t\t\t\t\t    <div\n      class=\"spacer \"\n    ><\/div>\n    \t\t\t\t<\/div>\n\t\t\t\t<\/div>\n\t\t\t\t\t<\/div>\n\t\t<\/div>\n\t\t\t\t\t<\/div>\n\t\t<\/section>\n\t\t\t\t<\/div>\n\t\t","protected":false},"excerpt":{"rendered":"<p>Recursos Alternativos Recursos estatales y locales Recursos estatales M\u00e1s informaci\u00f3n Norte de Nevada M\u00e1s informaci\u00f3n Sur de Nevada&hellip;<\/p>\n","protected":false},"author":7,"featured_media":0,"parent":28045,"menu_order":4,"comment_status":"closed","ping_status":"closed","template":"","meta":{"_acf_changed":false,"protect_children":false,"footnotes":""},"class_list":["post-28067","page","type-page","status-publish","hentry"],"acf":[],"yoast_head":"<!-- This site is optimized with the Yoast SEO plugin v27.2 - https:\/\/yoast.com\/product\/yoast-seo-wordpress\/ -->\n<title>Recursos Alternativos - Nevada WIC<\/title>\n<meta name=\"description\" content=\"Recursos Alternativos Recursos estatales y locales Recursos estatales M\u00e1s informaci\u00f3n Norte de Nevada M\u00e1s informaci\u00f3n Sur de Nevada M\u00e1s informaci\u00f3n\" \/>\n<meta name=\"robots\" content=\"index, follow, max-snippet:-1, max-image-preview:large, max-video-preview:-1\" \/>\n<link rel=\"canonical\" href=\"https:\/\/nevadawic.org\/es\/acerca-de-wic\/otros-servicios\/recursos-alternativos\/\" \/>\n<meta property=\"og:locale\" content=\"es_ES\" \/>\n<meta property=\"og:type\" content=\"article\" \/>\n<meta property=\"og:title\" content=\"Recursos Alternativos - Nevada WIC\" \/>\n<meta property=\"og:description\" content=\"Recursos Alternativos Recursos estatales y locales Recursos estatales M\u00e1s informaci\u00f3n Norte de Nevada M\u00e1s informaci\u00f3n Sur de Nevada M\u00e1s informaci\u00f3n\" \/>\n<meta property=\"og:url\" content=\"https:\/\/nevadawic.org\/es\/acerca-de-wic\/otros-servicios\/recursos-alternativos\/\" \/>\n<meta property=\"og:site_name\" content=\"Nevada WIC\" \/>\n<meta property=\"article:modified_time\" content=\"2024-04-08T20:24:13+00:00\" \/>\n<meta property=\"og:image\" content=\"https:\/\/nevadawic.org\/wp-content\/uploads\/2020\/07\/nwic-og-image.jpg\" \/>\n\t<meta property=\"og:image:width\" content=\"1200\" \/>\n\t<meta property=\"og:image:height\" content=\"630\" \/>\n\t<meta property=\"og:image:type\" content=\"image\/jpeg\" \/>\n<meta name=\"twitter:card\" content=\"summary_large_image\" \/>\n<meta name=\"twitter:label1\" content=\"Tiempo de lectura\" \/>\n\t<meta name=\"twitter:data1\" content=\"1 minuto\" \/>\n<script type=\"application\/ld+json\" class=\"yoast-schema-graph\">{\"@context\":\"https:\/\/schema.org\",\"@graph\":[{\"@type\":\"WebPage\",\"@id\":\"https:\/\/nevadawic.org\/es\/acerca-de-wic\/otros-servicios\/recursos-alternativos\/\",\"url\":\"https:\/\/nevadawic.org\/es\/acerca-de-wic\/otros-servicios\/recursos-alternativos\/\",\"name\":\"Recursos Alternativos - Nevada WIC\",\"isPartOf\":{\"@id\":\"https:\/\/nevadawic.org\/es\/#website\"},\"datePublished\":\"2020-05-19T19:32:46+00:00\",\"dateModified\":\"2024-04-08T20:24:13+00:00\",\"description\":\"Recursos Alternativos Recursos estatales y locales Recursos estatales M\u00e1s informaci\u00f3n Norte de Nevada M\u00e1s informaci\u00f3n Sur de Nevada M\u00e1s informaci\u00f3n\",\"breadcrumb\":{\"@id\":\"https:\/\/nevadawic.org\/es\/acerca-de-wic\/otros-servicios\/recursos-alternativos\/#breadcrumb\"},\"inLanguage\":\"es\",\"potentialAction\":[{\"@type\":\"ReadAction\",\"target\":[\"https:\/\/nevadawic.org\/es\/acerca-de-wic\/otros-servicios\/recursos-alternativos\/\"]}]},{\"@type\":\"BreadcrumbList\",\"@id\":\"https:\/\/nevadawic.org\/es\/acerca-de-wic\/otros-servicios\/recursos-alternativos\/#breadcrumb\",\"itemListElement\":[{\"@type\":\"ListItem\",\"position\":1,\"name\":\"Inicio\",\"item\":\"https:\/\/nevadawic.org\/es\/\"},{\"@type\":\"ListItem\",\"position\":2,\"name\":\"Acerca de WIC\",\"item\":\"https:\/\/nevadawic.org\/es\/acerca-de-wic\/\"},{\"@type\":\"ListItem\",\"position\":3,\"name\":\"Otros servicios\",\"item\":\"https:\/\/nevadawic.org\/es\/about\/other-services\/\"},{\"@type\":\"ListItem\",\"position\":4,\"name\":\"Recursos Alternativos\"}]},{\"@type\":\"WebSite\",\"@id\":\"https:\/\/nevadawic.org\/es\/#website\",\"url\":\"https:\/\/nevadawic.org\/es\/\",\"name\":\"Nevada WIC\",\"description\":\"\",\"publisher\":{\"@id\":\"https:\/\/nevadawic.org\/es\/#organization\"},\"potentialAction\":[{\"@type\":\"SearchAction\",\"target\":{\"@type\":\"EntryPoint\",\"urlTemplate\":\"https:\/\/nevadawic.org\/es\/?s={search_term_string}\"},\"query-input\":{\"@type\":\"PropertyValueSpecification\",\"valueRequired\":true,\"valueName\":\"search_term_string\"}}],\"inLanguage\":\"es\"},{\"@type\":\"Organization\",\"@id\":\"https:\/\/nevadawic.org\/es\/#organization\",\"name\":\"WIC de Nevada:\",\"url\":\"https:\/\/nevadawic.org\/es\/\",\"logo\":{\"@type\":\"ImageObject\",\"inLanguage\":\"es\",\"@id\":\"https:\/\/nevadawic.org\/es\/#\/schema\/logo\/image\/\",\"url\":\"https:\/\/nevadawic.org\/wp-content\/uploads\/2020\/07\/NV-Logo_Purple.jpg\",\"contentUrl\":\"https:\/\/nevadawic.org\/wp-content\/uploads\/2020\/07\/NV-Logo_Purple.jpg\",\"width\":970,\"height\":507,\"caption\":\"WIC de Nevada:\"},\"image\":{\"@id\":\"https:\/\/nevadawic.org\/es\/#\/schema\/logo\/image\/\"}}]}<\/script>\n<!-- \/ Yoast SEO plugin. -->","yoast_head_json":{"title":"Recursos Alternativos - Nevada WIC","description":"Recursos Alternativos Recursos estatales y locales Recursos estatales M\u00e1s informaci\u00f3n Norte de Nevada M\u00e1s informaci\u00f3n Sur de Nevada M\u00e1s informaci\u00f3n","robots":{"index":"index","follow":"follow","max-snippet":"max-snippet:-1","max-image-preview":"max-image-preview:large","max-video-preview":"max-video-preview:-1"},"canonical":"https:\/\/nevadawic.org\/es\/acerca-de-wic\/otros-servicios\/recursos-alternativos\/","og_locale":"es_ES","og_type":"article","og_title":"Recursos Alternativos - Nevada WIC","og_description":"Recursos Alternativos Recursos estatales y locales Recursos estatales M\u00e1s informaci\u00f3n Norte de Nevada M\u00e1s informaci\u00f3n Sur de Nevada M\u00e1s informaci\u00f3n","og_url":"https:\/\/nevadawic.org\/es\/acerca-de-wic\/otros-servicios\/recursos-alternativos\/","og_site_name":"Nevada WIC","article_modified_time":"2024-04-08T20:24:13+00:00","og_image":[{"width":1200,"height":630,"url":"https:\/\/nevadawic.org\/wp-content\/uploads\/2020\/07\/nwic-og-image.jpg","type":"image\/jpeg"}],"twitter_card":"summary_large_image","twitter_misc":{"Tiempo de lectura":"1 minuto"},"schema":{"@context":"https:\/\/schema.org","@graph":[{"@type":"WebPage","@id":"https:\/\/nevadawic.org\/es\/acerca-de-wic\/otros-servicios\/recursos-alternativos\/","url":"https:\/\/nevadawic.org\/es\/acerca-de-wic\/otros-servicios\/recursos-alternativos\/","name":"Recursos Alternativos - Nevada WIC","isPartOf":{"@id":"https:\/\/nevadawic.org\/es\/#website"},"datePublished":"2020-05-19T19:32:46+00:00","dateModified":"2024-04-08T20:24:13+00:00","description":"Recursos Alternativos Recursos estatales y locales Recursos estatales M\u00e1s informaci\u00f3n Norte de Nevada M\u00e1s informaci\u00f3n Sur de Nevada M\u00e1s informaci\u00f3n","breadcrumb":{"@id":"https:\/\/nevadawic.org\/es\/acerca-de-wic\/otros-servicios\/recursos-alternativos\/#breadcrumb"},"inLanguage":"es","potentialAction":[{"@type":"ReadAction","target":["https:\/\/nevadawic.org\/es\/acerca-de-wic\/otros-servicios\/recursos-alternativos\/"]}]},{"@type":"BreadcrumbList","@id":"https:\/\/nevadawic.org\/es\/acerca-de-wic\/otros-servicios\/recursos-alternativos\/#breadcrumb","itemListElement":[{"@type":"ListItem","position":1,"name":"Inicio","item":"https:\/\/nevadawic.org\/es\/"},{"@type":"ListItem","position":2,"name":"Acerca de WIC","item":"https:\/\/nevadawic.org\/es\/acerca-de-wic\/"},{"@type":"ListItem","position":3,"name":"Otros servicios","item":"https:\/\/nevadawic.org\/es\/about\/other-services\/"},{"@type":"ListItem","position":4,"name":"Recursos Alternativos"}]},{"@type":"WebSite","@id":"https:\/\/nevadawic.org\/es\/#website","url":"https:\/\/nevadawic.org\/es\/","name":"Nevada WIC","description":"","publisher":{"@id":"https:\/\/nevadawic.org\/es\/#organization"},"potentialAction":[{"@type":"SearchAction","target":{"@type":"EntryPoint","urlTemplate":"https:\/\/nevadawic.org\/es\/?s={search_term_string}"},"query-input":{"@type":"PropertyValueSpecification","valueRequired":true,"valueName":"search_term_string"}}],"inLanguage":"es"},{"@type":"Organization","@id":"https:\/\/nevadawic.org\/es\/#organization","name":"WIC de Nevada:","url":"https:\/\/nevadawic.org\/es\/","logo":{"@type":"ImageObject","inLanguage":"es","@id":"https:\/\/nevadawic.org\/es\/#\/schema\/logo\/image\/","url":"https:\/\/nevadawic.org\/wp-content\/uploads\/2020\/07\/NV-Logo_Purple.jpg","contentUrl":"https:\/\/nevadawic.org\/wp-content\/uploads\/2020\/07\/NV-Logo_Purple.jpg","width":970,"height":507,"caption":"WIC de Nevada:"},"image":{"@id":"https:\/\/nevadawic.org\/es\/#\/schema\/logo\/image\/"}}]}},"_links":{"self":[{"href":"https:\/\/nevadawic.org\/es\/wp-json\/wp\/v2\/pages\/28067","targetHints":{"allow":["GET"]}}],"collection":[{"href":"https:\/\/nevadawic.org\/es\/wp-json\/wp\/v2\/pages"}],"about":[{"href":"https:\/\/nevadawic.org\/es\/wp-json\/wp\/v2\/types\/page"}],"author":[{"embeddable":true,"href":"https:\/\/nevadawic.org\/es\/wp-json\/wp\/v2\/users\/7"}],"replies":[{"embeddable":true,"href":"https:\/\/nevadawic.org\/es\/wp-json\/wp\/v2\/comments?post=28067"}],"version-history":[{"count":22,"href":"https:\/\/nevadawic.org\/es\/wp-json\/wp\/v2\/pages\/28067\/revisions"}],"predecessor-version":[{"id":35189,"href":"https:\/\/nevadawic.org\/es\/wp-json\/wp\/v2\/pages\/28067\/revisions\/35189"}],"up":[{"embeddable":true,"href":"https:\/\/nevadawic.org\/es\/wp-json\/wp\/v2\/pages\/28045"}],"wp:attachment":[{"href":"https:\/\/nevadawic.org\/es\/wp-json\/wp\/v2\/media?parent=28067"}],"curies":[{"name":"wp","href":"https:\/\/api.w.org\/{rel}","templated":true}]}}