{"id":28069,"date":"2020-05-19T14:15:07","date_gmt":"2020-05-19T21:15:07","guid":{"rendered":"https:\/\/nevadawic.org\/acerca-del-wic\/otros-servicios\/recursos-alternativos\/recursos-en-linea\/"},"modified":"2024-04-08T13:32:08","modified_gmt":"2024-04-08T20:32:08","slug":"recursos-en-linea","status":"publish","type":"page","link":"https:\/\/nevadawic.org\/es\/acerca-de-wic\/otros-servicios\/recursos-alternativos\/recursos-en-linea\/","title":{"rendered":"Recursos en l\u00ednea"},"content":{"rendered":"<h2>Recursos en l\u00ednea<\/h2>\n<h3><b>Sitios Web Nacionales<\/b><\/h3>\n<ul>\n<li><a href=\"https:\/\/www.cdc.gov\/health-topics.html?CDC_AA_refVal=https%3A%2F%2Fwww.cdc.gov%2Fhealthyliving%2Findex.html\" target=\"_blank\" rel=\"noopener\">Temas de salud, de la A a la Z <\/a>Centros para el Control y la Prevenci\u00f3n de Enfermedades (CDC).<\/li>\n<li><a href=\"http:\/\/kellymom.com\/\" target=\"_blank\" rel=\"noopener\">Kellymom Parenting &amp; Breastfeeding<\/a> Recurso de lactancia y crianza basado en la evidencia<\/li>\n<li><a href=\"https:\/\/llli.org\/es\/\" target=\"_blank\" rel=\"noopener\">La Leche League International<\/a>\u00a0Recurso internacional para la lactancia<\/li>\n<li><a href=\"https:\/\/www.nevada211.org\/\">Nevada 2-1-1<\/a> Nevada 211, un programa del Departamento de Salud y Servicios Humanos de Nevada, se compromete a ayudar a los habitantes de Nevada a ponerse en contacto con los servicios que necesitan.<\/li>\n<li><a href=\"https:\/\/espanol.womenshealth.gov\/\" target=\"_blank\" rel=\"noopener\">Oficina de Salud de la Mujer del Departamento de Salud y Servicios Humanos de los Estados Unidos<\/a> (DHHS) Recurso para promover la equidad sanitaria de las mujeres y las ni\u00f1as.<\/li>\n<li><a href=\"https:\/\/www.text4baby.org\/\" target=\"_blank\" rel=\"noopener\">Text4Baby<\/a> Servicio gratuito de informaci\u00f3n por tel\u00e9fono m\u00f3vil destinado a promover la salud de madres y ni\u00f1os.<\/li>\n<li><a href=\"https:\/\/wicbreastfeeding.fns.usda.gov\/\">Apoyo para la lactancia de WIC<\/a> Recurso para madres embarazadas o que est\u00e1n amamantando, as\u00ed como para sus parejas, familiares y amigos.<\/li>\n<li><a href=\"https:\/\/www.medicaresupplement.com\/content\/womens-health-resources\" target=\"_blank\" rel=\"noopener\">Recursos para la salud de la mujer<\/a> Lista nacional de m\u00e1s de 400 organizaciones; se puede buscar por estado.<\/li>\n<\/ul>\n<h3><b>Informaci\u00f3n Nutricional y de Salud para Adultos y Ni\u00f1os<\/b><\/h3>\n<ul>\n<li><a href=\"https:\/\/www.dietaryguidelines.gov\/\" target=\"_blank\" rel=\"noopener noreferrer\">Gu\u00edas Alimentarias para Estadounidenses<\/a>\u00a0Mensajes y herramientas sobre alimentaci\u00f3n infantil.<\/li>\n<li><a href=\"http:\/\/www.cdc.gov\/nutrition\/index.html\" target=\"_blank\" rel=\"noopener\">Informaci\u00f3n sobre salud y nutrici\u00f3n<\/a> Enlace del CDC a una amplia gama de informaci\u00f3n sobre salud y nutrici\u00f3n.<\/li>\n<li><a href=\"https:\/\/www.niddk.nih.gov\/health-information\/informacion-de-la-salud\/control-de-peso\/alimentacion-saludable-actividad-fisica-vida\" target=\"_blank\" rel=\"noopener\">Alimentaci\u00f3n sana y actividad f\u00edsica para la vida<\/a> Consejos para mantener un peso saludable.<\/li>\n<li><a href=\"http:\/\/www.cdc.gov\/physicalactivity\/everyone\/guidelines\/index.html\" target=\"_blank\" rel=\"noopener\">\u00bfCu\u00e1nta actividad f\u00edsica necesitas?<\/a> Directrices de actividad f\u00edsica del CDC para grupos de edad espec\u00edficos.<\/li>\n<li><a href=\"https:\/\/www.immunizenevada.org\/\" target=\"_blank\" rel=\"noopener\">Immunize Nevada<\/a>\u00a0Recurso para padres con recomendaciones de vacunaci\u00f3n, localizaci\u00f3n de un proveedor de vacunas para ni\u00f1os (VFC), e informaci\u00f3n sobre Nevada WebIZ y el Portal de Acceso P\u00fablico.<\/li>\n<li><a href=\"https:\/\/kidshealth.org\/\" target=\"_blank\" rel=\"noopener\">Kids Health &#8211; Nemours Foundation<\/a> Recursos de salud para padres, ni\u00f1os y adolescentes.<\/li>\n<li><a href=\"https:\/\/sobermomshealthybabies.org\/\">Sober Moms, Healthy Babies<\/a> Sitio web con recursos para parejas embarazadas que buscan tratamiento por consumo de alcohol o drogas en Nevada.<\/li>\n<li><a href=\"http:\/\/www.cdc.gov\/vaccines\/parents\/index.html\" target=\"_blank\" rel=\"noopener\">Vacunas para sus hijos del CDC<\/a> Recurso nacional para padres con informaci\u00f3n sobre vacunas.<\/li>\n<\/ul>\n","protected":false},"excerpt":{"rendered":"<p>Recursos en l\u00ednea Sitios Web Nacionales Temas de salud, de la A a la Z Centros para el&hellip;<\/p>\n","protected":false},"author":7,"featured_media":24682,"parent":28067,"menu_order":4,"comment_status":"closed","ping_status":"closed","template":"","meta":{"_acf_changed":false,"protect_children":false,"footnotes":""},"class_list":["post-28069","page","type-page","status-publish","has-post-thumbnail","hentry"],"acf":[],"yoast_head":"<!-- This site is optimized with the Yoast SEO plugin v27.2 - https:\/\/yoast.com\/product\/yoast-seo-wordpress\/ -->\n<title>Recursos en l\u00ednea - Nevada WIC<\/title>\n<meta name=\"description\" content=\"Recursos en l\u00ednea Sitios Web Nacionales Temas de salud, de la A a la Z Centros para el Control y la Prevenci\u00f3n de Enfermedades (CDC). Kellymom\" \/>\n<meta name=\"robots\" content=\"index, follow, max-snippet:-1, max-image-preview:large, max-video-preview:-1\" \/>\n<link rel=\"canonical\" href=\"https:\/\/nevadawic.org\/es\/acerca-de-wic\/otros-servicios\/recursos-alternativos\/recursos-en-linea\/\" \/>\n<meta property=\"og:locale\" content=\"es_ES\" \/>\n<meta property=\"og:type\" content=\"article\" \/>\n<meta property=\"og:title\" content=\"Recursos en l\u00ednea - Nevada WIC\" \/>\n<meta property=\"og:description\" content=\"Recursos en l\u00ednea Sitios Web Nacionales Temas de salud, de la A a la Z Centros para el Control y la Prevenci\u00f3n de Enfermedades (CDC). Kellymom\" \/>\n<meta property=\"og:url\" content=\"https:\/\/nevadawic.org\/es\/acerca-de-wic\/otros-servicios\/recursos-alternativos\/recursos-en-linea\/\" \/>\n<meta property=\"og:site_name\" content=\"Nevada WIC\" \/>\n<meta property=\"article:modified_time\" content=\"2024-04-08T20:32:08+00:00\" \/>\n<meta property=\"og:image\" content=\"https:\/\/nevadawic.org\/wp-content\/uploads\/2020\/07\/nwic-og-image.jpg\" \/>\n<meta name=\"twitter:card\" content=\"summary_large_image\" \/>\n<meta name=\"twitter:label1\" content=\"Tiempo de lectura\" \/>\n\t<meta name=\"twitter:data1\" content=\"2 minutos\" \/>\n<script type=\"application\/ld+json\" class=\"yoast-schema-graph\">{\"@context\":\"https:\/\/schema.org\",\"@graph\":[{\"@type\":\"WebPage\",\"@id\":\"https:\/\/nevadawic.org\/es\/acerca-de-wic\/otros-servicios\/recursos-alternativos\/recursos-en-linea\/\",\"url\":\"https:\/\/nevadawic.org\/es\/acerca-de-wic\/otros-servicios\/recursos-alternativos\/recursos-en-linea\/\",\"name\":\"Recursos en l\u00ednea - Nevada WIC\",\"isPartOf\":{\"@id\":\"https:\/\/nevadawic.org\/es\/#website\"},\"primaryImageOfPage\":{\"@id\":\"https:\/\/nevadawic.org\/es\/acerca-de-wic\/otros-servicios\/recursos-alternativos\/recursos-en-linea\/#primaryimage\"},\"image\":{\"@id\":\"https:\/\/nevadawic.org\/es\/acerca-de-wic\/otros-servicios\/recursos-alternativos\/recursos-en-linea\/#primaryimage\"},\"thumbnailUrl\":\"https:\/\/nevadawic.org\/wp-content\/uploads\/2020\/05\/BabyNetworking-1-e1613781245926.jpg\",\"datePublished\":\"2020-05-19T21:15:07+00:00\",\"dateModified\":\"2024-04-08T20:32:08+00:00\",\"description\":\"Recursos en l\u00ednea Sitios Web Nacionales Temas de salud, de la A a la Z Centros para el Control y la Prevenci\u00f3n de Enfermedades (CDC). Kellymom\",\"breadcrumb\":{\"@id\":\"https:\/\/nevadawic.org\/es\/acerca-de-wic\/otros-servicios\/recursos-alternativos\/recursos-en-linea\/#breadcrumb\"},\"inLanguage\":\"es\",\"potentialAction\":[{\"@type\":\"ReadAction\",\"target\":[\"https:\/\/nevadawic.org\/es\/acerca-de-wic\/otros-servicios\/recursos-alternativos\/recursos-en-linea\/\"]}]},{\"@type\":\"ImageObject\",\"inLanguage\":\"es\",\"@id\":\"https:\/\/nevadawic.org\/es\/acerca-de-wic\/otros-servicios\/recursos-alternativos\/recursos-en-linea\/#primaryimage\",\"url\":\"https:\/\/nevadawic.org\/wp-content\/uploads\/2020\/05\/BabyNetworking-1-e1613781245926.jpg\",\"contentUrl\":\"https:\/\/nevadawic.org\/wp-content\/uploads\/2020\/05\/BabyNetworking-1-e1613781245926.jpg\",\"width\":100,\"height\":67,\"caption\":\"ni\u00f1a con una computadora port\u00e1til y un tel\u00e9fono celular\"},{\"@type\":\"BreadcrumbList\",\"@id\":\"https:\/\/nevadawic.org\/es\/acerca-de-wic\/otros-servicios\/recursos-alternativos\/recursos-en-linea\/#breadcrumb\",\"itemListElement\":[{\"@type\":\"ListItem\",\"position\":1,\"name\":\"Inicio\",\"item\":\"https:\/\/nevadawic.org\/es\/\"},{\"@type\":\"ListItem\",\"position\":2,\"name\":\"Acerca de WIC\",\"item\":\"https:\/\/nevadawic.org\/es\/acerca-de-wic\/\"},{\"@type\":\"ListItem\",\"position\":3,\"name\":\"Otros servicios\",\"item\":\"https:\/\/nevadawic.org\/es\/about\/other-services\/\"},{\"@type\":\"ListItem\",\"position\":4,\"name\":\"Recursos Alternativos\",\"item\":\"https:\/\/nevadawic.org\/es\/about\/other-services\/alternative-resources\/\"},{\"@type\":\"ListItem\",\"position\":5,\"name\":\"Recursos en l\u00ednea\"}]},{\"@type\":\"WebSite\",\"@id\":\"https:\/\/nevadawic.org\/es\/#website\",\"url\":\"https:\/\/nevadawic.org\/es\/\",\"name\":\"Nevada WIC\",\"description\":\"\",\"publisher\":{\"@id\":\"https:\/\/nevadawic.org\/es\/#organization\"},\"potentialAction\":[{\"@type\":\"SearchAction\",\"target\":{\"@type\":\"EntryPoint\",\"urlTemplate\":\"https:\/\/nevadawic.org\/es\/?s={search_term_string}\"},\"query-input\":{\"@type\":\"PropertyValueSpecification\",\"valueRequired\":true,\"valueName\":\"search_term_string\"}}],\"inLanguage\":\"es\"},{\"@type\":\"Organization\",\"@id\":\"https:\/\/nevadawic.org\/es\/#organization\",\"name\":\"WIC de Nevada:\",\"url\":\"https:\/\/nevadawic.org\/es\/\",\"logo\":{\"@type\":\"ImageObject\",\"inLanguage\":\"es\",\"@id\":\"https:\/\/nevadawic.org\/es\/#\/schema\/logo\/image\/\",\"url\":\"https:\/\/nevadawic.org\/wp-content\/uploads\/2020\/07\/NV-Logo_Purple.jpg\",\"contentUrl\":\"https:\/\/nevadawic.org\/wp-content\/uploads\/2020\/07\/NV-Logo_Purple.jpg\",\"width\":970,\"height\":507,\"caption\":\"WIC de Nevada:\"},\"image\":{\"@id\":\"https:\/\/nevadawic.org\/es\/#\/schema\/logo\/image\/\"}}]}<\/script>\n<!-- \/ Yoast SEO plugin. -->","yoast_head_json":{"title":"Recursos en l\u00ednea - Nevada WIC","description":"Recursos en l\u00ednea Sitios Web Nacionales Temas de salud, de la A a la Z Centros para el Control y la Prevenci\u00f3n de Enfermedades (CDC). Kellymom","robots":{"index":"index","follow":"follow","max-snippet":"max-snippet:-1","max-image-preview":"max-image-preview:large","max-video-preview":"max-video-preview:-1"},"canonical":"https:\/\/nevadawic.org\/es\/acerca-de-wic\/otros-servicios\/recursos-alternativos\/recursos-en-linea\/","og_locale":"es_ES","og_type":"article","og_title":"Recursos en l\u00ednea - Nevada WIC","og_description":"Recursos en l\u00ednea Sitios Web Nacionales Temas de salud, de la A a la Z Centros para el Control y la Prevenci\u00f3n de Enfermedades (CDC). Kellymom","og_url":"https:\/\/nevadawic.org\/es\/acerca-de-wic\/otros-servicios\/recursos-alternativos\/recursos-en-linea\/","og_site_name":"Nevada WIC","article_modified_time":"2024-04-08T20:32:08+00:00","og_image":[{"url":"https:\/\/nevadawic.org\/wp-content\/uploads\/2020\/07\/nwic-og-image.jpg","type":"","width":"","height":""}],"twitter_card":"summary_large_image","twitter_misc":{"Tiempo de lectura":"2 minutos"},"schema":{"@context":"https:\/\/schema.org","@graph":[{"@type":"WebPage","@id":"https:\/\/nevadawic.org\/es\/acerca-de-wic\/otros-servicios\/recursos-alternativos\/recursos-en-linea\/","url":"https:\/\/nevadawic.org\/es\/acerca-de-wic\/otros-servicios\/recursos-alternativos\/recursos-en-linea\/","name":"Recursos en l\u00ednea - Nevada WIC","isPartOf":{"@id":"https:\/\/nevadawic.org\/es\/#website"},"primaryImageOfPage":{"@id":"https:\/\/nevadawic.org\/es\/acerca-de-wic\/otros-servicios\/recursos-alternativos\/recursos-en-linea\/#primaryimage"},"image":{"@id":"https:\/\/nevadawic.org\/es\/acerca-de-wic\/otros-servicios\/recursos-alternativos\/recursos-en-linea\/#primaryimage"},"thumbnailUrl":"https:\/\/nevadawic.org\/wp-content\/uploads\/2020\/05\/BabyNetworking-1-e1613781245926.jpg","datePublished":"2020-05-19T21:15:07+00:00","dateModified":"2024-04-08T20:32:08+00:00","description":"Recursos en l\u00ednea Sitios Web Nacionales Temas de salud, de la A a la Z Centros para el Control y la Prevenci\u00f3n de Enfermedades (CDC). Kellymom","breadcrumb":{"@id":"https:\/\/nevadawic.org\/es\/acerca-de-wic\/otros-servicios\/recursos-alternativos\/recursos-en-linea\/#breadcrumb"},"inLanguage":"es","potentialAction":[{"@type":"ReadAction","target":["https:\/\/nevadawic.org\/es\/acerca-de-wic\/otros-servicios\/recursos-alternativos\/recursos-en-linea\/"]}]},{"@type":"ImageObject","inLanguage":"es","@id":"https:\/\/nevadawic.org\/es\/acerca-de-wic\/otros-servicios\/recursos-alternativos\/recursos-en-linea\/#primaryimage","url":"https:\/\/nevadawic.org\/wp-content\/uploads\/2020\/05\/BabyNetworking-1-e1613781245926.jpg","contentUrl":"https:\/\/nevadawic.org\/wp-content\/uploads\/2020\/05\/BabyNetworking-1-e1613781245926.jpg","width":100,"height":67,"caption":"ni\u00f1a con una computadora port\u00e1til y un tel\u00e9fono celular"},{"@type":"BreadcrumbList","@id":"https:\/\/nevadawic.org\/es\/acerca-de-wic\/otros-servicios\/recursos-alternativos\/recursos-en-linea\/#breadcrumb","itemListElement":[{"@type":"ListItem","position":1,"name":"Inicio","item":"https:\/\/nevadawic.org\/es\/"},{"@type":"ListItem","position":2,"name":"Acerca de WIC","item":"https:\/\/nevadawic.org\/es\/acerca-de-wic\/"},{"@type":"ListItem","position":3,"name":"Otros servicios","item":"https:\/\/nevadawic.org\/es\/about\/other-services\/"},{"@type":"ListItem","position":4,"name":"Recursos Alternativos","item":"https:\/\/nevadawic.org\/es\/about\/other-services\/alternative-resources\/"},{"@type":"ListItem","position":5,"name":"Recursos en l\u00ednea"}]},{"@type":"WebSite","@id":"https:\/\/nevadawic.org\/es\/#website","url":"https:\/\/nevadawic.org\/es\/","name":"Nevada WIC","description":"","publisher":{"@id":"https:\/\/nevadawic.org\/es\/#organization"},"potentialAction":[{"@type":"SearchAction","target":{"@type":"EntryPoint","urlTemplate":"https:\/\/nevadawic.org\/es\/?s={search_term_string}"},"query-input":{"@type":"PropertyValueSpecification","valueRequired":true,"valueName":"search_term_string"}}],"inLanguage":"es"},{"@type":"Organization","@id":"https:\/\/nevadawic.org\/es\/#organization","name":"WIC de Nevada:","url":"https:\/\/nevadawic.org\/es\/","logo":{"@type":"ImageObject","inLanguage":"es","@id":"https:\/\/nevadawic.org\/es\/#\/schema\/logo\/image\/","url":"https:\/\/nevadawic.org\/wp-content\/uploads\/2020\/07\/NV-Logo_Purple.jpg","contentUrl":"https:\/\/nevadawic.org\/wp-content\/uploads\/2020\/07\/NV-Logo_Purple.jpg","width":970,"height":507,"caption":"WIC de Nevada:"},"image":{"@id":"https:\/\/nevadawic.org\/es\/#\/schema\/logo\/image\/"}}]}},"_links":{"self":[{"href":"https:\/\/nevadawic.org\/es\/wp-json\/wp\/v2\/pages\/28069","targetHints":{"allow":["GET"]}}],"collection":[{"href":"https:\/\/nevadawic.org\/es\/wp-json\/wp\/v2\/pages"}],"about":[{"href":"https:\/\/nevadawic.org\/es\/wp-json\/wp\/v2\/types\/page"}],"author":[{"embeddable":true,"href":"https:\/\/nevadawic.org\/es\/wp-json\/wp\/v2\/users\/7"}],"replies":[{"embeddable":true,"href":"https:\/\/nevadawic.org\/es\/wp-json\/wp\/v2\/comments?post=28069"}],"version-history":[{"count":11,"href":"https:\/\/nevadawic.org\/es\/wp-json\/wp\/v2\/pages\/28069\/revisions"}],"predecessor-version":[{"id":35192,"href":"https:\/\/nevadawic.org\/es\/wp-json\/wp\/v2\/pages\/28069\/revisions\/35192"}],"up":[{"embeddable":true,"href":"https:\/\/nevadawic.org\/es\/wp-json\/wp\/v2\/pages\/28067"}],"wp:featuredmedia":[{"embeddable":true,"href":"https:\/\/nevadawic.org\/es\/wp-json\/wp\/v2\/media\/24682"}],"wp:attachment":[{"href":"https:\/\/nevadawic.org\/es\/wp-json\/wp\/v2\/media?parent=28069"}],"curies":[{"name":"wp","href":"https:\/\/api.w.org\/{rel}","templated":true}]}}