{"id":28070,"date":"2020-05-19T14:39:50","date_gmt":"2020-05-19T21:39:50","guid":{"rendered":"https:\/\/nevadawic.org\/acerca-del-wic\/otros-servicios\/recursos-alternativos\/recursos-estatales\/"},"modified":"2025-10-20T09:05:11","modified_gmt":"2025-10-20T16:05:11","slug":"recursos-estatales","status":"publish","type":"page","link":"https:\/\/nevadawic.org\/es\/acerca-de-wic\/otros-servicios\/recursos-alternativos\/recursos-estatales\/","title":{"rendered":"Recursos Estatales"},"content":{"rendered":"<h1>Otros recursos: Bancos de comida y recursos de lactancia<\/h1>\n<p>En el evento en que ya no tiene beneficios de WIC o est\u00e1 buscando recursos alimentarios adicionales, favor de elegir la regi\u00f3n en que esta para buscar el banco de comida m\u00e1s cercana:<\/p>\n<p><a href=\"https:\/\/nevadawic.org\/wp-content\/uploads\/2025\/10\/Northern-Nevada-Food-Banks-SPA.pdf\">Bancos de Comida en el norte de Nevada<\/a><\/p>\n<ul>\n<li><a href=\"https:\/\/www.fbnn.org\/es\/gethelp\/foodfinder\/\">Localizadores de bancos de comida en el norte de Nevada<\/a><\/li>\n<\/ul>\n<p><a href=\"https:\/\/nevadawic.org\/wp-content\/uploads\/2025\/10\/Rural-Nevada-Food-Banks-SPA.pdf\">Bancos de Comida en ciudades rurales de Nevada<\/a><\/p>\n<p><a href=\"https:\/\/nevadawic.org\/wp-content\/uploads\/2025\/10\/Southern-Nevada-Food-Banks-Clark-County-SPA.pdf\">Bancos de Comida en el sur de Nevada (Clark County)<\/a><\/p>\n<ul>\n<li><a href=\"https:\/\/foodfinder.threesquare.org\/\">Localizadores de bancos de comida en el sur de Nevada<\/a><\/li>\n<\/ul>\n<p><a href=\"https:\/\/nevadawic.org\/wp-content\/uploads\/2025\/10\/Southern-Nevada-Food-Banks-SPA.pdf\">Bancos de Comida en el sur de Nevada (Nye County)<\/a><\/p>\n<ul>\n<li><a href=\"https:\/\/www.feedingamerica.org\/find-your-local-foodbank\">Localizadores de bancos de comida Feeding America<\/a><\/li>\n<\/ul>\n<h3>Lactancia<\/h3>\n<p><a href=\"https:\/\/nevadawic.org\/wp-content\/uploads\/2025\/10\/Nevada-Lactation-Resources-9.29.25-SPA-ADA.pdf\">Recursos de Lactancia de Nevada<\/a><\/p>\n<p><a href=\"https:\/\/nevadawic.org\/wp-content\/uploads\/2025\/10\/Apoyo-a-la-alimentacion-infantil-durante-un-desastre-o-emergencia-SPAN-ADA.pdf\">Apoyo a la alimentaci\u00f3n infantil durante un desastre o emergencia<\/a><\/p>\n<p><a href=\"https:\/\/nevadawic.org\/wp-content\/uploads\/2025\/10\/Breastfeeding-Help-for-Nevadans-final-DPBH-and-NVHA-PIO-Approved-080525-WIC-V2-Spanish.pdf\">Ayuda con la lactancia<\/a><\/p>\n<p><a href=\"https:\/\/nevadawic.org\/wp-content\/uploads\/2025\/10\/MCO-Pump-Information-FINAL-COMBO-2025-FINAL-V2-Spanish.pdf\">MCO- extractores de leche<\/a><\/p>\n<p><a href=\"https:\/\/www.nevada211.org\/\">Nevada 211<\/a><\/p>\n<h3>ACCESS NEVADA<\/h3>\n<p>Access Nevada es el portal \u00fanico para que los residentes del estado de Nevada puedan solicitar asistencia, informen de cambios en las circunstancias del hogar, verifiquen el estado de su caso, reciban comunicaciones en l\u00ednea y otras herramientas de administraci\u00f3n de cuentas.<\/p>\n<p><a href=\"https:\/\/accessnevada.dwss.nv.gov\/public\/landing-page\" target=\"_blank\" rel=\"noopener noreferrer\"><strong>Sitio Web<\/strong><\/a><\/p>\n<h3>SOBER MOMS, HEALTHY BABIES<\/h3>\n<p>El Programa de Salud Materna, Infantil y del Adolescente de Nevada y la Agencia de Prevenci\u00f3n y Tratamiento en casos de Abuso de Sustancias (SAPTA) ofrecen tratamientos y apoyo para ayudar a las mujeres embarazadas que luchan contra el consumo de alcohol y drogas. Si est\u00e1 embarazada y consume, se le considerar\u00e1 de m\u00e1xima prioridad en cualquier centro de tratamiento de Nevada.\u00a0 Si no est\u00e1 seguro del tratamiento que necesita, puede llamar al Centro de Llamadas en Casos de Crisis al 1-800-450-9530.<\/p>\n<p><strong><a href=\"https:\/\/sobermomshealthybabies.org\/\">Sitio Web<\/a><\/strong><\/p>\n<h3>NEVADA CHECK UP<\/h3>\n<p>Nevada Check Up (NCU) es el Programa de Seguro M\u00e9dico para Ni\u00f1os (CHIP) del estado de Nevada. CHIP se cre\u00f3 para dar acceso a un seguro m\u00e9dico econ\u00f3mico a los ni\u00f1os de familias de bajos ingresos.<\/p>\n<p><strong><a href=\"http:\/\/dhcfp.nv.gov\/Pgms\/CPT\/NevadaCheckUp\/NCUMAIN\/\" target=\"_blank\" rel=\"noopener noreferrer\">Sitio Web<\/a><\/strong><\/p>\n<h3>DEPARTAMENTO DE SALUD Y SERVICIOS HUMANOS DE NEVADA<\/h3>\n<p>Este sitio cuenta con una amplia gama de programas y servicios, algunos de los cuales se enumeran a continuaci\u00f3n por regi\u00f3n.<\/p>\n<p>\u00a1Las divisiones y los programas son un buen lugar para comenzar a buscar lo que necesita!<\/p>\n<p><b><a href=\"http:\/\/dhhs.nv.gov\/\" target=\"_blank\" rel=\"noopener noreferrer\">Sitio Web<\/a><\/b><\/p>\n<p>&nbsp;<\/p>\n","protected":false},"excerpt":{"rendered":"<p>Otros recursos: Bancos de comida y recursos de lactancia En el evento en que ya no tiene beneficios&hellip;<\/p>\n","protected":false},"author":7,"featured_media":24683,"parent":28067,"menu_order":1,"comment_status":"closed","ping_status":"closed","template":"","meta":{"_acf_changed":false,"protect_children":false,"footnotes":""},"class_list":["post-28070","page","type-page","status-publish","has-post-thumbnail","hentry"],"acf":[],"yoast_head":"<!-- This site is optimized with the Yoast SEO plugin v27.2 - https:\/\/yoast.com\/product\/yoast-seo-wordpress\/ -->\n<title>Recursos Estatales - Nevada WIC<\/title>\n<meta name=\"description\" content=\"Otros recursos: Bancos de comida y recursos de lactancia En el evento en que ya no tiene beneficios de WIC o est\u00e1 buscando recursos alimentarios\" \/>\n<meta name=\"robots\" content=\"index, follow, max-snippet:-1, max-image-preview:large, max-video-preview:-1\" \/>\n<link rel=\"canonical\" href=\"https:\/\/nevadawic.org\/es\/acerca-de-wic\/otros-servicios\/recursos-alternativos\/recursos-estatales\/\" \/>\n<meta property=\"og:locale\" content=\"es_ES\" \/>\n<meta property=\"og:type\" content=\"article\" \/>\n<meta property=\"og:title\" content=\"Recursos Estatales - Nevada WIC\" \/>\n<meta property=\"og:description\" content=\"Otros recursos: Bancos de comida y recursos de lactancia En el evento en que ya no tiene beneficios de WIC o est\u00e1 buscando recursos alimentarios\" \/>\n<meta property=\"og:url\" content=\"https:\/\/nevadawic.org\/es\/acerca-de-wic\/otros-servicios\/recursos-alternativos\/recursos-estatales\/\" \/>\n<meta property=\"og:site_name\" content=\"Nevada WIC\" \/>\n<meta property=\"article:modified_time\" content=\"2025-10-20T16:05:11+00:00\" \/>\n<meta property=\"og:image\" content=\"https:\/\/nevadawic.org\/wp-content\/uploads\/2020\/05\/5.jpg\" \/>\n\t<meta property=\"og:image:width\" content=\"944\" \/>\n\t<meta property=\"og:image:height\" content=\"360\" \/>\n\t<meta property=\"og:image:type\" content=\"image\/jpeg\" \/>\n<meta name=\"twitter:card\" content=\"summary_large_image\" \/>\n<meta name=\"twitter:label1\" content=\"Tiempo de lectura\" \/>\n\t<meta name=\"twitter:data1\" content=\"2 minutos\" \/>\n<script type=\"application\/ld+json\" class=\"yoast-schema-graph\">{\"@context\":\"https:\/\/schema.org\",\"@graph\":[{\"@type\":\"WebPage\",\"@id\":\"https:\/\/nevadawic.org\/es\/acerca-de-wic\/otros-servicios\/recursos-alternativos\/recursos-estatales\/\",\"url\":\"https:\/\/nevadawic.org\/es\/acerca-de-wic\/otros-servicios\/recursos-alternativos\/recursos-estatales\/\",\"name\":\"Recursos Estatales - Nevada WIC\",\"isPartOf\":{\"@id\":\"https:\/\/nevadawic.org\/es\/#website\"},\"primaryImageOfPage\":{\"@id\":\"https:\/\/nevadawic.org\/es\/acerca-de-wic\/otros-servicios\/recursos-alternativos\/recursos-estatales\/#primaryimage\"},\"image\":{\"@id\":\"https:\/\/nevadawic.org\/es\/acerca-de-wic\/otros-servicios\/recursos-alternativos\/recursos-estatales\/#primaryimage\"},\"thumbnailUrl\":\"https:\/\/nevadawic.org\/wp-content\/uploads\/2020\/05\/5.jpg\",\"datePublished\":\"2020-05-19T21:39:50+00:00\",\"dateModified\":\"2025-10-20T16:05:11+00:00\",\"description\":\"Otros recursos: Bancos de comida y recursos de lactancia En el evento en que ya no tiene beneficios de WIC o est\u00e1 buscando recursos alimentarios\",\"breadcrumb\":{\"@id\":\"https:\/\/nevadawic.org\/es\/acerca-de-wic\/otros-servicios\/recursos-alternativos\/recursos-estatales\/#breadcrumb\"},\"inLanguage\":\"es\",\"potentialAction\":[{\"@type\":\"ReadAction\",\"target\":[\"https:\/\/nevadawic.org\/es\/acerca-de-wic\/otros-servicios\/recursos-alternativos\/recursos-estatales\/\"]}]},{\"@type\":\"ImageObject\",\"inLanguage\":\"es\",\"@id\":\"https:\/\/nevadawic.org\/es\/acerca-de-wic\/otros-servicios\/recursos-alternativos\/recursos-estatales\/#primaryimage\",\"url\":\"https:\/\/nevadawic.org\/wp-content\/uploads\/2020\/05\/5.jpg\",\"contentUrl\":\"https:\/\/nevadawic.org\/wp-content\/uploads\/2020\/05\/5.jpg\",\"width\":944,\"height\":360},{\"@type\":\"BreadcrumbList\",\"@id\":\"https:\/\/nevadawic.org\/es\/acerca-de-wic\/otros-servicios\/recursos-alternativos\/recursos-estatales\/#breadcrumb\",\"itemListElement\":[{\"@type\":\"ListItem\",\"position\":1,\"name\":\"Inicio\",\"item\":\"https:\/\/nevadawic.org\/es\/\"},{\"@type\":\"ListItem\",\"position\":2,\"name\":\"Acerca de WIC\",\"item\":\"https:\/\/nevadawic.org\/es\/acerca-de-wic\/\"},{\"@type\":\"ListItem\",\"position\":3,\"name\":\"Otros servicios\",\"item\":\"https:\/\/nevadawic.org\/es\/about\/other-services\/\"},{\"@type\":\"ListItem\",\"position\":4,\"name\":\"Recursos Alternativos\",\"item\":\"https:\/\/nevadawic.org\/es\/about\/other-services\/alternative-resources\/\"},{\"@type\":\"ListItem\",\"position\":5,\"name\":\"Recursos Estatales\"}]},{\"@type\":\"WebSite\",\"@id\":\"https:\/\/nevadawic.org\/es\/#website\",\"url\":\"https:\/\/nevadawic.org\/es\/\",\"name\":\"Nevada WIC\",\"description\":\"\",\"publisher\":{\"@id\":\"https:\/\/nevadawic.org\/es\/#organization\"},\"potentialAction\":[{\"@type\":\"SearchAction\",\"target\":{\"@type\":\"EntryPoint\",\"urlTemplate\":\"https:\/\/nevadawic.org\/es\/?s={search_term_string}\"},\"query-input\":{\"@type\":\"PropertyValueSpecification\",\"valueRequired\":true,\"valueName\":\"search_term_string\"}}],\"inLanguage\":\"es\"},{\"@type\":\"Organization\",\"@id\":\"https:\/\/nevadawic.org\/es\/#organization\",\"name\":\"WIC de Nevada:\",\"url\":\"https:\/\/nevadawic.org\/es\/\",\"logo\":{\"@type\":\"ImageObject\",\"inLanguage\":\"es\",\"@id\":\"https:\/\/nevadawic.org\/es\/#\/schema\/logo\/image\/\",\"url\":\"https:\/\/nevadawic.org\/wp-content\/uploads\/2020\/07\/NV-Logo_Purple.jpg\",\"contentUrl\":\"https:\/\/nevadawic.org\/wp-content\/uploads\/2020\/07\/NV-Logo_Purple.jpg\",\"width\":970,\"height\":507,\"caption\":\"WIC de Nevada:\"},\"image\":{\"@id\":\"https:\/\/nevadawic.org\/es\/#\/schema\/logo\/image\/\"}}]}<\/script>\n<!-- \/ Yoast SEO plugin. -->","yoast_head_json":{"title":"Recursos Estatales - Nevada WIC","description":"Otros recursos: Bancos de comida y recursos de lactancia En el evento en que ya no tiene beneficios de WIC o est\u00e1 buscando recursos alimentarios","robots":{"index":"index","follow":"follow","max-snippet":"max-snippet:-1","max-image-preview":"max-image-preview:large","max-video-preview":"max-video-preview:-1"},"canonical":"https:\/\/nevadawic.org\/es\/acerca-de-wic\/otros-servicios\/recursos-alternativos\/recursos-estatales\/","og_locale":"es_ES","og_type":"article","og_title":"Recursos Estatales - Nevada WIC","og_description":"Otros recursos: Bancos de comida y recursos de lactancia En el evento en que ya no tiene beneficios de WIC o est\u00e1 buscando recursos alimentarios","og_url":"https:\/\/nevadawic.org\/es\/acerca-de-wic\/otros-servicios\/recursos-alternativos\/recursos-estatales\/","og_site_name":"Nevada WIC","article_modified_time":"2025-10-20T16:05:11+00:00","og_image":[{"width":944,"height":360,"url":"https:\/\/nevadawic.org\/wp-content\/uploads\/2020\/05\/5.jpg","type":"image\/jpeg"}],"twitter_card":"summary_large_image","twitter_misc":{"Tiempo de lectura":"2 minutos"},"schema":{"@context":"https:\/\/schema.org","@graph":[{"@type":"WebPage","@id":"https:\/\/nevadawic.org\/es\/acerca-de-wic\/otros-servicios\/recursos-alternativos\/recursos-estatales\/","url":"https:\/\/nevadawic.org\/es\/acerca-de-wic\/otros-servicios\/recursos-alternativos\/recursos-estatales\/","name":"Recursos Estatales - Nevada WIC","isPartOf":{"@id":"https:\/\/nevadawic.org\/es\/#website"},"primaryImageOfPage":{"@id":"https:\/\/nevadawic.org\/es\/acerca-de-wic\/otros-servicios\/recursos-alternativos\/recursos-estatales\/#primaryimage"},"image":{"@id":"https:\/\/nevadawic.org\/es\/acerca-de-wic\/otros-servicios\/recursos-alternativos\/recursos-estatales\/#primaryimage"},"thumbnailUrl":"https:\/\/nevadawic.org\/wp-content\/uploads\/2020\/05\/5.jpg","datePublished":"2020-05-19T21:39:50+00:00","dateModified":"2025-10-20T16:05:11+00:00","description":"Otros recursos: Bancos de comida y recursos de lactancia En el evento en que ya no tiene beneficios de WIC o est\u00e1 buscando recursos alimentarios","breadcrumb":{"@id":"https:\/\/nevadawic.org\/es\/acerca-de-wic\/otros-servicios\/recursos-alternativos\/recursos-estatales\/#breadcrumb"},"inLanguage":"es","potentialAction":[{"@type":"ReadAction","target":["https:\/\/nevadawic.org\/es\/acerca-de-wic\/otros-servicios\/recursos-alternativos\/recursos-estatales\/"]}]},{"@type":"ImageObject","inLanguage":"es","@id":"https:\/\/nevadawic.org\/es\/acerca-de-wic\/otros-servicios\/recursos-alternativos\/recursos-estatales\/#primaryimage","url":"https:\/\/nevadawic.org\/wp-content\/uploads\/2020\/05\/5.jpg","contentUrl":"https:\/\/nevadawic.org\/wp-content\/uploads\/2020\/05\/5.jpg","width":944,"height":360},{"@type":"BreadcrumbList","@id":"https:\/\/nevadawic.org\/es\/acerca-de-wic\/otros-servicios\/recursos-alternativos\/recursos-estatales\/#breadcrumb","itemListElement":[{"@type":"ListItem","position":1,"name":"Inicio","item":"https:\/\/nevadawic.org\/es\/"},{"@type":"ListItem","position":2,"name":"Acerca de WIC","item":"https:\/\/nevadawic.org\/es\/acerca-de-wic\/"},{"@type":"ListItem","position":3,"name":"Otros servicios","item":"https:\/\/nevadawic.org\/es\/about\/other-services\/"},{"@type":"ListItem","position":4,"name":"Recursos Alternativos","item":"https:\/\/nevadawic.org\/es\/about\/other-services\/alternative-resources\/"},{"@type":"ListItem","position":5,"name":"Recursos Estatales"}]},{"@type":"WebSite","@id":"https:\/\/nevadawic.org\/es\/#website","url":"https:\/\/nevadawic.org\/es\/","name":"Nevada WIC","description":"","publisher":{"@id":"https:\/\/nevadawic.org\/es\/#organization"},"potentialAction":[{"@type":"SearchAction","target":{"@type":"EntryPoint","urlTemplate":"https:\/\/nevadawic.org\/es\/?s={search_term_string}"},"query-input":{"@type":"PropertyValueSpecification","valueRequired":true,"valueName":"search_term_string"}}],"inLanguage":"es"},{"@type":"Organization","@id":"https:\/\/nevadawic.org\/es\/#organization","name":"WIC de Nevada:","url":"https:\/\/nevadawic.org\/es\/","logo":{"@type":"ImageObject","inLanguage":"es","@id":"https:\/\/nevadawic.org\/es\/#\/schema\/logo\/image\/","url":"https:\/\/nevadawic.org\/wp-content\/uploads\/2020\/07\/NV-Logo_Purple.jpg","contentUrl":"https:\/\/nevadawic.org\/wp-content\/uploads\/2020\/07\/NV-Logo_Purple.jpg","width":970,"height":507,"caption":"WIC de Nevada:"},"image":{"@id":"https:\/\/nevadawic.org\/es\/#\/schema\/logo\/image\/"}}]}},"_links":{"self":[{"href":"https:\/\/nevadawic.org\/es\/wp-json\/wp\/v2\/pages\/28070","targetHints":{"allow":["GET"]}}],"collection":[{"href":"https:\/\/nevadawic.org\/es\/wp-json\/wp\/v2\/pages"}],"about":[{"href":"https:\/\/nevadawic.org\/es\/wp-json\/wp\/v2\/types\/page"}],"author":[{"embeddable":true,"href":"https:\/\/nevadawic.org\/es\/wp-json\/wp\/v2\/users\/7"}],"replies":[{"embeddable":true,"href":"https:\/\/nevadawic.org\/es\/wp-json\/wp\/v2\/comments?post=28070"}],"version-history":[{"count":22,"href":"https:\/\/nevadawic.org\/es\/wp-json\/wp\/v2\/pages\/28070\/revisions"}],"predecessor-version":[{"id":40220,"href":"https:\/\/nevadawic.org\/es\/wp-json\/wp\/v2\/pages\/28070\/revisions\/40220"}],"up":[{"embeddable":true,"href":"https:\/\/nevadawic.org\/es\/wp-json\/wp\/v2\/pages\/28067"}],"wp:featuredmedia":[{"embeddable":true,"href":"https:\/\/nevadawic.org\/es\/wp-json\/wp\/v2\/media\/24683"}],"wp:attachment":[{"href":"https:\/\/nevadawic.org\/es\/wp-json\/wp\/v2\/media?parent=28070"}],"curies":[{"name":"wp","href":"https:\/\/api.w.org\/{rel}","templated":true}]}}