{"id":28071,"date":"2020-05-19T16:30:23","date_gmt":"2020-05-19T23:30:23","guid":{"rendered":"https:\/\/nevadawic.org\/acerca-del-wic\/otros-servicios\/recursos-alternativos\/norte-de-nevada\/"},"modified":"2024-03-21T10:14:39","modified_gmt":"2024-03-21T17:14:39","slug":"norte-de-nevada","status":"publish","type":"page","link":"https:\/\/nevadawic.org\/es\/acerca-de-wic\/otros-servicios\/recursos-alternativos\/norte-de-nevada\/","title":{"rendered":"Norte de Nevada"},"content":{"rendered":"<h3>SUBSIDIO PARA EL CUIDADO DE NI\u00d1OS Y OTROS SERVICIOS FAMILIARES<\/h3>\n<p><a href=\"https:\/\/www.childrenscabinet.org\/\"><strong>Children\u2019s Cabinet (oficina principal)<\/strong><\/a><br \/>\n1090 South Rock Blvd<br \/>\nReno, NV 89502<br \/>\n(775)\u00a0856-6200<br \/>\n(775) 856-6208 (fax)<\/p>\n<h3>OFICINA DE ASISTENCIA PARA SERVICOS DE ENERG\u00cdA<\/h3>\n<p><a href=\"https:\/\/dwss.nv.gov\/Energy\/2_Apply_for_Assistance\/\"><strong>EAP (Programa de Asistencia para Servicios de Energ\u00eda)<\/strong><\/a><br \/>\n2527 North Carson Street, Suite 260<br \/>\nCarson City, NV 89706<br \/>\n(775) 684-0730 (775) 684-0740 (fax)<br \/>\nTel\u00e9fono gratuito: (800) 992-0900<\/p>\n<h3>ASISTENCIA PARA LA VIVIENDA<\/h3>\n<p><strong><a href=\"http:\/\/www.renoha.org\/\">Reno Housing Authority<\/a><\/strong><br \/>\n1525 East Ninth Street<br \/>\nReno, Nevada 89512<br \/>\noficina: (775)\u00a0329-3630<br \/>\npor fax: (775)\u00a0 786-1712<br \/>\nTTY: (385)\u00a0770-7166<\/p>\n<p><a href=\"https:\/\/nvrural.org\/\"><strong>Nevada Rural Housing Authority<\/strong><\/a><br \/>\n3695 Desatoya Drive<br \/>\nCarson City, Nevada 89701<br \/>\nOficina: (775)\u00a0887-1795<br \/>\nFax: (775)\u00a0887-1798<br \/>\nTTY: (800) 545-1833 ext. 545<\/p>\n<h3>SERVICIOS LEGALES<\/h3>\n<p><a href=\"https:\/\/www.nnlegalaid.org\/\"><strong>Northen Nevada Legal Aid (NNLA)<\/strong><\/a><br \/>\n299 South Arlington Avenue<br \/>\nReno, NV 89501<br \/>\nTel\u00e9fono: (775)\u00a0329-2727<br \/>\nFax: (775)\u00a0227-9396<\/p>\n<h3>SERVICIOS DE BIENESTAR Y APOYO<\/h3>\n<p><a href=\"https:\/\/dwss.nv.gov\/\"><strong>Divisi\u00f3n de Servicios de Bienestar y Apoyo (DWSS)<\/strong><\/a><\/p>\n<p>Servicio general de atenci\u00f3n al cliente: (800) 992-0900\u00a0 \u00a0 \u00a0 \u00a0 \u00a0 \u00a0 \u00a0 \u00a0 \u00a0 \u00a0 \u00a0 \u00a0 \u00a0 \u00a0 \u00a0 \u00a0 \u00a0 \u00a0 \u00a0 \u00a0 \u00a0 \u00a0 \u00a0 \u00a0 \u00a0 \u00a0 \u00a0 \u00a0 \u00a0 \u00a0 \u00a0 \u00a0 TTY: (800) 326-6888<\/p>\n<h3>SERVICIOS DE INTERVENCI\u00d3N INFANTIL<\/h3>\n<p><a href=\"http:\/\/dhhs.nv.gov\/Programs\/IDEA\/Early_Intervention_Programs\/\"><strong>Servicios de Intervenci\u00f3n Temprana de Nevada (NEIS)<\/strong><\/a><\/p>\n<p>NEIS proporciona servicios a ni\u00f1os con retraso en el desarrollo o discapacidades desde el nacimiento hasta los tres a\u00f1os, y a sus familias. Las oficinas est\u00e1n localizadas por todo el norte de Nevada.<\/p>\n<p><a href=\"http:\/\/dhhs.nv.gov\/Programs\/IDEA\/ProjectASSIST\/\"><strong>PROJECT ASSIST<\/strong><\/a><\/p>\n<p>Project ASSIST es el directorio centralizado de recursos de intervenci\u00f3n temprana de Nevada para cualquier persona que est\u00e1 en b\u00fasqueda de informaci\u00f3n sobre recursos en forma de organizaciones, programas o agencias que pueden proporcionar servicios y apoyos para los ni\u00f1os con retrasos en el desarrollo o discapacidades y sus familias.<\/p>\n<p>Tel\u00e9fono: (800)\u00a0522-0066<\/p>\n<h3>ATENCI\u00d3N M\u00c9DICA PRENATAL Y POSNATAL<\/h3>\n<p><a href=\"https:\/\/www.carsontahoe.com\/momsclinic.html\"><strong>Mom\u2019s Clinic<\/strong><\/a><\/p>\n<p>El programa MOM&#8217;s (Gesti\u00f3n obst\u00e9trica materna) atiende a las mujeres durante todo el embarazo, as\u00ed como en el chequeo de seis semanas despu\u00e9s del nacimiento de su beb\u00e9.<\/p>\n<p>MOM&#8217;s Clinic en Carson Tahoe<br \/>\n1460 S Curry St<br \/>\nCarson City, Nevada 89703<br \/>\n(775)\u00a0445-7395<br \/>\n(775) 445-7400 (fax)<\/p>\n<h3>SOBER MOMS, HEALTHY BABIES<\/h3>\n<p><strong><a href=\"https:\/\/sobermomshealthybabies.org\/\">Sitio web<\/a><\/strong><\/p>\n<p>Sitio web con recursos para parejas embarazadas que buscan tratamiento por consumo de alcohol o drogas en Nevada. Si no est\u00e1 seguro del tratamiento que necesitar\u00e1, llame al Centro de Llamadas en Casos de Crisis al <strong><span style=\"text-decoration: underline;\">1-800-450-9530<\/span><\/strong>.<\/p>\n<p>&nbsp;<\/p>\n","protected":false},"excerpt":{"rendered":"<p>SUBSIDIO PARA EL CUIDADO DE NI\u00d1OS Y OTROS SERVICIOS FAMILIARES Children\u2019s Cabinet (oficina principal) 1090 South Rock Blvd&hellip;<\/p>\n","protected":false},"author":7,"featured_media":24410,"parent":28067,"menu_order":2,"comment_status":"closed","ping_status":"closed","template":"","meta":{"_acf_changed":false,"protect_children":false,"footnotes":""},"class_list":["post-28071","page","type-page","status-publish","has-post-thumbnail","hentry"],"acf":[],"yoast_head":"<!-- This site is optimized with the Yoast SEO plugin v27.2 - https:\/\/yoast.com\/product\/yoast-seo-wordpress\/ -->\n<title>Norte de Nevada - Nevada WIC<\/title>\n<meta name=\"description\" content=\"SUBSIDIO PARA EL CUIDADO DE NI\u00d1OS Y OTROS SERVICIOS FAMILIARES Children\u2019s Cabinet (oficina principal) 1090 South Rock Blvd Reno, NV 89502 (775)\u00a0856-6200\" \/>\n<meta name=\"robots\" content=\"index, follow, max-snippet:-1, max-image-preview:large, max-video-preview:-1\" \/>\n<link rel=\"canonical\" href=\"https:\/\/nevadawic.org\/es\/acerca-de-wic\/otros-servicios\/recursos-alternativos\/norte-de-nevada\/\" \/>\n<meta property=\"og:locale\" content=\"es_ES\" \/>\n<meta property=\"og:type\" content=\"article\" \/>\n<meta property=\"og:title\" content=\"Norte de Nevada - Nevada WIC\" \/>\n<meta property=\"og:description\" content=\"SUBSIDIO PARA EL CUIDADO DE NI\u00d1OS Y OTROS SERVICIOS FAMILIARES Children\u2019s Cabinet (oficina principal) 1090 South Rock Blvd Reno, NV 89502 (775)\u00a0856-6200\" \/>\n<meta property=\"og:url\" content=\"https:\/\/nevadawic.org\/es\/acerca-de-wic\/otros-servicios\/recursos-alternativos\/norte-de-nevada\/\" \/>\n<meta property=\"og:site_name\" content=\"Nevada WIC\" \/>\n<meta property=\"article:modified_time\" content=\"2024-03-21T17:14:39+00:00\" \/>\n<meta property=\"og:image\" content=\"https:\/\/nevadawic.org\/wp-content\/uploads\/2020\/02\/nwic-image-6.jpg\" \/>\n\t<meta property=\"og:image:width\" content=\"1466\" \/>\n\t<meta property=\"og:image:height\" content=\"929\" \/>\n\t<meta property=\"og:image:type\" content=\"image\/jpeg\" \/>\n<meta name=\"twitter:card\" content=\"summary_large_image\" \/>\n<meta name=\"twitter:label1\" content=\"Tiempo de lectura\" \/>\n\t<meta name=\"twitter:data1\" content=\"2 minutos\" \/>\n<script type=\"application\/ld+json\" class=\"yoast-schema-graph\">{\"@context\":\"https:\/\/schema.org\",\"@graph\":[{\"@type\":\"WebPage\",\"@id\":\"https:\/\/nevadawic.org\/es\/acerca-de-wic\/otros-servicios\/recursos-alternativos\/norte-de-nevada\/\",\"url\":\"https:\/\/nevadawic.org\/es\/acerca-de-wic\/otros-servicios\/recursos-alternativos\/norte-de-nevada\/\",\"name\":\"Norte de Nevada - Nevada WIC\",\"isPartOf\":{\"@id\":\"https:\/\/nevadawic.org\/es\/#website\"},\"primaryImageOfPage\":{\"@id\":\"https:\/\/nevadawic.org\/es\/acerca-de-wic\/otros-servicios\/recursos-alternativos\/norte-de-nevada\/#primaryimage\"},\"image\":{\"@id\":\"https:\/\/nevadawic.org\/es\/acerca-de-wic\/otros-servicios\/recursos-alternativos\/norte-de-nevada\/#primaryimage\"},\"thumbnailUrl\":\"https:\/\/nevadawic.org\/wp-content\/uploads\/2020\/02\/nwic-image-6.jpg\",\"datePublished\":\"2020-05-19T23:30:23+00:00\",\"dateModified\":\"2024-03-21T17:14:39+00:00\",\"description\":\"SUBSIDIO PARA EL CUIDADO DE NI\u00d1OS Y OTROS SERVICIOS FAMILIARES Children\u2019s Cabinet (oficina principal) 1090 South Rock Blvd Reno, NV 89502 (775)\u00a0856-6200\",\"breadcrumb\":{\"@id\":\"https:\/\/nevadawic.org\/es\/acerca-de-wic\/otros-servicios\/recursos-alternativos\/norte-de-nevada\/#breadcrumb\"},\"inLanguage\":\"es\",\"potentialAction\":[{\"@type\":\"ReadAction\",\"target\":[\"https:\/\/nevadawic.org\/es\/acerca-de-wic\/otros-servicios\/recursos-alternativos\/norte-de-nevada\/\"]}]},{\"@type\":\"ImageObject\",\"inLanguage\":\"es\",\"@id\":\"https:\/\/nevadawic.org\/es\/acerca-de-wic\/otros-servicios\/recursos-alternativos\/norte-de-nevada\/#primaryimage\",\"url\":\"https:\/\/nevadawic.org\/wp-content\/uploads\/2020\/02\/nwic-image-6.jpg\",\"contentUrl\":\"https:\/\/nevadawic.org\/wp-content\/uploads\/2020\/02\/nwic-image-6.jpg\",\"width\":1466,\"height\":929},{\"@type\":\"BreadcrumbList\",\"@id\":\"https:\/\/nevadawic.org\/es\/acerca-de-wic\/otros-servicios\/recursos-alternativos\/norte-de-nevada\/#breadcrumb\",\"itemListElement\":[{\"@type\":\"ListItem\",\"position\":1,\"name\":\"Inicio\",\"item\":\"https:\/\/nevadawic.org\/es\/\"},{\"@type\":\"ListItem\",\"position\":2,\"name\":\"Acerca de WIC\",\"item\":\"https:\/\/nevadawic.org\/es\/acerca-de-wic\/\"},{\"@type\":\"ListItem\",\"position\":3,\"name\":\"Otros servicios\",\"item\":\"https:\/\/nevadawic.org\/es\/about\/other-services\/\"},{\"@type\":\"ListItem\",\"position\":4,\"name\":\"Recursos Alternativos\",\"item\":\"https:\/\/nevadawic.org\/es\/about\/other-services\/alternative-resources\/\"},{\"@type\":\"ListItem\",\"position\":5,\"name\":\"Norte de Nevada\"}]},{\"@type\":\"WebSite\",\"@id\":\"https:\/\/nevadawic.org\/es\/#website\",\"url\":\"https:\/\/nevadawic.org\/es\/\",\"name\":\"Nevada WIC\",\"description\":\"\",\"publisher\":{\"@id\":\"https:\/\/nevadawic.org\/es\/#organization\"},\"potentialAction\":[{\"@type\":\"SearchAction\",\"target\":{\"@type\":\"EntryPoint\",\"urlTemplate\":\"https:\/\/nevadawic.org\/es\/?s={search_term_string}\"},\"query-input\":{\"@type\":\"PropertyValueSpecification\",\"valueRequired\":true,\"valueName\":\"search_term_string\"}}],\"inLanguage\":\"es\"},{\"@type\":\"Organization\",\"@id\":\"https:\/\/nevadawic.org\/es\/#organization\",\"name\":\"WIC de Nevada:\",\"url\":\"https:\/\/nevadawic.org\/es\/\",\"logo\":{\"@type\":\"ImageObject\",\"inLanguage\":\"es\",\"@id\":\"https:\/\/nevadawic.org\/es\/#\/schema\/logo\/image\/\",\"url\":\"https:\/\/nevadawic.org\/wp-content\/uploads\/2020\/07\/NV-Logo_Purple.jpg\",\"contentUrl\":\"https:\/\/nevadawic.org\/wp-content\/uploads\/2020\/07\/NV-Logo_Purple.jpg\",\"width\":970,\"height\":507,\"caption\":\"WIC de Nevada:\"},\"image\":{\"@id\":\"https:\/\/nevadawic.org\/es\/#\/schema\/logo\/image\/\"}}]}<\/script>\n<!-- \/ Yoast SEO plugin. -->","yoast_head_json":{"title":"Norte de Nevada - Nevada WIC","description":"SUBSIDIO PARA EL CUIDADO DE NI\u00d1OS Y OTROS SERVICIOS FAMILIARES Children\u2019s Cabinet (oficina principal) 1090 South Rock Blvd Reno, NV 89502 (775)\u00a0856-6200","robots":{"index":"index","follow":"follow","max-snippet":"max-snippet:-1","max-image-preview":"max-image-preview:large","max-video-preview":"max-video-preview:-1"},"canonical":"https:\/\/nevadawic.org\/es\/acerca-de-wic\/otros-servicios\/recursos-alternativos\/norte-de-nevada\/","og_locale":"es_ES","og_type":"article","og_title":"Norte de Nevada - Nevada WIC","og_description":"SUBSIDIO PARA EL CUIDADO DE NI\u00d1OS Y OTROS SERVICIOS FAMILIARES Children\u2019s Cabinet (oficina principal) 1090 South Rock Blvd Reno, NV 89502 (775)\u00a0856-6200","og_url":"https:\/\/nevadawic.org\/es\/acerca-de-wic\/otros-servicios\/recursos-alternativos\/norte-de-nevada\/","og_site_name":"Nevada WIC","article_modified_time":"2024-03-21T17:14:39+00:00","og_image":[{"width":1466,"height":929,"url":"https:\/\/nevadawic.org\/wp-content\/uploads\/2020\/02\/nwic-image-6.jpg","type":"image\/jpeg"}],"twitter_card":"summary_large_image","twitter_misc":{"Tiempo de lectura":"2 minutos"},"schema":{"@context":"https:\/\/schema.org","@graph":[{"@type":"WebPage","@id":"https:\/\/nevadawic.org\/es\/acerca-de-wic\/otros-servicios\/recursos-alternativos\/norte-de-nevada\/","url":"https:\/\/nevadawic.org\/es\/acerca-de-wic\/otros-servicios\/recursos-alternativos\/norte-de-nevada\/","name":"Norte de Nevada - Nevada WIC","isPartOf":{"@id":"https:\/\/nevadawic.org\/es\/#website"},"primaryImageOfPage":{"@id":"https:\/\/nevadawic.org\/es\/acerca-de-wic\/otros-servicios\/recursos-alternativos\/norte-de-nevada\/#primaryimage"},"image":{"@id":"https:\/\/nevadawic.org\/es\/acerca-de-wic\/otros-servicios\/recursos-alternativos\/norte-de-nevada\/#primaryimage"},"thumbnailUrl":"https:\/\/nevadawic.org\/wp-content\/uploads\/2020\/02\/nwic-image-6.jpg","datePublished":"2020-05-19T23:30:23+00:00","dateModified":"2024-03-21T17:14:39+00:00","description":"SUBSIDIO PARA EL CUIDADO DE NI\u00d1OS Y OTROS SERVICIOS FAMILIARES Children\u2019s Cabinet (oficina principal) 1090 South Rock Blvd Reno, NV 89502 (775)\u00a0856-6200","breadcrumb":{"@id":"https:\/\/nevadawic.org\/es\/acerca-de-wic\/otros-servicios\/recursos-alternativos\/norte-de-nevada\/#breadcrumb"},"inLanguage":"es","potentialAction":[{"@type":"ReadAction","target":["https:\/\/nevadawic.org\/es\/acerca-de-wic\/otros-servicios\/recursos-alternativos\/norte-de-nevada\/"]}]},{"@type":"ImageObject","inLanguage":"es","@id":"https:\/\/nevadawic.org\/es\/acerca-de-wic\/otros-servicios\/recursos-alternativos\/norte-de-nevada\/#primaryimage","url":"https:\/\/nevadawic.org\/wp-content\/uploads\/2020\/02\/nwic-image-6.jpg","contentUrl":"https:\/\/nevadawic.org\/wp-content\/uploads\/2020\/02\/nwic-image-6.jpg","width":1466,"height":929},{"@type":"BreadcrumbList","@id":"https:\/\/nevadawic.org\/es\/acerca-de-wic\/otros-servicios\/recursos-alternativos\/norte-de-nevada\/#breadcrumb","itemListElement":[{"@type":"ListItem","position":1,"name":"Inicio","item":"https:\/\/nevadawic.org\/es\/"},{"@type":"ListItem","position":2,"name":"Acerca de WIC","item":"https:\/\/nevadawic.org\/es\/acerca-de-wic\/"},{"@type":"ListItem","position":3,"name":"Otros servicios","item":"https:\/\/nevadawic.org\/es\/about\/other-services\/"},{"@type":"ListItem","position":4,"name":"Recursos Alternativos","item":"https:\/\/nevadawic.org\/es\/about\/other-services\/alternative-resources\/"},{"@type":"ListItem","position":5,"name":"Norte de Nevada"}]},{"@type":"WebSite","@id":"https:\/\/nevadawic.org\/es\/#website","url":"https:\/\/nevadawic.org\/es\/","name":"Nevada WIC","description":"","publisher":{"@id":"https:\/\/nevadawic.org\/es\/#organization"},"potentialAction":[{"@type":"SearchAction","target":{"@type":"EntryPoint","urlTemplate":"https:\/\/nevadawic.org\/es\/?s={search_term_string}"},"query-input":{"@type":"PropertyValueSpecification","valueRequired":true,"valueName":"search_term_string"}}],"inLanguage":"es"},{"@type":"Organization","@id":"https:\/\/nevadawic.org\/es\/#organization","name":"WIC de Nevada:","url":"https:\/\/nevadawic.org\/es\/","logo":{"@type":"ImageObject","inLanguage":"es","@id":"https:\/\/nevadawic.org\/es\/#\/schema\/logo\/image\/","url":"https:\/\/nevadawic.org\/wp-content\/uploads\/2020\/07\/NV-Logo_Purple.jpg","contentUrl":"https:\/\/nevadawic.org\/wp-content\/uploads\/2020\/07\/NV-Logo_Purple.jpg","width":970,"height":507,"caption":"WIC de Nevada:"},"image":{"@id":"https:\/\/nevadawic.org\/es\/#\/schema\/logo\/image\/"}}]}},"_links":{"self":[{"href":"https:\/\/nevadawic.org\/es\/wp-json\/wp\/v2\/pages\/28071","targetHints":{"allow":["GET"]}}],"collection":[{"href":"https:\/\/nevadawic.org\/es\/wp-json\/wp\/v2\/pages"}],"about":[{"href":"https:\/\/nevadawic.org\/es\/wp-json\/wp\/v2\/types\/page"}],"author":[{"embeddable":true,"href":"https:\/\/nevadawic.org\/es\/wp-json\/wp\/v2\/users\/7"}],"replies":[{"embeddable":true,"href":"https:\/\/nevadawic.org\/es\/wp-json\/wp\/v2\/comments?post=28071"}],"version-history":[{"count":10,"href":"https:\/\/nevadawic.org\/es\/wp-json\/wp\/v2\/pages\/28071\/revisions"}],"predecessor-version":[{"id":34232,"href":"https:\/\/nevadawic.org\/es\/wp-json\/wp\/v2\/pages\/28071\/revisions\/34232"}],"up":[{"embeddable":true,"href":"https:\/\/nevadawic.org\/es\/wp-json\/wp\/v2\/pages\/28067"}],"wp:featuredmedia":[{"embeddable":true,"href":"https:\/\/nevadawic.org\/es\/wp-json\/wp\/v2\/media\/24410"}],"wp:attachment":[{"href":"https:\/\/nevadawic.org\/es\/wp-json\/wp\/v2\/media?parent=28071"}],"curies":[{"name":"wp","href":"https:\/\/api.w.org\/{rel}","templated":true}]}}