{"id":28072,"date":"2020-05-20T10:09:06","date_gmt":"2020-05-20T17:09:06","guid":{"rendered":"https:\/\/nevadawic.org\/acerca-del-wic\/otros-servicios\/recursos-alternativos\/sur-de-nevada\/"},"modified":"2025-06-02T12:20:56","modified_gmt":"2025-06-02T19:20:56","slug":"sur-de-nevada","status":"publish","type":"page","link":"https:\/\/nevadawic.org\/es\/acerca-de-wic\/otros-servicios\/recursos-alternativos\/sur-de-nevada\/","title":{"rendered":"Sur de Nevada"},"content":{"rendered":"<h3>PROGRAMA DE SUBSIDIO PARA EL CUIDADO DE NI\u00d1OS<\/h3>\n<p><a href=\"http:\/\/childcarelv.org\/en\/about\"><strong>Programa de conexi\u00f3n con la primera infancia de Las Vegas Urban League<\/strong><\/a><br \/>\n2470 North Decatur Blvd, Suite 150<br \/>\nLas Vegas, NV\u00a089108<br \/>\n(702)\u00a0473-9400<\/p>\n<h3>OFICINA DE ASISTENCIA PARA SERVICIOS DE ENERG\u00cdA<\/h3>\n<p><a href=\"https:\/\/dwss.nv.gov\/Energy\/1_Energy_Assistance\/\"><strong>EAP (Programa de Asistencia para Servicios de Energ\u00eda)<\/strong><\/a><br \/>\n3330 Flamingo Road, Suite 55<br \/>\nLas Vegas NV, 89121<br \/>\n(702) 486-1404 (702) 486-1441 (fax)<br \/>\nTel\u00e9fono gratuito: (800) 992-0900<\/p>\n<h3>ASISTENCIA PARA LA VIVIENDA<\/h3>\n<p><a href=\"https:\/\/www.snvrha.org\/\"><strong>Southern Nevada Regional Housing Authority<\/strong><\/a><br \/>\nOficina de admisiones<br \/>\n5390 E Flamingo Road<br \/>\n<i>Las Vegas, NV 89122<\/i><br \/>\nOficina: (702) 477-3100, opci\u00f3n 2<br \/>\nTTY: (702)\u00a0387-1898<\/p>\n<h3>SERVICIOS LEGALES<\/h3>\n<p><a href=\"https:\/\/www.lacsn.org\/\"><strong>Legal Aid Center of Southern Nevada<\/strong><\/a><br \/>\n725 E Charleston Blvd.<br \/>\nLas Vegas, Nevada 89104<br \/>\nTel: (702)\u00a0386-1070<br \/>\nFax: (702)\u00a0366-0569<br \/>\nTDD: (702)\u00a0386-1059<\/p>\n<h3>DIVISI\u00d3N DE BIENESTAR Y SERVICIOS DE APOYO DE NEVADA<\/h3>\n<p><a href=\"https:\/\/dwss.nv.gov\/\"><strong>Sitio web de informaci\u00f3n y recursos a nivel estatal<\/strong><\/a><\/p>\n<p><a href=\"https:\/\/dwss.nv.gov\/Contact\/Welfare_District_Offices-South\/\"><strong>Varias oficinas de distrito<\/strong><\/a><\/p>\n<h3>ASISTENCIA M\u00c9DICA<\/h3>\n<p><a href=\"https:\/\/www.accesstohealthcare.org\/\"><strong>Access to Healthcare Network<\/strong><\/a><br \/>\n3085 E Flamingo Rd., Suite A<br \/>\nLas Vegas NV, 89121<br \/>\n(702)\u00a0489-3400<\/p>\n<h3>SOBER MOMS, HEALTHY BABIES<\/h3>\n<p><strong><a href=\"https:\/\/sobermomshealthybabies.org\/\">Sitio web<\/a><\/strong><\/p>\n<p>Sitio web con recursos para parejas embarazadas que buscan tratamiento por consumo de alcohol o drogas en Nevada. Si no est\u00e1 seguro del tratamiento que necesitar\u00e1, llame al Centro de Llamadas en Casos de Crisis al <strong><span style=\"text-decoration: underline;\">1-800-450-9530<\/span><\/strong>.<\/p>\n<h3>TRANSPORTACI\u00d3N<\/h3>\n<p><strong><a href=\"https:\/\/www.rtcsnv.com\/ways-to-travel\/fares-passes\/reduced-fare\/\">Sitio web<\/a><\/strong><\/p>\n<p>La Comisi\u00f3n Regional de Transporte (RTC) ofrece tarifas del 50% a las familias de WIC de Nevada que viven en el condado de Clark que cumplan con los siguientes requisitos:<\/p>\n<ul>\n<li>Tener una identificaci\u00f3n emitida por el gobierno<\/li>\n<li>Ser miembro de una familia de WIC<\/li>\n<\/ul>\n<p>Todo lo que necesitar\u00e1 es registrarse en l\u00ednea en el sitio web de RTC y solicitar una Verificaci\u00f3n o Certificaci\u00f3n (VOC) o un Documento de Firma General de su cl\u00ednica WIC.<\/p>\n<p>Reg\u00edstrese en l\u00ednea o en persona en el <a href=\"https:\/\/www.google.com\/maps\/place\/RTC+Bike+Center\/@36.164459,-115.1508637,17z\/data=!4m12!1m6!3m5!1s0x80c8c39967db789d:0x6bde52f860e6851d!2sBonneville+Transit+Center!8m2!3d36.164459!4d-115.148675!3m4!1s0x80c8c3996a74c10d:0xbb065aec474ca0f2!8m2!3d36.1646855!4d-115.1491039\">Centro de Tr\u00e1nsito de Bonneville<\/a> ubicado en la esquina suroeste de Casino Center Boulevard en <a href=\"https:\/\/www.google.com\/maps\/place\/RTC+Bike+Center\/@36.164459,-115.1508637,17z\/data=!4m12!1m6!3m5!1s0x80c8c39967db789d:0x6bde52f860e6851d!2sBonneville+Transit+Center!8m2!3d36.164459!4d-115.148675!3m4!1s0x80c8c3996a74c10d:0xbb065aec474ca0f2!8m2!3d36.1646855!4d-115.1491039\">101 E. Bonneville Avenue <\/a>o en la ventanilla de atenci\u00f3n al cliente del primer piso del edificio de administraci\u00f3n de RTC en <a href=\"https:\/\/maps.app.goo.gl\/RmSwUpaaGqEL1PFA6\">600 S Grand Central Pkwy # 350, Las Vegas, NV 89106<\/a>.<\/p>\n","protected":false},"excerpt":{"rendered":"<p>PROGRAMA DE SUBSIDIO PARA EL CUIDADO DE NI\u00d1OS Programa de conexi\u00f3n con la primera infancia de Las Vegas&hellip;<\/p>\n","protected":false},"author":7,"featured_media":24410,"parent":28067,"menu_order":3,"comment_status":"closed","ping_status":"closed","template":"","meta":{"_acf_changed":false,"protect_children":false,"footnotes":""},"class_list":["post-28072","page","type-page","status-publish","has-post-thumbnail","hentry"],"acf":[],"yoast_head":"<!-- This site is optimized with the Yoast SEO plugin v27.2 - https:\/\/yoast.com\/product\/yoast-seo-wordpress\/ -->\n<title>Sur de Nevada - Nevada WIC<\/title>\n<meta name=\"description\" content=\"PROGRAMA DE SUBSIDIO PARA EL CUIDADO DE NI\u00d1OS Programa de conexi\u00f3n con la primera infancia de Las Vegas Urban League 2470 North Decatur Blvd, Suite 150\" \/>\n<meta name=\"robots\" content=\"index, follow, max-snippet:-1, max-image-preview:large, max-video-preview:-1\" \/>\n<link rel=\"canonical\" href=\"https:\/\/nevadawic.org\/es\/acerca-de-wic\/otros-servicios\/recursos-alternativos\/sur-de-nevada\/\" \/>\n<meta property=\"og:locale\" content=\"es_ES\" \/>\n<meta property=\"og:type\" content=\"article\" \/>\n<meta property=\"og:title\" content=\"Sur de Nevada - Nevada WIC\" \/>\n<meta property=\"og:description\" content=\"PROGRAMA DE SUBSIDIO PARA EL CUIDADO DE NI\u00d1OS Programa de conexi\u00f3n con la primera infancia de Las Vegas Urban League 2470 North Decatur Blvd, Suite 150\" \/>\n<meta property=\"og:url\" content=\"https:\/\/nevadawic.org\/es\/acerca-de-wic\/otros-servicios\/recursos-alternativos\/sur-de-nevada\/\" \/>\n<meta property=\"og:site_name\" content=\"Nevada WIC\" \/>\n<meta property=\"article:modified_time\" content=\"2025-06-02T19:20:56+00:00\" \/>\n<meta property=\"og:image\" content=\"https:\/\/nevadawic.org\/wp-content\/uploads\/2020\/02\/nwic-image-6.jpg\" \/>\n\t<meta property=\"og:image:width\" content=\"1466\" \/>\n\t<meta property=\"og:image:height\" content=\"929\" \/>\n\t<meta property=\"og:image:type\" content=\"image\/jpeg\" \/>\n<meta name=\"twitter:card\" content=\"summary_large_image\" \/>\n<meta name=\"twitter:label1\" content=\"Tiempo de lectura\" \/>\n\t<meta name=\"twitter:data1\" content=\"2 minutos\" \/>\n<script type=\"application\/ld+json\" class=\"yoast-schema-graph\">{\"@context\":\"https:\/\/schema.org\",\"@graph\":[{\"@type\":\"WebPage\",\"@id\":\"https:\/\/nevadawic.org\/es\/acerca-de-wic\/otros-servicios\/recursos-alternativos\/sur-de-nevada\/\",\"url\":\"https:\/\/nevadawic.org\/es\/acerca-de-wic\/otros-servicios\/recursos-alternativos\/sur-de-nevada\/\",\"name\":\"Sur de Nevada - Nevada WIC\",\"isPartOf\":{\"@id\":\"https:\/\/nevadawic.org\/es\/#website\"},\"primaryImageOfPage\":{\"@id\":\"https:\/\/nevadawic.org\/es\/acerca-de-wic\/otros-servicios\/recursos-alternativos\/sur-de-nevada\/#primaryimage\"},\"image\":{\"@id\":\"https:\/\/nevadawic.org\/es\/acerca-de-wic\/otros-servicios\/recursos-alternativos\/sur-de-nevada\/#primaryimage\"},\"thumbnailUrl\":\"https:\/\/nevadawic.org\/wp-content\/uploads\/2020\/02\/nwic-image-6.jpg\",\"datePublished\":\"2020-05-20T17:09:06+00:00\",\"dateModified\":\"2025-06-02T19:20:56+00:00\",\"description\":\"PROGRAMA DE SUBSIDIO PARA EL CUIDADO DE NI\u00d1OS Programa de conexi\u00f3n con la primera infancia de Las Vegas Urban League 2470 North Decatur Blvd, Suite 150\",\"breadcrumb\":{\"@id\":\"https:\/\/nevadawic.org\/es\/acerca-de-wic\/otros-servicios\/recursos-alternativos\/sur-de-nevada\/#breadcrumb\"},\"inLanguage\":\"es\",\"potentialAction\":[{\"@type\":\"ReadAction\",\"target\":[\"https:\/\/nevadawic.org\/es\/acerca-de-wic\/otros-servicios\/recursos-alternativos\/sur-de-nevada\/\"]}]},{\"@type\":\"ImageObject\",\"inLanguage\":\"es\",\"@id\":\"https:\/\/nevadawic.org\/es\/acerca-de-wic\/otros-servicios\/recursos-alternativos\/sur-de-nevada\/#primaryimage\",\"url\":\"https:\/\/nevadawic.org\/wp-content\/uploads\/2020\/02\/nwic-image-6.jpg\",\"contentUrl\":\"https:\/\/nevadawic.org\/wp-content\/uploads\/2020\/02\/nwic-image-6.jpg\",\"width\":1466,\"height\":929},{\"@type\":\"BreadcrumbList\",\"@id\":\"https:\/\/nevadawic.org\/es\/acerca-de-wic\/otros-servicios\/recursos-alternativos\/sur-de-nevada\/#breadcrumb\",\"itemListElement\":[{\"@type\":\"ListItem\",\"position\":1,\"name\":\"Inicio\",\"item\":\"https:\/\/nevadawic.org\/es\/\"},{\"@type\":\"ListItem\",\"position\":2,\"name\":\"Acerca de WIC\",\"item\":\"https:\/\/nevadawic.org\/es\/acerca-de-wic\/\"},{\"@type\":\"ListItem\",\"position\":3,\"name\":\"Otros servicios\",\"item\":\"https:\/\/nevadawic.org\/es\/about\/other-services\/\"},{\"@type\":\"ListItem\",\"position\":4,\"name\":\"Recursos Alternativos\",\"item\":\"https:\/\/nevadawic.org\/es\/about\/other-services\/alternative-resources\/\"},{\"@type\":\"ListItem\",\"position\":5,\"name\":\"Sur de Nevada\"}]},{\"@type\":\"WebSite\",\"@id\":\"https:\/\/nevadawic.org\/es\/#website\",\"url\":\"https:\/\/nevadawic.org\/es\/\",\"name\":\"Nevada WIC\",\"description\":\"\",\"publisher\":{\"@id\":\"https:\/\/nevadawic.org\/es\/#organization\"},\"potentialAction\":[{\"@type\":\"SearchAction\",\"target\":{\"@type\":\"EntryPoint\",\"urlTemplate\":\"https:\/\/nevadawic.org\/es\/?s={search_term_string}\"},\"query-input\":{\"@type\":\"PropertyValueSpecification\",\"valueRequired\":true,\"valueName\":\"search_term_string\"}}],\"inLanguage\":\"es\"},{\"@type\":\"Organization\",\"@id\":\"https:\/\/nevadawic.org\/es\/#organization\",\"name\":\"WIC de Nevada:\",\"url\":\"https:\/\/nevadawic.org\/es\/\",\"logo\":{\"@type\":\"ImageObject\",\"inLanguage\":\"es\",\"@id\":\"https:\/\/nevadawic.org\/es\/#\/schema\/logo\/image\/\",\"url\":\"https:\/\/nevadawic.org\/wp-content\/uploads\/2020\/07\/NV-Logo_Purple.jpg\",\"contentUrl\":\"https:\/\/nevadawic.org\/wp-content\/uploads\/2020\/07\/NV-Logo_Purple.jpg\",\"width\":970,\"height\":507,\"caption\":\"WIC de Nevada:\"},\"image\":{\"@id\":\"https:\/\/nevadawic.org\/es\/#\/schema\/logo\/image\/\"}}]}<\/script>\n<!-- \/ Yoast SEO plugin. -->","yoast_head_json":{"title":"Sur de Nevada - Nevada WIC","description":"PROGRAMA DE SUBSIDIO PARA EL CUIDADO DE NI\u00d1OS Programa de conexi\u00f3n con la primera infancia de Las Vegas Urban League 2470 North Decatur Blvd, Suite 150","robots":{"index":"index","follow":"follow","max-snippet":"max-snippet:-1","max-image-preview":"max-image-preview:large","max-video-preview":"max-video-preview:-1"},"canonical":"https:\/\/nevadawic.org\/es\/acerca-de-wic\/otros-servicios\/recursos-alternativos\/sur-de-nevada\/","og_locale":"es_ES","og_type":"article","og_title":"Sur de Nevada - Nevada WIC","og_description":"PROGRAMA DE SUBSIDIO PARA EL CUIDADO DE NI\u00d1OS Programa de conexi\u00f3n con la primera infancia de Las Vegas Urban League 2470 North Decatur Blvd, Suite 150","og_url":"https:\/\/nevadawic.org\/es\/acerca-de-wic\/otros-servicios\/recursos-alternativos\/sur-de-nevada\/","og_site_name":"Nevada WIC","article_modified_time":"2025-06-02T19:20:56+00:00","og_image":[{"width":1466,"height":929,"url":"https:\/\/nevadawic.org\/wp-content\/uploads\/2020\/02\/nwic-image-6.jpg","type":"image\/jpeg"}],"twitter_card":"summary_large_image","twitter_misc":{"Tiempo de lectura":"2 minutos"},"schema":{"@context":"https:\/\/schema.org","@graph":[{"@type":"WebPage","@id":"https:\/\/nevadawic.org\/es\/acerca-de-wic\/otros-servicios\/recursos-alternativos\/sur-de-nevada\/","url":"https:\/\/nevadawic.org\/es\/acerca-de-wic\/otros-servicios\/recursos-alternativos\/sur-de-nevada\/","name":"Sur de Nevada - Nevada WIC","isPartOf":{"@id":"https:\/\/nevadawic.org\/es\/#website"},"primaryImageOfPage":{"@id":"https:\/\/nevadawic.org\/es\/acerca-de-wic\/otros-servicios\/recursos-alternativos\/sur-de-nevada\/#primaryimage"},"image":{"@id":"https:\/\/nevadawic.org\/es\/acerca-de-wic\/otros-servicios\/recursos-alternativos\/sur-de-nevada\/#primaryimage"},"thumbnailUrl":"https:\/\/nevadawic.org\/wp-content\/uploads\/2020\/02\/nwic-image-6.jpg","datePublished":"2020-05-20T17:09:06+00:00","dateModified":"2025-06-02T19:20:56+00:00","description":"PROGRAMA DE SUBSIDIO PARA EL CUIDADO DE NI\u00d1OS Programa de conexi\u00f3n con la primera infancia de Las Vegas Urban League 2470 North Decatur Blvd, Suite 150","breadcrumb":{"@id":"https:\/\/nevadawic.org\/es\/acerca-de-wic\/otros-servicios\/recursos-alternativos\/sur-de-nevada\/#breadcrumb"},"inLanguage":"es","potentialAction":[{"@type":"ReadAction","target":["https:\/\/nevadawic.org\/es\/acerca-de-wic\/otros-servicios\/recursos-alternativos\/sur-de-nevada\/"]}]},{"@type":"ImageObject","inLanguage":"es","@id":"https:\/\/nevadawic.org\/es\/acerca-de-wic\/otros-servicios\/recursos-alternativos\/sur-de-nevada\/#primaryimage","url":"https:\/\/nevadawic.org\/wp-content\/uploads\/2020\/02\/nwic-image-6.jpg","contentUrl":"https:\/\/nevadawic.org\/wp-content\/uploads\/2020\/02\/nwic-image-6.jpg","width":1466,"height":929},{"@type":"BreadcrumbList","@id":"https:\/\/nevadawic.org\/es\/acerca-de-wic\/otros-servicios\/recursos-alternativos\/sur-de-nevada\/#breadcrumb","itemListElement":[{"@type":"ListItem","position":1,"name":"Inicio","item":"https:\/\/nevadawic.org\/es\/"},{"@type":"ListItem","position":2,"name":"Acerca de WIC","item":"https:\/\/nevadawic.org\/es\/acerca-de-wic\/"},{"@type":"ListItem","position":3,"name":"Otros servicios","item":"https:\/\/nevadawic.org\/es\/about\/other-services\/"},{"@type":"ListItem","position":4,"name":"Recursos Alternativos","item":"https:\/\/nevadawic.org\/es\/about\/other-services\/alternative-resources\/"},{"@type":"ListItem","position":5,"name":"Sur de Nevada"}]},{"@type":"WebSite","@id":"https:\/\/nevadawic.org\/es\/#website","url":"https:\/\/nevadawic.org\/es\/","name":"Nevada WIC","description":"","publisher":{"@id":"https:\/\/nevadawic.org\/es\/#organization"},"potentialAction":[{"@type":"SearchAction","target":{"@type":"EntryPoint","urlTemplate":"https:\/\/nevadawic.org\/es\/?s={search_term_string}"},"query-input":{"@type":"PropertyValueSpecification","valueRequired":true,"valueName":"search_term_string"}}],"inLanguage":"es"},{"@type":"Organization","@id":"https:\/\/nevadawic.org\/es\/#organization","name":"WIC de Nevada:","url":"https:\/\/nevadawic.org\/es\/","logo":{"@type":"ImageObject","inLanguage":"es","@id":"https:\/\/nevadawic.org\/es\/#\/schema\/logo\/image\/","url":"https:\/\/nevadawic.org\/wp-content\/uploads\/2020\/07\/NV-Logo_Purple.jpg","contentUrl":"https:\/\/nevadawic.org\/wp-content\/uploads\/2020\/07\/NV-Logo_Purple.jpg","width":970,"height":507,"caption":"WIC de Nevada:"},"image":{"@id":"https:\/\/nevadawic.org\/es\/#\/schema\/logo\/image\/"}}]}},"_links":{"self":[{"href":"https:\/\/nevadawic.org\/es\/wp-json\/wp\/v2\/pages\/28072","targetHints":{"allow":["GET"]}}],"collection":[{"href":"https:\/\/nevadawic.org\/es\/wp-json\/wp\/v2\/pages"}],"about":[{"href":"https:\/\/nevadawic.org\/es\/wp-json\/wp\/v2\/types\/page"}],"author":[{"embeddable":true,"href":"https:\/\/nevadawic.org\/es\/wp-json\/wp\/v2\/users\/7"}],"replies":[{"embeddable":true,"href":"https:\/\/nevadawic.org\/es\/wp-json\/wp\/v2\/comments?post=28072"}],"version-history":[{"count":7,"href":"https:\/\/nevadawic.org\/es\/wp-json\/wp\/v2\/pages\/28072\/revisions"}],"predecessor-version":[{"id":39115,"href":"https:\/\/nevadawic.org\/es\/wp-json\/wp\/v2\/pages\/28072\/revisions\/39115"}],"up":[{"embeddable":true,"href":"https:\/\/nevadawic.org\/es\/wp-json\/wp\/v2\/pages\/28067"}],"wp:featuredmedia":[{"embeddable":true,"href":"https:\/\/nevadawic.org\/es\/wp-json\/wp\/v2\/media\/24410"}],"wp:attachment":[{"href":"https:\/\/nevadawic.org\/es\/wp-json\/wp\/v2\/media?parent=28072"}],"curies":[{"name":"wp","href":"https:\/\/api.w.org\/{rel}","templated":true}]}}