{"id":28073,"date":"2020-05-29T10:31:30","date_gmt":"2020-05-29T17:31:30","guid":{"rendered":"https:\/\/nevadawic.org\/personal\/recursos-para-el-personal\/planes-de-lecciones-de-educacion-nutricional\/"},"modified":"2022-07-12T13:13:47","modified_gmt":"2022-07-12T20:13:47","slug":"planes-de-lecciones-de-educacion-nutricional","status":"publish","type":"page","link":"https:\/\/nevadawic.org\/es\/personal\/recursos-para-el-personal\/planes-de-lecciones-de-educacion-nutricional\/","title":{"rendered":"Planes de lecciones de educaci\u00f3n nutricional"},"content":{"rendered":"\t\t<div data-elementor-type=\"wp-page\" data-elementor-id=\"28073\" class=\"elementor elementor-28073 elementor-1841\" data-elementor-post-type=\"page\">\n\t\t\t\t\t\t<section class=\"elementor-section elementor-top-section elementor-element elementor-element-7c008b0 elementor-section-boxed elementor-section-height-default elementor-section-height-default\" data-id=\"7c008b0\" data-element_type=\"section\" data-e-type=\"section\">\n\t\t\t\t\t\t<div class=\"elementor-container elementor-column-gap-default\">\n\t\t\t\t\t<div class=\"elementor-column elementor-col-100 elementor-top-column elementor-element elementor-element-f974821\" data-id=\"f974821\" data-element_type=\"column\" data-e-type=\"column\">\n\t\t\t<div class=\"elementor-widget-wrap elementor-element-populated\">\n\t\t\t\t\t\t<div class=\"elementor-element elementor-element-ed3702d elementor-widget elementor-widget-kps3-accordion\" data-id=\"ed3702d\" data-element_type=\"widget\" data-e-type=\"widget\" data-widget_type=\"kps3-accordion.default\">\n\t\t\t\t<div class=\"elementor-widget-container\">\n\t\t\t\t\t      <div  class=\"accordion\">\n        <div class=\"accordion__container container container--small\">\n                                  <div class=\"js-accordion accordion__item\" data-accordion-prefix-classes=\"accordion\">\n              <h4 class=\"js-accordion__header accordion__title\">\n                Comportamientos del beb\u00e9              <\/h4>\n              <div class=\"js-accordion__panel accordion__panel type\">\n                <ul>\n<li><a href=\"https:\/\/nevadawic.org\/wp-content\/uploads\/2020\/06\/Lesson-Plan-Early-Infancy.pdf\">Plan-de-lecciones-para-la-primera-infancia<\/a><\/li>\n<li><a href=\"https:\/\/nevadawic.org\/wp-content\/uploads\/2020\/06\/Lesson-Plan-Understanding-Your-Newborns-Behavior.pdf\">Plan-de-lecciones-para-entender-el-comportamiento-de-los-reci\u00e9n-nacidos<\/a><\/li>\n<\/ul>\n              <\/div>\n            <\/div>\n                                  <div class=\"js-accordion accordion__item\" data-accordion-prefix-classes=\"accordion\">\n              <h4 class=\"js-accordion__header accordion__title\">\n                C\u00f3mo preparar comidas saludables: l\u00e1cteos              <\/h4>\n              <div class=\"js-accordion__panel accordion__panel type\">\n                <ul>\n<li><a href=\"https:\/\/nevadawic.org\/wp-content\/uploads\/2020\/06\/Building-Healthy-Meals-with-WIC-foods_Dairy.pdf\">Preparar-comidas-saludables-con-productos-del-WIC:_l\u00e1cteos<\/a><\/li>\n<\/ul>\n              <\/div>\n            <\/div>\n                                  <div class=\"js-accordion accordion__item\" data-accordion-prefix-classes=\"accordion\">\n              <h4 class=\"js-accordion__header accordion__title\">\n                C\u00f3mo preparar comidas saludables: frutas y verduras              <\/h4>\n              <div class=\"js-accordion__panel accordion__panel type\">\n                <ul>\n<li><a href=\"https:\/\/nevadawic.org\/wp-content\/uploads\/2020\/06\/Buidling-Healthy-Meals-with-WIC-Foods-_Fruist-Veggies.pdf\">C\u00f3mo-preparar-comidas-saludables-con-alimentos-del-WIC:_frutas-y-verduras<\/a><\/li>\n<\/ul>\n              <\/div>\n            <\/div>\n                                  <div class=\"js-accordion accordion__item\" data-accordion-prefix-classes=\"accordion\">\n              <h4 class=\"js-accordion__header accordion__title\">\n                C\u00f3mo preparar comidas saludables: prote\u00ednas              <\/h4>\n              <div class=\"js-accordion__panel accordion__panel type\">\n                <ul>\n<li><a href=\"https:\/\/nevadawic.org\/wp-content\/uploads\/2020\/06\/Building-Healthy-Meals-with-WIC-Foods_Proteins.pdf\">C\u00f3mo-preparar-comidas-saludables-con-prote\u00ednas-de-alimentos-del-WIC:_prote\u00ednas<\/a><\/li>\n<\/ul>\n              <\/div>\n            <\/div>\n                                  <div class=\"js-accordion accordion__item\" data-accordion-prefix-classes=\"accordion\">\n              <h4 class=\"js-accordion__header accordion__title\">\n                C\u00f3mo preparar comidas saludables: productos integrales               <\/h4>\n              <div class=\"js-accordion__panel accordion__panel type\">\n                <ul>\n<li><a href=\"https:\/\/nevadawic.org\/wp-content\/uploads\/2020\/06\/Building-Healthy-Meals-with-WIC-Foods-_Whole-Grains.pdf\">Preparar-comidas-saludables-con-productos-del-WIC:_productos-integrales<\/a><\/li>\n<\/ul>\n              <\/div>\n            <\/div>\n                                  <div class=\"js-accordion accordion__item\" data-accordion-prefix-classes=\"accordion\">\n              <h4 class=\"js-accordion__header accordion__title\">\n                Comidas familiares               <\/h4>\n              <div class=\"js-accordion__panel accordion__panel type\">\n                <ul>\n<li><a href=\"https:\/\/nevadawic.org\/wp-content\/uploads\/2020\/06\/Comprehensive-Lesson-Plan-Childhood-Nutrition-Family-Meals.pdf\">Plan-de-lecciones-integrales.-Nutrici\u00f3n-infantil:-comidas-familiares<\/a><\/li>\n<\/ul>\n              <\/div>\n            <\/div>\n                                  <div class=\"js-accordion accordion__item\" data-accordion-prefix-classes=\"accordion\">\n              <h4 class=\"js-accordion__header accordion__title\">\n                C\u00f3mo alimentar a su beb\u00e9 de 3 a 6 meses               <\/h4>\n              <div class=\"js-accordion__panel accordion__panel type\">\n                <ul>\n<li><a href=\"https:\/\/nevadawic.org\/wp-content\/uploads\/2020\/06\/Feeding-Your-Baby-3-to-6-months_FINAL.pdf\">C\u00f3mo alimentar a tu beb\u00e9 de 3 a 6 meses_FINAL<\/a><\/li>\n<\/ul>\n              <\/div>\n            <\/div>\n                                  <div class=\"js-accordion accordion__item\" data-accordion-prefix-classes=\"accordion\">\n              <h4 class=\"js-accordion__header accordion__title\">\n                Mire qui\u00e9n come: c\u00f3mo alimentar a su beb\u00e9 de 7 a 9 meses               <\/h4>\n              <div class=\"js-accordion__panel accordion__panel type\">\n                <ul>\n<li><a href=\"https:\/\/nevadawic.org\/wp-content\/uploads\/2020\/06\/Look-Whos-Eating-Feeding-Your-Infant-7-to-9-months_FINAL-002.pdf\">Mire qui\u00e9n come: c\u00f3mo alimentar a su beb\u00e9 de 7 a 9 meses_FINAL (002)<\/a><\/li>\n<li><a href=\"https:\/\/nevadawic.org\/wp-content\/uploads\/2020\/06\/Food-Texture-Activity-002.pdf\">Actividad sobre la textura de los alimentos (002)<\/a><\/li>\n<\/ul>\n              <\/div>\n            <\/div>\n                                  <div class=\"js-accordion accordion__item\" data-accordion-prefix-classes=\"accordion\">\n              <h4 class=\"js-accordion__header accordion__title\">\n                Mire qui\u00e9n come: c\u00f3mo alimentar a su beb\u00e9 de 10 a 12 meses               <\/h4>\n              <div class=\"js-accordion__panel accordion__panel type\">\n                <ul>\n<li><a href=\"https:\/\/nevadawic.org\/wp-content\/uploads\/2020\/06\/Look-Whos-Eating-Feeding-Your-Infant-10-12-months_FINAL-002.pdf\">Mire qui\u00e9n come: c\u00f3mo alimentar a su beb\u00e9 de 10 a 12 meses_FINAL (002)<\/a><\/li>\n<\/ul>\n              <\/div>\n            <\/div>\n                                  <div class=\"js-accordion accordion__item\" data-accordion-prefix-classes=\"accordion\">\n              <h4 class=\"js-accordion__header accordion__title\">\n                Obtenga m\u00e1s beneficios nutricionales que est\u00e9n a su alcance Lectura de etiquetas               <\/h4>\n              <div class=\"js-accordion__panel accordion__panel type\">\n                <ul>\n<li><a href=\"https:\/\/nevadawic.org\/wp-content\/uploads\/2020\/06\/Comprehensive-Lesson-Plan-new_v3-Label-Reading.pdf\">Plan-de-lecciones-integrales-nuevo:_v3-lectura-de-etiquetas<\/a><\/li>\n<li><a href=\"https:\/\/nevadawic.org\/wp-content\/uploads\/2020\/06\/Cut-Down-On-Added-Sugars.pdf\">Reducir-los-az\u00facares-a\u00f1adidos<\/a><\/li>\n<li><a href=\"https:\/\/nevadawic.org\/wp-content\/uploads\/2020\/06\/Lesson-Support-Handout-new_v2.pdf\">Apoyo-para-la-lecci\u00f3n:-folleto-nuevo_v2<\/a><\/li>\n<li><a href=\"https:\/\/nevadawic.org\/wp-content\/uploads\/2020\/06\/New-NFL-Food-Facts.pdf\">New-NFL-Food-Facts<\/a><\/li>\n<li><a href=\"https:\/\/nevadawic.org\/wp-content\/uploads\/2020\/06\/New-NFL-Food-Facts_Span.pdf\">Nuevo-NFL:-hechos-sobre-alimentos_espa\u00f1ol<\/a><\/li>\n<li><a href=\"https:\/\/nevadawic.org\/wp-content\/uploads\/2020\/06\/NEW-NFL-Key-Changes-Comparison.pdf\">NEW-NFL-Key-Changes-Comparison<\/a><\/li>\n<li><a href=\"https:\/\/nevadawic.org\/wp-content\/uploads\/2020\/06\/NEW-NFL-Key-Changes-Comparison_Span.pdf\">NUEVO-Comparaci\u00f3n-de-cambios-clave-de-la-NFL_espa\u00f1ol<\/a><\/li>\n<\/ul>\n              <\/div>\n            <\/div>\n                                  <div class=\"js-accordion accordion__item\" data-accordion-prefix-classes=\"accordion\">\n              <h4 class=\"js-accordion__header accordion__title\">\n                Mam\u00e1s y beb\u00e9s:  Apoyo a la alimentaci\u00f3n de beb\u00e9s               <\/h4>\n              <div class=\"js-accordion__panel accordion__panel type\">\n                <ul>\n<li><a href=\"https:\/\/nevadawic.org\/wp-content\/uploads\/2020\/06\/Breastfeeding-Moms-and-Babies-NV.pdf\">Mam\u00e1s-y-beb\u00e9s:-lactancia-NV<\/a><\/li>\n<li><a href=\"https:\/\/nevadawic.org\/wp-content\/uploads\/2020\/06\/Non-Breastfeeding-Moms-and-Babies-NV.pdf\">Madres-y-beb\u00e9s-no-lactantes-NV<\/a><\/li>\n<\/ul>\n              <\/div>\n            <\/div>\n                                  <div class=\"js-accordion accordion__item\" data-accordion-prefix-classes=\"accordion\">\n              <h4 class=\"js-accordion__header accordion__title\">\n                El apoyo de la pareja y la lactancia              <\/h4>\n              <div class=\"js-accordion__panel accordion__panel type\">\n                <ul>\n<li><a href=\"https:\/\/nevadawic.org\/wp-content\/uploads\/2020\/10\/WIC-Breastfeeding-Support-Group-Dads-and-Partners-Lesson-Plan-FINAL.pdf\">Plan de lecciones sobre c\u00f3mo las parejas pueden ayudar durante la lactancia<\/a><\/li>\n<li><a href=\"https:\/\/nevadawic.org\/wp-content\/uploads\/2020\/10\/Attachment-A-Possible-Responses-Regarding-Breastfeeding-Benefits.pdf\">Apego A: Posibles respuestas sobre los beneficios de la lactancia<\/a><\/li>\n<li><a href=\"https:\/\/nevadawic.org\/wp-content\/uploads\/2020\/10\/Attachment-B-Annas-Breastfeeding-Story.pdf\">Apego B: El relato de Anna sobre la lactancia<\/a><\/li>\n<li><a href=\"https:\/\/nevadawic.org\/wp-content\/uploads\/2020\/10\/Attachment-C-Common-Breastfeeding-Challenges.pdf\">Apego C: Desaf\u00edos comunes de la lactancia<\/a><\/li>\n<li><a href=\"https:\/\/nevadawic.org\/wp-content\/uploads\/2020\/10\/Attachment-D-How-to-Set-the-Subtitle-Language-on-a-YouTube-Video.pdf\">Apego D: C\u00f3mo configurar el idioma de los subt\u00edtulos en un video de YouTube<\/a><\/li>\n<li><a href=\"https:\/\/nevadawic.org\/wp-content\/uploads\/2020\/10\/Attachment-E-Ways-Partners-May-Support-Breastfeeding.pdf\">Apego E: Formas en que las parejas pueden ayudar durante la lactancia&nbsp;<\/a><\/li>\n<li><a href=\"https:\/\/nevadawic.org\/wp-content\/uploads\/2020\/10\/Attachment-F-How-Dad-May-Bond-with-Baby.pdf\">Apego F: C\u00f3mo puede el pap\u00e1 establecer un v\u00ednculo con el beb\u00e9<\/a><\/li>\n<li><a href=\"https:\/\/nevadawic.org\/wp-content\/uploads\/2020\/10\/Attachment-G-How-Dad-Can-Contribute-to-Babys-Development.pdf\">Apego G: C\u00f3mo puede contribuir pap\u00e1 al desarrollo del beb\u00e9&nbsp;<\/a><\/li>\n<\/ul>\n              <\/div>\n            <\/div>\n                                  <div class=\"js-accordion accordion__item\" data-accordion-prefix-classes=\"accordion\">\n              <h4 class=\"js-accordion__header accordion__title\">\n                C\u00f3mo prepararse para la lactancia               <\/h4>\n              <div class=\"js-accordion__panel accordion__panel type\">\n                <ul>\n<li><a href=\"https:\/\/nevadawic.org\/wp-content\/uploads\/2020\/06\/Prenatal_Preparing-to-Breastfeed-NV.pdf\">Prenatal: c\u00f3mo-prepararse-para-la-lactancia-NV<\/a><\/li>\n<\/ul>\n              <\/div>\n            <\/div>\n                                  <div class=\"js-accordion accordion__item\" data-accordion-prefix-classes=\"accordion\">\n              <h4 class=\"js-accordion__header accordion__title\">\n                Comprar con un presupuesto               <\/h4>\n              <div class=\"js-accordion__panel accordion__panel type\">\n                <ul>\n<li><a href=\"https:\/\/nevadawic.org\/wp-content\/uploads\/2020\/06\/PlanPurchasePrepare.pdf\">PlanifiqueComprePrepare<\/a><\/li>\n<li><a href=\"https:\/\/nevadawic.org\/wp-content\/uploads\/2020\/06\/Comprehensive-Lesson-Plan-Shopping-Smart.pdf\">Plan-de-lecciones-integrales:-planifique-c\u00f3mo-comprar-de-forma-inteligente<\/a><\/li>\n<li><a href=\"https:\/\/nevadawic.org\/wp-content\/uploads\/2020\/06\/WIC-Poster-LookforUnitPrices26x34.rvsd_.pdf\">WIC-Poster-LookforUnitPrices26x34.rvsd<\/a><\/li>\n<li><a href=\"https:\/\/nevadawic.org\/wp-content\/uploads\/2020\/06\/WIC-Poster-WhenUsingCoupons26x34.rvsd_.pdf\">WIC-Poster-WhenUsingCoupons26x34.rvsd<\/a><\/li>\n<li><a href=\"https:\/\/nevadawic.org\/wp-content\/uploads\/2020\/06\/WIC-Worksheet-CouponsTipsEnglish.rvsd_.pdf\">WIC-Worksheet-CouponsTipsEnglish.rvsd<\/a><\/li>\n<li><a href=\"https:\/\/nevadawic.org\/wp-content\/uploads\/2020\/06\/WIC-Worksheet-CouponsTipsSpanish.rvsd_.pdf\">WIC-Worksheet-CouponsTipsSpanish.rvsd<\/a><\/li>\n<li><a href=\"https:\/\/nevadawic.org\/wp-content\/uploads\/2020\/06\/WIC-Worksheet-UnitPrices.rvsd_.pdf\">WIC-Worksheet-UnitPrices.rvsd<\/a><\/li>\n<li><a href=\"https:\/\/nevadawic.org\/wp-content\/uploads\/2020\/06\/WIC-Worksheet-UnitPrices-Spanish.rvsd_.pdf\">WIC-Worksheet-UnitPrices-Spanish.rvsd<\/a><\/li>\n<li><a href=\"https:\/\/nevadawic.org\/wp-content\/uploads\/2020\/06\/Understand-the-price-tag-_-Choose-MyPlate.pdf\">Comprender-la-etiqueta-_-Choose-MyPlate<\/a><\/li>\n<\/ul>\n              <\/div>\n            <\/div>\n                                  <div class=\"js-accordion accordion__item\" data-accordion-prefix-classes=\"accordion\">\n              <h4 class=\"js-accordion__header accordion__title\">\n                Su embarazo saludable               <\/h4>\n              <div class=\"js-accordion__panel accordion__panel type\">\n                <ul>\n<li><a href=\"https:\/\/nevadawic.org\/wp-content\/uploads\/2020\/06\/Your-Healthy-Pregnancy-Nutrition-Comprehensive-Lesson-Plan-4-0-2.pdf\">Su-embarazo-saludable:-nutrici\u00f3n.-Plan-de-lecciones-integrales-4-0-2<\/a><\/li>\n<\/ul>\n              <\/div>\n            <\/div>\n                  <\/div>\n      <\/div>\n      \t\t\t\t<\/div>\n\t\t\t\t<\/div>\n\t\t\t\t\t<\/div>\n\t\t<\/div>\n\t\t\t\t\t<\/div>\n\t\t<\/section>\n\t\t\t\t<section class=\"elementor-section elementor-top-section elementor-element elementor-element-a462205 elementor-section-boxed elementor-section-height-default elementor-section-height-default\" data-id=\"a462205\" data-element_type=\"section\" data-e-type=\"section\">\n\t\t\t\t\t\t<div class=\"elementor-container elementor-column-gap-default\">\n\t\t\t\t\t<div class=\"elementor-column elementor-col-100 elementor-top-column elementor-element elementor-element-ad89c4a\" data-id=\"ad89c4a\" data-element_type=\"column\" data-e-type=\"column\">\n\t\t\t<div class=\"elementor-widget-wrap elementor-element-populated\">\n\t\t\t\t\t\t<div class=\"elementor-element elementor-element-1c616a2 elementor-widget elementor-widget-kps3-spacer\" data-id=\"1c616a2\" data-element_type=\"widget\" data-e-type=\"widget\" data-widget_type=\"kps3-spacer.default\">\n\t\t\t\t<div class=\"elementor-widget-container\">\n\t\t\t\t\t    <div\n      class=\"spacer \"\n    ><\/div>\n    \t\t\t\t<\/div>\n\t\t\t\t<\/div>\n\t\t\t\t\t<\/div>\n\t\t<\/div>\n\t\t\t\t\t<\/div>\n\t\t<\/section>\n\t\t\t\t<\/div>\n\t\t","protected":false},"excerpt":{"rendered":"<p>Comportamientos del beb\u00e9 Plan-de-lecciones-para-la-primera-infancia Plan-de-lecciones-para-entender-el-comportamiento-de-los-reci\u00e9n-nacidos C\u00f3mo preparar comidas saludables: l\u00e1cteos Preparar-comidas-saludables-con-productos-del-WIC:_l\u00e1cteos C\u00f3mo preparar comidas saludables: frutas y verduras&hellip;<\/p>\n","protected":false},"author":7,"featured_media":0,"parent":28057,"menu_order":7,"comment_status":"closed","ping_status":"closed","template":"","meta":{"_acf_changed":false,"protect_children":false,"footnotes":""},"class_list":["post-28073","page","type-page","status-publish","hentry"],"acf":[],"yoast_head":"<!-- This site is optimized with the Yoast SEO plugin v27.2 - https:\/\/yoast.com\/product\/yoast-seo-wordpress\/ -->\n<title>Planes de lecciones de educaci\u00f3n nutricional - Nevada WIC<\/title>\n<meta name=\"description\" content=\"Comportamientos del beb\u00e9 Plan-de-lecciones-para-la-primera-infancia Plan-de-lecciones-para-entender-el-comportamiento-de-los-reci\u00e9n-nacidos C\u00f3mo preparar\" \/>\n<meta name=\"robots\" content=\"index, follow, max-snippet:-1, max-image-preview:large, max-video-preview:-1\" \/>\n<link rel=\"canonical\" href=\"https:\/\/nevadawic.org\/es\/personal\/recursos-para-el-personal\/planes-de-lecciones-de-educacion-nutricional\/\" \/>\n<meta property=\"og:locale\" content=\"es_ES\" \/>\n<meta property=\"og:type\" content=\"article\" \/>\n<meta property=\"og:title\" content=\"Planes de lecciones de educaci\u00f3n nutricional - Nevada WIC\" \/>\n<meta property=\"og:description\" content=\"Comportamientos del beb\u00e9 Plan-de-lecciones-para-la-primera-infancia Plan-de-lecciones-para-entender-el-comportamiento-de-los-reci\u00e9n-nacidos C\u00f3mo preparar\" \/>\n<meta property=\"og:url\" content=\"https:\/\/nevadawic.org\/es\/personal\/recursos-para-el-personal\/planes-de-lecciones-de-educacion-nutricional\/\" \/>\n<meta property=\"og:site_name\" content=\"Nevada WIC\" \/>\n<meta property=\"article:modified_time\" content=\"2022-07-12T20:13:47+00:00\" \/>\n<meta property=\"og:image\" content=\"https:\/\/nevadawic.org\/wp-content\/uploads\/2020\/07\/nwic-og-image.jpg\" \/>\n\t<meta property=\"og:image:width\" content=\"1200\" \/>\n\t<meta property=\"og:image:height\" content=\"630\" \/>\n\t<meta property=\"og:image:type\" content=\"image\/jpeg\" \/>\n<meta name=\"twitter:card\" content=\"summary_large_image\" \/>\n<meta name=\"twitter:label1\" content=\"Tiempo de lectura\" \/>\n\t<meta name=\"twitter:data1\" content=\"2 minutos\" \/>\n<script type=\"application\/ld+json\" class=\"yoast-schema-graph\">{\"@context\":\"https:\/\/schema.org\",\"@graph\":[{\"@type\":\"WebPage\",\"@id\":\"https:\/\/nevadawic.org\/es\/personal\/recursos-para-el-personal\/planes-de-lecciones-de-educacion-nutricional\/\",\"url\":\"https:\/\/nevadawic.org\/es\/personal\/recursos-para-el-personal\/planes-de-lecciones-de-educacion-nutricional\/\",\"name\":\"Planes de lecciones de educaci\u00f3n nutricional - Nevada WIC\",\"isPartOf\":{\"@id\":\"https:\/\/nevadawic.org\/es\/#website\"},\"datePublished\":\"2020-05-29T17:31:30+00:00\",\"dateModified\":\"2022-07-12T20:13:47+00:00\",\"description\":\"Comportamientos del beb\u00e9 Plan-de-lecciones-para-la-primera-infancia Plan-de-lecciones-para-entender-el-comportamiento-de-los-reci\u00e9n-nacidos C\u00f3mo preparar\",\"breadcrumb\":{\"@id\":\"https:\/\/nevadawic.org\/es\/personal\/recursos-para-el-personal\/planes-de-lecciones-de-educacion-nutricional\/#breadcrumb\"},\"inLanguage\":\"es\",\"potentialAction\":[{\"@type\":\"ReadAction\",\"target\":[\"https:\/\/nevadawic.org\/es\/personal\/recursos-para-el-personal\/planes-de-lecciones-de-educacion-nutricional\/\"]}]},{\"@type\":\"BreadcrumbList\",\"@id\":\"https:\/\/nevadawic.org\/es\/personal\/recursos-para-el-personal\/planes-de-lecciones-de-educacion-nutricional\/#breadcrumb\",\"itemListElement\":[{\"@type\":\"ListItem\",\"position\":1,\"name\":\"Inicio\",\"item\":\"https:\/\/nevadawic.org\/es\/\"},{\"@type\":\"ListItem\",\"position\":2,\"name\":\"Personal\",\"item\":\"https:\/\/nevadawic.org\/es\/personal\/\"},{\"@type\":\"ListItem\",\"position\":3,\"name\":\"Recursos para el personal\",\"item\":\"https:\/\/nevadawic.org\/es\/personal\/recursos-para-el-personal\/\"},{\"@type\":\"ListItem\",\"position\":4,\"name\":\"Planes de lecciones de educaci\u00f3n nutricional\"}]},{\"@type\":\"WebSite\",\"@id\":\"https:\/\/nevadawic.org\/es\/#website\",\"url\":\"https:\/\/nevadawic.org\/es\/\",\"name\":\"Nevada WIC\",\"description\":\"\",\"publisher\":{\"@id\":\"https:\/\/nevadawic.org\/es\/#organization\"},\"potentialAction\":[{\"@type\":\"SearchAction\",\"target\":{\"@type\":\"EntryPoint\",\"urlTemplate\":\"https:\/\/nevadawic.org\/es\/?s={search_term_string}\"},\"query-input\":{\"@type\":\"PropertyValueSpecification\",\"valueRequired\":true,\"valueName\":\"search_term_string\"}}],\"inLanguage\":\"es\"},{\"@type\":\"Organization\",\"@id\":\"https:\/\/nevadawic.org\/es\/#organization\",\"name\":\"WIC de Nevada:\",\"url\":\"https:\/\/nevadawic.org\/es\/\",\"logo\":{\"@type\":\"ImageObject\",\"inLanguage\":\"es\",\"@id\":\"https:\/\/nevadawic.org\/es\/#\/schema\/logo\/image\/\",\"url\":\"https:\/\/nevadawic.org\/wp-content\/uploads\/2020\/07\/NV-Logo_Purple.jpg\",\"contentUrl\":\"https:\/\/nevadawic.org\/wp-content\/uploads\/2020\/07\/NV-Logo_Purple.jpg\",\"width\":970,\"height\":507,\"caption\":\"WIC de Nevada:\"},\"image\":{\"@id\":\"https:\/\/nevadawic.org\/es\/#\/schema\/logo\/image\/\"}}]}<\/script>\n<!-- \/ Yoast SEO plugin. -->","yoast_head_json":{"title":"Planes de lecciones de educaci\u00f3n nutricional - Nevada WIC","description":"Comportamientos del beb\u00e9 Plan-de-lecciones-para-la-primera-infancia Plan-de-lecciones-para-entender-el-comportamiento-de-los-reci\u00e9n-nacidos C\u00f3mo preparar","robots":{"index":"index","follow":"follow","max-snippet":"max-snippet:-1","max-image-preview":"max-image-preview:large","max-video-preview":"max-video-preview:-1"},"canonical":"https:\/\/nevadawic.org\/es\/personal\/recursos-para-el-personal\/planes-de-lecciones-de-educacion-nutricional\/","og_locale":"es_ES","og_type":"article","og_title":"Planes de lecciones de educaci\u00f3n nutricional - Nevada WIC","og_description":"Comportamientos del beb\u00e9 Plan-de-lecciones-para-la-primera-infancia Plan-de-lecciones-para-entender-el-comportamiento-de-los-reci\u00e9n-nacidos C\u00f3mo preparar","og_url":"https:\/\/nevadawic.org\/es\/personal\/recursos-para-el-personal\/planes-de-lecciones-de-educacion-nutricional\/","og_site_name":"Nevada WIC","article_modified_time":"2022-07-12T20:13:47+00:00","og_image":[{"width":1200,"height":630,"url":"https:\/\/nevadawic.org\/wp-content\/uploads\/2020\/07\/nwic-og-image.jpg","type":"image\/jpeg"}],"twitter_card":"summary_large_image","twitter_misc":{"Tiempo de lectura":"2 minutos"},"schema":{"@context":"https:\/\/schema.org","@graph":[{"@type":"WebPage","@id":"https:\/\/nevadawic.org\/es\/personal\/recursos-para-el-personal\/planes-de-lecciones-de-educacion-nutricional\/","url":"https:\/\/nevadawic.org\/es\/personal\/recursos-para-el-personal\/planes-de-lecciones-de-educacion-nutricional\/","name":"Planes de lecciones de educaci\u00f3n nutricional - Nevada WIC","isPartOf":{"@id":"https:\/\/nevadawic.org\/es\/#website"},"datePublished":"2020-05-29T17:31:30+00:00","dateModified":"2022-07-12T20:13:47+00:00","description":"Comportamientos del beb\u00e9 Plan-de-lecciones-para-la-primera-infancia Plan-de-lecciones-para-entender-el-comportamiento-de-los-reci\u00e9n-nacidos C\u00f3mo preparar","breadcrumb":{"@id":"https:\/\/nevadawic.org\/es\/personal\/recursos-para-el-personal\/planes-de-lecciones-de-educacion-nutricional\/#breadcrumb"},"inLanguage":"es","potentialAction":[{"@type":"ReadAction","target":["https:\/\/nevadawic.org\/es\/personal\/recursos-para-el-personal\/planes-de-lecciones-de-educacion-nutricional\/"]}]},{"@type":"BreadcrumbList","@id":"https:\/\/nevadawic.org\/es\/personal\/recursos-para-el-personal\/planes-de-lecciones-de-educacion-nutricional\/#breadcrumb","itemListElement":[{"@type":"ListItem","position":1,"name":"Inicio","item":"https:\/\/nevadawic.org\/es\/"},{"@type":"ListItem","position":2,"name":"Personal","item":"https:\/\/nevadawic.org\/es\/personal\/"},{"@type":"ListItem","position":3,"name":"Recursos para el personal","item":"https:\/\/nevadawic.org\/es\/personal\/recursos-para-el-personal\/"},{"@type":"ListItem","position":4,"name":"Planes de lecciones de educaci\u00f3n nutricional"}]},{"@type":"WebSite","@id":"https:\/\/nevadawic.org\/es\/#website","url":"https:\/\/nevadawic.org\/es\/","name":"Nevada WIC","description":"","publisher":{"@id":"https:\/\/nevadawic.org\/es\/#organization"},"potentialAction":[{"@type":"SearchAction","target":{"@type":"EntryPoint","urlTemplate":"https:\/\/nevadawic.org\/es\/?s={search_term_string}"},"query-input":{"@type":"PropertyValueSpecification","valueRequired":true,"valueName":"search_term_string"}}],"inLanguage":"es"},{"@type":"Organization","@id":"https:\/\/nevadawic.org\/es\/#organization","name":"WIC de Nevada:","url":"https:\/\/nevadawic.org\/es\/","logo":{"@type":"ImageObject","inLanguage":"es","@id":"https:\/\/nevadawic.org\/es\/#\/schema\/logo\/image\/","url":"https:\/\/nevadawic.org\/wp-content\/uploads\/2020\/07\/NV-Logo_Purple.jpg","contentUrl":"https:\/\/nevadawic.org\/wp-content\/uploads\/2020\/07\/NV-Logo_Purple.jpg","width":970,"height":507,"caption":"WIC de Nevada:"},"image":{"@id":"https:\/\/nevadawic.org\/es\/#\/schema\/logo\/image\/"}}]}},"_links":{"self":[{"href":"https:\/\/nevadawic.org\/es\/wp-json\/wp\/v2\/pages\/28073","targetHints":{"allow":["GET"]}}],"collection":[{"href":"https:\/\/nevadawic.org\/es\/wp-json\/wp\/v2\/pages"}],"about":[{"href":"https:\/\/nevadawic.org\/es\/wp-json\/wp\/v2\/types\/page"}],"author":[{"embeddable":true,"href":"https:\/\/nevadawic.org\/es\/wp-json\/wp\/v2\/users\/7"}],"replies":[{"embeddable":true,"href":"https:\/\/nevadawic.org\/es\/wp-json\/wp\/v2\/comments?post=28073"}],"version-history":[{"count":1,"href":"https:\/\/nevadawic.org\/es\/wp-json\/wp\/v2\/pages\/28073\/revisions"}],"predecessor-version":[{"id":28074,"href":"https:\/\/nevadawic.org\/es\/wp-json\/wp\/v2\/pages\/28073\/revisions\/28074"}],"up":[{"embeddable":true,"href":"https:\/\/nevadawic.org\/es\/wp-json\/wp\/v2\/pages\/28057"}],"wp:attachment":[{"href":"https:\/\/nevadawic.org\/es\/wp-json\/wp\/v2\/media?parent=28073"}],"curies":[{"name":"wp","href":"https:\/\/api.w.org\/{rel}","templated":true}]}}