{"id":28084,"date":"2020-07-01T14:51:06","date_gmt":"2020-07-01T21:51:06","guid":{"rendered":"https:\/\/nevadawic.org\/programa-de-asesores-de-pares-en-la-lactancia\/"},"modified":"2024-03-21T13:15:09","modified_gmt":"2024-03-21T20:15:09","slug":"programa-de-asesores-de-pares-en-la-lactancia","status":"publish","type":"page","link":"https:\/\/nevadawic.org\/es\/programa-de-asesores-de-pares-en-la-lactancia\/","title":{"rendered":"Programa de Orientadora de Lactancia de WIC"},"content":{"rendered":"\t\t<div data-elementor-type=\"wp-page\" data-elementor-id=\"28084\" class=\"elementor elementor-28084 elementor-16463\" data-elementor-post-type=\"page\">\n\t\t\t\t\t\t<section class=\"elementor-section elementor-top-section elementor-element elementor-element-07f3ef1 elementor-section-boxed elementor-section-height-default elementor-section-height-default\" data-id=\"07f3ef1\" data-element_type=\"section\" data-e-type=\"section\">\n\t\t\t\t\t\t<div class=\"elementor-container elementor-column-gap-default\">\n\t\t\t\t\t<div class=\"elementor-column elementor-col-100 elementor-top-column elementor-element elementor-element-f2562fa\" data-id=\"f2562fa\" data-element_type=\"column\" data-e-type=\"column\">\n\t\t\t<div class=\"elementor-widget-wrap elementor-element-populated\">\n\t\t\t\t\t\t<div class=\"elementor-element elementor-element-1087c09 elementor-widget elementor-widget-kps3-simple\" data-id=\"1087c09\" data-element_type=\"widget\" data-e-type=\"widget\" data-widget_type=\"kps3-simple.default\">\n\t\t\t\t<div class=\"elementor-widget-container\">\n\t\t\t\t\t    <header\n            class=\"header header--small\"\n      style=\"background-image: url('https:\/\/nevadawic.org\/wp-content\/uploads\/2020\/02\/mother-holding-baby-1440x450.jpg');\"\n    >\n                  <div\n        class=\"header__overlay\"\n        style=\"background-image: linear-gradient(\n          130deg,\n          rgba(255, 255, 255, 1) 40%,\n          rgba(255, 255, 255, .1) 60%\n        );\"\n      ><\/div>\n            <div class=\"header__container container container--large\">\n        <h1 class=\"header__heading\">\n          Programa de Consejera de Lactancia de WIC        <\/h1>\n      <\/div>\n    <\/header>\n    \t\t\t\t<\/div>\n\t\t\t\t<\/div>\n\t\t\t\t\t<\/div>\n\t\t<\/div>\n\t\t\t\t\t<\/div>\n\t\t<\/section>\n\t\t\t\t<section class=\"elementor-section elementor-top-section elementor-element elementor-element-7a323b7 elementor-section-boxed elementor-section-height-default elementor-section-height-default\" data-id=\"7a323b7\" data-element_type=\"section\" data-e-type=\"section\">\n\t\t\t\t\t\t<div class=\"elementor-container elementor-column-gap-default\">\n\t\t\t\t\t<div class=\"elementor-column elementor-col-100 elementor-top-column elementor-element elementor-element-cfb2f10\" data-id=\"cfb2f10\" data-element_type=\"column\" data-e-type=\"column\">\n\t\t\t<div class=\"elementor-widget-wrap elementor-element-populated\">\n\t\t\t\t\t\t<div class=\"elementor-element elementor-element-75b3e38 elementor-widget elementor-widget-kps3-spacer\" data-id=\"75b3e38\" data-element_type=\"widget\" data-e-type=\"widget\" data-widget_type=\"kps3-spacer.default\">\n\t\t\t\t<div class=\"elementor-widget-container\">\n\t\t\t\t\t    <div\n      class=\"spacer \"\n    ><\/div>\n    \t\t\t\t<\/div>\n\t\t\t\t<\/div>\n\t\t\t\t\t<\/div>\n\t\t<\/div>\n\t\t\t\t\t<\/div>\n\t\t<\/section>\n\t\t\t\t<section class=\"elementor-section elementor-top-section elementor-element elementor-element-93db2fa elementor-section-boxed elementor-section-height-default elementor-section-height-default\" data-id=\"93db2fa\" data-element_type=\"section\" data-e-type=\"section\">\n\t\t\t\t\t\t<div class=\"elementor-container elementor-column-gap-default\">\n\t\t\t\t\t<div class=\"elementor-column elementor-col-100 elementor-top-column elementor-element elementor-element-ba13114\" data-id=\"ba13114\" data-element_type=\"column\" data-e-type=\"column\">\n\t\t\t<div class=\"elementor-widget-wrap elementor-element-populated\">\n\t\t\t\t\t\t<div class=\"elementor-element elementor-element-32eb383 elementor-widget elementor-widget-kps3-intro-text\" data-id=\"32eb383\" data-element_type=\"widget\" data-e-type=\"widget\" data-widget_type=\"kps3-intro-text.default\">\n\t\t\t\t<div class=\"elementor-widget-container\">\n\t\t\t\t\t    <div  class=\"intro-text \">\n      <div class=\"intro-text__container container\">\n        <h2 class=\"intro-text__heading\">Apoyo de madre a madre<\/h2>\n        <div class=\"intro-text__text\">\n          <p>El Programa de Consejera de Lactancia Materna de WIC ofrece educaci\u00f3n y apoyo de madre a madre para ayudarle a alcanzar con \u00e9xito sus objetivos de lactancia. El Programa de Consejera de Lactancia Materna de WIC est\u00e1 dirigido por madres que han amamantado con \u00e9xito a su beb\u00e9 y est\u00e1n especialmente entrenadas para ayudarle.  A continuaci\u00f3n, podr\u00e1 ver si el Programa de Consejera de Lactancia de WIC se ofrece en una cl\u00ednica de WIC cerca de usted.<\/p>\n        <\/div>\n      <\/div>\n    <\/div>\n    \t\t\t\t<\/div>\n\t\t\t\t<\/div>\n\t\t\t\t\t<\/div>\n\t\t<\/div>\n\t\t\t\t\t<\/div>\n\t\t<\/section>\n\t\t\t\t<section class=\"elementor-section elementor-top-section elementor-element elementor-element-6a7920e elementor-section-boxed elementor-section-height-default elementor-section-height-default\" data-id=\"6a7920e\" data-element_type=\"section\" data-e-type=\"section\">\n\t\t\t\t\t\t<div class=\"elementor-container elementor-column-gap-default\">\n\t\t\t\t\t<div class=\"elementor-column elementor-col-100 elementor-top-column elementor-element elementor-element-6fb5ce9\" data-id=\"6fb5ce9\" data-element_type=\"column\" data-e-type=\"column\">\n\t\t\t<div class=\"elementor-widget-wrap elementor-element-populated\">\n\t\t\t\t\t\t<div class=\"elementor-element elementor-element-9a3b878 elementor-widget elementor-widget-kps3-spacer\" data-id=\"9a3b878\" data-element_type=\"widget\" data-e-type=\"widget\" data-widget_type=\"kps3-spacer.default\">\n\t\t\t\t<div class=\"elementor-widget-container\">\n\t\t\t\t\t    <div\n      class=\"spacer \"\n    ><\/div>\n    \t\t\t\t<\/div>\n\t\t\t\t<\/div>\n\t\t\t\t<div class=\"elementor-element elementor-element-f3fc3f8 elementor-widget elementor-widget-kps3-spacer\" data-id=\"f3fc3f8\" data-element_type=\"widget\" data-e-type=\"widget\" data-widget_type=\"kps3-spacer.default\">\n\t\t\t\t<div class=\"elementor-widget-container\">\n\t\t\t\t\t    <div\n      class=\"spacer \"\n    ><\/div>\n    \t\t\t\t<\/div>\n\t\t\t\t<\/div>\n\t\t\t\t<div class=\"elementor-element elementor-element-a01b294 elementor-widget elementor-widget-kps3-simple\" data-id=\"a01b294\" data-element_type=\"widget\" data-e-type=\"widget\" data-widget_type=\"kps3-simple.default\">\n\t\t\t\t<div class=\"elementor-widget-container\">\n\t\t\t\t\t    <header\n            class=\"header header--small\"\n      style=\"background-image: url('https:\/\/nevadawic.org\/wp-content\/uploads\/2020\/07\/reno-nv-1024x450.jpg');\"\n    >\n                  <div\n        class=\"header__overlay\"\n        style=\"background-image: linear-gradient(\n          130deg,\n          rgba(255, 255, 255, 1) 40%,\n          rgba(255, 255, 255, .1) 60%\n        );\"\n      ><\/div>\n            <div class=\"header__container container container--large\">\n        <h1 class=\"header__heading\">\n          Reno, Nevada        <\/h1>\n      <\/div>\n    <\/header>\n    \t\t\t\t<\/div>\n\t\t\t\t<\/div>\n\t\t\t\t\t<\/div>\n\t\t<\/div>\n\t\t\t\t\t<\/div>\n\t\t<\/section>\n\t\t\t\t<section class=\"elementor-section elementor-top-section elementor-element elementor-element-e71c3fd elementor-section-boxed elementor-section-height-default elementor-section-height-default\" data-id=\"e71c3fd\" data-element_type=\"section\" data-e-type=\"section\">\n\t\t\t\t\t\t<div class=\"elementor-container elementor-column-gap-default\">\n\t\t\t\t\t<div class=\"elementor-column elementor-col-100 elementor-top-column elementor-element elementor-element-4cb70ae\" data-id=\"4cb70ae\" data-element_type=\"column\" data-e-type=\"column\">\n\t\t\t<div class=\"elementor-widget-wrap\">\n\t\t\t\t\t\t\t<\/div>\n\t\t<\/div>\n\t\t\t\t\t<\/div>\n\t\t<\/section>\n\t\t\t\t<section class=\"elementor-section elementor-top-section elementor-element elementor-element-ed392a1 elementor-section-boxed elementor-section-height-default elementor-section-height-default\" data-id=\"ed392a1\" data-element_type=\"section\" data-e-type=\"section\">\n\t\t\t\t\t\t<div class=\"elementor-container elementor-column-gap-default\">\n\t\t\t\t\t<div class=\"elementor-column elementor-col-100 elementor-top-column elementor-element elementor-element-7d88e76\" data-id=\"7d88e76\" data-element_type=\"column\" data-e-type=\"column\">\n\t\t\t<div class=\"elementor-widget-wrap elementor-element-populated\">\n\t\t\t\t\t\t<div class=\"elementor-element elementor-element-a28faa8 elementor-widget elementor-widget-kps3-spacer\" data-id=\"a28faa8\" data-element_type=\"widget\" data-e-type=\"widget\" data-widget_type=\"kps3-spacer.default\">\n\t\t\t\t<div class=\"elementor-widget-container\">\n\t\t\t\t\t    <div\n      class=\"spacer \"\n    ><\/div>\n    \t\t\t\t<\/div>\n\t\t\t\t<\/div>\n\t\t\t\t<div class=\"elementor-element elementor-element-3a11832 elementor-widget elementor-widget-kps3-accordion\" data-id=\"3a11832\" data-element_type=\"widget\" data-e-type=\"widget\" data-widget_type=\"kps3-accordion.default\">\n\t\t\t\t<div class=\"elementor-widget-container\">\n\t\t\t\t\t      <div  class=\"accordion\">\n        <div class=\"accordion__container container container--small\">\n                                  <div class=\"js-accordion accordion__item\" data-accordion-prefix-classes=\"accordion\">\n              <h4 class=\"js-accordion__header accordion__title\">\n                Community Health Alliance WIC              <\/h4>\n              <div class=\"js-accordion__panel accordion__panel type\">\n                <ul>\n<li><a href=\"https:\/\/www.chanevada.org\/locations\/nell-j-redfield-health-center-neil-road\">Nell J. Redfield Health Center<\/a>\n<ul>\n<li>3915 Neil Road<br \/>Reno, NV 89502<\/li>\n<\/ul>\n<\/li>\n<li><a href=\"https:\/\/www.chanevada.org\/locations\/nell-j-redfield-health-center-sun-valley\">Sun Valley<\/a>\n<ul>\n<li>5055 Sun Valley Blvd, Suite 100<br \/>Sun Valley, NV&nbsp; 89433<\/li>\n<\/ul>\n<\/li>\n<li><a href=\"https:\/\/www.chanevada.org\/locations\/sparks-health-center\">Sparks Health Center<\/a>\n<ul>\n<li>2244 Oddie Boulevard<br \/>Sparks, NV 89431<\/li>\n<\/ul>\n<\/li>\n<li><a href=\"https:\/\/www.chanevada.org\/locations\/community-services-agency-head-start-center\">C.S.A. Head Start Center<\/a>\n<ul>\n<li>1100 East 8th Street<br \/>Reno, NV 89512<\/li>\n<\/ul>\n<\/li>\n<\/ul>\n<ul>\n<li><a href=\"https:\/\/www.chanevada.org\/locations\/hucs-early-learning-center-vassar\">HUCS Early Learning Center Vassar<\/a>\n<ul>\n<li>2405 Vassar Street<br \/>Reno, NV 89502<\/li>\n<\/ul>\n<\/li>\n<li><a href=\"https:\/\/www.chanevada.org\/locations\/north-valleys-health-center\">North Valleys<\/a>\n<ul>\n<li>280 Vista Knoll Pkwy., Suite 107,&nbsp;<br \/>Lemmon Valley, NV 89506<\/li>\n<\/ul>\n<\/li>\n<\/ul>\n              <\/div>\n            <\/div>\n                  <\/div>\n      <\/div>\n      \t\t\t\t<\/div>\n\t\t\t\t<\/div>\n\t\t\t\t<div class=\"elementor-element elementor-element-bef25a5 elementor-widget elementor-widget-kps3-simple\" data-id=\"bef25a5\" data-element_type=\"widget\" data-e-type=\"widget\" data-widget_type=\"kps3-simple.default\">\n\t\t\t\t<div class=\"elementor-widget-container\">\n\t\t\t\t\t    <header\n            class=\"header header--small\"\n      style=\"background-image: url('https:\/\/nevadawic.org\/wp-content\/uploads\/2020\/07\/vegas-1280x450.jpg');\"\n    >\n                  <div\n        class=\"header__overlay\"\n        style=\"background-image: linear-gradient(\n          130deg,\n          rgba(255, 255, 255, 1) 23%,\n          rgba(255, 255, 255, .1) 43%\n        );\"\n      ><\/div>\n            <div class=\"header__container container container--large\">\n        <h1 class=\"header__heading\">\n          Las Vegas, NV        <\/h1>\n      <\/div>\n    <\/header>\n    \t\t\t\t<\/div>\n\t\t\t\t<\/div>\n\t\t\t\t\t<\/div>\n\t\t<\/div>\n\t\t\t\t\t<\/div>\n\t\t<\/section>\n\t\t\t\t<section class=\"elementor-section elementor-top-section elementor-element elementor-element-4861013 elementor-section-boxed elementor-section-height-default elementor-section-height-default\" data-id=\"4861013\" data-element_type=\"section\" data-e-type=\"section\">\n\t\t\t\t\t\t<div class=\"elementor-container elementor-column-gap-default\">\n\t\t\t\t\t<div class=\"elementor-column elementor-col-100 elementor-top-column elementor-element elementor-element-72c449c\" data-id=\"72c449c\" data-element_type=\"column\" data-e-type=\"column\">\n\t\t\t<div class=\"elementor-widget-wrap elementor-element-populated\">\n\t\t\t\t\t\t<div class=\"elementor-element elementor-element-f7cf999 elementor-widget elementor-widget-kps3-accordion\" data-id=\"f7cf999\" data-element_type=\"widget\" data-e-type=\"widget\" data-widget_type=\"kps3-accordion.default\">\n\t\t\t\t<div class=\"elementor-widget-container\">\n\t\t\t\t\t      <div  class=\"accordion\">\n        <div class=\"accordion__container container container--small\">\n                                  <div class=\"js-accordion accordion__item\" data-accordion-prefix-classes=\"accordion\">\n              <h4 class=\"js-accordion__header accordion__title\">\n                Dignity Health WIC              <\/h4>\n              <div class=\"js-accordion__panel accordion__panel type\">\n                <ul>\n<li><a href=\"https:\/\/www.dignityhealth.org\/las-vegas\/classes-and-events\/community-programs\/wic-program\">Green Valley (Henderson)<\/a>\n<ul>\n<li>2651 Paseo Verde Pkwy., Suite 180<br \/>Henderson, NV 89074<\/li>\n<\/ul>\n<\/li>\n<\/ul>\n<p>\u00a0<\/p>\n<p>\u00a0<\/p>\n<ul>\n<li><a href=\"https:\/\/www.dignityhealth.org\/las-vegas\/classes-and-events\/community-programs\/wic-program\">West<\/a>\n<ul>\n<li>7220 S. Cimarron Road, Suite 195<br \/>Las Vegas, NV 89113<\/li>\n<\/ul>\n<\/li>\n<li><a href=\"https:\/\/www.dignityhealth.org\/las-vegas\/classes-and-events\/community-programs\/wic-program\">De Lima<\/a>\n<ul>\n<li>102 E. Lake Mead Pkwy., Henderson, NV 89015<\/li>\n<\/ul>\n<\/li>\n<\/ul>\n              <\/div>\n            <\/div>\n                                  <div class=\"js-accordion accordion__item\" data-accordion-prefix-classes=\"accordion\">\n              <h4 class=\"js-accordion__header accordion__title\">\n                Las Vegas Urban League              <\/h4>\n              <div class=\"js-accordion__panel accordion__panel type\">\n                <ul>\n<li><a href=\"https:\/\/wiclv.org\/\">Flamingo East<\/a>\n<ul>\n<li>3320 E. Flamingo Road, Suite 50<br \/>Las Vegas NV, 89121<\/li>\n<\/ul>\n<\/li>\n<li>&nbsp;<a href=\"https:\/\/wiclv.org\/\">Flamingo West<\/a>\n<ul>\n<li>6480 W. Flamingo Road, Suite B<br \/>Las Vegas NV 89103<\/li>\n<\/ul>\n<\/li>\n<\/ul>\n              <\/div>\n            <\/div>\n                                  <div class=\"js-accordion accordion__item\" data-accordion-prefix-classes=\"accordion\">\n              <h4 class=\"js-accordion__header accordion__title\">\n                Nevada Health Centers              <\/h4>\n              <div class=\"js-accordion__panel accordion__panel type\">\n                <ul>\n<li><a href=\"https:\/\/www.nevadahealthcenters.org\/health-center-detail\/?hc_id=20\">Bonanza<\/a>\n<ul>\n<li>5001 E. Bonanza Road, Suite 104,<br \/>Las Vegas, NV 89110<\/li>\n<\/ul>\n<\/li>\n<li><a href=\"https:\/\/www.nevadahealthcenters.org\/health-center-detail\/?hc_id=21\">Cambridge<\/a>\n<ul>\n<li>&nbsp;3900 Cambridge St., Suite 202;<br \/>Las Vegas, NV 89119<\/li>\n<\/ul>\n<\/li>\n<li><a href=\"https:\/\/www.nevadahealthcenters.org\/health-center-detail\/?hc_id=19\">Decatur<\/a>\n<ul>\n<li>5085 W. Sahara Ave., Suite 134<br \/>Las Vegas, NV 89146<\/li>\n<\/ul>\n<\/li>\n<\/ul>\n<p>&nbsp;<\/p>\n<p>&nbsp;<\/p>\n<ul>\n<li><a href=\"https:\/\/www.nevadahealthcenters.org\/health-center-detail\/?hc_id=22\">Gowan<\/a>\n<ul>\n<li>&nbsp;3650 N. Rancho Dr., Suite 101<br \/>Las Vegas, NV 89130<\/li>\n<\/ul>\n<\/li>\n<li><a href=\"https:\/\/www.nevadahealthcenters.org\/health-center-detail\/?hc_id=23\">MLK<\/a>\n<ul>\n<li>1700 Wheeler Peak Dr.<br \/>Las Vegas, NV 89106<\/li>\n<\/ul>\n<\/li>\n<\/ul>\n<ul>\n<li><a href=\"https:\/\/www.nevadahealthcenters.org\/health-center-detail\/?hc_id=24\">North Las Vegas (McDaniel)<\/a>\n<ul>\n<li>&nbsp;2225 Civic Center Drive, Suite 150<br \/>North Las Vegas, NV 89030<\/li>\n<\/ul>\n<\/li>\n<li><a href=\"https:\/\/www.nevadahealthcenters.org\/health-center-detail\/?hc_id=25\">Tropicana<\/a>\n<ul>\n<li>&nbsp;5486 Boulder Highway, Suite 102<br \/>Las Vegas, NV 89122<\/li>\n<\/ul>\n<\/li>\n<\/ul>\n              <\/div>\n            <\/div>\n                  <\/div>\n      <\/div>\n      \t\t\t\t<\/div>\n\t\t\t\t<\/div>\n\t\t\t\t\t<\/div>\n\t\t<\/div>\n\t\t\t\t\t<\/div>\n\t\t<\/section>\n\t\t\t\t<section class=\"elementor-section elementor-top-section elementor-element elementor-element-ac3918d elementor-section-boxed elementor-section-height-default elementor-section-height-default\" data-id=\"ac3918d\" data-element_type=\"section\" data-e-type=\"section\">\n\t\t\t\t\t\t<div class=\"elementor-container elementor-column-gap-default\">\n\t\t\t\t\t<div class=\"elementor-column elementor-col-100 elementor-top-column elementor-element elementor-element-3bcfee4\" data-id=\"3bcfee4\" data-element_type=\"column\" data-e-type=\"column\">\n\t\t\t<div class=\"elementor-widget-wrap elementor-element-populated\">\n\t\t\t\t\t\t<div class=\"elementor-element elementor-element-47da9ba elementor-widget elementor-widget-kps3-spacer\" data-id=\"47da9ba\" data-element_type=\"widget\" data-e-type=\"widget\" data-widget_type=\"kps3-spacer.default\">\n\t\t\t\t<div class=\"elementor-widget-container\">\n\t\t\t\t\t    <div\n      class=\"spacer \"\n    ><\/div>\n    \t\t\t\t<\/div>\n\t\t\t\t<\/div>\n\t\t\t\t\t<\/div>\n\t\t<\/div>\n\t\t\t\t\t<\/div>\n\t\t<\/section>\n\t\t\t\t<\/div>\n\t\t","protected":false},"excerpt":{"rendered":"<p>Programa de Consejera de Lactancia de WIC Apoyo de madre a madre El Programa de Consejera de Lactancia&hellip;<\/p>\n","protected":false},"author":6,"featured_media":0,"parent":0,"menu_order":0,"comment_status":"closed","ping_status":"closed","template":"","meta":{"_acf_changed":false,"protect_children":false,"footnotes":""},"class_list":["post-28084","page","type-page","status-publish","hentry"],"acf":[],"yoast_head":"<!-- This site is optimized with the Yoast SEO plugin v27.2 - https:\/\/yoast.com\/product\/yoast-seo-wordpress\/ -->\n<title>Programa de Orientadora de Lactancia de WIC - Nevada WIC<\/title>\n<meta name=\"description\" content=\"Programa de Consejera de Lactancia de WIC Apoyo de madre a madre El Programa de Consejera de Lactancia Materna de WIC ofrece educaci\u00f3n y apoyo de madre a\" \/>\n<meta name=\"robots\" content=\"index, follow, max-snippet:-1, max-image-preview:large, max-video-preview:-1\" \/>\n<link rel=\"canonical\" href=\"https:\/\/nevadawic.org\/es\/programa-de-asesores-de-pares-en-la-lactancia\/\" \/>\n<meta property=\"og:locale\" content=\"es_ES\" \/>\n<meta property=\"og:type\" content=\"article\" \/>\n<meta property=\"og:title\" content=\"Programa de Orientadora de Lactancia de WIC - Nevada WIC\" \/>\n<meta property=\"og:description\" content=\"Programa de Consejera de Lactancia de WIC Apoyo de madre a madre El Programa de Consejera de Lactancia Materna de WIC ofrece educaci\u00f3n y apoyo de madre a\" \/>\n<meta property=\"og:url\" content=\"https:\/\/nevadawic.org\/es\/programa-de-asesores-de-pares-en-la-lactancia\/\" \/>\n<meta property=\"og:site_name\" content=\"Nevada WIC\" \/>\n<meta property=\"article:modified_time\" content=\"2024-03-21T20:15:09+00:00\" \/>\n<meta property=\"og:image\" content=\"https:\/\/nevadawic.org\/wp-content\/uploads\/2020\/07\/nwic-og-image.jpg\" \/>\n\t<meta property=\"og:image:width\" content=\"1200\" \/>\n\t<meta property=\"og:image:height\" content=\"630\" \/>\n\t<meta property=\"og:image:type\" content=\"image\/jpeg\" \/>\n<meta name=\"twitter:card\" content=\"summary_large_image\" \/>\n<meta name=\"twitter:label1\" content=\"Tiempo de lectura\" \/>\n\t<meta name=\"twitter:data1\" content=\"2 minutos\" \/>\n<script type=\"application\/ld+json\" class=\"yoast-schema-graph\">{\"@context\":\"https:\/\/schema.org\",\"@graph\":[{\"@type\":\"WebPage\",\"@id\":\"https:\/\/nevadawic.org\/es\/programa-de-asesores-de-pares-en-la-lactancia\/\",\"url\":\"https:\/\/nevadawic.org\/es\/programa-de-asesores-de-pares-en-la-lactancia\/\",\"name\":\"Programa de Orientadora de Lactancia de WIC - Nevada WIC\",\"isPartOf\":{\"@id\":\"https:\/\/nevadawic.org\/es\/#website\"},\"datePublished\":\"2020-07-01T21:51:06+00:00\",\"dateModified\":\"2024-03-21T20:15:09+00:00\",\"description\":\"Programa de Consejera de Lactancia de WIC Apoyo de madre a madre El Programa de Consejera de Lactancia Materna de WIC ofrece educaci\u00f3n y apoyo de madre a\",\"breadcrumb\":{\"@id\":\"https:\/\/nevadawic.org\/es\/programa-de-asesores-de-pares-en-la-lactancia\/#breadcrumb\"},\"inLanguage\":\"es\",\"potentialAction\":[{\"@type\":\"ReadAction\",\"target\":[\"https:\/\/nevadawic.org\/es\/programa-de-asesores-de-pares-en-la-lactancia\/\"]}]},{\"@type\":\"BreadcrumbList\",\"@id\":\"https:\/\/nevadawic.org\/es\/programa-de-asesores-de-pares-en-la-lactancia\/#breadcrumb\",\"itemListElement\":[{\"@type\":\"ListItem\",\"position\":1,\"name\":\"Inicio\",\"item\":\"https:\/\/nevadawic.org\/es\/\"},{\"@type\":\"ListItem\",\"position\":2,\"name\":\"Programa de Orientadora de Lactancia de WIC\"}]},{\"@type\":\"WebSite\",\"@id\":\"https:\/\/nevadawic.org\/es\/#website\",\"url\":\"https:\/\/nevadawic.org\/es\/\",\"name\":\"Nevada WIC\",\"description\":\"\",\"publisher\":{\"@id\":\"https:\/\/nevadawic.org\/es\/#organization\"},\"potentialAction\":[{\"@type\":\"SearchAction\",\"target\":{\"@type\":\"EntryPoint\",\"urlTemplate\":\"https:\/\/nevadawic.org\/es\/?s={search_term_string}\"},\"query-input\":{\"@type\":\"PropertyValueSpecification\",\"valueRequired\":true,\"valueName\":\"search_term_string\"}}],\"inLanguage\":\"es\"},{\"@type\":\"Organization\",\"@id\":\"https:\/\/nevadawic.org\/es\/#organization\",\"name\":\"WIC de Nevada:\",\"url\":\"https:\/\/nevadawic.org\/es\/\",\"logo\":{\"@type\":\"ImageObject\",\"inLanguage\":\"es\",\"@id\":\"https:\/\/nevadawic.org\/es\/#\/schema\/logo\/image\/\",\"url\":\"https:\/\/nevadawic.org\/wp-content\/uploads\/2020\/07\/NV-Logo_Purple.jpg\",\"contentUrl\":\"https:\/\/nevadawic.org\/wp-content\/uploads\/2020\/07\/NV-Logo_Purple.jpg\",\"width\":970,\"height\":507,\"caption\":\"WIC de Nevada:\"},\"image\":{\"@id\":\"https:\/\/nevadawic.org\/es\/#\/schema\/logo\/image\/\"}}]}<\/script>\n<!-- \/ Yoast SEO plugin. -->","yoast_head_json":{"title":"Programa de Orientadora de Lactancia de WIC - Nevada WIC","description":"Programa de Consejera de Lactancia de WIC Apoyo de madre a madre El Programa de Consejera de Lactancia Materna de WIC ofrece educaci\u00f3n y apoyo de madre a","robots":{"index":"index","follow":"follow","max-snippet":"max-snippet:-1","max-image-preview":"max-image-preview:large","max-video-preview":"max-video-preview:-1"},"canonical":"https:\/\/nevadawic.org\/es\/programa-de-asesores-de-pares-en-la-lactancia\/","og_locale":"es_ES","og_type":"article","og_title":"Programa de Orientadora de Lactancia de WIC - Nevada WIC","og_description":"Programa de Consejera de Lactancia de WIC Apoyo de madre a madre El Programa de Consejera de Lactancia Materna de WIC ofrece educaci\u00f3n y apoyo de madre a","og_url":"https:\/\/nevadawic.org\/es\/programa-de-asesores-de-pares-en-la-lactancia\/","og_site_name":"Nevada WIC","article_modified_time":"2024-03-21T20:15:09+00:00","og_image":[{"width":1200,"height":630,"url":"https:\/\/nevadawic.org\/wp-content\/uploads\/2020\/07\/nwic-og-image.jpg","type":"image\/jpeg"}],"twitter_card":"summary_large_image","twitter_misc":{"Tiempo de lectura":"2 minutos"},"schema":{"@context":"https:\/\/schema.org","@graph":[{"@type":"WebPage","@id":"https:\/\/nevadawic.org\/es\/programa-de-asesores-de-pares-en-la-lactancia\/","url":"https:\/\/nevadawic.org\/es\/programa-de-asesores-de-pares-en-la-lactancia\/","name":"Programa de Orientadora de Lactancia de WIC - Nevada WIC","isPartOf":{"@id":"https:\/\/nevadawic.org\/es\/#website"},"datePublished":"2020-07-01T21:51:06+00:00","dateModified":"2024-03-21T20:15:09+00:00","description":"Programa de Consejera de Lactancia de WIC Apoyo de madre a madre El Programa de Consejera de Lactancia Materna de WIC ofrece educaci\u00f3n y apoyo de madre a","breadcrumb":{"@id":"https:\/\/nevadawic.org\/es\/programa-de-asesores-de-pares-en-la-lactancia\/#breadcrumb"},"inLanguage":"es","potentialAction":[{"@type":"ReadAction","target":["https:\/\/nevadawic.org\/es\/programa-de-asesores-de-pares-en-la-lactancia\/"]}]},{"@type":"BreadcrumbList","@id":"https:\/\/nevadawic.org\/es\/programa-de-asesores-de-pares-en-la-lactancia\/#breadcrumb","itemListElement":[{"@type":"ListItem","position":1,"name":"Inicio","item":"https:\/\/nevadawic.org\/es\/"},{"@type":"ListItem","position":2,"name":"Programa de Orientadora de Lactancia de WIC"}]},{"@type":"WebSite","@id":"https:\/\/nevadawic.org\/es\/#website","url":"https:\/\/nevadawic.org\/es\/","name":"Nevada WIC","description":"","publisher":{"@id":"https:\/\/nevadawic.org\/es\/#organization"},"potentialAction":[{"@type":"SearchAction","target":{"@type":"EntryPoint","urlTemplate":"https:\/\/nevadawic.org\/es\/?s={search_term_string}"},"query-input":{"@type":"PropertyValueSpecification","valueRequired":true,"valueName":"search_term_string"}}],"inLanguage":"es"},{"@type":"Organization","@id":"https:\/\/nevadawic.org\/es\/#organization","name":"WIC de Nevada:","url":"https:\/\/nevadawic.org\/es\/","logo":{"@type":"ImageObject","inLanguage":"es","@id":"https:\/\/nevadawic.org\/es\/#\/schema\/logo\/image\/","url":"https:\/\/nevadawic.org\/wp-content\/uploads\/2020\/07\/NV-Logo_Purple.jpg","contentUrl":"https:\/\/nevadawic.org\/wp-content\/uploads\/2020\/07\/NV-Logo_Purple.jpg","width":970,"height":507,"caption":"WIC de Nevada:"},"image":{"@id":"https:\/\/nevadawic.org\/es\/#\/schema\/logo\/image\/"}}]}},"_links":{"self":[{"href":"https:\/\/nevadawic.org\/es\/wp-json\/wp\/v2\/pages\/28084","targetHints":{"allow":["GET"]}}],"collection":[{"href":"https:\/\/nevadawic.org\/es\/wp-json\/wp\/v2\/pages"}],"about":[{"href":"https:\/\/nevadawic.org\/es\/wp-json\/wp\/v2\/types\/page"}],"author":[{"embeddable":true,"href":"https:\/\/nevadawic.org\/es\/wp-json\/wp\/v2\/users\/6"}],"replies":[{"embeddable":true,"href":"https:\/\/nevadawic.org\/es\/wp-json\/wp\/v2\/comments?post=28084"}],"version-history":[{"count":34,"href":"https:\/\/nevadawic.org\/es\/wp-json\/wp\/v2\/pages\/28084\/revisions"}],"predecessor-version":[{"id":34276,"href":"https:\/\/nevadawic.org\/es\/wp-json\/wp\/v2\/pages\/28084\/revisions\/34276"}],"wp:attachment":[{"href":"https:\/\/nevadawic.org\/es\/wp-json\/wp\/v2\/media?parent=28084"}],"curies":[{"name":"wp","href":"https:\/\/api.w.org\/{rel}","templated":true}]}}