{"id":28088,"date":"2020-07-02T09:52:32","date_gmt":"2020-07-02T16:52:32","guid":{"rendered":"https:\/\/nevadawic.org\/autoridad-profesional-competente-cpa-dietista-registrado-rd-y-nutricionista\/"},"modified":"2024-03-21T12:36:20","modified_gmt":"2024-03-21T19:36:20","slug":"autoridad-profesional-competente-cpa-dietista-registrado-rd-y-nutricionista","status":"publish","type":"page","link":"https:\/\/nevadawic.org\/es\/autoridad-profesional-competente-cpa-dietista-registrado-rd-y-nutricionista\/","title":{"rendered":"Autoridad Profesional Competente (CPA), Dietista Registrado (RD) y Nutricionista"},"content":{"rendered":"<h3>Requisitos de entrenamiento<\/h3>\n<p>Una CPA debe completar el siguiente entrenamiento basado en competencias dentro de los plazos asociados:<\/p>\n<p>Las cuatro etapas de entrenamiento dentro de los seis meses de contrataci\u00f3n: las CPA y los RD (dietistas diplomados)\/nutricionistas deben completar las cuatro etapas de entrenamiento. Los m\u00f3dulos de entrenamiento son autoguiados. Se les recomienda a nutricionistas y RD que completen los manuales de nutrici\u00f3n de la etapa\u00a03, pero no es obligatorio. Para obtener m\u00e1s orientaci\u00f3n sobre c\u00f3mo completar los m\u00f3dulos de entrenamiento de WIC, consulte el Plan de entrenamiento del empleado (ap\u00e9ndice GP: I).<\/p>\n<p>Entrenamiento sobre lactancia materna proporcionada por el estado dentro del primer a\u00f1o de la contrataci\u00f3n: todas las CPA y los RD y nutricionistas deben completar este entrenamiento integral sobre lactancia materna una vez cada cinco (5) a\u00f1os. El personal puede asistir a un curso ofrecido por la oficina estatal de WIC u otro curso similar con la aprobaci\u00f3n de la persona coordinadora de lactancia materna del estado.<\/p>\n<p>Los cursos en l\u00ednea sobre nutrici\u00f3n y actualizaci\u00f3n para CPA deben completarse cada cinco a\u00f1os a partir de la fecha de finalizaci\u00f3n inicial.<\/p>\n<p><a href=\"https:\/\/nevadawic.org\/staff\/resources-for-staff\/training\/\"><strong>\u2190 VOLVER<\/strong><\/a><\/p>\n","protected":false},"excerpt":{"rendered":"<p>Requisitos de entrenamiento Una CPA debe completar el siguiente entrenamiento basado en competencias dentro de los plazos asociados:&hellip;<\/p>\n","protected":false},"author":7,"featured_media":24611,"parent":0,"menu_order":0,"comment_status":"closed","ping_status":"closed","template":"","meta":{"_acf_changed":false,"protect_children":false,"footnotes":""},"class_list":["post-28088","page","type-page","status-publish","has-post-thumbnail","hentry"],"acf":[],"yoast_head":"<!-- This site is optimized with the Yoast SEO plugin v27.2 - https:\/\/yoast.com\/product\/yoast-seo-wordpress\/ -->\n<title>Autoridad Profesional Competente (CPA), Dietista Registrado (RD) y Nutricionista - Nevada WIC<\/title>\n<meta name=\"description\" content=\"Requisitos de entrenamiento Una CPA debe completar el siguiente entrenamiento basado en competencias dentro de los plazos asociados: Las cuatro etapas de\" \/>\n<meta name=\"robots\" content=\"index, follow, max-snippet:-1, max-image-preview:large, max-video-preview:-1\" \/>\n<link rel=\"canonical\" href=\"https:\/\/nevadawic.org\/es\/autoridad-profesional-competente-cpa-dietista-registrado-rd-y-nutricionista\/\" \/>\n<meta property=\"og:locale\" content=\"es_ES\" \/>\n<meta property=\"og:type\" content=\"article\" \/>\n<meta property=\"og:title\" content=\"Autoridad Profesional Competente (CPA), Dietista Registrado (RD) y Nutricionista - Nevada WIC\" \/>\n<meta property=\"og:description\" content=\"Requisitos de entrenamiento Una CPA debe completar el siguiente entrenamiento basado en competencias dentro de los plazos asociados: Las cuatro etapas de\" \/>\n<meta property=\"og:url\" content=\"https:\/\/nevadawic.org\/es\/autoridad-profesional-competente-cpa-dietista-registrado-rd-y-nutricionista\/\" \/>\n<meta property=\"og:site_name\" content=\"Nevada WIC\" \/>\n<meta property=\"article:modified_time\" content=\"2024-03-21T19:36:20+00:00\" \/>\n<meta property=\"og:image\" content=\"https:\/\/nevadawic.org\/wp-content\/uploads\/2020\/05\/combating-high-blood-pressure-819720684-1.jpg\" \/>\n\t<meta property=\"og:image:width\" content=\"600\" \/>\n\t<meta property=\"og:image:height\" content=\"450\" \/>\n\t<meta property=\"og:image:type\" content=\"image\/jpeg\" \/>\n<meta name=\"twitter:card\" content=\"summary_large_image\" \/>\n<meta name=\"twitter:label1\" content=\"Tiempo de lectura\" \/>\n\t<meta name=\"twitter:data1\" content=\"2 minutos\" \/>\n<script type=\"application\/ld+json\" class=\"yoast-schema-graph\">{\"@context\":\"https:\/\/schema.org\",\"@graph\":[{\"@type\":\"WebPage\",\"@id\":\"https:\/\/nevadawic.org\/es\/autoridad-profesional-competente-cpa-dietista-registrado-rd-y-nutricionista\/\",\"url\":\"https:\/\/nevadawic.org\/es\/autoridad-profesional-competente-cpa-dietista-registrado-rd-y-nutricionista\/\",\"name\":\"Autoridad Profesional Competente (CPA), Dietista Registrado (RD) y Nutricionista - Nevada WIC\",\"isPartOf\":{\"@id\":\"https:\/\/nevadawic.org\/es\/#website\"},\"primaryImageOfPage\":{\"@id\":\"https:\/\/nevadawic.org\/es\/autoridad-profesional-competente-cpa-dietista-registrado-rd-y-nutricionista\/#primaryimage\"},\"image\":{\"@id\":\"https:\/\/nevadawic.org\/es\/autoridad-profesional-competente-cpa-dietista-registrado-rd-y-nutricionista\/#primaryimage\"},\"thumbnailUrl\":\"https:\/\/nevadawic.org\/wp-content\/uploads\/2020\/05\/combating-high-blood-pressure-819720684-1.jpg\",\"datePublished\":\"2020-07-02T16:52:32+00:00\",\"dateModified\":\"2024-03-21T19:36:20+00:00\",\"description\":\"Requisitos de entrenamiento Una CPA debe completar el siguiente entrenamiento basado en competencias dentro de los plazos asociados: Las cuatro etapas de\",\"breadcrumb\":{\"@id\":\"https:\/\/nevadawic.org\/es\/autoridad-profesional-competente-cpa-dietista-registrado-rd-y-nutricionista\/#breadcrumb\"},\"inLanguage\":\"es\",\"potentialAction\":[{\"@type\":\"ReadAction\",\"target\":[\"https:\/\/nevadawic.org\/es\/autoridad-profesional-competente-cpa-dietista-registrado-rd-y-nutricionista\/\"]}]},{\"@type\":\"ImageObject\",\"inLanguage\":\"es\",\"@id\":\"https:\/\/nevadawic.org\/es\/autoridad-profesional-competente-cpa-dietista-registrado-rd-y-nutricionista\/#primaryimage\",\"url\":\"https:\/\/nevadawic.org\/wp-content\/uploads\/2020\/05\/combating-high-blood-pressure-819720684-1.jpg\",\"contentUrl\":\"https:\/\/nevadawic.org\/wp-content\/uploads\/2020\/05\/combating-high-blood-pressure-819720684-1.jpg\",\"width\":600,\"height\":450},{\"@type\":\"BreadcrumbList\",\"@id\":\"https:\/\/nevadawic.org\/es\/autoridad-profesional-competente-cpa-dietista-registrado-rd-y-nutricionista\/#breadcrumb\",\"itemListElement\":[{\"@type\":\"ListItem\",\"position\":1,\"name\":\"Inicio\",\"item\":\"https:\/\/nevadawic.org\/es\/\"},{\"@type\":\"ListItem\",\"position\":2,\"name\":\"Autoridad Profesional Competente (CPA), Dietista Registrado (RD) y Nutricionista\"}]},{\"@type\":\"WebSite\",\"@id\":\"https:\/\/nevadawic.org\/es\/#website\",\"url\":\"https:\/\/nevadawic.org\/es\/\",\"name\":\"Nevada WIC\",\"description\":\"\",\"publisher\":{\"@id\":\"https:\/\/nevadawic.org\/es\/#organization\"},\"potentialAction\":[{\"@type\":\"SearchAction\",\"target\":{\"@type\":\"EntryPoint\",\"urlTemplate\":\"https:\/\/nevadawic.org\/es\/?s={search_term_string}\"},\"query-input\":{\"@type\":\"PropertyValueSpecification\",\"valueRequired\":true,\"valueName\":\"search_term_string\"}}],\"inLanguage\":\"es\"},{\"@type\":\"Organization\",\"@id\":\"https:\/\/nevadawic.org\/es\/#organization\",\"name\":\"WIC de Nevada:\",\"url\":\"https:\/\/nevadawic.org\/es\/\",\"logo\":{\"@type\":\"ImageObject\",\"inLanguage\":\"es\",\"@id\":\"https:\/\/nevadawic.org\/es\/#\/schema\/logo\/image\/\",\"url\":\"https:\/\/nevadawic.org\/wp-content\/uploads\/2020\/07\/NV-Logo_Purple.jpg\",\"contentUrl\":\"https:\/\/nevadawic.org\/wp-content\/uploads\/2020\/07\/NV-Logo_Purple.jpg\",\"width\":970,\"height\":507,\"caption\":\"WIC de Nevada:\"},\"image\":{\"@id\":\"https:\/\/nevadawic.org\/es\/#\/schema\/logo\/image\/\"}}]}<\/script>\n<!-- \/ Yoast SEO plugin. -->","yoast_head_json":{"title":"Autoridad Profesional Competente (CPA), Dietista Registrado (RD) y Nutricionista - Nevada WIC","description":"Requisitos de entrenamiento Una CPA debe completar el siguiente entrenamiento basado en competencias dentro de los plazos asociados: Las cuatro etapas de","robots":{"index":"index","follow":"follow","max-snippet":"max-snippet:-1","max-image-preview":"max-image-preview:large","max-video-preview":"max-video-preview:-1"},"canonical":"https:\/\/nevadawic.org\/es\/autoridad-profesional-competente-cpa-dietista-registrado-rd-y-nutricionista\/","og_locale":"es_ES","og_type":"article","og_title":"Autoridad Profesional Competente (CPA), Dietista Registrado (RD) y Nutricionista - Nevada WIC","og_description":"Requisitos de entrenamiento Una CPA debe completar el siguiente entrenamiento basado en competencias dentro de los plazos asociados: Las cuatro etapas de","og_url":"https:\/\/nevadawic.org\/es\/autoridad-profesional-competente-cpa-dietista-registrado-rd-y-nutricionista\/","og_site_name":"Nevada WIC","article_modified_time":"2024-03-21T19:36:20+00:00","og_image":[{"width":600,"height":450,"url":"https:\/\/nevadawic.org\/wp-content\/uploads\/2020\/05\/combating-high-blood-pressure-819720684-1.jpg","type":"image\/jpeg"}],"twitter_card":"summary_large_image","twitter_misc":{"Tiempo de lectura":"2 minutos"},"schema":{"@context":"https:\/\/schema.org","@graph":[{"@type":"WebPage","@id":"https:\/\/nevadawic.org\/es\/autoridad-profesional-competente-cpa-dietista-registrado-rd-y-nutricionista\/","url":"https:\/\/nevadawic.org\/es\/autoridad-profesional-competente-cpa-dietista-registrado-rd-y-nutricionista\/","name":"Autoridad Profesional Competente (CPA), Dietista Registrado (RD) y Nutricionista - Nevada WIC","isPartOf":{"@id":"https:\/\/nevadawic.org\/es\/#website"},"primaryImageOfPage":{"@id":"https:\/\/nevadawic.org\/es\/autoridad-profesional-competente-cpa-dietista-registrado-rd-y-nutricionista\/#primaryimage"},"image":{"@id":"https:\/\/nevadawic.org\/es\/autoridad-profesional-competente-cpa-dietista-registrado-rd-y-nutricionista\/#primaryimage"},"thumbnailUrl":"https:\/\/nevadawic.org\/wp-content\/uploads\/2020\/05\/combating-high-blood-pressure-819720684-1.jpg","datePublished":"2020-07-02T16:52:32+00:00","dateModified":"2024-03-21T19:36:20+00:00","description":"Requisitos de entrenamiento Una CPA debe completar el siguiente entrenamiento basado en competencias dentro de los plazos asociados: Las cuatro etapas de","breadcrumb":{"@id":"https:\/\/nevadawic.org\/es\/autoridad-profesional-competente-cpa-dietista-registrado-rd-y-nutricionista\/#breadcrumb"},"inLanguage":"es","potentialAction":[{"@type":"ReadAction","target":["https:\/\/nevadawic.org\/es\/autoridad-profesional-competente-cpa-dietista-registrado-rd-y-nutricionista\/"]}]},{"@type":"ImageObject","inLanguage":"es","@id":"https:\/\/nevadawic.org\/es\/autoridad-profesional-competente-cpa-dietista-registrado-rd-y-nutricionista\/#primaryimage","url":"https:\/\/nevadawic.org\/wp-content\/uploads\/2020\/05\/combating-high-blood-pressure-819720684-1.jpg","contentUrl":"https:\/\/nevadawic.org\/wp-content\/uploads\/2020\/05\/combating-high-blood-pressure-819720684-1.jpg","width":600,"height":450},{"@type":"BreadcrumbList","@id":"https:\/\/nevadawic.org\/es\/autoridad-profesional-competente-cpa-dietista-registrado-rd-y-nutricionista\/#breadcrumb","itemListElement":[{"@type":"ListItem","position":1,"name":"Inicio","item":"https:\/\/nevadawic.org\/es\/"},{"@type":"ListItem","position":2,"name":"Autoridad Profesional Competente (CPA), Dietista Registrado (RD) y Nutricionista"}]},{"@type":"WebSite","@id":"https:\/\/nevadawic.org\/es\/#website","url":"https:\/\/nevadawic.org\/es\/","name":"Nevada WIC","description":"","publisher":{"@id":"https:\/\/nevadawic.org\/es\/#organization"},"potentialAction":[{"@type":"SearchAction","target":{"@type":"EntryPoint","urlTemplate":"https:\/\/nevadawic.org\/es\/?s={search_term_string}"},"query-input":{"@type":"PropertyValueSpecification","valueRequired":true,"valueName":"search_term_string"}}],"inLanguage":"es"},{"@type":"Organization","@id":"https:\/\/nevadawic.org\/es\/#organization","name":"WIC de Nevada:","url":"https:\/\/nevadawic.org\/es\/","logo":{"@type":"ImageObject","inLanguage":"es","@id":"https:\/\/nevadawic.org\/es\/#\/schema\/logo\/image\/","url":"https:\/\/nevadawic.org\/wp-content\/uploads\/2020\/07\/NV-Logo_Purple.jpg","contentUrl":"https:\/\/nevadawic.org\/wp-content\/uploads\/2020\/07\/NV-Logo_Purple.jpg","width":970,"height":507,"caption":"WIC de Nevada:"},"image":{"@id":"https:\/\/nevadawic.org\/es\/#\/schema\/logo\/image\/"}}]}},"_links":{"self":[{"href":"https:\/\/nevadawic.org\/es\/wp-json\/wp\/v2\/pages\/28088","targetHints":{"allow":["GET"]}}],"collection":[{"href":"https:\/\/nevadawic.org\/es\/wp-json\/wp\/v2\/pages"}],"about":[{"href":"https:\/\/nevadawic.org\/es\/wp-json\/wp\/v2\/types\/page"}],"author":[{"embeddable":true,"href":"https:\/\/nevadawic.org\/es\/wp-json\/wp\/v2\/users\/7"}],"replies":[{"embeddable":true,"href":"https:\/\/nevadawic.org\/es\/wp-json\/wp\/v2\/comments?post=28088"}],"version-history":[{"count":3,"href":"https:\/\/nevadawic.org\/es\/wp-json\/wp\/v2\/pages\/28088\/revisions"}],"predecessor-version":[{"id":34263,"href":"https:\/\/nevadawic.org\/es\/wp-json\/wp\/v2\/pages\/28088\/revisions\/34263"}],"wp:featuredmedia":[{"embeddable":true,"href":"https:\/\/nevadawic.org\/es\/wp-json\/wp\/v2\/media\/24611"}],"wp:attachment":[{"href":"https:\/\/nevadawic.org\/es\/wp-json\/wp\/v2\/media?parent=28088"}],"curies":[{"name":"wp","href":"https:\/\/api.w.org\/{rel}","templated":true}]}}