{"id":28089,"date":"2020-07-02T11:05:16","date_gmt":"2020-07-02T18:05:16","guid":{"rendered":"https:\/\/nevadawic.org\/recepcionista-personal-de-atencion-al-publico\/"},"modified":"2023-11-22T19:38:17","modified_gmt":"2023-11-23T03:38:17","slug":"recepcionista-personal-de-atencion-al-publico","status":"publish","type":"page","link":"https:\/\/nevadawic.org\/es\/recepcionista-personal-de-atencion-al-publico\/","title":{"rendered":"Recepcionista, personal de atenci\u00f3n al p\u00fablico"},"content":{"rendered":"<h3>Requisitos de entrenamiento<\/h3>\n<p>Aptitudes m\u00ednimas y requisitos de entrenamiento basado en las competencias de los recepcionistas o el personal de atenci\u00f3n al p\u00fablico:<\/p>\n<ul>\n<li>Deben cumplir con las aptitudes correspondientes establecidas por la agencia local seg\u00fan las tareas asignadas Y<\/li>\n<li>Completar los siguientes m\u00f3dulos de entrenamiento basado en las competencias de WIC dentro de los dos meses de la contrataci\u00f3n:\n<ul>\n<li>Etapa\u00a01: Todo el personal de WIC<\/li>\n<li>Etapa\u00a02: Mediciones antropom\u00e9tricas y an\u00e1lisis de hemoglobina (si corresponde a las tareas asignadas)<\/li>\n<\/ul>\n<\/li>\n<\/ul>\n<p><a href=\"https:\/\/nevadawic.org\/staff\/resources-for-staff\/training\/\"><strong>\u2190&nbsp; VOLVER<\/strong><\/a><\/p>\n","protected":false},"excerpt":{"rendered":"<p>Requisitos de entrenamiento Aptitudes m\u00ednimas y requisitos de entrenamiento basado en las competencias de los recepcionistas o el&hellip;<\/p>\n","protected":false},"author":7,"featured_media":26067,"parent":0,"menu_order":0,"comment_status":"closed","ping_status":"closed","template":"","meta":{"_acf_changed":false,"protect_children":false,"footnotes":""},"class_list":["post-28089","page","type-page","status-publish","has-post-thumbnail","hentry"],"acf":[],"yoast_head":"<!-- This site is optimized with the Yoast SEO plugin v27.4 - https:\/\/yoast.com\/product\/yoast-seo-wordpress\/ -->\n<title>Recepcionista, personal de atenci\u00f3n al p\u00fablico - Nevada WIC<\/title>\n<meta name=\"description\" content=\"Requisitos de entrenamiento Aptitudes m\u00ednimas y requisitos de entrenamiento basado en las competencias de los recepcionistas o el personal de atenci\u00f3n al\" \/>\n<meta name=\"robots\" content=\"index, follow, max-snippet:-1, max-image-preview:large, max-video-preview:-1\" \/>\n<link rel=\"canonical\" href=\"https:\/\/nevadawic.org\/es\/recepcionista-personal-de-atencion-al-publico\/\" \/>\n<meta property=\"og:locale\" content=\"es_ES\" \/>\n<meta property=\"og:type\" content=\"article\" \/>\n<meta property=\"og:title\" content=\"Recepcionista, personal de atenci\u00f3n al p\u00fablico - Nevada WIC\" \/>\n<meta property=\"og:description\" content=\"Requisitos de entrenamiento Aptitudes m\u00ednimas y requisitos de entrenamiento basado en las competencias de los recepcionistas o el personal de atenci\u00f3n al\" \/>\n<meta property=\"og:url\" content=\"https:\/\/nevadawic.org\/es\/recepcionista-personal-de-atencion-al-publico\/\" \/>\n<meta property=\"og:site_name\" content=\"Nevada WIC\" \/>\n<meta property=\"article:modified_time\" content=\"2023-11-23T03:38:17+00:00\" \/>\n<meta property=\"og:image\" content=\"https:\/\/nevadawic.org\/wp-content\/uploads\/2020\/06\/WIC-Clinic-150DPI-scaled.jpg\" \/>\n\t<meta property=\"og:image:width\" content=\"2560\" \/>\n\t<meta property=\"og:image:height\" content=\"1547\" \/>\n\t<meta property=\"og:image:type\" content=\"image\/jpeg\" \/>\n<meta name=\"twitter:card\" content=\"summary_large_image\" \/>\n<script type=\"application\/ld+json\" class=\"yoast-schema-graph\">{\"@context\":\"https:\\\/\\\/schema.org\",\"@graph\":[{\"@type\":\"WebPage\",\"@id\":\"https:\\\/\\\/nevadawic.org\\\/es\\\/recepcionista-personal-de-atencion-al-publico\\\/\",\"url\":\"https:\\\/\\\/nevadawic.org\\\/es\\\/recepcionista-personal-de-atencion-al-publico\\\/\",\"name\":\"Recepcionista, personal de atenci\u00f3n al p\u00fablico - Nevada WIC\",\"isPartOf\":{\"@id\":\"https:\\\/\\\/nevadawic.org\\\/es\\\/#website\"},\"primaryImageOfPage\":{\"@id\":\"https:\\\/\\\/nevadawic.org\\\/es\\\/recepcionista-personal-de-atencion-al-publico\\\/#primaryimage\"},\"image\":{\"@id\":\"https:\\\/\\\/nevadawic.org\\\/es\\\/recepcionista-personal-de-atencion-al-publico\\\/#primaryimage\"},\"thumbnailUrl\":\"https:\\\/\\\/nevadawic.org\\\/wp-content\\\/uploads\\\/2020\\\/06\\\/WIC-Clinic-150DPI-scaled.jpg\",\"datePublished\":\"2020-07-02T18:05:16+00:00\",\"dateModified\":\"2023-11-23T03:38:17+00:00\",\"description\":\"Requisitos de entrenamiento Aptitudes m\u00ednimas y requisitos de entrenamiento basado en las competencias de los recepcionistas o el personal de atenci\u00f3n al\",\"breadcrumb\":{\"@id\":\"https:\\\/\\\/nevadawic.org\\\/es\\\/recepcionista-personal-de-atencion-al-publico\\\/#breadcrumb\"},\"inLanguage\":\"es\",\"potentialAction\":[{\"@type\":\"ReadAction\",\"target\":[\"https:\\\/\\\/nevadawic.org\\\/es\\\/recepcionista-personal-de-atencion-al-publico\\\/\"]}]},{\"@type\":\"ImageObject\",\"inLanguage\":\"es\",\"@id\":\"https:\\\/\\\/nevadawic.org\\\/es\\\/recepcionista-personal-de-atencion-al-publico\\\/#primaryimage\",\"url\":\"https:\\\/\\\/nevadawic.org\\\/wp-content\\\/uploads\\\/2020\\\/06\\\/WIC-Clinic-150DPI-scaled.jpg\",\"contentUrl\":\"https:\\\/\\\/nevadawic.org\\\/wp-content\\\/uploads\\\/2020\\\/06\\\/WIC-Clinic-150DPI-scaled.jpg\",\"width\":2560,\"height\":1547},{\"@type\":\"BreadcrumbList\",\"@id\":\"https:\\\/\\\/nevadawic.org\\\/es\\\/recepcionista-personal-de-atencion-al-publico\\\/#breadcrumb\",\"itemListElement\":[{\"@type\":\"ListItem\",\"position\":1,\"name\":\"Inicio\",\"item\":\"https:\\\/\\\/nevadawic.org\\\/es\\\/\"},{\"@type\":\"ListItem\",\"position\":2,\"name\":\"Recepcionista, personal de atenci\u00f3n al p\u00fablico\"}]},{\"@type\":\"WebSite\",\"@id\":\"https:\\\/\\\/nevadawic.org\\\/es\\\/#website\",\"url\":\"https:\\\/\\\/nevadawic.org\\\/es\\\/\",\"name\":\"Nevada WIC\",\"description\":\"\",\"publisher\":{\"@id\":\"https:\\\/\\\/nevadawic.org\\\/es\\\/#organization\"},\"potentialAction\":[{\"@type\":\"SearchAction\",\"target\":{\"@type\":\"EntryPoint\",\"urlTemplate\":\"https:\\\/\\\/nevadawic.org\\\/es\\\/?s={search_term_string}\"},\"query-input\":{\"@type\":\"PropertyValueSpecification\",\"valueRequired\":true,\"valueName\":\"search_term_string\"}}],\"inLanguage\":\"es\"},{\"@type\":\"Organization\",\"@id\":\"https:\\\/\\\/nevadawic.org\\\/es\\\/#organization\",\"name\":\"WIC de Nevada:\",\"url\":\"https:\\\/\\\/nevadawic.org\\\/es\\\/\",\"logo\":{\"@type\":\"ImageObject\",\"inLanguage\":\"es\",\"@id\":\"https:\\\/\\\/nevadawic.org\\\/es\\\/#\\\/schema\\\/logo\\\/image\\\/\",\"url\":\"https:\\\/\\\/nevadawic.org\\\/wp-content\\\/uploads\\\/2020\\\/07\\\/NV-Logo_Purple.jpg\",\"contentUrl\":\"https:\\\/\\\/nevadawic.org\\\/wp-content\\\/uploads\\\/2020\\\/07\\\/NV-Logo_Purple.jpg\",\"width\":970,\"height\":507,\"caption\":\"WIC de Nevada:\"},\"image\":{\"@id\":\"https:\\\/\\\/nevadawic.org\\\/es\\\/#\\\/schema\\\/logo\\\/image\\\/\"}}]}<\/script>\n<!-- \/ Yoast SEO plugin. -->","yoast_head_json":{"title":"Recepcionista, personal de atenci\u00f3n al p\u00fablico - Nevada WIC","description":"Requisitos de entrenamiento Aptitudes m\u00ednimas y requisitos de entrenamiento basado en las competencias de los recepcionistas o el personal de atenci\u00f3n al","robots":{"index":"index","follow":"follow","max-snippet":"max-snippet:-1","max-image-preview":"max-image-preview:large","max-video-preview":"max-video-preview:-1"},"canonical":"https:\/\/nevadawic.org\/es\/recepcionista-personal-de-atencion-al-publico\/","og_locale":"es_ES","og_type":"article","og_title":"Recepcionista, personal de atenci\u00f3n al p\u00fablico - Nevada WIC","og_description":"Requisitos de entrenamiento Aptitudes m\u00ednimas y requisitos de entrenamiento basado en las competencias de los recepcionistas o el personal de atenci\u00f3n al","og_url":"https:\/\/nevadawic.org\/es\/recepcionista-personal-de-atencion-al-publico\/","og_site_name":"Nevada WIC","article_modified_time":"2023-11-23T03:38:17+00:00","og_image":[{"width":2560,"height":1547,"url":"https:\/\/nevadawic.org\/wp-content\/uploads\/2020\/06\/WIC-Clinic-150DPI-scaled.jpg","type":"image\/jpeg"}],"twitter_card":"summary_large_image","schema":{"@context":"https:\/\/schema.org","@graph":[{"@type":"WebPage","@id":"https:\/\/nevadawic.org\/es\/recepcionista-personal-de-atencion-al-publico\/","url":"https:\/\/nevadawic.org\/es\/recepcionista-personal-de-atencion-al-publico\/","name":"Recepcionista, personal de atenci\u00f3n al p\u00fablico - Nevada WIC","isPartOf":{"@id":"https:\/\/nevadawic.org\/es\/#website"},"primaryImageOfPage":{"@id":"https:\/\/nevadawic.org\/es\/recepcionista-personal-de-atencion-al-publico\/#primaryimage"},"image":{"@id":"https:\/\/nevadawic.org\/es\/recepcionista-personal-de-atencion-al-publico\/#primaryimage"},"thumbnailUrl":"https:\/\/nevadawic.org\/wp-content\/uploads\/2020\/06\/WIC-Clinic-150DPI-scaled.jpg","datePublished":"2020-07-02T18:05:16+00:00","dateModified":"2023-11-23T03:38:17+00:00","description":"Requisitos de entrenamiento Aptitudes m\u00ednimas y requisitos de entrenamiento basado en las competencias de los recepcionistas o el personal de atenci\u00f3n al","breadcrumb":{"@id":"https:\/\/nevadawic.org\/es\/recepcionista-personal-de-atencion-al-publico\/#breadcrumb"},"inLanguage":"es","potentialAction":[{"@type":"ReadAction","target":["https:\/\/nevadawic.org\/es\/recepcionista-personal-de-atencion-al-publico\/"]}]},{"@type":"ImageObject","inLanguage":"es","@id":"https:\/\/nevadawic.org\/es\/recepcionista-personal-de-atencion-al-publico\/#primaryimage","url":"https:\/\/nevadawic.org\/wp-content\/uploads\/2020\/06\/WIC-Clinic-150DPI-scaled.jpg","contentUrl":"https:\/\/nevadawic.org\/wp-content\/uploads\/2020\/06\/WIC-Clinic-150DPI-scaled.jpg","width":2560,"height":1547},{"@type":"BreadcrumbList","@id":"https:\/\/nevadawic.org\/es\/recepcionista-personal-de-atencion-al-publico\/#breadcrumb","itemListElement":[{"@type":"ListItem","position":1,"name":"Inicio","item":"https:\/\/nevadawic.org\/es\/"},{"@type":"ListItem","position":2,"name":"Recepcionista, personal de atenci\u00f3n al p\u00fablico"}]},{"@type":"WebSite","@id":"https:\/\/nevadawic.org\/es\/#website","url":"https:\/\/nevadawic.org\/es\/","name":"Nevada WIC","description":"","publisher":{"@id":"https:\/\/nevadawic.org\/es\/#organization"},"potentialAction":[{"@type":"SearchAction","target":{"@type":"EntryPoint","urlTemplate":"https:\/\/nevadawic.org\/es\/?s={search_term_string}"},"query-input":{"@type":"PropertyValueSpecification","valueRequired":true,"valueName":"search_term_string"}}],"inLanguage":"es"},{"@type":"Organization","@id":"https:\/\/nevadawic.org\/es\/#organization","name":"WIC de Nevada:","url":"https:\/\/nevadawic.org\/es\/","logo":{"@type":"ImageObject","inLanguage":"es","@id":"https:\/\/nevadawic.org\/es\/#\/schema\/logo\/image\/","url":"https:\/\/nevadawic.org\/wp-content\/uploads\/2020\/07\/NV-Logo_Purple.jpg","contentUrl":"https:\/\/nevadawic.org\/wp-content\/uploads\/2020\/07\/NV-Logo_Purple.jpg","width":970,"height":507,"caption":"WIC de Nevada:"},"image":{"@id":"https:\/\/nevadawic.org\/es\/#\/schema\/logo\/image\/"}}]}},"_links":{"self":[{"href":"https:\/\/nevadawic.org\/es\/wp-json\/wp\/v2\/pages\/28089","targetHints":{"allow":["GET"]}}],"collection":[{"href":"https:\/\/nevadawic.org\/es\/wp-json\/wp\/v2\/pages"}],"about":[{"href":"https:\/\/nevadawic.org\/es\/wp-json\/wp\/v2\/types\/page"}],"author":[{"embeddable":true,"href":"https:\/\/nevadawic.org\/es\/wp-json\/wp\/v2\/users\/7"}],"replies":[{"embeddable":true,"href":"https:\/\/nevadawic.org\/es\/wp-json\/wp\/v2\/comments?post=28089"}],"version-history":[{"count":2,"href":"https:\/\/nevadawic.org\/es\/wp-json\/wp\/v2\/pages\/28089\/revisions"}],"predecessor-version":[{"id":32555,"href":"https:\/\/nevadawic.org\/es\/wp-json\/wp\/v2\/pages\/28089\/revisions\/32555"}],"wp:featuredmedia":[{"embeddable":true,"href":"https:\/\/nevadawic.org\/es\/wp-json\/wp\/v2\/media\/26067"}],"wp:attachment":[{"href":"https:\/\/nevadawic.org\/es\/wp-json\/wp\/v2\/media?parent=28089"}],"curies":[{"name":"wp","href":"https:\/\/api.w.org\/{rel}","templated":true}]}}