{"id":28095,"date":"2020-07-02T11:24:52","date_gmt":"2020-07-02T18:24:52","guid":{"rendered":"https:\/\/nevadawic.org\/asesores-de-pares\/"},"modified":"2024-05-06T12:48:16","modified_gmt":"2024-05-06T19:48:16","slug":"asesores-de-pares","status":"publish","type":"page","link":"https:\/\/nevadawic.org\/es\/asesores-de-pares\/","title":{"rendered":"Consejeras de Lactancia"},"content":{"rendered":"<h3>Requisitos de entrenamiento<\/h3>\n<p>Las consejeras de lactancia deben cumplir con las siguientes aptitudes y requisitos de entrenamiento basado en competencias:<\/p>\n<ul>\n<li>Tener experiencia personal con la lactancia materna por haber amamantado a, al menos, un beb\u00e9.<\/li>\n<li>Ser paraprofesionales (seg\u00fan se describe en el modelo Loving Support) de la poblaci\u00f3n objetivo, que se define de la siguiente manera:<\/li>\n<\/ul>\n<p style=\"padding-left: 80px;\">\u201cUna persona sin un entrenamiento profesional extendido en salud, nutrici\u00f3n o la gesti\u00f3n cl\u00ednica de la lactancia materna que se selecciona del grupo al cual se le brindar\u00e1n servicios y se entrena y supervisa constantemente para proporcionar un servicio o una funci\u00f3n b\u00e1sicos. Las personas paraprofesionales proporcionan tareas espec\u00edficas dentro del alcance definido de una pr\u00e1ctica. Ayudan a las profesionales, pero no est\u00e1n autorizadas ni diplomadas como profesionales asesoras en atenci\u00f3n m\u00e9dica, nutrici\u00f3n ni lactancia\u201d.<\/p>\n<ul>\n<li>Las consejeras de lactancia deben completar los siguientes m\u00f3dulos de entrenamiento sobre asesoramiento y lactancia materna dentro del primer mes de la contrataci\u00f3n:\n<ul>\n<li>Etapa\u00a01: todo el personal de WIC<\/li>\n<li>Etapa\u00a03: evaluaci\u00f3n nutricional y apoyo a la lactancia <strong><em>(solo se requieren tres)<\/em><\/strong>\n<ul>\n<li>Comportamientos del beb\u00e9<\/li>\n<li>Comportamientos de los ni\u00f1os peque\u00f1os<\/li>\n<li>Nutrici\u00f3n para beb\u00e9s<\/li>\n<\/ul>\n<\/li>\n<li>Entrenamiento de consejera de lactancia Loving Support dentro del primer mes de contrataci\u00f3n: todas las consejeras de lactancia deben asistir al entrenamiento de consejeras de lactancia Loving Support ofrecido por la Oficina Estatal de WIC.<\/li>\n<li>El estado proporcion\u00f3 entrenamiento sobre lactancia materna dentro del primer a\u00f1o de contrataci\u00f3n: todas las consejeras de lactancia deben completar este entrenamiento integral sobre lactancia materna una vez cada cinco (5) a\u00f1os. El personal puede asistir a un curso ofrecido por la oficina estatal de WIC u otro curso similar.<\/li>\n<\/ul>\n<\/li>\n<\/ul>\n<p><a href=\"https:\/\/nevadawic.org\/staff\/resources-for-staff\/training\/\"><strong>\u2190 VOLVER<\/strong><\/a><\/p>\n","protected":false},"excerpt":{"rendered":"<p>Requisitos de entrenamiento Las consejeras de lactancia deben cumplir con las siguientes aptitudes y requisitos de entrenamiento basado&hellip;<\/p>\n","protected":false},"author":7,"featured_media":25020,"parent":0,"menu_order":0,"comment_status":"closed","ping_status":"closed","template":"","meta":{"_acf_changed":false,"protect_children":false,"footnotes":""},"class_list":["post-28095","page","type-page","status-publish","has-post-thumbnail","hentry"],"acf":[],"yoast_head":"<!-- This site is optimized with the Yoast SEO plugin v27.4 - https:\/\/yoast.com\/product\/yoast-seo-wordpress\/ -->\n<title>Consejeras de Lactancia - Nevada WIC<\/title>\n<meta name=\"description\" content=\"Requisitos de entrenamiento Las consejeras de lactancia deben cumplir con las siguientes aptitudes y requisitos de entrenamiento basado en competencias:\" \/>\n<meta name=\"robots\" content=\"index, follow, max-snippet:-1, max-image-preview:large, max-video-preview:-1\" \/>\n<link rel=\"canonical\" href=\"https:\/\/nevadawic.org\/es\/asesores-de-pares\/\" \/>\n<meta property=\"og:locale\" content=\"es_ES\" \/>\n<meta property=\"og:type\" content=\"article\" \/>\n<meta property=\"og:title\" content=\"Consejeras de Lactancia - Nevada WIC\" \/>\n<meta property=\"og:description\" content=\"Requisitos de entrenamiento Las consejeras de lactancia deben cumplir con las siguientes aptitudes y requisitos de entrenamiento basado en competencias:\" \/>\n<meta property=\"og:url\" content=\"https:\/\/nevadawic.org\/es\/asesores-de-pares\/\" \/>\n<meta property=\"og:site_name\" content=\"Nevada WIC\" \/>\n<meta property=\"article:modified_time\" content=\"2024-05-06T19:48:16+00:00\" \/>\n<meta property=\"og:image\" content=\"https:\/\/nevadawic.org\/wp-content\/uploads\/2020\/07\/BFPC2.jpg\" \/>\n\t<meta property=\"og:image:width\" content=\"1875\" \/>\n\t<meta property=\"og:image:height\" content=\"1250\" \/>\n\t<meta property=\"og:image:type\" content=\"image\/jpeg\" \/>\n<meta name=\"twitter:card\" content=\"summary_large_image\" \/>\n<meta name=\"twitter:label1\" content=\"Tiempo de lectura\" \/>\n\t<meta name=\"twitter:data1\" content=\"2 minutos\" \/>\n<script type=\"application\/ld+json\" class=\"yoast-schema-graph\">{\"@context\":\"https:\\\/\\\/schema.org\",\"@graph\":[{\"@type\":\"WebPage\",\"@id\":\"https:\\\/\\\/nevadawic.org\\\/es\\\/asesores-de-pares\\\/\",\"url\":\"https:\\\/\\\/nevadawic.org\\\/es\\\/asesores-de-pares\\\/\",\"name\":\"Consejeras de Lactancia - Nevada WIC\",\"isPartOf\":{\"@id\":\"https:\\\/\\\/nevadawic.org\\\/es\\\/#website\"},\"primaryImageOfPage\":{\"@id\":\"https:\\\/\\\/nevadawic.org\\\/es\\\/asesores-de-pares\\\/#primaryimage\"},\"image\":{\"@id\":\"https:\\\/\\\/nevadawic.org\\\/es\\\/asesores-de-pares\\\/#primaryimage\"},\"thumbnailUrl\":\"https:\\\/\\\/nevadawic.org\\\/wp-content\\\/uploads\\\/2020\\\/07\\\/BFPC2.jpg\",\"datePublished\":\"2020-07-02T18:24:52+00:00\",\"dateModified\":\"2024-05-06T19:48:16+00:00\",\"description\":\"Requisitos de entrenamiento Las consejeras de lactancia deben cumplir con las siguientes aptitudes y requisitos de entrenamiento basado en competencias:\",\"breadcrumb\":{\"@id\":\"https:\\\/\\\/nevadawic.org\\\/es\\\/asesores-de-pares\\\/#breadcrumb\"},\"inLanguage\":\"es\",\"potentialAction\":[{\"@type\":\"ReadAction\",\"target\":[\"https:\\\/\\\/nevadawic.org\\\/es\\\/asesores-de-pares\\\/\"]}]},{\"@type\":\"ImageObject\",\"inLanguage\":\"es\",\"@id\":\"https:\\\/\\\/nevadawic.org\\\/es\\\/asesores-de-pares\\\/#primaryimage\",\"url\":\"https:\\\/\\\/nevadawic.org\\\/wp-content\\\/uploads\\\/2020\\\/07\\\/BFPC2.jpg\",\"contentUrl\":\"https:\\\/\\\/nevadawic.org\\\/wp-content\\\/uploads\\\/2020\\\/07\\\/BFPC2.jpg\",\"width\":1875,\"height\":1250},{\"@type\":\"BreadcrumbList\",\"@id\":\"https:\\\/\\\/nevadawic.org\\\/es\\\/asesores-de-pares\\\/#breadcrumb\",\"itemListElement\":[{\"@type\":\"ListItem\",\"position\":1,\"name\":\"Inicio\",\"item\":\"https:\\\/\\\/nevadawic.org\\\/es\\\/\"},{\"@type\":\"ListItem\",\"position\":2,\"name\":\"Consejeras de Lactancia\"}]},{\"@type\":\"WebSite\",\"@id\":\"https:\\\/\\\/nevadawic.org\\\/es\\\/#website\",\"url\":\"https:\\\/\\\/nevadawic.org\\\/es\\\/\",\"name\":\"Nevada WIC\",\"description\":\"\",\"publisher\":{\"@id\":\"https:\\\/\\\/nevadawic.org\\\/es\\\/#organization\"},\"potentialAction\":[{\"@type\":\"SearchAction\",\"target\":{\"@type\":\"EntryPoint\",\"urlTemplate\":\"https:\\\/\\\/nevadawic.org\\\/es\\\/?s={search_term_string}\"},\"query-input\":{\"@type\":\"PropertyValueSpecification\",\"valueRequired\":true,\"valueName\":\"search_term_string\"}}],\"inLanguage\":\"es\"},{\"@type\":\"Organization\",\"@id\":\"https:\\\/\\\/nevadawic.org\\\/es\\\/#organization\",\"name\":\"WIC de Nevada:\",\"url\":\"https:\\\/\\\/nevadawic.org\\\/es\\\/\",\"logo\":{\"@type\":\"ImageObject\",\"inLanguage\":\"es\",\"@id\":\"https:\\\/\\\/nevadawic.org\\\/es\\\/#\\\/schema\\\/logo\\\/image\\\/\",\"url\":\"https:\\\/\\\/nevadawic.org\\\/wp-content\\\/uploads\\\/2020\\\/07\\\/NV-Logo_Purple.jpg\",\"contentUrl\":\"https:\\\/\\\/nevadawic.org\\\/wp-content\\\/uploads\\\/2020\\\/07\\\/NV-Logo_Purple.jpg\",\"width\":970,\"height\":507,\"caption\":\"WIC de Nevada:\"},\"image\":{\"@id\":\"https:\\\/\\\/nevadawic.org\\\/es\\\/#\\\/schema\\\/logo\\\/image\\\/\"}}]}<\/script>\n<!-- \/ Yoast SEO plugin. -->","yoast_head_json":{"title":"Consejeras de Lactancia - Nevada WIC","description":"Requisitos de entrenamiento Las consejeras de lactancia deben cumplir con las siguientes aptitudes y requisitos de entrenamiento basado en competencias:","robots":{"index":"index","follow":"follow","max-snippet":"max-snippet:-1","max-image-preview":"max-image-preview:large","max-video-preview":"max-video-preview:-1"},"canonical":"https:\/\/nevadawic.org\/es\/asesores-de-pares\/","og_locale":"es_ES","og_type":"article","og_title":"Consejeras de Lactancia - Nevada WIC","og_description":"Requisitos de entrenamiento Las consejeras de lactancia deben cumplir con las siguientes aptitudes y requisitos de entrenamiento basado en competencias:","og_url":"https:\/\/nevadawic.org\/es\/asesores-de-pares\/","og_site_name":"Nevada WIC","article_modified_time":"2024-05-06T19:48:16+00:00","og_image":[{"width":1875,"height":1250,"url":"https:\/\/nevadawic.org\/wp-content\/uploads\/2020\/07\/BFPC2.jpg","type":"image\/jpeg"}],"twitter_card":"summary_large_image","twitter_misc":{"Tiempo de lectura":"2 minutos"},"schema":{"@context":"https:\/\/schema.org","@graph":[{"@type":"WebPage","@id":"https:\/\/nevadawic.org\/es\/asesores-de-pares\/","url":"https:\/\/nevadawic.org\/es\/asesores-de-pares\/","name":"Consejeras de Lactancia - Nevada WIC","isPartOf":{"@id":"https:\/\/nevadawic.org\/es\/#website"},"primaryImageOfPage":{"@id":"https:\/\/nevadawic.org\/es\/asesores-de-pares\/#primaryimage"},"image":{"@id":"https:\/\/nevadawic.org\/es\/asesores-de-pares\/#primaryimage"},"thumbnailUrl":"https:\/\/nevadawic.org\/wp-content\/uploads\/2020\/07\/BFPC2.jpg","datePublished":"2020-07-02T18:24:52+00:00","dateModified":"2024-05-06T19:48:16+00:00","description":"Requisitos de entrenamiento Las consejeras de lactancia deben cumplir con las siguientes aptitudes y requisitos de entrenamiento basado en competencias:","breadcrumb":{"@id":"https:\/\/nevadawic.org\/es\/asesores-de-pares\/#breadcrumb"},"inLanguage":"es","potentialAction":[{"@type":"ReadAction","target":["https:\/\/nevadawic.org\/es\/asesores-de-pares\/"]}]},{"@type":"ImageObject","inLanguage":"es","@id":"https:\/\/nevadawic.org\/es\/asesores-de-pares\/#primaryimage","url":"https:\/\/nevadawic.org\/wp-content\/uploads\/2020\/07\/BFPC2.jpg","contentUrl":"https:\/\/nevadawic.org\/wp-content\/uploads\/2020\/07\/BFPC2.jpg","width":1875,"height":1250},{"@type":"BreadcrumbList","@id":"https:\/\/nevadawic.org\/es\/asesores-de-pares\/#breadcrumb","itemListElement":[{"@type":"ListItem","position":1,"name":"Inicio","item":"https:\/\/nevadawic.org\/es\/"},{"@type":"ListItem","position":2,"name":"Consejeras de Lactancia"}]},{"@type":"WebSite","@id":"https:\/\/nevadawic.org\/es\/#website","url":"https:\/\/nevadawic.org\/es\/","name":"Nevada WIC","description":"","publisher":{"@id":"https:\/\/nevadawic.org\/es\/#organization"},"potentialAction":[{"@type":"SearchAction","target":{"@type":"EntryPoint","urlTemplate":"https:\/\/nevadawic.org\/es\/?s={search_term_string}"},"query-input":{"@type":"PropertyValueSpecification","valueRequired":true,"valueName":"search_term_string"}}],"inLanguage":"es"},{"@type":"Organization","@id":"https:\/\/nevadawic.org\/es\/#organization","name":"WIC de Nevada:","url":"https:\/\/nevadawic.org\/es\/","logo":{"@type":"ImageObject","inLanguage":"es","@id":"https:\/\/nevadawic.org\/es\/#\/schema\/logo\/image\/","url":"https:\/\/nevadawic.org\/wp-content\/uploads\/2020\/07\/NV-Logo_Purple.jpg","contentUrl":"https:\/\/nevadawic.org\/wp-content\/uploads\/2020\/07\/NV-Logo_Purple.jpg","width":970,"height":507,"caption":"WIC de Nevada:"},"image":{"@id":"https:\/\/nevadawic.org\/es\/#\/schema\/logo\/image\/"}}]}},"_links":{"self":[{"href":"https:\/\/nevadawic.org\/es\/wp-json\/wp\/v2\/pages\/28095","targetHints":{"allow":["GET"]}}],"collection":[{"href":"https:\/\/nevadawic.org\/es\/wp-json\/wp\/v2\/pages"}],"about":[{"href":"https:\/\/nevadawic.org\/es\/wp-json\/wp\/v2\/types\/page"}],"author":[{"embeddable":true,"href":"https:\/\/nevadawic.org\/es\/wp-json\/wp\/v2\/users\/7"}],"replies":[{"embeddable":true,"href":"https:\/\/nevadawic.org\/es\/wp-json\/wp\/v2\/comments?post=28095"}],"version-history":[{"count":6,"href":"https:\/\/nevadawic.org\/es\/wp-json\/wp\/v2\/pages\/28095\/revisions"}],"predecessor-version":[{"id":35679,"href":"https:\/\/nevadawic.org\/es\/wp-json\/wp\/v2\/pages\/28095\/revisions\/35679"}],"wp:featuredmedia":[{"embeddable":true,"href":"https:\/\/nevadawic.org\/es\/wp-json\/wp\/v2\/media\/25020"}],"wp:attachment":[{"href":"https:\/\/nevadawic.org\/es\/wp-json\/wp\/v2\/media?parent=28095"}],"curies":[{"name":"wp","href":"https:\/\/api.w.org\/{rel}","templated":true}]}}