{"id":28097,"date":"2020-07-02T12:56:22","date_gmt":"2020-07-02T19:56:22","guid":{"rendered":"https:\/\/nevadawic.org\/coordinadores-de-lactancia-materna-y-asesores-pares\/"},"modified":"2023-11-22T19:38:18","modified_gmt":"2023-11-23T03:38:18","slug":"coordinadores-de-lactancia-materna-y-asesoras-de-pares","status":"publish","type":"page","link":"https:\/\/nevadawic.org\/es\/coordinadores-de-lactancia-materna-y-asesoras-de-pares\/","title":{"rendered":"Coordinadores de lactancia materna y orientadoras de lactancia"},"content":{"rendered":"<h3>Requisitos de entrenamiento<\/h3>\n<p>Quienes coordinan la lactancia materna deben cumplir con las siguientes aptitudes y requisitos de entrenamiento basado en competencias:<\/p>\n<ul>\n<li>Cumplir con las aptitudes de una CPA.<\/li>\n<li>Tener experiencia en gesti\u00f3n de programas (preferible).<\/li>\n<li>Tener, como m\u00ednimo, un a\u00f1o de experiencia en asesoramiento de mujeres que amamantan.<\/li>\n<li>Haber completado correctamente el entrenamiento especializ\u00e1ndose en gesti\u00f3n de la lactancia y su atenci\u00f3n. Se prefiere una persona consultora internacional de lactancia materna certificada (IBCLC), pero tambi\u00e9n puede ser elegible seg\u00fan un examen o por haber completado correctamente otro entrenamiento especializado aprobado por el estado (CLE [educador en lactancia certificado]\/CLC [consultor de lactancia certificado]).<\/li>\n<\/ul>\n<p><a href=\"https:\/\/nevadawic.org\/staff\/resources-for-staff\/training\/\"><strong>\u2190 VOLVER<\/strong><\/a><\/p>\n","protected":false},"excerpt":{"rendered":"<p>Requisitos de entrenamiento Quienes coordinan la lactancia materna deben cumplir con las siguientes aptitudes y requisitos de entrenamiento&hellip;<\/p>\n","protected":false},"author":7,"featured_media":24607,"parent":0,"menu_order":0,"comment_status":"closed","ping_status":"closed","template":"","meta":{"_acf_changed":false,"protect_children":false,"footnotes":""},"class_list":["post-28097","page","type-page","status-publish","has-post-thumbnail","hentry"],"acf":[],"yoast_head":"<!-- This site is optimized with the Yoast SEO plugin v27.4 - https:\/\/yoast.com\/product\/yoast-seo-wordpress\/ -->\n<title>Coordinadores de lactancia materna y orientadoras de lactancia - Nevada WIC<\/title>\n<meta name=\"description\" content=\"Requisitos de entrenamiento Quienes coordinan la lactancia materna deben cumplir con las siguientes aptitudes y requisitos de entrenamiento basado en\" \/>\n<meta name=\"robots\" content=\"index, follow, max-snippet:-1, max-image-preview:large, max-video-preview:-1\" \/>\n<link rel=\"canonical\" href=\"https:\/\/nevadawic.org\/es\/coordinadores-de-lactancia-materna-y-asesoras-de-pares\/\" \/>\n<meta property=\"og:locale\" content=\"es_ES\" \/>\n<meta property=\"og:type\" content=\"article\" \/>\n<meta property=\"og:title\" content=\"Coordinadores de lactancia materna y orientadoras de lactancia - Nevada WIC\" \/>\n<meta property=\"og:description\" content=\"Requisitos de entrenamiento Quienes coordinan la lactancia materna deben cumplir con las siguientes aptitudes y requisitos de entrenamiento basado en\" \/>\n<meta property=\"og:url\" content=\"https:\/\/nevadawic.org\/es\/coordinadores-de-lactancia-materna-y-asesoras-de-pares\/\" \/>\n<meta property=\"og:site_name\" content=\"Nevada WIC\" \/>\n<meta property=\"article:modified_time\" content=\"2023-11-23T03:38:18+00:00\" \/>\n<meta property=\"og:image\" content=\"https:\/\/nevadawic.org\/wp-content\/uploads\/2020\/05\/breastfeeding-basics-headermom-e1579810644663-1024x379-1.jpg\" \/>\n\t<meta property=\"og:image:width\" content=\"1024\" \/>\n\t<meta property=\"og:image:height\" content=\"379\" \/>\n\t<meta property=\"og:image:type\" content=\"image\/jpeg\" \/>\n<meta name=\"twitter:card\" content=\"summary_large_image\" \/>\n<meta name=\"twitter:label1\" content=\"Tiempo de lectura\" \/>\n\t<meta name=\"twitter:data1\" content=\"1 minuto\" \/>\n<script type=\"application\/ld+json\" class=\"yoast-schema-graph\">{\"@context\":\"https:\\\/\\\/schema.org\",\"@graph\":[{\"@type\":\"WebPage\",\"@id\":\"https:\\\/\\\/nevadawic.org\\\/es\\\/coordinadores-de-lactancia-materna-y-asesoras-de-pares\\\/\",\"url\":\"https:\\\/\\\/nevadawic.org\\\/es\\\/coordinadores-de-lactancia-materna-y-asesoras-de-pares\\\/\",\"name\":\"Coordinadores de lactancia materna y orientadoras de lactancia - Nevada WIC\",\"isPartOf\":{\"@id\":\"https:\\\/\\\/nevadawic.org\\\/es\\\/#website\"},\"primaryImageOfPage\":{\"@id\":\"https:\\\/\\\/nevadawic.org\\\/es\\\/coordinadores-de-lactancia-materna-y-asesoras-de-pares\\\/#primaryimage\"},\"image\":{\"@id\":\"https:\\\/\\\/nevadawic.org\\\/es\\\/coordinadores-de-lactancia-materna-y-asesoras-de-pares\\\/#primaryimage\"},\"thumbnailUrl\":\"https:\\\/\\\/nevadawic.org\\\/wp-content\\\/uploads\\\/2020\\\/05\\\/breastfeeding-basics-headermom-e1579810644663-1024x379-1.jpg\",\"datePublished\":\"2020-07-02T19:56:22+00:00\",\"dateModified\":\"2023-11-23T03:38:18+00:00\",\"description\":\"Requisitos de entrenamiento Quienes coordinan la lactancia materna deben cumplir con las siguientes aptitudes y requisitos de entrenamiento basado en\",\"breadcrumb\":{\"@id\":\"https:\\\/\\\/nevadawic.org\\\/es\\\/coordinadores-de-lactancia-materna-y-asesoras-de-pares\\\/#breadcrumb\"},\"inLanguage\":\"es\",\"potentialAction\":[{\"@type\":\"ReadAction\",\"target\":[\"https:\\\/\\\/nevadawic.org\\\/es\\\/coordinadores-de-lactancia-materna-y-asesoras-de-pares\\\/\"]}]},{\"@type\":\"ImageObject\",\"inLanguage\":\"es\",\"@id\":\"https:\\\/\\\/nevadawic.org\\\/es\\\/coordinadores-de-lactancia-materna-y-asesoras-de-pares\\\/#primaryimage\",\"url\":\"https:\\\/\\\/nevadawic.org\\\/wp-content\\\/uploads\\\/2020\\\/05\\\/breastfeeding-basics-headermom-e1579810644663-1024x379-1.jpg\",\"contentUrl\":\"https:\\\/\\\/nevadawic.org\\\/wp-content\\\/uploads\\\/2020\\\/05\\\/breastfeeding-basics-headermom-e1579810644663-1024x379-1.jpg\",\"width\":1024,\"height\":379},{\"@type\":\"BreadcrumbList\",\"@id\":\"https:\\\/\\\/nevadawic.org\\\/es\\\/coordinadores-de-lactancia-materna-y-asesoras-de-pares\\\/#breadcrumb\",\"itemListElement\":[{\"@type\":\"ListItem\",\"position\":1,\"name\":\"Inicio\",\"item\":\"https:\\\/\\\/nevadawic.org\\\/es\\\/\"},{\"@type\":\"ListItem\",\"position\":2,\"name\":\"Coordinadores de lactancia materna y orientadoras de lactancia\"}]},{\"@type\":\"WebSite\",\"@id\":\"https:\\\/\\\/nevadawic.org\\\/es\\\/#website\",\"url\":\"https:\\\/\\\/nevadawic.org\\\/es\\\/\",\"name\":\"Nevada WIC\",\"description\":\"\",\"publisher\":{\"@id\":\"https:\\\/\\\/nevadawic.org\\\/es\\\/#organization\"},\"potentialAction\":[{\"@type\":\"SearchAction\",\"target\":{\"@type\":\"EntryPoint\",\"urlTemplate\":\"https:\\\/\\\/nevadawic.org\\\/es\\\/?s={search_term_string}\"},\"query-input\":{\"@type\":\"PropertyValueSpecification\",\"valueRequired\":true,\"valueName\":\"search_term_string\"}}],\"inLanguage\":\"es\"},{\"@type\":\"Organization\",\"@id\":\"https:\\\/\\\/nevadawic.org\\\/es\\\/#organization\",\"name\":\"WIC de Nevada:\",\"url\":\"https:\\\/\\\/nevadawic.org\\\/es\\\/\",\"logo\":{\"@type\":\"ImageObject\",\"inLanguage\":\"es\",\"@id\":\"https:\\\/\\\/nevadawic.org\\\/es\\\/#\\\/schema\\\/logo\\\/image\\\/\",\"url\":\"https:\\\/\\\/nevadawic.org\\\/wp-content\\\/uploads\\\/2020\\\/07\\\/NV-Logo_Purple.jpg\",\"contentUrl\":\"https:\\\/\\\/nevadawic.org\\\/wp-content\\\/uploads\\\/2020\\\/07\\\/NV-Logo_Purple.jpg\",\"width\":970,\"height\":507,\"caption\":\"WIC de Nevada:\"},\"image\":{\"@id\":\"https:\\\/\\\/nevadawic.org\\\/es\\\/#\\\/schema\\\/logo\\\/image\\\/\"}}]}<\/script>\n<!-- \/ Yoast SEO plugin. -->","yoast_head_json":{"title":"Coordinadores de lactancia materna y orientadoras de lactancia - Nevada WIC","description":"Requisitos de entrenamiento Quienes coordinan la lactancia materna deben cumplir con las siguientes aptitudes y requisitos de entrenamiento basado en","robots":{"index":"index","follow":"follow","max-snippet":"max-snippet:-1","max-image-preview":"max-image-preview:large","max-video-preview":"max-video-preview:-1"},"canonical":"https:\/\/nevadawic.org\/es\/coordinadores-de-lactancia-materna-y-asesoras-de-pares\/","og_locale":"es_ES","og_type":"article","og_title":"Coordinadores de lactancia materna y orientadoras de lactancia - Nevada WIC","og_description":"Requisitos de entrenamiento Quienes coordinan la lactancia materna deben cumplir con las siguientes aptitudes y requisitos de entrenamiento basado en","og_url":"https:\/\/nevadawic.org\/es\/coordinadores-de-lactancia-materna-y-asesoras-de-pares\/","og_site_name":"Nevada WIC","article_modified_time":"2023-11-23T03:38:18+00:00","og_image":[{"width":1024,"height":379,"url":"https:\/\/nevadawic.org\/wp-content\/uploads\/2020\/05\/breastfeeding-basics-headermom-e1579810644663-1024x379-1.jpg","type":"image\/jpeg"}],"twitter_card":"summary_large_image","twitter_misc":{"Tiempo de lectura":"1 minuto"},"schema":{"@context":"https:\/\/schema.org","@graph":[{"@type":"WebPage","@id":"https:\/\/nevadawic.org\/es\/coordinadores-de-lactancia-materna-y-asesoras-de-pares\/","url":"https:\/\/nevadawic.org\/es\/coordinadores-de-lactancia-materna-y-asesoras-de-pares\/","name":"Coordinadores de lactancia materna y orientadoras de lactancia - Nevada WIC","isPartOf":{"@id":"https:\/\/nevadawic.org\/es\/#website"},"primaryImageOfPage":{"@id":"https:\/\/nevadawic.org\/es\/coordinadores-de-lactancia-materna-y-asesoras-de-pares\/#primaryimage"},"image":{"@id":"https:\/\/nevadawic.org\/es\/coordinadores-de-lactancia-materna-y-asesoras-de-pares\/#primaryimage"},"thumbnailUrl":"https:\/\/nevadawic.org\/wp-content\/uploads\/2020\/05\/breastfeeding-basics-headermom-e1579810644663-1024x379-1.jpg","datePublished":"2020-07-02T19:56:22+00:00","dateModified":"2023-11-23T03:38:18+00:00","description":"Requisitos de entrenamiento Quienes coordinan la lactancia materna deben cumplir con las siguientes aptitudes y requisitos de entrenamiento basado en","breadcrumb":{"@id":"https:\/\/nevadawic.org\/es\/coordinadores-de-lactancia-materna-y-asesoras-de-pares\/#breadcrumb"},"inLanguage":"es","potentialAction":[{"@type":"ReadAction","target":["https:\/\/nevadawic.org\/es\/coordinadores-de-lactancia-materna-y-asesoras-de-pares\/"]}]},{"@type":"ImageObject","inLanguage":"es","@id":"https:\/\/nevadawic.org\/es\/coordinadores-de-lactancia-materna-y-asesoras-de-pares\/#primaryimage","url":"https:\/\/nevadawic.org\/wp-content\/uploads\/2020\/05\/breastfeeding-basics-headermom-e1579810644663-1024x379-1.jpg","contentUrl":"https:\/\/nevadawic.org\/wp-content\/uploads\/2020\/05\/breastfeeding-basics-headermom-e1579810644663-1024x379-1.jpg","width":1024,"height":379},{"@type":"BreadcrumbList","@id":"https:\/\/nevadawic.org\/es\/coordinadores-de-lactancia-materna-y-asesoras-de-pares\/#breadcrumb","itemListElement":[{"@type":"ListItem","position":1,"name":"Inicio","item":"https:\/\/nevadawic.org\/es\/"},{"@type":"ListItem","position":2,"name":"Coordinadores de lactancia materna y orientadoras de lactancia"}]},{"@type":"WebSite","@id":"https:\/\/nevadawic.org\/es\/#website","url":"https:\/\/nevadawic.org\/es\/","name":"Nevada WIC","description":"","publisher":{"@id":"https:\/\/nevadawic.org\/es\/#organization"},"potentialAction":[{"@type":"SearchAction","target":{"@type":"EntryPoint","urlTemplate":"https:\/\/nevadawic.org\/es\/?s={search_term_string}"},"query-input":{"@type":"PropertyValueSpecification","valueRequired":true,"valueName":"search_term_string"}}],"inLanguage":"es"},{"@type":"Organization","@id":"https:\/\/nevadawic.org\/es\/#organization","name":"WIC de Nevada:","url":"https:\/\/nevadawic.org\/es\/","logo":{"@type":"ImageObject","inLanguage":"es","@id":"https:\/\/nevadawic.org\/es\/#\/schema\/logo\/image\/","url":"https:\/\/nevadawic.org\/wp-content\/uploads\/2020\/07\/NV-Logo_Purple.jpg","contentUrl":"https:\/\/nevadawic.org\/wp-content\/uploads\/2020\/07\/NV-Logo_Purple.jpg","width":970,"height":507,"caption":"WIC de Nevada:"},"image":{"@id":"https:\/\/nevadawic.org\/es\/#\/schema\/logo\/image\/"}}]}},"_links":{"self":[{"href":"https:\/\/nevadawic.org\/es\/wp-json\/wp\/v2\/pages\/28097","targetHints":{"allow":["GET"]}}],"collection":[{"href":"https:\/\/nevadawic.org\/es\/wp-json\/wp\/v2\/pages"}],"about":[{"href":"https:\/\/nevadawic.org\/es\/wp-json\/wp\/v2\/types\/page"}],"author":[{"embeddable":true,"href":"https:\/\/nevadawic.org\/es\/wp-json\/wp\/v2\/users\/7"}],"replies":[{"embeddable":true,"href":"https:\/\/nevadawic.org\/es\/wp-json\/wp\/v2\/comments?post=28097"}],"version-history":[{"count":2,"href":"https:\/\/nevadawic.org\/es\/wp-json\/wp\/v2\/pages\/28097\/revisions"}],"predecessor-version":[{"id":32558,"href":"https:\/\/nevadawic.org\/es\/wp-json\/wp\/v2\/pages\/28097\/revisions\/32558"}],"wp:featuredmedia":[{"embeddable":true,"href":"https:\/\/nevadawic.org\/es\/wp-json\/wp\/v2\/media\/24607"}],"wp:attachment":[{"href":"https:\/\/nevadawic.org\/es\/wp-json\/wp\/v2\/media?parent=28097"}],"curies":[{"name":"wp","href":"https:\/\/api.w.org\/{rel}","templated":true}]}}