{"id":28101,"date":"2020-07-05T15:11:49","date_gmt":"2020-07-05T22:11:49","guid":{"rendered":"https:\/\/nevadawic.org\/comportamiento-del-bebe\/"},"modified":"2024-03-21T09:23:07","modified_gmt":"2024-03-21T16:23:07","slug":"comportamiento-del-bebe","status":"publish","type":"page","link":"https:\/\/nevadawic.org\/es\/comportamiento-del-bebe\/","title":{"rendered":"Comportamiento del beb\u00e9"},"content":{"rendered":"\t\t<div data-elementor-type=\"wp-page\" data-elementor-id=\"28101\" class=\"elementor elementor-28101 elementor-16691\" data-elementor-post-type=\"page\">\n\t\t\t\t\t\t<section class=\"elementor-section elementor-top-section elementor-element elementor-element-5357eed elementor-section-boxed elementor-section-height-default elementor-section-height-default\" data-id=\"5357eed\" data-element_type=\"section\" data-e-type=\"section\">\n\t\t\t\t\t\t<div class=\"elementor-container elementor-column-gap-default\">\n\t\t\t\t\t<div class=\"elementor-column elementor-col-100 elementor-top-column elementor-element elementor-element-439d91f\" data-id=\"439d91f\" data-element_type=\"column\" data-e-type=\"column\">\n\t\t\t<div class=\"elementor-widget-wrap\">\n\t\t\t\t\t\t\t<\/div>\n\t\t<\/div>\n\t\t\t\t\t<\/div>\n\t\t<\/section>\n\t\t\t\t<section class=\"elementor-section elementor-top-section elementor-element elementor-element-e8b08ec elementor-section-boxed elementor-section-height-default elementor-section-height-default\" data-id=\"e8b08ec\" data-element_type=\"section\" data-e-type=\"section\">\n\t\t\t\t\t\t<div class=\"elementor-container elementor-column-gap-default\">\n\t\t\t\t\t<div class=\"elementor-column elementor-col-100 elementor-top-column elementor-element elementor-element-b0c6221\" data-id=\"b0c6221\" data-element_type=\"column\" data-e-type=\"column\">\n\t\t\t<div class=\"elementor-widget-wrap elementor-element-populated\">\n\t\t\t\t\t\t<div class=\"elementor-element elementor-element-df4a63f elementor-widget elementor-widget-kps3-textimage\" data-id=\"df4a63f\" data-element_type=\"widget\" data-e-type=\"widget\" data-widget_type=\"kps3-textimage.default\">\n\t\t\t\t<div class=\"elementor-widget-container\">\n\t\t\t\t\t      <div >\n        <header class=\"header header--hero\">\n          <div class=\"header__background\" style=\"background-image: url('https:\/\/nevadawic.org\/wp-content\/uploads\/2020\/02\/mother-playing-with-baby-1440x640.jpg');\"><\/div>\n          <div class=\"header__accent\"><\/div>\n                    <div\n            class=\"header__overlay\"\n            style=\"background-image: linear-gradient(\n              130deg,\n              rgba(255, 255, 255, 1) 30%,\n              rgba(255, 255, 255, .1) 50%\n            );\"\n          ><\/div>\n                    <div class=\"header__container container container--large\">\n            <h1 class=\"header__heading\">\n              Comportamiento del beb\u00e9            <\/h1>\n            <p class=\"header__text\">\n              Los beb\u00e9s tienen formas limitadas de comunicarse con sus cuidadores cuando tienen hambre, est\u00e1n cansados o necesitan que algo sea diferente. Entender los comportamientos del beb\u00e9 ayuda a que los padres puedan responder mejor a su beb\u00e9.              <\/p>\n                      <\/div>\n          <div class=\"header__accent-alt\"><\/div>\n        <\/header>\n      <\/div>\n      \t\t\t\t<\/div>\n\t\t\t\t<\/div>\n\t\t\t\t<div class=\"elementor-element elementor-element-bed3eaf elementor-widget elementor-widget-kps3-spacer\" data-id=\"bed3eaf\" data-element_type=\"widget\" data-e-type=\"widget\" data-widget_type=\"kps3-spacer.default\">\n\t\t\t\t<div class=\"elementor-widget-container\">\n\t\t\t\t\t    <div\n      class=\"spacer \"\n    ><\/div>\n    \t\t\t\t<\/div>\n\t\t\t\t<\/div>\n\t\t\t\t<div class=\"elementor-element elementor-element-23837b9 elementor-widget elementor-widget-kps3-simple\" data-id=\"23837b9\" data-element_type=\"widget\" data-e-type=\"widget\" data-widget_type=\"kps3-simple.default\">\n\t\t\t\t<div class=\"elementor-widget-container\">\n\t\t\t\t\t    <header\n            class=\"header header--small\"\n      style=\"background-image: url('https:\/\/nevadawic.org\/wp-content\/uploads\/2020\/07\/tinystomach-baby-with-fist-1440x450.jpg');\"\n    >\n                  <div\n        class=\"header__overlay\"\n        style=\"background-image: linear-gradient(\n          130deg,\n          rgba(255, 255, 255, 1) 15%,\n          rgba(255, 255, 255, .1) 35%\n        );\"\n      ><\/div>\n            <div class=\"header__container container container--large\">\n        <h1 class=\"header__heading\">\n          Consejos para el comportamiento del beb\u00e9        <\/h1>\n      <\/div>\n    <\/header>\n    \t\t\t\t<\/div>\n\t\t\t\t<\/div>\n\t\t\t\t<div class=\"elementor-element elementor-element-c9b7a8b elementor-widget elementor-widget-kps3-intro-text\" data-id=\"c9b7a8b\" data-element_type=\"widget\" data-e-type=\"widget\" data-widget_type=\"kps3-intro-text.default\">\n\t\t\t\t<div class=\"elementor-widget-container\">\n\t\t\t\t\t    <div  class=\"intro-text \">\n      <div class=\"intro-text__container container\">\n        <h2 class=\"intro-text__heading\"><\/h2>\n        <div class=\"intro-text__text\">\n          <p>Los beb\u00e9s pueden llorar o parecer inquietos para comunicarse con sus cuidadores.  A continuaci\u00f3n le ofrecemos informaci\u00f3n b\u00e1sica sobre el comportamiento del beb\u00e9 para ayudarle a entenderlo mejor.  \u00bfTiene preguntas?  Recuerde que WIC est\u00e1 aqu\u00ed para ayudar.  P\u00f3ngase en contacto con su cl\u00ednica local de WIC con cualquier pregunta que tenga.<\/p>\n        <\/div>\n      <\/div>\n    <\/div>\n    \t\t\t\t<\/div>\n\t\t\t\t<\/div>\n\t\t\t\t<div class=\"elementor-element elementor-element-36c37e9 elementor-widget elementor-widget-kps3-spacer\" data-id=\"36c37e9\" data-element_type=\"widget\" data-e-type=\"widget\" data-widget_type=\"kps3-spacer.default\">\n\t\t\t\t<div class=\"elementor-widget-container\">\n\t\t\t\t\t    <div\n      class=\"spacer \"\n    ><\/div>\n    \t\t\t\t<\/div>\n\t\t\t\t<\/div>\n\t\t\t\t<div class=\"elementor-element elementor-element-c9df6b3 elementor-widget elementor-widget-kps3-accordion\" data-id=\"c9df6b3\" data-element_type=\"widget\" data-e-type=\"widget\" data-widget_type=\"kps3-accordion.default\">\n\t\t\t\t<div class=\"elementor-widget-container\">\n\t\t\t\t\t      <div  class=\"accordion\">\n        <div class=\"accordion__container container container--small\">\n                                  <div class=\"js-accordion accordion__item\" data-accordion-prefix-classes=\"accordion\">\n              <h4 class=\"js-accordion__header accordion__title\">\n                Se\u00f1ales de hambre: \u201cTengo hambre\u201d               <\/h4>\n              <div class=\"js-accordion__panel accordion__panel type\">\n                <p>Los beb\u00e9s que tienen hambre pueden:<\/p>\n<ul>\n<li>Mantener las manos cerca de la cara<\/li>\n<li>Doblar las piernas y los brazos<\/li>\n<li>Arrugar o hacer ruido con los labios<\/li>\n<li>Buscar el pez\u00f3n o el pecho<\/li>\n<\/ul>\n              <\/div>\n            <\/div>\n                                  <div class=\"js-accordion accordion__item\" data-accordion-prefix-classes=\"accordion\">\n              <h4 class=\"js-accordion__header accordion__title\">\n                Se\u00f1ales de hambre: \u201cEstoy lleno\u201d              <\/h4>\n              <div class=\"js-accordion__panel accordion__panel type\">\n                <p>Los beb\u00e9s que est\u00e1n llenos pueden:<\/p>\n<ul>\n<li>Mamar m\u00e1s despacio o dejar de mamar<\/li>\n<li>Relajar sus manos y brazos<\/li>\n<li>Alejarse del pez\u00f3n<\/li>\n<li>Empujarse del pecho<\/li>\n<li>Dormirse\u00a0<\/li>\n<\/ul>\n              <\/div>\n            <\/div>\n                                  <div class=\"js-accordion accordion__item\" data-accordion-prefix-classes=\"accordion\">\n              <h4 class=\"js-accordion__header accordion__title\">\n                Se\u00f1ales: \u201cQuiero estar cerca de ti\u201d              <\/h4>\n              <div class=\"js-accordion__panel accordion__panel type\">\n                <p>Los beb\u00e9s que quieren estar cerca de usted pueden:<\/p>\n<ul>\n<li>Tener la cara y el cuerpo relajados<\/li>\n<li>Seguir su voz y su cara mientras se mueve<\/li>\n<li>Acercarse a usted<\/li>\n<li>Mirar fijamente su rostro<\/li>\n<li>Levantar la cabeza hacia usted<\/li>\n<\/ul>\n              <\/div>\n            <\/div>\n                                  <div class=\"js-accordion accordion__item\" data-accordion-prefix-classes=\"accordion\">\n              <h4 class=\"js-accordion__header accordion__title\">\n                Se\u00f1ales: \u201cNecesito que algo sea diferente\u201d              <\/h4>\n              <div class=\"js-accordion__panel accordion__panel type\">\n                <p>Los beb\u00e9s que quieren que algo sea diferente pueden:<\/p>\n<ul>\n<li>Mirar o apartar la vista de lo que les molesta, o arquear la espalda<\/li>\n<li>Arrugar el ce\u00f1o o tener los ojos vidriosos<\/li>\n<li>Tensar sus manos, brazos o piernas<\/li>\n<li>Bostezar o dormirse<\/li>\n<\/ul>\n              <\/div>\n            <\/div>\n                                  <div class=\"js-accordion accordion__item\" data-accordion-prefix-classes=\"accordion\">\n              <h4 class=\"js-accordion__header accordion__title\">\n                Sue\u00f1o: \u201cSue\u00f1o ligero\u201d              <\/h4>\n              <div class=\"js-accordion__panel accordion__panel type\">\n                <p>Los beb\u00e9s primero entran en una etapa de \u201csue\u00f1o ligero\u201d cuando se adormecen.&nbsp; Los beb\u00e9s que est\u00e1n en la etapa de \u201csue\u00f1o ligero\u201d pueden:<\/p>\n<ul>\n<li>Moverse y hacer ruidos<\/li>\n<li>Mover o abrir y cerrar los ojos r\u00e1pidamente<\/li>\n<li>Respirar r\u00e1pido y despacio<\/li>\n<li>So\u00f1ar<\/li>\n<li>Despertarse f\u00e1cilmente<\/li>\n<\/ul>\n              <\/div>\n            <\/div>\n                                  <div class=\"js-accordion accordion__item\" data-accordion-prefix-classes=\"accordion\">\n              <h4 class=\"js-accordion__header accordion__title\">\n                Sue\u00f1o: \u201cSue\u00f1o profundo\u201d              <\/h4>\n              <div class=\"js-accordion__panel accordion__panel type\">\n                <p>Los beb\u00e9s entran en una etapa de \u201csue\u00f1o profundo\u201d como parte de los h\u00e1bitos de sue\u00f1o saludables.\u00a0 Los beb\u00e9s que est\u00e1n en la etapa de \u201csue\u00f1o profundo\u201d pueden:<\/p>\n<ul>\n<li>No moverse mucho mientras duermen<\/li>\n<li>Tener los brazos y las piernas relajados y flojos<\/li>\n<li>Tener una respiraci\u00f3n regular y constante<\/li>\n<li>Hacer movimientos de succi\u00f3n<\/li>\n<li>No despertarse f\u00e1cilmente cuando lo levanta, etc.<\/li>\n<\/ul>\n              <\/div>\n            <\/div>\n                                  <div class=\"js-accordion accordion__item\" data-accordion-prefix-classes=\"accordion\">\n              <h4 class=\"js-accordion__header accordion__title\">\n                Llanto: \u201cEstoy tratando de decirte algo\u201d              <\/h4>\n              <div class=\"js-accordion__panel accordion__panel type\">\n                <p>A veces, los beb\u00e9s pueden llorar porque est\u00e1n tratando de decirnos algo.&nbsp; Algunas de las razones por las que los beb\u00e9s pueden llorar o estar inquietos son:<\/p>\n<ul>\n<li>El beb\u00e9 necesita un cambio de pa\u00f1al<\/li>\n<li>El beb\u00e9 tiene demasiado calor o demasiado fr\u00edo<\/li>\n<li>El beb\u00e9 est\u00e1 agobiado<\/li>\n<li>El beb\u00e9 est\u00e1 cansado<\/li>\n<li>El beb\u00e9 tiene hambre<\/li>\n<li>El beb\u00e9 est\u00e1 inc\u00f3modo<\/li>\n<\/ul>\n<p>&nbsp;<\/p>\n              <\/div>\n            <\/div>\n                                  <div class=\"js-accordion accordion__item\" data-accordion-prefix-classes=\"accordion\">\n              <h4 class=\"js-accordion__header accordion__title\">\n                Llanto: \u201cConsolar a su beb\u00e9\u201d              <\/h4>\n              <div class=\"js-accordion__panel accordion__panel type\">\n                <p>Puede haber momentos en los que haya intentado todo y el beb\u00e9 siga llorando. Cuando esto ocurra, puede probar estas sugerencias. * Recuerde que calmar a su beb\u00e9 lleva tiempo. Contin\u00fae haciendo los mismo durante varios minutos antes de intentar algo diferente.<\/p>\n<ul>\n<li>Hablar o cantar suavemente al beb\u00e9<\/li>\n<li>Mecer o balancear suavemente al beb\u00e9<\/li>\n<li>Masajear suavemente la espalda, los brazos y las piernas del beb\u00e9<\/li>\n<li>Llamar al m\u00e9dico si cree que el beb\u00e9 llora demasiado<\/li>\n<\/ul>\n              <\/div>\n            <\/div>\n                  <\/div>\n      <\/div>\n      \t\t\t\t<\/div>\n\t\t\t\t<\/div>\n\t\t\t\t<div class=\"elementor-element elementor-element-5e9c120 elementor-widget elementor-widget-kps3-spacer\" data-id=\"5e9c120\" data-element_type=\"widget\" data-e-type=\"widget\" data-widget_type=\"kps3-spacer.default\">\n\t\t\t\t<div class=\"elementor-widget-container\">\n\t\t\t\t\t    <div\n      class=\"spacer \"\n    ><\/div>\n    \t\t\t\t<\/div>\n\t\t\t\t<\/div>\n\t\t\t\t\t<\/div>\n\t\t<\/div>\n\t\t\t\t\t<\/div>\n\t\t<\/section>\n\t\t\t\t<\/div>\n\t\t","protected":false},"excerpt":{"rendered":"<p>Comportamiento del beb\u00e9 Los beb\u00e9s tienen formas limitadas de comunicarse con sus cuidadores cuando tienen hambre, est\u00e1n cansados&hellip;<\/p>\n","protected":false},"author":6,"featured_media":0,"parent":0,"menu_order":0,"comment_status":"closed","ping_status":"closed","template":"","meta":{"_acf_changed":false,"protect_children":false,"footnotes":""},"class_list":["post-28101","page","type-page","status-publish","hentry"],"acf":[],"yoast_head":"<!-- This site is optimized with the Yoast SEO plugin v27.4 - https:\/\/yoast.com\/product\/yoast-seo-wordpress\/ -->\n<title>Comportamiento del beb\u00e9 - Nevada WIC<\/title>\n<meta name=\"description\" content=\"Comportamiento del beb\u00e9 Los beb\u00e9s tienen formas limitadas de comunicarse con sus cuidadores cuando tienen hambre, est\u00e1n cansados o necesitan que algo sea\" \/>\n<meta name=\"robots\" content=\"index, follow, max-snippet:-1, max-image-preview:large, max-video-preview:-1\" \/>\n<link rel=\"canonical\" href=\"https:\/\/nevadawic.org\/es\/comportamiento-del-bebe\/\" \/>\n<meta property=\"og:locale\" content=\"es_ES\" \/>\n<meta property=\"og:type\" content=\"article\" \/>\n<meta property=\"og:title\" content=\"Comportamiento del beb\u00e9 - Nevada WIC\" \/>\n<meta property=\"og:description\" content=\"Comportamiento del beb\u00e9 Los beb\u00e9s tienen formas limitadas de comunicarse con sus cuidadores cuando tienen hambre, est\u00e1n cansados o necesitan que algo sea\" \/>\n<meta property=\"og:url\" content=\"https:\/\/nevadawic.org\/es\/comportamiento-del-bebe\/\" \/>\n<meta property=\"og:site_name\" content=\"Nevada WIC\" \/>\n<meta property=\"article:modified_time\" content=\"2024-03-21T16:23:07+00:00\" \/>\n<meta property=\"og:image\" content=\"https:\/\/nevadawic.org\/wp-content\/uploads\/2020\/07\/nwic-og-image.jpg\" \/>\n\t<meta property=\"og:image:width\" content=\"1200\" \/>\n\t<meta property=\"og:image:height\" content=\"630\" \/>\n\t<meta property=\"og:image:type\" content=\"image\/jpeg\" \/>\n<meta name=\"twitter:card\" content=\"summary_large_image\" \/>\n<meta name=\"twitter:label1\" content=\"Tiempo de lectura\" \/>\n\t<meta name=\"twitter:data1\" content=\"3 minutos\" \/>\n<script type=\"application\/ld+json\" class=\"yoast-schema-graph\">{\"@context\":\"https:\\\/\\\/schema.org\",\"@graph\":[{\"@type\":\"WebPage\",\"@id\":\"https:\\\/\\\/nevadawic.org\\\/es\\\/comportamiento-del-bebe\\\/\",\"url\":\"https:\\\/\\\/nevadawic.org\\\/es\\\/comportamiento-del-bebe\\\/\",\"name\":\"Comportamiento del beb\u00e9 - Nevada WIC\",\"isPartOf\":{\"@id\":\"https:\\\/\\\/nevadawic.org\\\/es\\\/#website\"},\"datePublished\":\"2020-07-05T22:11:49+00:00\",\"dateModified\":\"2024-03-21T16:23:07+00:00\",\"description\":\"Comportamiento del beb\u00e9 Los beb\u00e9s tienen formas limitadas de comunicarse con sus cuidadores cuando tienen hambre, est\u00e1n cansados o necesitan que algo sea\",\"breadcrumb\":{\"@id\":\"https:\\\/\\\/nevadawic.org\\\/es\\\/comportamiento-del-bebe\\\/#breadcrumb\"},\"inLanguage\":\"es\",\"potentialAction\":[{\"@type\":\"ReadAction\",\"target\":[\"https:\\\/\\\/nevadawic.org\\\/es\\\/comportamiento-del-bebe\\\/\"]}]},{\"@type\":\"BreadcrumbList\",\"@id\":\"https:\\\/\\\/nevadawic.org\\\/es\\\/comportamiento-del-bebe\\\/#breadcrumb\",\"itemListElement\":[{\"@type\":\"ListItem\",\"position\":1,\"name\":\"Inicio\",\"item\":\"https:\\\/\\\/nevadawic.org\\\/es\\\/\"},{\"@type\":\"ListItem\",\"position\":2,\"name\":\"Comportamiento del beb\u00e9\"}]},{\"@type\":\"WebSite\",\"@id\":\"https:\\\/\\\/nevadawic.org\\\/es\\\/#website\",\"url\":\"https:\\\/\\\/nevadawic.org\\\/es\\\/\",\"name\":\"Nevada WIC\",\"description\":\"\",\"publisher\":{\"@id\":\"https:\\\/\\\/nevadawic.org\\\/es\\\/#organization\"},\"potentialAction\":[{\"@type\":\"SearchAction\",\"target\":{\"@type\":\"EntryPoint\",\"urlTemplate\":\"https:\\\/\\\/nevadawic.org\\\/es\\\/?s={search_term_string}\"},\"query-input\":{\"@type\":\"PropertyValueSpecification\",\"valueRequired\":true,\"valueName\":\"search_term_string\"}}],\"inLanguage\":\"es\"},{\"@type\":\"Organization\",\"@id\":\"https:\\\/\\\/nevadawic.org\\\/es\\\/#organization\",\"name\":\"WIC de Nevada:\",\"url\":\"https:\\\/\\\/nevadawic.org\\\/es\\\/\",\"logo\":{\"@type\":\"ImageObject\",\"inLanguage\":\"es\",\"@id\":\"https:\\\/\\\/nevadawic.org\\\/es\\\/#\\\/schema\\\/logo\\\/image\\\/\",\"url\":\"https:\\\/\\\/nevadawic.org\\\/wp-content\\\/uploads\\\/2020\\\/07\\\/NV-Logo_Purple.jpg\",\"contentUrl\":\"https:\\\/\\\/nevadawic.org\\\/wp-content\\\/uploads\\\/2020\\\/07\\\/NV-Logo_Purple.jpg\",\"width\":970,\"height\":507,\"caption\":\"WIC de Nevada:\"},\"image\":{\"@id\":\"https:\\\/\\\/nevadawic.org\\\/es\\\/#\\\/schema\\\/logo\\\/image\\\/\"}}]}<\/script>\n<!-- \/ Yoast SEO plugin. -->","yoast_head_json":{"title":"Comportamiento del beb\u00e9 - Nevada WIC","description":"Comportamiento del beb\u00e9 Los beb\u00e9s tienen formas limitadas de comunicarse con sus cuidadores cuando tienen hambre, est\u00e1n cansados o necesitan que algo sea","robots":{"index":"index","follow":"follow","max-snippet":"max-snippet:-1","max-image-preview":"max-image-preview:large","max-video-preview":"max-video-preview:-1"},"canonical":"https:\/\/nevadawic.org\/es\/comportamiento-del-bebe\/","og_locale":"es_ES","og_type":"article","og_title":"Comportamiento del beb\u00e9 - Nevada WIC","og_description":"Comportamiento del beb\u00e9 Los beb\u00e9s tienen formas limitadas de comunicarse con sus cuidadores cuando tienen hambre, est\u00e1n cansados o necesitan que algo sea","og_url":"https:\/\/nevadawic.org\/es\/comportamiento-del-bebe\/","og_site_name":"Nevada WIC","article_modified_time":"2024-03-21T16:23:07+00:00","og_image":[{"width":1200,"height":630,"url":"https:\/\/nevadawic.org\/wp-content\/uploads\/2020\/07\/nwic-og-image.jpg","type":"image\/jpeg"}],"twitter_card":"summary_large_image","twitter_misc":{"Tiempo de lectura":"3 minutos"},"schema":{"@context":"https:\/\/schema.org","@graph":[{"@type":"WebPage","@id":"https:\/\/nevadawic.org\/es\/comportamiento-del-bebe\/","url":"https:\/\/nevadawic.org\/es\/comportamiento-del-bebe\/","name":"Comportamiento del beb\u00e9 - Nevada WIC","isPartOf":{"@id":"https:\/\/nevadawic.org\/es\/#website"},"datePublished":"2020-07-05T22:11:49+00:00","dateModified":"2024-03-21T16:23:07+00:00","description":"Comportamiento del beb\u00e9 Los beb\u00e9s tienen formas limitadas de comunicarse con sus cuidadores cuando tienen hambre, est\u00e1n cansados o necesitan que algo sea","breadcrumb":{"@id":"https:\/\/nevadawic.org\/es\/comportamiento-del-bebe\/#breadcrumb"},"inLanguage":"es","potentialAction":[{"@type":"ReadAction","target":["https:\/\/nevadawic.org\/es\/comportamiento-del-bebe\/"]}]},{"@type":"BreadcrumbList","@id":"https:\/\/nevadawic.org\/es\/comportamiento-del-bebe\/#breadcrumb","itemListElement":[{"@type":"ListItem","position":1,"name":"Inicio","item":"https:\/\/nevadawic.org\/es\/"},{"@type":"ListItem","position":2,"name":"Comportamiento del beb\u00e9"}]},{"@type":"WebSite","@id":"https:\/\/nevadawic.org\/es\/#website","url":"https:\/\/nevadawic.org\/es\/","name":"Nevada WIC","description":"","publisher":{"@id":"https:\/\/nevadawic.org\/es\/#organization"},"potentialAction":[{"@type":"SearchAction","target":{"@type":"EntryPoint","urlTemplate":"https:\/\/nevadawic.org\/es\/?s={search_term_string}"},"query-input":{"@type":"PropertyValueSpecification","valueRequired":true,"valueName":"search_term_string"}}],"inLanguage":"es"},{"@type":"Organization","@id":"https:\/\/nevadawic.org\/es\/#organization","name":"WIC de Nevada:","url":"https:\/\/nevadawic.org\/es\/","logo":{"@type":"ImageObject","inLanguage":"es","@id":"https:\/\/nevadawic.org\/es\/#\/schema\/logo\/image\/","url":"https:\/\/nevadawic.org\/wp-content\/uploads\/2020\/07\/NV-Logo_Purple.jpg","contentUrl":"https:\/\/nevadawic.org\/wp-content\/uploads\/2020\/07\/NV-Logo_Purple.jpg","width":970,"height":507,"caption":"WIC de Nevada:"},"image":{"@id":"https:\/\/nevadawic.org\/es\/#\/schema\/logo\/image\/"}}]}},"_links":{"self":[{"href":"https:\/\/nevadawic.org\/es\/wp-json\/wp\/v2\/pages\/28101","targetHints":{"allow":["GET"]}}],"collection":[{"href":"https:\/\/nevadawic.org\/es\/wp-json\/wp\/v2\/pages"}],"about":[{"href":"https:\/\/nevadawic.org\/es\/wp-json\/wp\/v2\/types\/page"}],"author":[{"embeddable":true,"href":"https:\/\/nevadawic.org\/es\/wp-json\/wp\/v2\/users\/6"}],"replies":[{"embeddable":true,"href":"https:\/\/nevadawic.org\/es\/wp-json\/wp\/v2\/comments?post=28101"}],"version-history":[{"count":10,"href":"https:\/\/nevadawic.org\/es\/wp-json\/wp\/v2\/pages\/28101\/revisions"}],"predecessor-version":[{"id":34226,"href":"https:\/\/nevadawic.org\/es\/wp-json\/wp\/v2\/pages\/28101\/revisions\/34226"}],"wp:attachment":[{"href":"https:\/\/nevadawic.org\/es\/wp-json\/wp\/v2\/media?parent=28101"}],"curies":[{"name":"wp","href":"https:\/\/api.w.org\/{rel}","templated":true}]}}