{"id":28105,"date":"2020-07-17T09:20:37","date_gmt":"2020-07-17T16:20:37","guid":{"rendered":"https:\/\/nevadawic.org\/confirmacion-de-la-presentacion-de-la-denuncia-tienda-del-wic\/"},"modified":"2024-03-13T16:18:31","modified_gmt":"2024-03-13T23:18:31","slug":"confirmacion-de-la-presentacion-de-la-denuncia-tienda-del-wic","status":"publish","type":"page","link":"https:\/\/nevadawic.org\/es\/confirmacion-de-la-presentacion-de-la-denuncia-tienda-del-wic\/","title":{"rendered":"Confirmaci\u00f3n de la presentaci\u00f3n de la queja: tienda de WIC"},"content":{"rendered":"\t\t<div data-elementor-type=\"wp-page\" data-elementor-id=\"28105\" class=\"elementor elementor-28105 elementor-16773\" data-elementor-post-type=\"page\">\n\t\t\t\t\t\t<section class=\"elementor-section elementor-top-section elementor-element elementor-element-36012090 elementor-section-boxed elementor-section-height-default elementor-section-height-default\" data-id=\"36012090\" data-element_type=\"section\" data-e-type=\"section\">\n\t\t\t\t\t\t<div class=\"elementor-container elementor-column-gap-default\">\n\t\t\t\t\t<div class=\"elementor-column elementor-col-100 elementor-top-column elementor-element elementor-element-368b69ce\" data-id=\"368b69ce\" data-element_type=\"column\" data-e-type=\"column\">\n\t\t\t<div class=\"elementor-widget-wrap elementor-element-populated\">\n\t\t\t\t\t\t<div class=\"elementor-element elementor-element-5aec1aa elementor-widget elementor-widget-kps3-spacer\" data-id=\"5aec1aa\" data-element_type=\"widget\" data-e-type=\"widget\" data-widget_type=\"kps3-spacer.default\">\n\t\t\t\t<div class=\"elementor-widget-container\">\n\t\t\t\t\t    <div\n      class=\"spacer \"\n    ><\/div>\n    \t\t\t\t<\/div>\n\t\t\t\t<\/div>\n\t\t\t\t<div class=\"elementor-element elementor-element-f0c07a2 elementor-widget elementor-widget-kps3-intro-text\" data-id=\"f0c07a2\" data-element_type=\"widget\" data-e-type=\"widget\" data-widget_type=\"kps3-intro-text.default\">\n\t\t\t\t<div class=\"elementor-widget-container\">\n\t\t\t\t\t    <div  class=\"intro-text intro-text--left\">\n      <div class=\"intro-text__container container\">\n        <h2 class=\"intro-text__heading\">Gracias por sus comentarios.\u00a0<\/h2>\n        <div class=\"intro-text__text\">\n          <p>Hemos recibido su queja y nuestro equipo est\u00e1 investigando el problema. <\/p>\n<p>Nos pondremos en contacto con usted dentro de 3 d\u00edas h\u00e1biles para informarle de las medidas que se est\u00e1n tomando para resolver este problema. Gracias por informarnos de este asunto.<\/p>\n        <\/div>\n      <\/div>\n    <\/div>\n    \t\t\t\t<\/div>\n\t\t\t\t<\/div>\n\t\t\t\t\t<\/div>\n\t\t<\/div>\n\t\t\t\t\t<\/div>\n\t\t<\/section>\n\t\t\t\t<section class=\"elementor-section elementor-top-section elementor-element elementor-element-5ae11af elementor-section-boxed elementor-section-height-default elementor-section-height-default\" data-id=\"5ae11af\" data-element_type=\"section\" data-e-type=\"section\">\n\t\t\t\t\t\t<div class=\"elementor-container elementor-column-gap-default\">\n\t\t\t\t\t<div class=\"elementor-column elementor-col-100 elementor-top-column elementor-element elementor-element-da84cee\" data-id=\"da84cee\" data-element_type=\"column\" data-e-type=\"column\">\n\t\t\t<div class=\"elementor-widget-wrap elementor-element-populated\">\n\t\t\t\t\t\t<div class=\"elementor-element elementor-element-d06ff0a elementor-widget elementor-widget-kps3-spacer\" data-id=\"d06ff0a\" data-element_type=\"widget\" data-e-type=\"widget\" data-widget_type=\"kps3-spacer.default\">\n\t\t\t\t<div class=\"elementor-widget-container\">\n\t\t\t\t\t    <div\n      class=\"spacer \"\n    ><\/div>\n    \t\t\t\t<\/div>\n\t\t\t\t<\/div>\n\t\t\t\t\t<\/div>\n\t\t<\/div>\n\t\t\t\t\t<\/div>\n\t\t<\/section>\n\t\t\t\t<\/div>\n\t\t","protected":false},"excerpt":{"rendered":"<p>Gracias por sus comentarios.\u00a0 Hemos recibido su queja y nuestro equipo est\u00e1 investigando el problema. Nos pondremos en&hellip;<\/p>\n","protected":false},"author":1,"featured_media":0,"parent":0,"menu_order":0,"comment_status":"closed","ping_status":"closed","template":"","meta":{"_acf_changed":false,"protect_children":false,"footnotes":""},"class_list":["post-28105","page","type-page","status-publish","hentry"],"acf":[],"yoast_head":"<!-- This site is optimized with the Yoast SEO plugin v27.2 - https:\/\/yoast.com\/product\/yoast-seo-wordpress\/ -->\n<title>Confirmaci\u00f3n de env\u00edo | WIC de Nevada<\/title>\n<meta name=\"description\" content=\"Gracias por sus comentarios. Hemos recibido su queja y nuestro equipo est\u00e1 estudiando el asunto.\" \/>\n<meta name=\"robots\" content=\"noindex, follow\" \/>\n<meta property=\"og:locale\" content=\"es_ES\" \/>\n<meta property=\"og:type\" content=\"article\" \/>\n<meta property=\"og:title\" content=\"Confirmaci\u00f3n de env\u00edo | WIC de Nevada\" \/>\n<meta property=\"og:description\" content=\"Gracias por sus comentarios. Hemos recibido su queja y nuestro equipo est\u00e1 estudiando el asunto.\" \/>\n<meta property=\"og:url\" content=\"https:\/\/nevadawic.org\/es\/confirmacion-de-la-presentacion-de-la-denuncia-tienda-del-wic\/\" \/>\n<meta property=\"og:site_name\" content=\"Nevada WIC\" \/>\n<meta property=\"article:modified_time\" content=\"2024-03-13T23:18:31+00:00\" \/>\n<meta property=\"og:image\" content=\"https:\/\/nevadawic.org\/wp-content\/uploads\/2020\/07\/nwic-og-image.jpg\" \/>\n\t<meta property=\"og:image:width\" content=\"1200\" \/>\n\t<meta property=\"og:image:height\" content=\"630\" \/>\n\t<meta property=\"og:image:type\" content=\"image\/jpeg\" \/>\n<meta name=\"twitter:card\" content=\"summary_large_image\" \/>\n<meta name=\"twitter:label1\" content=\"Tiempo de lectura\" \/>\n\t<meta name=\"twitter:data1\" content=\"1 minuto\" \/>\n<script type=\"application\/ld+json\" class=\"yoast-schema-graph\">{\"@context\":\"https:\/\/schema.org\",\"@graph\":[{\"@type\":\"WebPage\",\"@id\":\"https:\/\/nevadawic.org\/es\/confirmacion-de-la-presentacion-de-la-denuncia-tienda-del-wic\/\",\"url\":\"https:\/\/nevadawic.org\/es\/confirmacion-de-la-presentacion-de-la-denuncia-tienda-del-wic\/\",\"name\":\"Confirmaci\u00f3n de env\u00edo | WIC de Nevada\",\"isPartOf\":{\"@id\":\"https:\/\/nevadawic.org\/es\/#website\"},\"datePublished\":\"2020-07-17T16:20:37+00:00\",\"dateModified\":\"2024-03-13T23:18:31+00:00\",\"description\":\"Gracias por sus comentarios. Hemos recibido su queja y nuestro equipo est\u00e1 estudiando el asunto.\",\"breadcrumb\":{\"@id\":\"https:\/\/nevadawic.org\/es\/confirmacion-de-la-presentacion-de-la-denuncia-tienda-del-wic\/#breadcrumb\"},\"inLanguage\":\"es\",\"potentialAction\":[{\"@type\":\"ReadAction\",\"target\":[\"https:\/\/nevadawic.org\/es\/confirmacion-de-la-presentacion-de-la-denuncia-tienda-del-wic\/\"]}]},{\"@type\":\"BreadcrumbList\",\"@id\":\"https:\/\/nevadawic.org\/es\/confirmacion-de-la-presentacion-de-la-denuncia-tienda-del-wic\/#breadcrumb\",\"itemListElement\":[{\"@type\":\"ListItem\",\"position\":1,\"name\":\"Inicio\",\"item\":\"https:\/\/nevadawic.org\/es\/\"},{\"@type\":\"ListItem\",\"position\":2,\"name\":\"Confirmaci\u00f3n de la presentaci\u00f3n de la queja: tienda de WIC\"}]},{\"@type\":\"WebSite\",\"@id\":\"https:\/\/nevadawic.org\/es\/#website\",\"url\":\"https:\/\/nevadawic.org\/es\/\",\"name\":\"Nevada WIC\",\"description\":\"\",\"publisher\":{\"@id\":\"https:\/\/nevadawic.org\/es\/#organization\"},\"potentialAction\":[{\"@type\":\"SearchAction\",\"target\":{\"@type\":\"EntryPoint\",\"urlTemplate\":\"https:\/\/nevadawic.org\/es\/?s={search_term_string}\"},\"query-input\":{\"@type\":\"PropertyValueSpecification\",\"valueRequired\":true,\"valueName\":\"search_term_string\"}}],\"inLanguage\":\"es\"},{\"@type\":\"Organization\",\"@id\":\"https:\/\/nevadawic.org\/es\/#organization\",\"name\":\"WIC de Nevada:\",\"url\":\"https:\/\/nevadawic.org\/es\/\",\"logo\":{\"@type\":\"ImageObject\",\"inLanguage\":\"es\",\"@id\":\"https:\/\/nevadawic.org\/es\/#\/schema\/logo\/image\/\",\"url\":\"https:\/\/nevadawic.org\/wp-content\/uploads\/2020\/07\/NV-Logo_Purple.jpg\",\"contentUrl\":\"https:\/\/nevadawic.org\/wp-content\/uploads\/2020\/07\/NV-Logo_Purple.jpg\",\"width\":970,\"height\":507,\"caption\":\"WIC de Nevada:\"},\"image\":{\"@id\":\"https:\/\/nevadawic.org\/es\/#\/schema\/logo\/image\/\"}}]}<\/script>\n<!-- \/ Yoast SEO plugin. -->","yoast_head_json":{"title":"Confirmaci\u00f3n de env\u00edo | WIC de Nevada","description":"Gracias por sus comentarios. Hemos recibido su queja y nuestro equipo est\u00e1 estudiando el asunto.","robots":{"index":"noindex","follow":"follow"},"og_locale":"es_ES","og_type":"article","og_title":"Confirmaci\u00f3n de env\u00edo | WIC de Nevada","og_description":"Gracias por sus comentarios. Hemos recibido su queja y nuestro equipo est\u00e1 estudiando el asunto.","og_url":"https:\/\/nevadawic.org\/es\/confirmacion-de-la-presentacion-de-la-denuncia-tienda-del-wic\/","og_site_name":"Nevada WIC","article_modified_time":"2024-03-13T23:18:31+00:00","og_image":[{"width":1200,"height":630,"url":"https:\/\/nevadawic.org\/wp-content\/uploads\/2020\/07\/nwic-og-image.jpg","type":"image\/jpeg"}],"twitter_card":"summary_large_image","twitter_misc":{"Tiempo de lectura":"1 minuto"},"schema":{"@context":"https:\/\/schema.org","@graph":[{"@type":"WebPage","@id":"https:\/\/nevadawic.org\/es\/confirmacion-de-la-presentacion-de-la-denuncia-tienda-del-wic\/","url":"https:\/\/nevadawic.org\/es\/confirmacion-de-la-presentacion-de-la-denuncia-tienda-del-wic\/","name":"Confirmaci\u00f3n de env\u00edo | WIC de Nevada","isPartOf":{"@id":"https:\/\/nevadawic.org\/es\/#website"},"datePublished":"2020-07-17T16:20:37+00:00","dateModified":"2024-03-13T23:18:31+00:00","description":"Gracias por sus comentarios. Hemos recibido su queja y nuestro equipo est\u00e1 estudiando el asunto.","breadcrumb":{"@id":"https:\/\/nevadawic.org\/es\/confirmacion-de-la-presentacion-de-la-denuncia-tienda-del-wic\/#breadcrumb"},"inLanguage":"es","potentialAction":[{"@type":"ReadAction","target":["https:\/\/nevadawic.org\/es\/confirmacion-de-la-presentacion-de-la-denuncia-tienda-del-wic\/"]}]},{"@type":"BreadcrumbList","@id":"https:\/\/nevadawic.org\/es\/confirmacion-de-la-presentacion-de-la-denuncia-tienda-del-wic\/#breadcrumb","itemListElement":[{"@type":"ListItem","position":1,"name":"Inicio","item":"https:\/\/nevadawic.org\/es\/"},{"@type":"ListItem","position":2,"name":"Confirmaci\u00f3n de la presentaci\u00f3n de la queja: tienda de WIC"}]},{"@type":"WebSite","@id":"https:\/\/nevadawic.org\/es\/#website","url":"https:\/\/nevadawic.org\/es\/","name":"Nevada WIC","description":"","publisher":{"@id":"https:\/\/nevadawic.org\/es\/#organization"},"potentialAction":[{"@type":"SearchAction","target":{"@type":"EntryPoint","urlTemplate":"https:\/\/nevadawic.org\/es\/?s={search_term_string}"},"query-input":{"@type":"PropertyValueSpecification","valueRequired":true,"valueName":"search_term_string"}}],"inLanguage":"es"},{"@type":"Organization","@id":"https:\/\/nevadawic.org\/es\/#organization","name":"WIC de Nevada:","url":"https:\/\/nevadawic.org\/es\/","logo":{"@type":"ImageObject","inLanguage":"es","@id":"https:\/\/nevadawic.org\/es\/#\/schema\/logo\/image\/","url":"https:\/\/nevadawic.org\/wp-content\/uploads\/2020\/07\/NV-Logo_Purple.jpg","contentUrl":"https:\/\/nevadawic.org\/wp-content\/uploads\/2020\/07\/NV-Logo_Purple.jpg","width":970,"height":507,"caption":"WIC de Nevada:"},"image":{"@id":"https:\/\/nevadawic.org\/es\/#\/schema\/logo\/image\/"}}]}},"_links":{"self":[{"href":"https:\/\/nevadawic.org\/es\/wp-json\/wp\/v2\/pages\/28105","targetHints":{"allow":["GET"]}}],"collection":[{"href":"https:\/\/nevadawic.org\/es\/wp-json\/wp\/v2\/pages"}],"about":[{"href":"https:\/\/nevadawic.org\/es\/wp-json\/wp\/v2\/types\/page"}],"author":[{"embeddable":true,"href":"https:\/\/nevadawic.org\/es\/wp-json\/wp\/v2\/users\/1"}],"replies":[{"embeddable":true,"href":"https:\/\/nevadawic.org\/es\/wp-json\/wp\/v2\/comments?post=28105"}],"version-history":[{"count":6,"href":"https:\/\/nevadawic.org\/es\/wp-json\/wp\/v2\/pages\/28105\/revisions"}],"predecessor-version":[{"id":33909,"href":"https:\/\/nevadawic.org\/es\/wp-json\/wp\/v2\/pages\/28105\/revisions\/33909"}],"wp:attachment":[{"href":"https:\/\/nevadawic.org\/es\/wp-json\/wp\/v2\/media?parent=28105"}],"curies":[{"name":"wp","href":"https:\/\/api.w.org\/{rel}","templated":true}]}}