{"id":28117,"date":"2020-08-10T11:37:42","date_gmt":"2020-08-10T18:37:42","guid":{"rendered":"https:\/\/nevadawic.org\/acerca-del-wic\/otros-servicios\/programa-de-la-lista-de-verificacion-de-indicadores-del-desarrollo-del-wic\/listas-de-verificacion-de-indicadores-en-ingles\/"},"modified":"2024-04-09T13:54:50","modified_gmt":"2024-04-09T20:54:50","slug":"listas-de-verificacion-de-indicadores-en-espanol-2","status":"publish","type":"page","link":"https:\/\/nevadawic.org\/es\/acerca-de-wic\/otros-servicios\/programa-de-la-lista-de-verificacion-de-indicadores-del-desarrollo-del-wic\/listas-de-verificacion-de-indicadores-en-espanol-2\/","title":{"rendered":"Listas de verificaci\u00f3n de indicadores en espa\u00f1ol"},"content":{"rendered":"\t\t<div data-elementor-type=\"wp-page\" data-elementor-id=\"28117\" class=\"elementor elementor-28117 elementor-17077\" data-elementor-post-type=\"page\">\n\t\t\t\t\t\t<section class=\"elementor-section elementor-top-section elementor-element elementor-element-a12ea7f elementor-section-boxed elementor-section-height-default elementor-section-height-default\" data-id=\"a12ea7f\" data-element_type=\"section\" data-e-type=\"section\">\n\t\t\t\t\t\t<div class=\"elementor-container elementor-column-gap-default\">\n\t\t\t\t\t<div class=\"elementor-column elementor-col-100 elementor-top-column elementor-element elementor-element-f12dd36\" data-id=\"f12dd36\" data-element_type=\"column\" data-e-type=\"column\">\n\t\t\t<div class=\"elementor-widget-wrap\">\n\t\t\t\t\t\t\t<\/div>\n\t\t<\/div>\n\t\t\t\t\t<\/div>\n\t\t<\/section>\n\t\t\t\t<section class=\"elementor-section elementor-top-section elementor-element elementor-element-192ea7c elementor-section-boxed elementor-section-height-default elementor-section-height-default\" data-id=\"192ea7c\" data-element_type=\"section\" data-e-type=\"section\">\n\t\t\t\t\t\t<div class=\"elementor-container elementor-column-gap-default\">\n\t\t\t\t\t<div class=\"elementor-column elementor-col-100 elementor-top-column elementor-element elementor-element-c294607\" data-id=\"c294607\" data-element_type=\"column\" data-e-type=\"column\">\n\t\t\t<div class=\"elementor-widget-wrap elementor-element-populated\">\n\t\t\t\t\t\t<div class=\"elementor-element elementor-element-fb36ee4 elementor-widget elementor-widget-kps3-image-callout\" data-id=\"fb36ee4\" data-element_type=\"widget\" data-e-type=\"widget\" data-widget_type=\"kps3-image-callout.default\">\n\t\t\t\t<div class=\"elementor-widget-container\">\n\t\t\t\t\t      <div  class=\"callout-block\">\n        <div\n          class=\"callout-block__image\"\n          style=\"background-image: url('https:\/\/nevadawic.org\/wp-content\/uploads\/2020\/08\/Floor-Graphics.jpg');\"\n        ><\/div>\n        <div class=\"callout-block__container container\">\n          <div class=\"callout-block__content\">\n            <div class=\"callout-block__main\">\n                              <h2 class=\"callout-block__heading\">Listas de verificaci\u00f3n en espa\u00f1ol<\/h2>\n                            <div class=\"callout-block__text\">\n                                  <p><a href=\"https:\/\/nevadawic.org\/es\/lista-de-verificacion-de-2-meses-ingles_v2\/\" target=\"_blank\" rel=\"noopener\">2 meses<\/a><\/p>\n<p><a href=\"https:\/\/nevadawic.org\/es\/lista-de-verificacion-de-4-meses-ingles_v2\/\" target=\"_blank\" rel=\"noopener\">4 meses<\/a><\/p>\n<p><a href=\"https:\/\/nevadawic.org\/es\/lista-de-verificacion-de-6-meses-ingles_v2\/\" target=\"_blank\" rel=\"noopener\">6 meses<\/a><\/p>\n<p><a href=\"https:\/\/nevadawic.org\/es\/lista-de-verificacion-de-9-meses-ingles_v2\/\" target=\"_blank\" rel=\"noopener\">9 meses<\/a><\/p>\n<p><a href=\"https:\/\/nevadawic.org\/es\/lista-de-verificacion-de-1-ano-ingles_v2\/\" target=\"_blank\" rel=\"noopener\">12 meses&nbsp;<\/a><\/p>\n<p><a href=\"https:\/\/nevadawic.org\/es\/lista-de-verificacion-de-15-meses-ingles\/\" target=\"_blank\" rel=\"noopener\">15 meses<\/a><\/p>\n<p><a href=\"https:\/\/nevadawic.org\/es\/lista-de-verificacion-de-18-meses-1-ano-y-medio-ingles_v2\/\" target=\"_blank\" rel=\"noopener\">1 a\u00f1o y medio (18 meses)<\/a><\/p>\n<p><a href=\"https:\/\/nevadawic.org\/es\/lista-de-verificacion-de-2-anos-ingles_v2\/\" target=\"_blank\" rel=\"noopener\">2 a\u00f1os<\/a><\/p>\n<p><a href=\"https:\/\/nevadawic.org\/es\/lista-de-verificacion-de-2-anos-y-medio-30-meses-ingles\/\" target=\"_blank\" rel=\"noopener\">2 a\u00f1os y medio (30 meses)<\/a><\/p>\n<p><a href=\"https:\/\/nevadawic.org\/es\/lista-de-verificacion-de-3-anos-ingles_v2\/\" target=\"_blank\" rel=\"noopener\">3 a\u00f1os<\/a><\/p>\n<p><a href=\"https:\/\/nevadawic.org\/es\/lista-de-verificacion-de-4-anos-ingles_v2\/\" target=\"_blank\" rel=\"noopener\">4 a\u00f1os<\/a><\/p>\n                              <\/div>\n                          <\/div>\n            <div class=\"callout-block__aside type\">\n              <p><strong>Importante:<\/strong><\/p>\n<p><span class=\"NormalTextRun SpellingErrorV2Themed SCXW18795452 BCX8\">Si su hijo est\u00e1 entre las edades de la lista de verificaci\u00f3n ofrecida, elija la edad m\u00e1s joven. Por ejemplo, si su hijo tiene 8 meses, complete la lista de verificaci\u00f3n de 6 meses, NO la de los 9 meses. Si su hijo<\/span><span class=\"NormalTextRun SCXW18795452 BCX8\"> naci\u00f3 prematuramente<\/span><span class=\"NormalTextRun SCXW18795452 BCX8\">, utilice su edad corregida.<\/span><\/p>\n<p><strong>Complete cada una de las listas de verificaci\u00f3n apropiadas para su edad.<\/strong><\/p>\n<ul>\n<li>Para enviar su(s) lista(s) de verificaci\u00f3n de DMCP a su cl\u00ednica de WIC, haga clic en la edad necesaria y complete el formulario de env\u00edo en l\u00ednea y env\u00edelo a su cl\u00ednica de WIC seleccionada.<\/li>\n<\/ul>\n<p>* Las listas de verificaci\u00f3n fueron elaboradas por el programa <em>Learn the Signs. Act Early <\/em>del CDC<em>.<\/em><\/p>\n            <\/div>\n          <\/div>\n        <\/div>\n      \t\t\t\t<\/div>\n\t\t\t\t<\/div>\n\t\t\t\t\t<\/div>\n\t\t<\/div>\n\t\t\t\t\t<\/div>\n\t\t<\/section>\n\t\t\t\t<\/div>\n\t\t","protected":false},"excerpt":{"rendered":"<p>Listas de verificaci\u00f3n en espa\u00f1ol 2 meses 4 meses 6 meses 9 meses 12 meses&nbsp; 15 meses 1&hellip;<\/p>\n","protected":false},"author":7,"featured_media":0,"parent":28061,"menu_order":1,"comment_status":"closed","ping_status":"closed","template":"","meta":{"_acf_changed":false,"protect_children":false,"footnotes":""},"class_list":["post-28117","page","type-page","status-publish","hentry"],"acf":[],"yoast_head":"<!-- This site is optimized with the Yoast SEO plugin v27.2 - https:\/\/yoast.com\/product\/yoast-seo-wordpress\/ -->\n<title>Listas de verificaci\u00f3n de indicadores en espa\u00f1ol - Nevada WIC<\/title>\n<meta name=\"description\" content=\"Listas de verificaci\u00f3n en espa\u00f1ol 2 meses 4 meses 6 meses 9 meses 12 meses&nbsp; 15 meses 1 a\u00f1o y medio (18 meses) 2 a\u00f1os 2 a\u00f1os y medio (30 meses) 3 a\u00f1os\" \/>\n<meta name=\"robots\" content=\"index, follow, max-snippet:-1, max-image-preview:large, max-video-preview:-1\" \/>\n<link rel=\"canonical\" href=\"https:\/\/nevadawic.org\/es\/acerca-de-wic\/otros-servicios\/programa-de-la-lista-de-verificacion-de-indicadores-del-desarrollo-del-wic\/listas-de-verificacion-de-indicadores-en-espanol-2\/\" \/>\n<meta property=\"og:locale\" content=\"es_ES\" \/>\n<meta property=\"og:type\" content=\"article\" \/>\n<meta property=\"og:title\" content=\"Listas de verificaci\u00f3n de indicadores en espa\u00f1ol - Nevada WIC\" \/>\n<meta property=\"og:description\" content=\"Listas de verificaci\u00f3n en espa\u00f1ol 2 meses 4 meses 6 meses 9 meses 12 meses&nbsp; 15 meses 1 a\u00f1o y medio (18 meses) 2 a\u00f1os 2 a\u00f1os y medio (30 meses) 3 a\u00f1os\" \/>\n<meta property=\"og:url\" content=\"https:\/\/nevadawic.org\/es\/acerca-de-wic\/otros-servicios\/programa-de-la-lista-de-verificacion-de-indicadores-del-desarrollo-del-wic\/listas-de-verificacion-de-indicadores-en-espanol-2\/\" \/>\n<meta property=\"og:site_name\" content=\"Nevada WIC\" \/>\n<meta property=\"article:modified_time\" content=\"2024-04-09T20:54:50+00:00\" \/>\n<meta property=\"og:image\" content=\"https:\/\/nevadawic.org\/wp-content\/uploads\/2020\/07\/nwic-og-image.jpg\" \/>\n\t<meta property=\"og:image:width\" content=\"1200\" \/>\n\t<meta property=\"og:image:height\" content=\"630\" \/>\n\t<meta property=\"og:image:type\" content=\"image\/jpeg\" \/>\n<meta name=\"twitter:card\" content=\"summary_large_image\" \/>\n<meta name=\"twitter:label1\" content=\"Tiempo de lectura\" \/>\n\t<meta name=\"twitter:data1\" content=\"1 minuto\" \/>\n<script type=\"application\/ld+json\" class=\"yoast-schema-graph\">{\"@context\":\"https:\/\/schema.org\",\"@graph\":[{\"@type\":\"WebPage\",\"@id\":\"https:\/\/nevadawic.org\/es\/acerca-de-wic\/otros-servicios\/programa-de-la-lista-de-verificacion-de-indicadores-del-desarrollo-del-wic\/listas-de-verificacion-de-indicadores-en-espanol-2\/\",\"url\":\"https:\/\/nevadawic.org\/es\/acerca-de-wic\/otros-servicios\/programa-de-la-lista-de-verificacion-de-indicadores-del-desarrollo-del-wic\/listas-de-verificacion-de-indicadores-en-espanol-2\/\",\"name\":\"Listas de verificaci\u00f3n de indicadores en espa\u00f1ol - Nevada WIC\",\"isPartOf\":{\"@id\":\"https:\/\/nevadawic.org\/es\/#website\"},\"datePublished\":\"2020-08-10T18:37:42+00:00\",\"dateModified\":\"2024-04-09T20:54:50+00:00\",\"description\":\"Listas de verificaci\u00f3n en espa\u00f1ol 2 meses 4 meses 6 meses 9 meses 12 meses&nbsp; 15 meses 1 a\u00f1o y medio (18 meses) 2 a\u00f1os 2 a\u00f1os y medio (30 meses) 3 a\u00f1os\",\"breadcrumb\":{\"@id\":\"https:\/\/nevadawic.org\/es\/acerca-de-wic\/otros-servicios\/programa-de-la-lista-de-verificacion-de-indicadores-del-desarrollo-del-wic\/listas-de-verificacion-de-indicadores-en-espanol-2\/#breadcrumb\"},\"inLanguage\":\"es\",\"potentialAction\":[{\"@type\":\"ReadAction\",\"target\":[\"https:\/\/nevadawic.org\/es\/acerca-de-wic\/otros-servicios\/programa-de-la-lista-de-verificacion-de-indicadores-del-desarrollo-del-wic\/listas-de-verificacion-de-indicadores-en-espanol-2\/\"]}]},{\"@type\":\"BreadcrumbList\",\"@id\":\"https:\/\/nevadawic.org\/es\/acerca-de-wic\/otros-servicios\/programa-de-la-lista-de-verificacion-de-indicadores-del-desarrollo-del-wic\/listas-de-verificacion-de-indicadores-en-espanol-2\/#breadcrumb\",\"itemListElement\":[{\"@type\":\"ListItem\",\"position\":1,\"name\":\"Inicio\",\"item\":\"https:\/\/nevadawic.org\/es\/\"},{\"@type\":\"ListItem\",\"position\":2,\"name\":\"Acerca de WIC\",\"item\":\"https:\/\/nevadawic.org\/es\/acerca-de-wic\/\"},{\"@type\":\"ListItem\",\"position\":3,\"name\":\"Otros servicios\",\"item\":\"https:\/\/nevadawic.org\/es\/about\/other-services\/\"},{\"@type\":\"ListItem\",\"position\":4,\"name\":\"Programa de Indicadores del Desarrollo de WIC\",\"item\":\"https:\/\/nevadawic.org\/es\/about\/other-services\/wic-developmental-milestone-checklist-program\/\"},{\"@type\":\"ListItem\",\"position\":5,\"name\":\"Listas de verificaci\u00f3n de indicadores en espa\u00f1ol\"}]},{\"@type\":\"WebSite\",\"@id\":\"https:\/\/nevadawic.org\/es\/#website\",\"url\":\"https:\/\/nevadawic.org\/es\/\",\"name\":\"Nevada WIC\",\"description\":\"\",\"publisher\":{\"@id\":\"https:\/\/nevadawic.org\/es\/#organization\"},\"potentialAction\":[{\"@type\":\"SearchAction\",\"target\":{\"@type\":\"EntryPoint\",\"urlTemplate\":\"https:\/\/nevadawic.org\/es\/?s={search_term_string}\"},\"query-input\":{\"@type\":\"PropertyValueSpecification\",\"valueRequired\":true,\"valueName\":\"search_term_string\"}}],\"inLanguage\":\"es\"},{\"@type\":\"Organization\",\"@id\":\"https:\/\/nevadawic.org\/es\/#organization\",\"name\":\"WIC de Nevada:\",\"url\":\"https:\/\/nevadawic.org\/es\/\",\"logo\":{\"@type\":\"ImageObject\",\"inLanguage\":\"es\",\"@id\":\"https:\/\/nevadawic.org\/es\/#\/schema\/logo\/image\/\",\"url\":\"https:\/\/nevadawic.org\/wp-content\/uploads\/2020\/07\/NV-Logo_Purple.jpg\",\"contentUrl\":\"https:\/\/nevadawic.org\/wp-content\/uploads\/2020\/07\/NV-Logo_Purple.jpg\",\"width\":970,\"height\":507,\"caption\":\"WIC de Nevada:\"},\"image\":{\"@id\":\"https:\/\/nevadawic.org\/es\/#\/schema\/logo\/image\/\"}}]}<\/script>\n<!-- \/ Yoast SEO plugin. -->","yoast_head_json":{"title":"Listas de verificaci\u00f3n de indicadores en espa\u00f1ol - Nevada WIC","description":"Listas de verificaci\u00f3n en espa\u00f1ol 2 meses 4 meses 6 meses 9 meses 12 meses&nbsp; 15 meses 1 a\u00f1o y medio (18 meses) 2 a\u00f1os 2 a\u00f1os y medio (30 meses) 3 a\u00f1os","robots":{"index":"index","follow":"follow","max-snippet":"max-snippet:-1","max-image-preview":"max-image-preview:large","max-video-preview":"max-video-preview:-1"},"canonical":"https:\/\/nevadawic.org\/es\/acerca-de-wic\/otros-servicios\/programa-de-la-lista-de-verificacion-de-indicadores-del-desarrollo-del-wic\/listas-de-verificacion-de-indicadores-en-espanol-2\/","og_locale":"es_ES","og_type":"article","og_title":"Listas de verificaci\u00f3n de indicadores en espa\u00f1ol - Nevada WIC","og_description":"Listas de verificaci\u00f3n en espa\u00f1ol 2 meses 4 meses 6 meses 9 meses 12 meses&nbsp; 15 meses 1 a\u00f1o y medio (18 meses) 2 a\u00f1os 2 a\u00f1os y medio (30 meses) 3 a\u00f1os","og_url":"https:\/\/nevadawic.org\/es\/acerca-de-wic\/otros-servicios\/programa-de-la-lista-de-verificacion-de-indicadores-del-desarrollo-del-wic\/listas-de-verificacion-de-indicadores-en-espanol-2\/","og_site_name":"Nevada WIC","article_modified_time":"2024-04-09T20:54:50+00:00","og_image":[{"width":1200,"height":630,"url":"https:\/\/nevadawic.org\/wp-content\/uploads\/2020\/07\/nwic-og-image.jpg","type":"image\/jpeg"}],"twitter_card":"summary_large_image","twitter_misc":{"Tiempo de lectura":"1 minuto"},"schema":{"@context":"https:\/\/schema.org","@graph":[{"@type":"WebPage","@id":"https:\/\/nevadawic.org\/es\/acerca-de-wic\/otros-servicios\/programa-de-la-lista-de-verificacion-de-indicadores-del-desarrollo-del-wic\/listas-de-verificacion-de-indicadores-en-espanol-2\/","url":"https:\/\/nevadawic.org\/es\/acerca-de-wic\/otros-servicios\/programa-de-la-lista-de-verificacion-de-indicadores-del-desarrollo-del-wic\/listas-de-verificacion-de-indicadores-en-espanol-2\/","name":"Listas de verificaci\u00f3n de indicadores en espa\u00f1ol - Nevada WIC","isPartOf":{"@id":"https:\/\/nevadawic.org\/es\/#website"},"datePublished":"2020-08-10T18:37:42+00:00","dateModified":"2024-04-09T20:54:50+00:00","description":"Listas de verificaci\u00f3n en espa\u00f1ol 2 meses 4 meses 6 meses 9 meses 12 meses&nbsp; 15 meses 1 a\u00f1o y medio (18 meses) 2 a\u00f1os 2 a\u00f1os y medio (30 meses) 3 a\u00f1os","breadcrumb":{"@id":"https:\/\/nevadawic.org\/es\/acerca-de-wic\/otros-servicios\/programa-de-la-lista-de-verificacion-de-indicadores-del-desarrollo-del-wic\/listas-de-verificacion-de-indicadores-en-espanol-2\/#breadcrumb"},"inLanguage":"es","potentialAction":[{"@type":"ReadAction","target":["https:\/\/nevadawic.org\/es\/acerca-de-wic\/otros-servicios\/programa-de-la-lista-de-verificacion-de-indicadores-del-desarrollo-del-wic\/listas-de-verificacion-de-indicadores-en-espanol-2\/"]}]},{"@type":"BreadcrumbList","@id":"https:\/\/nevadawic.org\/es\/acerca-de-wic\/otros-servicios\/programa-de-la-lista-de-verificacion-de-indicadores-del-desarrollo-del-wic\/listas-de-verificacion-de-indicadores-en-espanol-2\/#breadcrumb","itemListElement":[{"@type":"ListItem","position":1,"name":"Inicio","item":"https:\/\/nevadawic.org\/es\/"},{"@type":"ListItem","position":2,"name":"Acerca de WIC","item":"https:\/\/nevadawic.org\/es\/acerca-de-wic\/"},{"@type":"ListItem","position":3,"name":"Otros servicios","item":"https:\/\/nevadawic.org\/es\/about\/other-services\/"},{"@type":"ListItem","position":4,"name":"Programa de Indicadores del Desarrollo de WIC","item":"https:\/\/nevadawic.org\/es\/about\/other-services\/wic-developmental-milestone-checklist-program\/"},{"@type":"ListItem","position":5,"name":"Listas de verificaci\u00f3n de indicadores en espa\u00f1ol"}]},{"@type":"WebSite","@id":"https:\/\/nevadawic.org\/es\/#website","url":"https:\/\/nevadawic.org\/es\/","name":"Nevada WIC","description":"","publisher":{"@id":"https:\/\/nevadawic.org\/es\/#organization"},"potentialAction":[{"@type":"SearchAction","target":{"@type":"EntryPoint","urlTemplate":"https:\/\/nevadawic.org\/es\/?s={search_term_string}"},"query-input":{"@type":"PropertyValueSpecification","valueRequired":true,"valueName":"search_term_string"}}],"inLanguage":"es"},{"@type":"Organization","@id":"https:\/\/nevadawic.org\/es\/#organization","name":"WIC de Nevada:","url":"https:\/\/nevadawic.org\/es\/","logo":{"@type":"ImageObject","inLanguage":"es","@id":"https:\/\/nevadawic.org\/es\/#\/schema\/logo\/image\/","url":"https:\/\/nevadawic.org\/wp-content\/uploads\/2020\/07\/NV-Logo_Purple.jpg","contentUrl":"https:\/\/nevadawic.org\/wp-content\/uploads\/2020\/07\/NV-Logo_Purple.jpg","width":970,"height":507,"caption":"WIC de Nevada:"},"image":{"@id":"https:\/\/nevadawic.org\/es\/#\/schema\/logo\/image\/"}}]}},"_links":{"self":[{"href":"https:\/\/nevadawic.org\/es\/wp-json\/wp\/v2\/pages\/28117","targetHints":{"allow":["GET"]}}],"collection":[{"href":"https:\/\/nevadawic.org\/es\/wp-json\/wp\/v2\/pages"}],"about":[{"href":"https:\/\/nevadawic.org\/es\/wp-json\/wp\/v2\/types\/page"}],"author":[{"embeddable":true,"href":"https:\/\/nevadawic.org\/es\/wp-json\/wp\/v2\/users\/7"}],"replies":[{"embeddable":true,"href":"https:\/\/nevadawic.org\/es\/wp-json\/wp\/v2\/comments?post=28117"}],"version-history":[{"count":29,"href":"https:\/\/nevadawic.org\/es\/wp-json\/wp\/v2\/pages\/28117\/revisions"}],"predecessor-version":[{"id":35240,"href":"https:\/\/nevadawic.org\/es\/wp-json\/wp\/v2\/pages\/28117\/revisions\/35240"}],"up":[{"embeddable":true,"href":"https:\/\/nevadawic.org\/es\/wp-json\/wp\/v2\/pages\/28061"}],"wp:attachment":[{"href":"https:\/\/nevadawic.org\/es\/wp-json\/wp\/v2\/media?parent=28117"}],"curies":[{"name":"wp","href":"https:\/\/api.w.org\/{rel}","templated":true}]}}