{"id":28155,"date":"2021-04-27T09:59:55","date_gmt":"2021-04-27T16:59:55","guid":{"rendered":"https:\/\/nevadawic.org\/programa-de-nutricion-del-mercado-de-agricultores-de-nevada-2\/"},"modified":"2021-04-27T09:59:55","modified_gmt":"2021-04-27T16:59:55","slug":"programa-de-nutricion-del-mercado-de-agricultores-de-nevada-2","status":"publish","type":"page","link":"https:\/\/nevadawic.org\/es\/programa-de-nutricion-del-mercado-de-agricultores-de-nevada-2\/","title":{"rendered":"Programa de Nutrici\u00f3n del Mercado de Agricultores de Nevada"},"content":{"rendered":"<h3 class=\"FFpbKc\">Vea un breve video para obtener informaci\u00f3n \u00fatil sobre el Programa de Nutrici\u00f3n del Mercado de Agricultores de Nevada WIC (FMNP).<\/h3>\n<h3>Despu\u00e9s de verlo, env\u00ede su solicitud para recibir sus cupones FMNP.<\/h3>\n<p><iframe title=\"2022 FMNP Info  SPAN\" width=\"500\" height=\"281\" src=\"https:\/\/www.youtube.com\/embed\/PPTuiZpMTI8?feature=oembed\" frameborder=\"0\" allow=\"accelerometer; autoplay; clipboard-write; encrypted-media; gyroscope; picture-in-picture; web-share\" referrerpolicy=\"strict-origin-when-cross-origin\" allowfullscreen><\/iframe><\/p>\n<h3><strong><a href=\"https:\/\/nevadawic.org\/es\/formulario-de-solicitud-de-cupon\/\" target=\"_blank\" rel=\"noopener\">SOLICITAR CUPONES \u21d2<\/a><\/strong><\/h3>\n","protected":false},"excerpt":{"rendered":"<p>Vea un breve video para obtener informaci\u00f3n \u00fatil sobre el Programa de Nutrici\u00f3n del Mercado de Agricultores de&hellip;<\/p>\n","protected":false},"author":7,"featured_media":24595,"parent":0,"menu_order":0,"comment_status":"closed","ping_status":"closed","template":"","meta":{"_acf_changed":false,"protect_children":false,"footnotes":""},"class_list":["post-28155","page","type-page","status-publish","has-post-thumbnail","hentry"],"acf":[],"yoast_head":"<!-- This site is optimized with the Yoast SEO plugin v27.2 - https:\/\/yoast.com\/product\/yoast-seo-wordpress\/ -->\n<title>Programa de Nutrici\u00f3n del Mercado de Agricultores de Nevada - Nevada WIC<\/title>\n<meta name=\"description\" content=\"Vea un breve video para obtener informaci\u00f3n \u00fatil sobre el Programa de Nutrici\u00f3n del Mercado de Agricultores de Nevada WIC (FMNP). Despu\u00e9s de verlo, env\u00ede\" \/>\n<meta name=\"robots\" content=\"index, follow, max-snippet:-1, max-image-preview:large, max-video-preview:-1\" \/>\n<link rel=\"canonical\" href=\"https:\/\/nevadawic.org\/es\/programa-de-nutricion-del-mercado-de-agricultores-de-nevada-2\/\" \/>\n<meta property=\"og:locale\" content=\"es_ES\" \/>\n<meta property=\"og:type\" content=\"article\" \/>\n<meta property=\"og:title\" content=\"Programa de Nutrici\u00f3n del Mercado de Agricultores de Nevada - Nevada WIC\" \/>\n<meta property=\"og:description\" content=\"Vea un breve video para obtener informaci\u00f3n \u00fatil sobre el Programa de Nutrici\u00f3n del Mercado de Agricultores de Nevada WIC (FMNP). Despu\u00e9s de verlo, env\u00ede\" \/>\n<meta property=\"og:url\" content=\"https:\/\/nevadawic.org\/es\/programa-de-nutricion-del-mercado-de-agricultores-de-nevada-2\/\" \/>\n<meta property=\"og:site_name\" content=\"Nevada WIC\" \/>\n<meta property=\"og:image\" content=\"https:\/\/nevadawic.org\/wp-content\/uploads\/2020\/07\/nwic-og-image.jpg\" \/>\n\t<meta property=\"og:image:width\" content=\"1200\" \/>\n\t<meta property=\"og:image:height\" content=\"630\" \/>\n\t<meta property=\"og:image:type\" content=\"image\/jpeg\" \/>\n<meta name=\"twitter:card\" content=\"summary_large_image\" \/>\n<script type=\"application\/ld+json\" class=\"yoast-schema-graph\">{\"@context\":\"https:\/\/schema.org\",\"@graph\":[{\"@type\":\"WebPage\",\"@id\":\"https:\/\/nevadawic.org\/es\/programa-de-nutricion-del-mercado-de-agricultores-de-nevada-2\/\",\"url\":\"https:\/\/nevadawic.org\/es\/programa-de-nutricion-del-mercado-de-agricultores-de-nevada-2\/\",\"name\":\"Programa de Nutrici\u00f3n del Mercado de Agricultores de Nevada - Nevada WIC\",\"isPartOf\":{\"@id\":\"https:\/\/nevadawic.org\/es\/#website\"},\"primaryImageOfPage\":{\"@id\":\"https:\/\/nevadawic.org\/es\/programa-de-nutricion-del-mercado-de-agricultores-de-nevada-2\/#primaryimage\"},\"image\":{\"@id\":\"https:\/\/nevadawic.org\/es\/programa-de-nutricion-del-mercado-de-agricultores-de-nevada-2\/#primaryimage\"},\"thumbnailUrl\":\"https:\/\/nevadawic.org\/wp-content\/uploads\/2020\/05\/Farmers-Market-1-e1588876829736.jpg\",\"datePublished\":\"2021-04-27T16:59:55+00:00\",\"description\":\"Vea un breve video para obtener informaci\u00f3n \u00fatil sobre el Programa de Nutrici\u00f3n del Mercado de Agricultores de Nevada WIC (FMNP). Despu\u00e9s de verlo, env\u00ede\",\"breadcrumb\":{\"@id\":\"https:\/\/nevadawic.org\/es\/programa-de-nutricion-del-mercado-de-agricultores-de-nevada-2\/#breadcrumb\"},\"inLanguage\":\"es\",\"potentialAction\":[{\"@type\":\"ReadAction\",\"target\":[\"https:\/\/nevadawic.org\/es\/programa-de-nutricion-del-mercado-de-agricultores-de-nevada-2\/\"]}]},{\"@type\":\"ImageObject\",\"inLanguage\":\"es\",\"@id\":\"https:\/\/nevadawic.org\/es\/programa-de-nutricion-del-mercado-de-agricultores-de-nevada-2\/#primaryimage\",\"url\":\"https:\/\/nevadawic.org\/wp-content\/uploads\/2020\/05\/Farmers-Market-1-e1588876829736.jpg\",\"contentUrl\":\"https:\/\/nevadawic.org\/wp-content\/uploads\/2020\/05\/Farmers-Market-1-e1588876829736.jpg\",\"width\":1875,\"height\":679},{\"@type\":\"BreadcrumbList\",\"@id\":\"https:\/\/nevadawic.org\/es\/programa-de-nutricion-del-mercado-de-agricultores-de-nevada-2\/#breadcrumb\",\"itemListElement\":[{\"@type\":\"ListItem\",\"position\":1,\"name\":\"Inicio\",\"item\":\"https:\/\/nevadawic.org\/es\/\"},{\"@type\":\"ListItem\",\"position\":2,\"name\":\"Programa de Nutrici\u00f3n del Mercado de Agricultores de Nevada\"}]},{\"@type\":\"WebSite\",\"@id\":\"https:\/\/nevadawic.org\/es\/#website\",\"url\":\"https:\/\/nevadawic.org\/es\/\",\"name\":\"Nevada WIC\",\"description\":\"\",\"publisher\":{\"@id\":\"https:\/\/nevadawic.org\/es\/#organization\"},\"potentialAction\":[{\"@type\":\"SearchAction\",\"target\":{\"@type\":\"EntryPoint\",\"urlTemplate\":\"https:\/\/nevadawic.org\/es\/?s={search_term_string}\"},\"query-input\":{\"@type\":\"PropertyValueSpecification\",\"valueRequired\":true,\"valueName\":\"search_term_string\"}}],\"inLanguage\":\"es\"},{\"@type\":\"Organization\",\"@id\":\"https:\/\/nevadawic.org\/es\/#organization\",\"name\":\"WIC de Nevada:\",\"url\":\"https:\/\/nevadawic.org\/es\/\",\"logo\":{\"@type\":\"ImageObject\",\"inLanguage\":\"es\",\"@id\":\"https:\/\/nevadawic.org\/es\/#\/schema\/logo\/image\/\",\"url\":\"https:\/\/nevadawic.org\/wp-content\/uploads\/2020\/07\/NV-Logo_Purple.jpg\",\"contentUrl\":\"https:\/\/nevadawic.org\/wp-content\/uploads\/2020\/07\/NV-Logo_Purple.jpg\",\"width\":970,\"height\":507,\"caption\":\"WIC de Nevada:\"},\"image\":{\"@id\":\"https:\/\/nevadawic.org\/es\/#\/schema\/logo\/image\/\"}}]}<\/script>\n<!-- \/ Yoast SEO plugin. -->","yoast_head_json":{"title":"Programa de Nutrici\u00f3n del Mercado de Agricultores de Nevada - Nevada WIC","description":"Vea un breve video para obtener informaci\u00f3n \u00fatil sobre el Programa de Nutrici\u00f3n del Mercado de Agricultores de Nevada WIC (FMNP). Despu\u00e9s de verlo, env\u00ede","robots":{"index":"index","follow":"follow","max-snippet":"max-snippet:-1","max-image-preview":"max-image-preview:large","max-video-preview":"max-video-preview:-1"},"canonical":"https:\/\/nevadawic.org\/es\/programa-de-nutricion-del-mercado-de-agricultores-de-nevada-2\/","og_locale":"es_ES","og_type":"article","og_title":"Programa de Nutrici\u00f3n del Mercado de Agricultores de Nevada - Nevada WIC","og_description":"Vea un breve video para obtener informaci\u00f3n \u00fatil sobre el Programa de Nutrici\u00f3n del Mercado de Agricultores de Nevada WIC (FMNP). Despu\u00e9s de verlo, env\u00ede","og_url":"https:\/\/nevadawic.org\/es\/programa-de-nutricion-del-mercado-de-agricultores-de-nevada-2\/","og_site_name":"Nevada WIC","og_image":[{"width":1200,"height":630,"url":"https:\/\/nevadawic.org\/wp-content\/uploads\/2020\/07\/nwic-og-image.jpg","type":"image\/jpeg"}],"twitter_card":"summary_large_image","schema":{"@context":"https:\/\/schema.org","@graph":[{"@type":"WebPage","@id":"https:\/\/nevadawic.org\/es\/programa-de-nutricion-del-mercado-de-agricultores-de-nevada-2\/","url":"https:\/\/nevadawic.org\/es\/programa-de-nutricion-del-mercado-de-agricultores-de-nevada-2\/","name":"Programa de Nutrici\u00f3n del Mercado de Agricultores de Nevada - Nevada WIC","isPartOf":{"@id":"https:\/\/nevadawic.org\/es\/#website"},"primaryImageOfPage":{"@id":"https:\/\/nevadawic.org\/es\/programa-de-nutricion-del-mercado-de-agricultores-de-nevada-2\/#primaryimage"},"image":{"@id":"https:\/\/nevadawic.org\/es\/programa-de-nutricion-del-mercado-de-agricultores-de-nevada-2\/#primaryimage"},"thumbnailUrl":"https:\/\/nevadawic.org\/wp-content\/uploads\/2020\/05\/Farmers-Market-1-e1588876829736.jpg","datePublished":"2021-04-27T16:59:55+00:00","description":"Vea un breve video para obtener informaci\u00f3n \u00fatil sobre el Programa de Nutrici\u00f3n del Mercado de Agricultores de Nevada WIC (FMNP). Despu\u00e9s de verlo, env\u00ede","breadcrumb":{"@id":"https:\/\/nevadawic.org\/es\/programa-de-nutricion-del-mercado-de-agricultores-de-nevada-2\/#breadcrumb"},"inLanguage":"es","potentialAction":[{"@type":"ReadAction","target":["https:\/\/nevadawic.org\/es\/programa-de-nutricion-del-mercado-de-agricultores-de-nevada-2\/"]}]},{"@type":"ImageObject","inLanguage":"es","@id":"https:\/\/nevadawic.org\/es\/programa-de-nutricion-del-mercado-de-agricultores-de-nevada-2\/#primaryimage","url":"https:\/\/nevadawic.org\/wp-content\/uploads\/2020\/05\/Farmers-Market-1-e1588876829736.jpg","contentUrl":"https:\/\/nevadawic.org\/wp-content\/uploads\/2020\/05\/Farmers-Market-1-e1588876829736.jpg","width":1875,"height":679},{"@type":"BreadcrumbList","@id":"https:\/\/nevadawic.org\/es\/programa-de-nutricion-del-mercado-de-agricultores-de-nevada-2\/#breadcrumb","itemListElement":[{"@type":"ListItem","position":1,"name":"Inicio","item":"https:\/\/nevadawic.org\/es\/"},{"@type":"ListItem","position":2,"name":"Programa de Nutrici\u00f3n del Mercado de Agricultores de Nevada"}]},{"@type":"WebSite","@id":"https:\/\/nevadawic.org\/es\/#website","url":"https:\/\/nevadawic.org\/es\/","name":"Nevada WIC","description":"","publisher":{"@id":"https:\/\/nevadawic.org\/es\/#organization"},"potentialAction":[{"@type":"SearchAction","target":{"@type":"EntryPoint","urlTemplate":"https:\/\/nevadawic.org\/es\/?s={search_term_string}"},"query-input":{"@type":"PropertyValueSpecification","valueRequired":true,"valueName":"search_term_string"}}],"inLanguage":"es"},{"@type":"Organization","@id":"https:\/\/nevadawic.org\/es\/#organization","name":"WIC de Nevada:","url":"https:\/\/nevadawic.org\/es\/","logo":{"@type":"ImageObject","inLanguage":"es","@id":"https:\/\/nevadawic.org\/es\/#\/schema\/logo\/image\/","url":"https:\/\/nevadawic.org\/wp-content\/uploads\/2020\/07\/NV-Logo_Purple.jpg","contentUrl":"https:\/\/nevadawic.org\/wp-content\/uploads\/2020\/07\/NV-Logo_Purple.jpg","width":970,"height":507,"caption":"WIC de Nevada:"},"image":{"@id":"https:\/\/nevadawic.org\/es\/#\/schema\/logo\/image\/"}}]}},"_links":{"self":[{"href":"https:\/\/nevadawic.org\/es\/wp-json\/wp\/v2\/pages\/28155","targetHints":{"allow":["GET"]}}],"collection":[{"href":"https:\/\/nevadawic.org\/es\/wp-json\/wp\/v2\/pages"}],"about":[{"href":"https:\/\/nevadawic.org\/es\/wp-json\/wp\/v2\/types\/page"}],"author":[{"embeddable":true,"href":"https:\/\/nevadawic.org\/es\/wp-json\/wp\/v2\/users\/7"}],"replies":[{"embeddable":true,"href":"https:\/\/nevadawic.org\/es\/wp-json\/wp\/v2\/comments?post=28155"}],"version-history":[{"count":0,"href":"https:\/\/nevadawic.org\/es\/wp-json\/wp\/v2\/pages\/28155\/revisions"}],"wp:featuredmedia":[{"embeddable":true,"href":"https:\/\/nevadawic.org\/es\/wp-json\/wp\/v2\/media\/24595"}],"wp:attachment":[{"href":"https:\/\/nevadawic.org\/es\/wp-json\/wp\/v2\/media?parent=28155"}],"curies":[{"name":"wp","href":"https:\/\/api.w.org\/{rel}","templated":true}]}}