{"id":28158,"date":"2022-01-24T08:58:25","date_gmt":"2022-01-24T16:58:25","guid":{"rendered":"https:\/\/nevadawic.org\/personal\/memorandum\/"},"modified":"2023-11-22T19:36:15","modified_gmt":"2023-11-23T03:36:15","slug":"memorandum","status":"publish","type":"page","link":"https:\/\/nevadawic.org\/es\/personal\/memorandum\/","title":{"rendered":"Memor\u00e1ndum"},"content":{"rendered":"\t\t<div data-elementor-type=\"wp-page\" data-elementor-id=\"28158\" class=\"elementor elementor-28158 elementor-20743\" data-elementor-post-type=\"page\">\n\t\t\t\t\t\t<section class=\"elementor-section elementor-top-section elementor-element elementor-element-50b2758 elementor-section-boxed elementor-section-height-default elementor-section-height-default\" data-id=\"50b2758\" data-element_type=\"section\" data-e-type=\"section\">\n\t\t\t\t\t\t<div class=\"elementor-container elementor-column-gap-default\">\n\t\t\t\t\t<div class=\"elementor-column elementor-col-100 elementor-top-column elementor-element elementor-element-14e2530\" data-id=\"14e2530\" data-element_type=\"column\" data-e-type=\"column\">\n\t\t\t<div class=\"elementor-widget-wrap elementor-element-populated\">\n\t\t\t\t\t\t<div class=\"elementor-element elementor-element-f34ed4e elementor-widget elementor-widget-kps3-simple\" data-id=\"f34ed4e\" data-element_type=\"widget\" data-e-type=\"widget\" data-widget_type=\"kps3-simple.default\">\n\t\t\t\t<div class=\"elementor-widget-container\">\n\t\t\t\t\t    <header\n            class=\"header header--small\"\n      style=\"background-image: url('https:\/\/nevadawic.org\/wp-content\/uploads\/2020\/05\/PP-Manuals.v3-1200x450.png');\"\n    >\n                  <div\n        class=\"header__overlay\"\n        style=\"background-image: linear-gradient(\n          130deg,\n          rgba(255, 255, 255, 1) 40%,\n          rgba(255, 255, 255, .1) 60%\n        );\"\n      ><\/div>\n            <div class=\"header__container container container--large\">\n        <h1 class=\"header__heading\">\n          Memor\u00e1ndum de pol\u00edticas y procedimientos        <\/h1>\n      <\/div>\n    <\/header>\n    \t\t\t\t<\/div>\n\t\t\t\t<\/div>\n\t\t\t\t<div class=\"elementor-element elementor-element-eab1115 elementor-widget elementor-widget-kps3-accordion\" data-id=\"eab1115\" data-element_type=\"widget\" data-e-type=\"widget\" data-widget_type=\"kps3-accordion.default\">\n\t\t\t\t<div class=\"elementor-widget-container\">\n\t\t\t\t\t      <div  class=\"accordion\">\n        <div class=\"accordion__container container container--small\">\n                                  <div class=\"js-accordion accordion__item\" data-accordion-prefix-classes=\"accordion\">\n              <h4 class=\"js-accordion__header accordion__title\">\n                Memor\u00e1ndum de 2022              <\/h4>\n              <div class=\"js-accordion__panel accordion__panel type\">\n                <p><a href=\"https:\/\/nevadawic.org\/wp-content\/uploads\/2022\/10\/Receipt-of-Memorandum-Log.pdf\" target=\"_blank\" rel=\"noopener\">Recepci\u00f3n del registro del memor\u00e1ndum<\/a><\/p>\n<p><a href=\"https:\/\/nevadawic.org\/wp-content\/uploads\/2022\/01\/EBT-Card-Signature-Memorandum-22-01_Appendices.pdf\" target=\"_blank\" rel=\"noopener\">n.\u00ba\u00a022-01 Memor\u00e1ndum de firma de la tarjeta EBT<\/a><\/p>\n<p><a href=\"https:\/\/nevadawic.org\/wp-content\/uploads\/2022\/04\/Documentation-Required-for-Upload-to-NV-WISH-Memo-22-02-Version-2.pdf\" target=\"_blank\" rel=\"noopener\">n.\u00ba\u00a022-02 Documentaci\u00f3n necesaria para subir a NV WISH<\/a><\/p>\n<p><a href=\"https:\/\/nevadawic.org\/wp-content\/uploads\/2022\/10\/Receipt-of-Memorandum-Log.pdf\" target=\"_blank\" rel=\"noopener\">n.\u00ba\u00a022-03 Devoluci\u00f3n de f\u00f3rmulas de env\u00edo directo en NV WISH<\/a><\/p>\n              <\/div>\n            <\/div>\n                                  <div class=\"js-accordion accordion__item\" data-accordion-prefix-classes=\"accordion\">\n              <h4 class=\"js-accordion__header accordion__title\">\n                2023 Memos              <\/h4>\n              <div class=\"js-accordion__panel accordion__panel type\">\n                <p><a href=\"https:\/\/nevadawic.org\/wp-content\/uploads\/2023\/10\/Receipt-of-Memorandum-.pdf\">Receipt of Memo Log<\/a><\/p>\n<p><a href=\"https:\/\/nevadawic.org\/wp-content\/uploads\/2023\/10\/Memo-23-01-Packing-Slips.pdf\">Memo #23-01 Packing Slips<\/a><\/p>\n<p><a href=\"https:\/\/nevadawic.org\/wp-content\/uploads\/2023\/10\/Formula-Packing-Slip-Guidance-Mead-Johnson.pdf\">Formula Packing Slip Guidance<\/a><\/p>\n<p><a href=\"https:\/\/nevadawic.org\/wp-content\/uploads\/2023\/10\/Alternate-Special-Formula-Order-Packing-Slip.pdf\">Alternate Special Formula Packing Slip<\/a><\/p>\n<p><a href=\"https:\/\/nevadawic.org\/wp-content\/uploads\/2023\/10\/BF-Supply-Packing-Slip-Guidance.pdf\">BF Supply Packing Slip Guidance<\/a><\/p>\n<p>\u00a0<\/p>\n              <\/div>\n            <\/div>\n                  <\/div>\n      <\/div>\n      \t\t\t\t<\/div>\n\t\t\t\t<\/div>\n\t\t\t\t\t<\/div>\n\t\t<\/div>\n\t\t\t\t\t<\/div>\n\t\t<\/section>\n\t\t\t\t<section class=\"elementor-section elementor-top-section elementor-element elementor-element-9d9cab0 elementor-section-boxed elementor-section-height-default elementor-section-height-default\" data-id=\"9d9cab0\" data-element_type=\"section\" data-e-type=\"section\">\n\t\t\t\t\t\t<div class=\"elementor-container elementor-column-gap-default\">\n\t\t\t\t\t<div class=\"elementor-column elementor-col-100 elementor-top-column elementor-element elementor-element-35bb7ff\" data-id=\"35bb7ff\" data-element_type=\"column\" data-e-type=\"column\">\n\t\t\t<div class=\"elementor-widget-wrap elementor-element-populated\">\n\t\t\t\t\t\t<div class=\"elementor-element elementor-element-d7c332f elementor-widget elementor-widget-kps3-spacer\" data-id=\"d7c332f\" data-element_type=\"widget\" data-e-type=\"widget\" data-widget_type=\"kps3-spacer.default\">\n\t\t\t\t<div class=\"elementor-widget-container\">\n\t\t\t\t\t    <div\n      class=\"spacer spacer--small\"\n    ><\/div>\n    \t\t\t\t<\/div>\n\t\t\t\t<\/div>\n\t\t\t\t\t<\/div>\n\t\t<\/div>\n\t\t\t\t\t<\/div>\n\t\t<\/section>\n\t\t\t\t<\/div>\n\t\t","protected":false},"excerpt":{"rendered":"<p>Memor\u00e1ndum de pol\u00edticas y procedimientos Memor\u00e1ndum de 2022 Recepci\u00f3n del registro del memor\u00e1ndum n.\u00ba\u00a022-01 Memor\u00e1ndum de firma de&hellip;<\/p>\n","protected":false},"author":7,"featured_media":0,"parent":28038,"menu_order":0,"comment_status":"closed","ping_status":"closed","template":"","meta":{"_acf_changed":false,"protect_children":false,"footnotes":""},"class_list":["post-28158","page","type-page","status-publish","hentry"],"acf":[],"yoast_head":"<!-- This site is optimized with the Yoast SEO plugin v27.2 - https:\/\/yoast.com\/product\/yoast-seo-wordpress\/ -->\n<title>Memor\u00e1ndum - Nevada WIC<\/title>\n<meta name=\"description\" content=\"Memor\u00e1ndum de pol\u00edticas y procedimientos Memor\u00e1ndum de 2022 Recepci\u00f3n del registro del memor\u00e1ndum n.\u00ba\u00a022-01 Memor\u00e1ndum de firma de la tarjeta EBT\" \/>\n<meta name=\"robots\" content=\"index, follow, max-snippet:-1, max-image-preview:large, max-video-preview:-1\" \/>\n<link rel=\"canonical\" href=\"https:\/\/nevadawic.org\/es\/personal\/memorandum\/\" \/>\n<meta property=\"og:locale\" content=\"es_ES\" \/>\n<meta property=\"og:type\" content=\"article\" \/>\n<meta property=\"og:title\" content=\"Memor\u00e1ndum - Nevada WIC\" \/>\n<meta property=\"og:description\" content=\"Memor\u00e1ndum de pol\u00edticas y procedimientos Memor\u00e1ndum de 2022 Recepci\u00f3n del registro del memor\u00e1ndum n.\u00ba\u00a022-01 Memor\u00e1ndum de firma de la tarjeta EBT\" \/>\n<meta property=\"og:url\" content=\"https:\/\/nevadawic.org\/es\/personal\/memorandum\/\" \/>\n<meta property=\"og:site_name\" content=\"Nevada WIC\" \/>\n<meta property=\"article:modified_time\" content=\"2023-11-23T03:36:15+00:00\" \/>\n<meta property=\"og:image\" content=\"https:\/\/nevadawic.org\/wp-content\/uploads\/2020\/07\/nwic-og-image.jpg\" \/>\n\t<meta property=\"og:image:width\" content=\"1200\" \/>\n\t<meta property=\"og:image:height\" content=\"630\" \/>\n\t<meta property=\"og:image:type\" content=\"image\/jpeg\" \/>\n<meta name=\"twitter:card\" content=\"summary_large_image\" \/>\n<script type=\"application\/ld+json\" class=\"yoast-schema-graph\">{\"@context\":\"https:\/\/schema.org\",\"@graph\":[{\"@type\":\"WebPage\",\"@id\":\"https:\/\/nevadawic.org\/es\/personal\/memorandum\/\",\"url\":\"https:\/\/nevadawic.org\/es\/personal\/memorandum\/\",\"name\":\"Memor\u00e1ndum - Nevada WIC\",\"isPartOf\":{\"@id\":\"https:\/\/nevadawic.org\/es\/#website\"},\"datePublished\":\"2022-01-24T16:58:25+00:00\",\"dateModified\":\"2023-11-23T03:36:15+00:00\",\"description\":\"Memor\u00e1ndum de pol\u00edticas y procedimientos Memor\u00e1ndum de 2022 Recepci\u00f3n del registro del memor\u00e1ndum n.\u00ba\u00a022-01 Memor\u00e1ndum de firma de la tarjeta EBT\",\"breadcrumb\":{\"@id\":\"https:\/\/nevadawic.org\/es\/personal\/memorandum\/#breadcrumb\"},\"inLanguage\":\"es\",\"potentialAction\":[{\"@type\":\"ReadAction\",\"target\":[\"https:\/\/nevadawic.org\/es\/personal\/memorandum\/\"]}]},{\"@type\":\"BreadcrumbList\",\"@id\":\"https:\/\/nevadawic.org\/es\/personal\/memorandum\/#breadcrumb\",\"itemListElement\":[{\"@type\":\"ListItem\",\"position\":1,\"name\":\"Inicio\",\"item\":\"https:\/\/nevadawic.org\/es\/\"},{\"@type\":\"ListItem\",\"position\":2,\"name\":\"Personal\",\"item\":\"https:\/\/nevadawic.org\/es\/personal\/\"},{\"@type\":\"ListItem\",\"position\":3,\"name\":\"Memor\u00e1ndum\"}]},{\"@type\":\"WebSite\",\"@id\":\"https:\/\/nevadawic.org\/es\/#website\",\"url\":\"https:\/\/nevadawic.org\/es\/\",\"name\":\"Nevada WIC\",\"description\":\"\",\"publisher\":{\"@id\":\"https:\/\/nevadawic.org\/es\/#organization\"},\"potentialAction\":[{\"@type\":\"SearchAction\",\"target\":{\"@type\":\"EntryPoint\",\"urlTemplate\":\"https:\/\/nevadawic.org\/es\/?s={search_term_string}\"},\"query-input\":{\"@type\":\"PropertyValueSpecification\",\"valueRequired\":true,\"valueName\":\"search_term_string\"}}],\"inLanguage\":\"es\"},{\"@type\":\"Organization\",\"@id\":\"https:\/\/nevadawic.org\/es\/#organization\",\"name\":\"WIC de Nevada:\",\"url\":\"https:\/\/nevadawic.org\/es\/\",\"logo\":{\"@type\":\"ImageObject\",\"inLanguage\":\"es\",\"@id\":\"https:\/\/nevadawic.org\/es\/#\/schema\/logo\/image\/\",\"url\":\"https:\/\/nevadawic.org\/wp-content\/uploads\/2020\/07\/NV-Logo_Purple.jpg\",\"contentUrl\":\"https:\/\/nevadawic.org\/wp-content\/uploads\/2020\/07\/NV-Logo_Purple.jpg\",\"width\":970,\"height\":507,\"caption\":\"WIC de Nevada:\"},\"image\":{\"@id\":\"https:\/\/nevadawic.org\/es\/#\/schema\/logo\/image\/\"}}]}<\/script>\n<!-- \/ Yoast SEO plugin. -->","yoast_head_json":{"title":"Memor\u00e1ndum - Nevada WIC","description":"Memor\u00e1ndum de pol\u00edticas y procedimientos Memor\u00e1ndum de 2022 Recepci\u00f3n del registro del memor\u00e1ndum n.\u00ba\u00a022-01 Memor\u00e1ndum de firma de la tarjeta EBT","robots":{"index":"index","follow":"follow","max-snippet":"max-snippet:-1","max-image-preview":"max-image-preview:large","max-video-preview":"max-video-preview:-1"},"canonical":"https:\/\/nevadawic.org\/es\/personal\/memorandum\/","og_locale":"es_ES","og_type":"article","og_title":"Memor\u00e1ndum - Nevada WIC","og_description":"Memor\u00e1ndum de pol\u00edticas y procedimientos Memor\u00e1ndum de 2022 Recepci\u00f3n del registro del memor\u00e1ndum n.\u00ba\u00a022-01 Memor\u00e1ndum de firma de la tarjeta EBT","og_url":"https:\/\/nevadawic.org\/es\/personal\/memorandum\/","og_site_name":"Nevada WIC","article_modified_time":"2023-11-23T03:36:15+00:00","og_image":[{"width":1200,"height":630,"url":"https:\/\/nevadawic.org\/wp-content\/uploads\/2020\/07\/nwic-og-image.jpg","type":"image\/jpeg"}],"twitter_card":"summary_large_image","schema":{"@context":"https:\/\/schema.org","@graph":[{"@type":"WebPage","@id":"https:\/\/nevadawic.org\/es\/personal\/memorandum\/","url":"https:\/\/nevadawic.org\/es\/personal\/memorandum\/","name":"Memor\u00e1ndum - Nevada WIC","isPartOf":{"@id":"https:\/\/nevadawic.org\/es\/#website"},"datePublished":"2022-01-24T16:58:25+00:00","dateModified":"2023-11-23T03:36:15+00:00","description":"Memor\u00e1ndum de pol\u00edticas y procedimientos Memor\u00e1ndum de 2022 Recepci\u00f3n del registro del memor\u00e1ndum n.\u00ba\u00a022-01 Memor\u00e1ndum de firma de la tarjeta EBT","breadcrumb":{"@id":"https:\/\/nevadawic.org\/es\/personal\/memorandum\/#breadcrumb"},"inLanguage":"es","potentialAction":[{"@type":"ReadAction","target":["https:\/\/nevadawic.org\/es\/personal\/memorandum\/"]}]},{"@type":"BreadcrumbList","@id":"https:\/\/nevadawic.org\/es\/personal\/memorandum\/#breadcrumb","itemListElement":[{"@type":"ListItem","position":1,"name":"Inicio","item":"https:\/\/nevadawic.org\/es\/"},{"@type":"ListItem","position":2,"name":"Personal","item":"https:\/\/nevadawic.org\/es\/personal\/"},{"@type":"ListItem","position":3,"name":"Memor\u00e1ndum"}]},{"@type":"WebSite","@id":"https:\/\/nevadawic.org\/es\/#website","url":"https:\/\/nevadawic.org\/es\/","name":"Nevada WIC","description":"","publisher":{"@id":"https:\/\/nevadawic.org\/es\/#organization"},"potentialAction":[{"@type":"SearchAction","target":{"@type":"EntryPoint","urlTemplate":"https:\/\/nevadawic.org\/es\/?s={search_term_string}"},"query-input":{"@type":"PropertyValueSpecification","valueRequired":true,"valueName":"search_term_string"}}],"inLanguage":"es"},{"@type":"Organization","@id":"https:\/\/nevadawic.org\/es\/#organization","name":"WIC de Nevada:","url":"https:\/\/nevadawic.org\/es\/","logo":{"@type":"ImageObject","inLanguage":"es","@id":"https:\/\/nevadawic.org\/es\/#\/schema\/logo\/image\/","url":"https:\/\/nevadawic.org\/wp-content\/uploads\/2020\/07\/NV-Logo_Purple.jpg","contentUrl":"https:\/\/nevadawic.org\/wp-content\/uploads\/2020\/07\/NV-Logo_Purple.jpg","width":970,"height":507,"caption":"WIC de Nevada:"},"image":{"@id":"https:\/\/nevadawic.org\/es\/#\/schema\/logo\/image\/"}}]}},"_links":{"self":[{"href":"https:\/\/nevadawic.org\/es\/wp-json\/wp\/v2\/pages\/28158","targetHints":{"allow":["GET"]}}],"collection":[{"href":"https:\/\/nevadawic.org\/es\/wp-json\/wp\/v2\/pages"}],"about":[{"href":"https:\/\/nevadawic.org\/es\/wp-json\/wp\/v2\/types\/page"}],"author":[{"embeddable":true,"href":"https:\/\/nevadawic.org\/es\/wp-json\/wp\/v2\/users\/7"}],"replies":[{"embeddable":true,"href":"https:\/\/nevadawic.org\/es\/wp-json\/wp\/v2\/comments?post=28158"}],"version-history":[{"count":4,"href":"https:\/\/nevadawic.org\/es\/wp-json\/wp\/v2\/pages\/28158\/revisions"}],"predecessor-version":[{"id":32519,"href":"https:\/\/nevadawic.org\/es\/wp-json\/wp\/v2\/pages\/28158\/revisions\/32519"}],"up":[{"embeddable":true,"href":"https:\/\/nevadawic.org\/es\/wp-json\/wp\/v2\/pages\/28038"}],"wp:attachment":[{"href":"https:\/\/nevadawic.org\/es\/wp-json\/wp\/v2\/media?parent=28158"}],"curies":[{"name":"wp","href":"https:\/\/api.w.org\/{rel}","templated":true}]}}