{"id":28164,"date":"2022-04-28T08:50:10","date_gmt":"2022-04-28T15:50:10","guid":{"rendered":"https:\/\/nevadawic.org\/contacto\/presentacion-de-comentarios-y-denuncias\/demanda-por-discriminacion-en-materia-de-derechos-civiles-del-usda\/"},"modified":"2024-03-27T11:06:31","modified_gmt":"2024-03-27T18:06:31","slug":"demanda-por-discriminacion-de-derechos-civiles-del-usda","status":"publish","type":"page","link":"https:\/\/nevadawic.org\/es\/contacto\/presentacion-de-comentarios-y-quejas\/demanda-por-discriminacion-de-derechos-civiles-del-usda\/","title":{"rendered":"Demanda por Discriminaci\u00f3n de Derechos Civiles del USDA"},"content":{"rendered":"<p>De acuerdo con la ley federal de derechos civiles y las normas y pol\u00edticas de derechos civiles del Departamento de Agricultura de los Estados Unidos (USDA), esta entidad est\u00e1 prohibida de discriminar por motivos de raza, color, origen nacional, sexo (incluyendo identidad de g\u00e9nero y orientaci\u00f3n sexual), discapacidad, edad, o represalia o retorsi\u00f3n por actividades previas de derechos civiles.<\/p>\n<p>La informaci\u00f3n sobre el programa puede estar disponible en otros idiomas que no sean el ingl\u00e9s. Las personas con discapacidades que requieren medios alternos de comunicaci\u00f3n para obtener la informaci\u00f3n del programa (por ejemplo, Braille, letra grande, cinta de audio, lenguaje de se\u00f1as americano (ASL), etc.) deben comunicarse con la agencia local o estatal responsable de administrar el programa o con el Centro TARGET del USDA al (202) 720-2600 (voz y TTY) o comun\u00edquese con el USDA a trav\u00e9s del Servicio Federal de Retransmisi\u00f3n al (800) 877-8339.<\/p>\n<p>Para presentar una queja por discriminaci\u00f3n en el programa, el reclamante debe llenar un formulario AD-3027, formulario de queja por discriminaci\u00f3n en el programa del USDA, el cual puede obtenerse en l\u00ednea en: <a class=\"ext-icon-after\" href=\"https:\/\/www.usda.gov\/sites\/default\/files\/documents\/ad-3027s.pdf\" target=\"_blank\" rel=\"noopener\" data-once=\"extmodal\">https:\/\/www.usda.gov\/sites\/default\/files\/documents\/ad-3027s.pdf<\/a>, de cualquier oficina de USDA, llamando al (866) 632-9992, o escribiendo una carta dirigida a USDA. La carta debe contener el nombre del demandante, la direcci\u00f3n, el n\u00famero de tel\u00e9fono y una descripci\u00f3n escrita de la acci\u00f3n discriminatoria alegada con suficiente detalle para informar al Subsecretario de Derechos Civiles (ASCR) sobre la naturaleza y fecha de una presunta violaci\u00f3n de derechos civiles. El formulario AD-3027 completado o la carta debe presentarse a USDA por:<\/p>\n<p><strong>(1) correo:<\/strong><br \/>\nU.S. Department of Agriculture<br \/>\nOffice of the Assistant Secretary for Civil Rights<br \/>\n1400 Independence Avenue, SW<br \/>\nWashington, D.C. 20250-9410; or<br \/>\n<strong>(2) fax:<\/strong><br \/>\n(833) 256-1665 o (202) 690-7442; o<br \/>\n<strong>(3) correo electr\u00f3nico:<\/strong><br \/>\n<a href=\"mailto:program.intake@usda.gov\" data-once=\"extmodal\">program.intake@usda.gov<\/a><\/p>\n<p>Esta instituci\u00f3n es un proveedor que brinda igualdad de oportunidades.<\/p>\n<p><em>Haga clic aqu\u00ed.\u00a0 <a href=\"https:\/\/nevadawic.org\/wp-content\/uploads\/2022\/07\/2022-USDA-Nondiscrimination-Statement-Eng.pdf\" target=\"_blank\" rel=\"noopener\">INGL\u00c9S<\/a> \/ <a href=\"https:\/\/nevadawic.org\/wp-content\/uploads\/2022\/07\/2022-USDA-Nondiscrimination-Statement-Spanish.pdf\" target=\"_blank\" rel=\"noopener\">ESPA\u00d1OL<\/a><\/em><\/p>\n","protected":false},"excerpt":{"rendered":"<p>De acuerdo con la ley federal de derechos civiles y las normas y pol\u00edticas de derechos civiles del&hellip;<\/p>\n","protected":false},"author":7,"featured_media":24634,"parent":28059,"menu_order":10,"comment_status":"closed","ping_status":"closed","template":"","meta":{"_acf_changed":false,"protect_children":false,"footnotes":""},"class_list":["post-28164","page","type-page","status-publish","has-post-thumbnail","hentry"],"acf":[],"yoast_head":"<!-- This site is optimized with the Yoast SEO plugin v27.2 - https:\/\/yoast.com\/product\/yoast-seo-wordpress\/ -->\n<title>Demanda por Discriminaci\u00f3n de Derechos Civiles del USDA - Nevada WIC<\/title>\n<meta name=\"description\" content=\"De acuerdo con la ley federal de derechos civiles y las normas y pol\u00edticas de derechos civiles del Departamento de Agricultura de los Estados Unidos\" \/>\n<meta name=\"robots\" content=\"index, follow, max-snippet:-1, max-image-preview:large, max-video-preview:-1\" \/>\n<link rel=\"canonical\" href=\"https:\/\/nevadawic.org\/es\/contacto\/presentacion-de-comentarios-y-quejas\/demanda-por-discriminacion-de-derechos-civiles-del-usda\/\" \/>\n<meta property=\"og:locale\" content=\"es_ES\" \/>\n<meta property=\"og:type\" content=\"article\" \/>\n<meta property=\"og:title\" content=\"Demanda por Discriminaci\u00f3n de Derechos Civiles del USDA - Nevada WIC\" \/>\n<meta property=\"og:description\" content=\"De acuerdo con la ley federal de derechos civiles y las normas y pol\u00edticas de derechos civiles del Departamento de Agricultura de los Estados Unidos\" \/>\n<meta property=\"og:url\" content=\"https:\/\/nevadawic.org\/es\/contacto\/presentacion-de-comentarios-y-quejas\/demanda-por-discriminacion-de-derechos-civiles-del-usda\/\" \/>\n<meta property=\"og:site_name\" content=\"Nevada WIC\" \/>\n<meta property=\"article:modified_time\" content=\"2024-03-27T18:06:31+00:00\" \/>\n<meta property=\"og:image\" content=\"https:\/\/nevadawic.org\/wp-content\/uploads\/2020\/05\/Local_Comm_Prog_IMAGE-1024x333-1.jpg\" \/>\n\t<meta property=\"og:image:width\" content=\"1024\" \/>\n\t<meta property=\"og:image:height\" content=\"333\" \/>\n\t<meta property=\"og:image:type\" content=\"image\/jpeg\" \/>\n<meta name=\"twitter:card\" content=\"summary_large_image\" \/>\n<meta name=\"twitter:label1\" content=\"Tiempo de lectura\" \/>\n\t<meta name=\"twitter:data1\" content=\"2 minutos\" \/>\n<script type=\"application\/ld+json\" class=\"yoast-schema-graph\">{\"@context\":\"https:\/\/schema.org\",\"@graph\":[{\"@type\":\"WebPage\",\"@id\":\"https:\/\/nevadawic.org\/es\/contacto\/presentacion-de-comentarios-y-quejas\/demanda-por-discriminacion-de-derechos-civiles-del-usda\/\",\"url\":\"https:\/\/nevadawic.org\/es\/contacto\/presentacion-de-comentarios-y-quejas\/demanda-por-discriminacion-de-derechos-civiles-del-usda\/\",\"name\":\"Demanda por Discriminaci\u00f3n de Derechos Civiles del USDA - Nevada WIC\",\"isPartOf\":{\"@id\":\"https:\/\/nevadawic.org\/es\/#website\"},\"primaryImageOfPage\":{\"@id\":\"https:\/\/nevadawic.org\/es\/contacto\/presentacion-de-comentarios-y-quejas\/demanda-por-discriminacion-de-derechos-civiles-del-usda\/#primaryimage\"},\"image\":{\"@id\":\"https:\/\/nevadawic.org\/es\/contacto\/presentacion-de-comentarios-y-quejas\/demanda-por-discriminacion-de-derechos-civiles-del-usda\/#primaryimage\"},\"thumbnailUrl\":\"https:\/\/nevadawic.org\/wp-content\/uploads\/2020\/05\/Local_Comm_Prog_IMAGE-1024x333-1.jpg\",\"datePublished\":\"2022-04-28T15:50:10+00:00\",\"dateModified\":\"2024-03-27T18:06:31+00:00\",\"description\":\"De acuerdo con la ley federal de derechos civiles y las normas y pol\u00edticas de derechos civiles del Departamento de Agricultura de los Estados Unidos\",\"breadcrumb\":{\"@id\":\"https:\/\/nevadawic.org\/es\/contacto\/presentacion-de-comentarios-y-quejas\/demanda-por-discriminacion-de-derechos-civiles-del-usda\/#breadcrumb\"},\"inLanguage\":\"es\",\"potentialAction\":[{\"@type\":\"ReadAction\",\"target\":[\"https:\/\/nevadawic.org\/es\/contacto\/presentacion-de-comentarios-y-quejas\/demanda-por-discriminacion-de-derechos-civiles-del-usda\/\"]}]},{\"@type\":\"ImageObject\",\"inLanguage\":\"es\",\"@id\":\"https:\/\/nevadawic.org\/es\/contacto\/presentacion-de-comentarios-y-quejas\/demanda-por-discriminacion-de-derechos-civiles-del-usda\/#primaryimage\",\"url\":\"https:\/\/nevadawic.org\/wp-content\/uploads\/2020\/05\/Local_Comm_Prog_IMAGE-1024x333-1.jpg\",\"contentUrl\":\"https:\/\/nevadawic.org\/wp-content\/uploads\/2020\/05\/Local_Comm_Prog_IMAGE-1024x333-1.jpg\",\"width\":1024,\"height\":333},{\"@type\":\"BreadcrumbList\",\"@id\":\"https:\/\/nevadawic.org\/es\/contacto\/presentacion-de-comentarios-y-quejas\/demanda-por-discriminacion-de-derechos-civiles-del-usda\/#breadcrumb\",\"itemListElement\":[{\"@type\":\"ListItem\",\"position\":1,\"name\":\"Inicio\",\"item\":\"https:\/\/nevadawic.org\/es\/\"},{\"@type\":\"ListItem\",\"position\":2,\"name\":\"Contactos\",\"item\":\"https:\/\/nevadawic.org\/es\/contacto\/\"},{\"@type\":\"ListItem\",\"position\":3,\"name\":\"Presentaci\u00f3n de comentarios y quejas\",\"item\":\"https:\/\/nevadawic.org\/es\/contacto\/presentacion-de-comentarios-y-quejas\/\"},{\"@type\":\"ListItem\",\"position\":4,\"name\":\"Demanda por Discriminaci\u00f3n de Derechos Civiles del USDA\"}]},{\"@type\":\"WebSite\",\"@id\":\"https:\/\/nevadawic.org\/es\/#website\",\"url\":\"https:\/\/nevadawic.org\/es\/\",\"name\":\"Nevada WIC\",\"description\":\"\",\"publisher\":{\"@id\":\"https:\/\/nevadawic.org\/es\/#organization\"},\"potentialAction\":[{\"@type\":\"SearchAction\",\"target\":{\"@type\":\"EntryPoint\",\"urlTemplate\":\"https:\/\/nevadawic.org\/es\/?s={search_term_string}\"},\"query-input\":{\"@type\":\"PropertyValueSpecification\",\"valueRequired\":true,\"valueName\":\"search_term_string\"}}],\"inLanguage\":\"es\"},{\"@type\":\"Organization\",\"@id\":\"https:\/\/nevadawic.org\/es\/#organization\",\"name\":\"WIC de Nevada:\",\"url\":\"https:\/\/nevadawic.org\/es\/\",\"logo\":{\"@type\":\"ImageObject\",\"inLanguage\":\"es\",\"@id\":\"https:\/\/nevadawic.org\/es\/#\/schema\/logo\/image\/\",\"url\":\"https:\/\/nevadawic.org\/wp-content\/uploads\/2020\/07\/NV-Logo_Purple.jpg\",\"contentUrl\":\"https:\/\/nevadawic.org\/wp-content\/uploads\/2020\/07\/NV-Logo_Purple.jpg\",\"width\":970,\"height\":507,\"caption\":\"WIC de Nevada:\"},\"image\":{\"@id\":\"https:\/\/nevadawic.org\/es\/#\/schema\/logo\/image\/\"}}]}<\/script>\n<!-- \/ Yoast SEO plugin. -->","yoast_head_json":{"title":"Demanda por Discriminaci\u00f3n de Derechos Civiles del USDA - Nevada WIC","description":"De acuerdo con la ley federal de derechos civiles y las normas y pol\u00edticas de derechos civiles del Departamento de Agricultura de los Estados Unidos","robots":{"index":"index","follow":"follow","max-snippet":"max-snippet:-1","max-image-preview":"max-image-preview:large","max-video-preview":"max-video-preview:-1"},"canonical":"https:\/\/nevadawic.org\/es\/contacto\/presentacion-de-comentarios-y-quejas\/demanda-por-discriminacion-de-derechos-civiles-del-usda\/","og_locale":"es_ES","og_type":"article","og_title":"Demanda por Discriminaci\u00f3n de Derechos Civiles del USDA - Nevada WIC","og_description":"De acuerdo con la ley federal de derechos civiles y las normas y pol\u00edticas de derechos civiles del Departamento de Agricultura de los Estados Unidos","og_url":"https:\/\/nevadawic.org\/es\/contacto\/presentacion-de-comentarios-y-quejas\/demanda-por-discriminacion-de-derechos-civiles-del-usda\/","og_site_name":"Nevada WIC","article_modified_time":"2024-03-27T18:06:31+00:00","og_image":[{"width":1024,"height":333,"url":"https:\/\/nevadawic.org\/wp-content\/uploads\/2020\/05\/Local_Comm_Prog_IMAGE-1024x333-1.jpg","type":"image\/jpeg"}],"twitter_card":"summary_large_image","twitter_misc":{"Tiempo de lectura":"2 minutos"},"schema":{"@context":"https:\/\/schema.org","@graph":[{"@type":"WebPage","@id":"https:\/\/nevadawic.org\/es\/contacto\/presentacion-de-comentarios-y-quejas\/demanda-por-discriminacion-de-derechos-civiles-del-usda\/","url":"https:\/\/nevadawic.org\/es\/contacto\/presentacion-de-comentarios-y-quejas\/demanda-por-discriminacion-de-derechos-civiles-del-usda\/","name":"Demanda por Discriminaci\u00f3n de Derechos Civiles del USDA - Nevada WIC","isPartOf":{"@id":"https:\/\/nevadawic.org\/es\/#website"},"primaryImageOfPage":{"@id":"https:\/\/nevadawic.org\/es\/contacto\/presentacion-de-comentarios-y-quejas\/demanda-por-discriminacion-de-derechos-civiles-del-usda\/#primaryimage"},"image":{"@id":"https:\/\/nevadawic.org\/es\/contacto\/presentacion-de-comentarios-y-quejas\/demanda-por-discriminacion-de-derechos-civiles-del-usda\/#primaryimage"},"thumbnailUrl":"https:\/\/nevadawic.org\/wp-content\/uploads\/2020\/05\/Local_Comm_Prog_IMAGE-1024x333-1.jpg","datePublished":"2022-04-28T15:50:10+00:00","dateModified":"2024-03-27T18:06:31+00:00","description":"De acuerdo con la ley federal de derechos civiles y las normas y pol\u00edticas de derechos civiles del Departamento de Agricultura de los Estados Unidos","breadcrumb":{"@id":"https:\/\/nevadawic.org\/es\/contacto\/presentacion-de-comentarios-y-quejas\/demanda-por-discriminacion-de-derechos-civiles-del-usda\/#breadcrumb"},"inLanguage":"es","potentialAction":[{"@type":"ReadAction","target":["https:\/\/nevadawic.org\/es\/contacto\/presentacion-de-comentarios-y-quejas\/demanda-por-discriminacion-de-derechos-civiles-del-usda\/"]}]},{"@type":"ImageObject","inLanguage":"es","@id":"https:\/\/nevadawic.org\/es\/contacto\/presentacion-de-comentarios-y-quejas\/demanda-por-discriminacion-de-derechos-civiles-del-usda\/#primaryimage","url":"https:\/\/nevadawic.org\/wp-content\/uploads\/2020\/05\/Local_Comm_Prog_IMAGE-1024x333-1.jpg","contentUrl":"https:\/\/nevadawic.org\/wp-content\/uploads\/2020\/05\/Local_Comm_Prog_IMAGE-1024x333-1.jpg","width":1024,"height":333},{"@type":"BreadcrumbList","@id":"https:\/\/nevadawic.org\/es\/contacto\/presentacion-de-comentarios-y-quejas\/demanda-por-discriminacion-de-derechos-civiles-del-usda\/#breadcrumb","itemListElement":[{"@type":"ListItem","position":1,"name":"Inicio","item":"https:\/\/nevadawic.org\/es\/"},{"@type":"ListItem","position":2,"name":"Contactos","item":"https:\/\/nevadawic.org\/es\/contacto\/"},{"@type":"ListItem","position":3,"name":"Presentaci\u00f3n de comentarios y quejas","item":"https:\/\/nevadawic.org\/es\/contacto\/presentacion-de-comentarios-y-quejas\/"},{"@type":"ListItem","position":4,"name":"Demanda por Discriminaci\u00f3n de Derechos Civiles del USDA"}]},{"@type":"WebSite","@id":"https:\/\/nevadawic.org\/es\/#website","url":"https:\/\/nevadawic.org\/es\/","name":"Nevada WIC","description":"","publisher":{"@id":"https:\/\/nevadawic.org\/es\/#organization"},"potentialAction":[{"@type":"SearchAction","target":{"@type":"EntryPoint","urlTemplate":"https:\/\/nevadawic.org\/es\/?s={search_term_string}"},"query-input":{"@type":"PropertyValueSpecification","valueRequired":true,"valueName":"search_term_string"}}],"inLanguage":"es"},{"@type":"Organization","@id":"https:\/\/nevadawic.org\/es\/#organization","name":"WIC de Nevada:","url":"https:\/\/nevadawic.org\/es\/","logo":{"@type":"ImageObject","inLanguage":"es","@id":"https:\/\/nevadawic.org\/es\/#\/schema\/logo\/image\/","url":"https:\/\/nevadawic.org\/wp-content\/uploads\/2020\/07\/NV-Logo_Purple.jpg","contentUrl":"https:\/\/nevadawic.org\/wp-content\/uploads\/2020\/07\/NV-Logo_Purple.jpg","width":970,"height":507,"caption":"WIC de Nevada:"},"image":{"@id":"https:\/\/nevadawic.org\/es\/#\/schema\/logo\/image\/"}}]}},"_links":{"self":[{"href":"https:\/\/nevadawic.org\/es\/wp-json\/wp\/v2\/pages\/28164","targetHints":{"allow":["GET"]}}],"collection":[{"href":"https:\/\/nevadawic.org\/es\/wp-json\/wp\/v2\/pages"}],"about":[{"href":"https:\/\/nevadawic.org\/es\/wp-json\/wp\/v2\/types\/page"}],"author":[{"embeddable":true,"href":"https:\/\/nevadawic.org\/es\/wp-json\/wp\/v2\/users\/7"}],"replies":[{"embeddable":true,"href":"https:\/\/nevadawic.org\/es\/wp-json\/wp\/v2\/comments?post=28164"}],"version-history":[{"count":7,"href":"https:\/\/nevadawic.org\/es\/wp-json\/wp\/v2\/pages\/28164\/revisions"}],"predecessor-version":[{"id":34236,"href":"https:\/\/nevadawic.org\/es\/wp-json\/wp\/v2\/pages\/28164\/revisions\/34236"}],"up":[{"embeddable":true,"href":"https:\/\/nevadawic.org\/es\/wp-json\/wp\/v2\/pages\/28059"}],"wp:featuredmedia":[{"embeddable":true,"href":"https:\/\/nevadawic.org\/es\/wp-json\/wp\/v2\/media\/24634"}],"wp:attachment":[{"href":"https:\/\/nevadawic.org\/es\/wp-json\/wp\/v2\/media?parent=28164"}],"curies":[{"name":"wp","href":"https:\/\/api.w.org\/{rel}","templated":true}]}}