{"id":28167,"date":"2022-05-10T09:39:51","date_gmt":"2022-05-10T16:39:51","guid":{"rendered":"https:\/\/nevadawic.org\/formulario-de-solicitud-de-cupon\/"},"modified":"2022-07-13T13:30:11","modified_gmt":"2022-07-13T20:30:11","slug":"formulario-de-solicitud-de-cupon","status":"publish","type":"page","link":"https:\/\/nevadawic.org\/es\/formulario-de-solicitud-de-cupon\/","title":{"rendered":"Formulario de solicitud de cup\u00f3n"},"content":{"rendered":"\t\t<div data-elementor-type=\"wp-page\" data-elementor-id=\"28167\" class=\"elementor elementor-28167 elementor-22917\" data-elementor-post-type=\"page\">\n\t\t\t\t\t\t<section class=\"elementor-section elementor-top-section elementor-element elementor-element-36aed74 elementor-section-boxed elementor-section-height-default elementor-section-height-default\" data-id=\"36aed74\" data-element_type=\"section\" data-e-type=\"section\">\n\t\t\t\t\t\t<div class=\"elementor-container elementor-column-gap-default\">\n\t\t\t\t\t<div class=\"elementor-column elementor-col-100 elementor-top-column elementor-element elementor-element-b2599a7\" data-id=\"b2599a7\" data-element_type=\"column\" data-e-type=\"column\">\n\t\t\t<div class=\"elementor-widget-wrap elementor-element-populated\">\n\t\t\t\t\t\t<div class=\"elementor-element elementor-element-4247e18 elementor-widget elementor-widget-kps3-form-block\" data-id=\"4247e18\" data-element_type=\"widget\" data-e-type=\"widget\" data-widget_type=\"kps3-form-block.default\">\n\t\t\t\t<div class=\"elementor-widget-container\">\n\t\t\t\t\t    <div  class=\"form-block\">\n      <div class=\"form-block__container container container--small\">\n        <div class=\"form-block__content\">\n          <h3 class=\"form-block__heading\">\n            Solicitud de Cupones del Mercado de Agricultores de Nevada          <\/h3>\n          <div class=\"form-block__text type\">\n            <p>Los cupones solo se emitir\u00e1n a participantes activos y elegibles de WIC de Nevada. Espere de 7 a 10 d\u00edas h\u00e1biles para recibir los cupones.<\/p><\/p>\n          <\/div>\n        <\/div>\n        <div class=\"form-block__form\">\n                                        <\/div>\n      <\/div>\n    <\/div>\n\n    \t\t\t\t<\/div>\n\t\t\t\t<\/div>\n\t\t\t\t\t<\/div>\n\t\t<\/div>\n\t\t\t\t\t<\/div>\n\t\t<\/section>\n\t\t\t\t<\/div>\n\t\t","protected":false},"excerpt":{"rendered":"<p>Solicitud de Cupones del Mercado de Agricultores de Nevada Los cupones solo se emitir\u00e1n a participantes activos y&hellip;<\/p>\n","protected":false},"author":7,"featured_media":0,"parent":0,"menu_order":0,"comment_status":"closed","ping_status":"closed","template":"","meta":{"_acf_changed":false,"protect_children":false,"footnotes":""},"class_list":["post-28167","page","type-page","status-publish","hentry"],"acf":[],"yoast_head":"<!-- This site is optimized with the Yoast SEO plugin v27.2 - https:\/\/yoast.com\/product\/yoast-seo-wordpress\/ -->\n<title>Formulario de solicitud de cup\u00f3n - Nevada WIC<\/title>\n<meta name=\"description\" content=\"Solicitud de Cupones del Mercado de Agricultores de Nevada Los cupones solo se emitir\u00e1n a participantes activos y elegibles de WIC de Nevada. Espere de 7\" \/>\n<meta name=\"robots\" content=\"index, follow, max-snippet:-1, max-image-preview:large, max-video-preview:-1\" \/>\n<link rel=\"canonical\" href=\"https:\/\/nevadawic.org\/es\/formulario-de-solicitud-de-cupon\/\" \/>\n<meta property=\"og:locale\" content=\"es_ES\" \/>\n<meta property=\"og:type\" content=\"article\" \/>\n<meta property=\"og:title\" content=\"Formulario de solicitud de cup\u00f3n - Nevada WIC\" \/>\n<meta property=\"og:description\" content=\"Solicitud de Cupones del Mercado de Agricultores de Nevada Los cupones solo se emitir\u00e1n a participantes activos y elegibles de WIC de Nevada. Espere de 7\" \/>\n<meta property=\"og:url\" content=\"https:\/\/nevadawic.org\/es\/formulario-de-solicitud-de-cupon\/\" \/>\n<meta property=\"og:site_name\" content=\"Nevada WIC\" \/>\n<meta property=\"article:modified_time\" content=\"2022-07-13T20:30:11+00:00\" \/>\n<meta property=\"og:image\" content=\"https:\/\/nevadawic.org\/wp-content\/uploads\/2020\/07\/nwic-og-image.jpg\" \/>\n\t<meta property=\"og:image:width\" content=\"1200\" \/>\n\t<meta property=\"og:image:height\" content=\"630\" \/>\n\t<meta property=\"og:image:type\" content=\"image\/jpeg\" \/>\n<meta name=\"twitter:card\" content=\"summary_large_image\" \/>\n<meta name=\"twitter:label1\" content=\"Tiempo de lectura\" \/>\n\t<meta name=\"twitter:data1\" content=\"1 minuto\" \/>\n<script type=\"application\/ld+json\" class=\"yoast-schema-graph\">{\"@context\":\"https:\/\/schema.org\",\"@graph\":[{\"@type\":\"WebPage\",\"@id\":\"https:\/\/nevadawic.org\/es\/formulario-de-solicitud-de-cupon\/\",\"url\":\"https:\/\/nevadawic.org\/es\/formulario-de-solicitud-de-cupon\/\",\"name\":\"Formulario de solicitud de cup\u00f3n - Nevada WIC\",\"isPartOf\":{\"@id\":\"https:\/\/nevadawic.org\/es\/#website\"},\"datePublished\":\"2022-05-10T16:39:51+00:00\",\"dateModified\":\"2022-07-13T20:30:11+00:00\",\"description\":\"Solicitud de Cupones del Mercado de Agricultores de Nevada Los cupones solo se emitir\u00e1n a participantes activos y elegibles de WIC de Nevada. Espere de 7\",\"breadcrumb\":{\"@id\":\"https:\/\/nevadawic.org\/es\/formulario-de-solicitud-de-cupon\/#breadcrumb\"},\"inLanguage\":\"es\",\"potentialAction\":[{\"@type\":\"ReadAction\",\"target\":[\"https:\/\/nevadawic.org\/es\/formulario-de-solicitud-de-cupon\/\"]}]},{\"@type\":\"BreadcrumbList\",\"@id\":\"https:\/\/nevadawic.org\/es\/formulario-de-solicitud-de-cupon\/#breadcrumb\",\"itemListElement\":[{\"@type\":\"ListItem\",\"position\":1,\"name\":\"Inicio\",\"item\":\"https:\/\/nevadawic.org\/es\/\"},{\"@type\":\"ListItem\",\"position\":2,\"name\":\"Formulario de solicitud de cup\u00f3n\"}]},{\"@type\":\"WebSite\",\"@id\":\"https:\/\/nevadawic.org\/es\/#website\",\"url\":\"https:\/\/nevadawic.org\/es\/\",\"name\":\"Nevada WIC\",\"description\":\"\",\"publisher\":{\"@id\":\"https:\/\/nevadawic.org\/es\/#organization\"},\"potentialAction\":[{\"@type\":\"SearchAction\",\"target\":{\"@type\":\"EntryPoint\",\"urlTemplate\":\"https:\/\/nevadawic.org\/es\/?s={search_term_string}\"},\"query-input\":{\"@type\":\"PropertyValueSpecification\",\"valueRequired\":true,\"valueName\":\"search_term_string\"}}],\"inLanguage\":\"es\"},{\"@type\":\"Organization\",\"@id\":\"https:\/\/nevadawic.org\/es\/#organization\",\"name\":\"WIC de Nevada:\",\"url\":\"https:\/\/nevadawic.org\/es\/\",\"logo\":{\"@type\":\"ImageObject\",\"inLanguage\":\"es\",\"@id\":\"https:\/\/nevadawic.org\/es\/#\/schema\/logo\/image\/\",\"url\":\"https:\/\/nevadawic.org\/wp-content\/uploads\/2020\/07\/NV-Logo_Purple.jpg\",\"contentUrl\":\"https:\/\/nevadawic.org\/wp-content\/uploads\/2020\/07\/NV-Logo_Purple.jpg\",\"width\":970,\"height\":507,\"caption\":\"WIC de Nevada:\"},\"image\":{\"@id\":\"https:\/\/nevadawic.org\/es\/#\/schema\/logo\/image\/\"}}]}<\/script>\n<!-- \/ Yoast SEO plugin. -->","yoast_head_json":{"title":"Formulario de solicitud de cup\u00f3n - Nevada WIC","description":"Solicitud de Cupones del Mercado de Agricultores de Nevada Los cupones solo se emitir\u00e1n a participantes activos y elegibles de WIC de Nevada. Espere de 7","robots":{"index":"index","follow":"follow","max-snippet":"max-snippet:-1","max-image-preview":"max-image-preview:large","max-video-preview":"max-video-preview:-1"},"canonical":"https:\/\/nevadawic.org\/es\/formulario-de-solicitud-de-cupon\/","og_locale":"es_ES","og_type":"article","og_title":"Formulario de solicitud de cup\u00f3n - Nevada WIC","og_description":"Solicitud de Cupones del Mercado de Agricultores de Nevada Los cupones solo se emitir\u00e1n a participantes activos y elegibles de WIC de Nevada. Espere de 7","og_url":"https:\/\/nevadawic.org\/es\/formulario-de-solicitud-de-cupon\/","og_site_name":"Nevada WIC","article_modified_time":"2022-07-13T20:30:11+00:00","og_image":[{"width":1200,"height":630,"url":"https:\/\/nevadawic.org\/wp-content\/uploads\/2020\/07\/nwic-og-image.jpg","type":"image\/jpeg"}],"twitter_card":"summary_large_image","twitter_misc":{"Tiempo de lectura":"1 minuto"},"schema":{"@context":"https:\/\/schema.org","@graph":[{"@type":"WebPage","@id":"https:\/\/nevadawic.org\/es\/formulario-de-solicitud-de-cupon\/","url":"https:\/\/nevadawic.org\/es\/formulario-de-solicitud-de-cupon\/","name":"Formulario de solicitud de cup\u00f3n - Nevada WIC","isPartOf":{"@id":"https:\/\/nevadawic.org\/es\/#website"},"datePublished":"2022-05-10T16:39:51+00:00","dateModified":"2022-07-13T20:30:11+00:00","description":"Solicitud de Cupones del Mercado de Agricultores de Nevada Los cupones solo se emitir\u00e1n a participantes activos y elegibles de WIC de Nevada. Espere de 7","breadcrumb":{"@id":"https:\/\/nevadawic.org\/es\/formulario-de-solicitud-de-cupon\/#breadcrumb"},"inLanguage":"es","potentialAction":[{"@type":"ReadAction","target":["https:\/\/nevadawic.org\/es\/formulario-de-solicitud-de-cupon\/"]}]},{"@type":"BreadcrumbList","@id":"https:\/\/nevadawic.org\/es\/formulario-de-solicitud-de-cupon\/#breadcrumb","itemListElement":[{"@type":"ListItem","position":1,"name":"Inicio","item":"https:\/\/nevadawic.org\/es\/"},{"@type":"ListItem","position":2,"name":"Formulario de solicitud de cup\u00f3n"}]},{"@type":"WebSite","@id":"https:\/\/nevadawic.org\/es\/#website","url":"https:\/\/nevadawic.org\/es\/","name":"Nevada WIC","description":"","publisher":{"@id":"https:\/\/nevadawic.org\/es\/#organization"},"potentialAction":[{"@type":"SearchAction","target":{"@type":"EntryPoint","urlTemplate":"https:\/\/nevadawic.org\/es\/?s={search_term_string}"},"query-input":{"@type":"PropertyValueSpecification","valueRequired":true,"valueName":"search_term_string"}}],"inLanguage":"es"},{"@type":"Organization","@id":"https:\/\/nevadawic.org\/es\/#organization","name":"WIC de Nevada:","url":"https:\/\/nevadawic.org\/es\/","logo":{"@type":"ImageObject","inLanguage":"es","@id":"https:\/\/nevadawic.org\/es\/#\/schema\/logo\/image\/","url":"https:\/\/nevadawic.org\/wp-content\/uploads\/2020\/07\/NV-Logo_Purple.jpg","contentUrl":"https:\/\/nevadawic.org\/wp-content\/uploads\/2020\/07\/NV-Logo_Purple.jpg","width":970,"height":507,"caption":"WIC de Nevada:"},"image":{"@id":"https:\/\/nevadawic.org\/es\/#\/schema\/logo\/image\/"}}]}},"_links":{"self":[{"href":"https:\/\/nevadawic.org\/es\/wp-json\/wp\/v2\/pages\/28167","targetHints":{"allow":["GET"]}}],"collection":[{"href":"https:\/\/nevadawic.org\/es\/wp-json\/wp\/v2\/pages"}],"about":[{"href":"https:\/\/nevadawic.org\/es\/wp-json\/wp\/v2\/types\/page"}],"author":[{"embeddable":true,"href":"https:\/\/nevadawic.org\/es\/wp-json\/wp\/v2\/users\/7"}],"replies":[{"embeddable":true,"href":"https:\/\/nevadawic.org\/es\/wp-json\/wp\/v2\/comments?post=28167"}],"version-history":[{"count":1,"href":"https:\/\/nevadawic.org\/es\/wp-json\/wp\/v2\/pages\/28167\/revisions"}],"predecessor-version":[{"id":28168,"href":"https:\/\/nevadawic.org\/es\/wp-json\/wp\/v2\/pages\/28167\/revisions\/28168"}],"wp:attachment":[{"href":"https:\/\/nevadawic.org\/es\/wp-json\/wp\/v2\/media?parent=28167"}],"curies":[{"name":"wp","href":"https:\/\/api.w.org\/{rel}","templated":true}]}}