{"id":28170,"date":"2022-05-26T12:38:31","date_gmt":"2022-05-26T19:38:31","guid":{"rendered":"https:\/\/nevadawic.org\/personal\/capacitacion-en-linea\/"},"modified":"2022-05-26T12:38:31","modified_gmt":"2022-05-26T19:38:31","slug":"capacitacion-en-linea","status":"publish","type":"page","link":"https:\/\/nevadawic.org\/es\/personal\/capacitacion-en-linea\/","title":{"rendered":"Capacitaci\u00f3n en l\u00ednea"},"content":{"rendered":"\n<br \/>\nDebe iniciar sesi\u00f3n para acceder a los cursos de capacitaci\u00f3n en l\u00ednea del WIC de Nevada.<\/p>\n<p><a href=\"https:\/\/nevadawic.org\/es\/iniciar-sesion\/\" class=\"button\" style=\"min-width: 150px\">Inicie sesi\u00f3n<\/a> <br \/> o <a href=\"\/staff\/signup\/\">reg\u00edstrese<\/a> para crear una cuenta<br \/>\n\n","protected":false},"excerpt":{"rendered":"","protected":false},"author":1,"featured_media":0,"parent":28038,"menu_order":0,"comment_status":"closed","ping_status":"closed","template":"","meta":{"_acf_changed":false,"protect_children":false,"footnotes":""},"class_list":["post-28170","page","type-page","status-publish","hentry"],"acf":[],"yoast_head":"<!-- This site is optimized with the Yoast SEO plugin v27.2 - https:\/\/yoast.com\/product\/yoast-seo-wordpress\/ -->\n<title>Capacitaci\u00f3n en l\u00ednea - Nevada WIC<\/title>\n<meta name=\"robots\" content=\"index, follow, max-snippet:-1, max-image-preview:large, max-video-preview:-1\" \/>\n<link rel=\"canonical\" href=\"https:\/\/nevadawic.org\/es\/personal\/capacitacion-en-linea\/\" \/>\n<meta property=\"og:locale\" content=\"es_ES\" \/>\n<meta property=\"og:type\" content=\"article\" \/>\n<meta property=\"og:title\" content=\"Capacitaci\u00f3n en l\u00ednea - Nevada WIC\" \/>\n<meta property=\"og:url\" content=\"https:\/\/nevadawic.org\/es\/personal\/capacitacion-en-linea\/\" \/>\n<meta property=\"og:site_name\" content=\"Nevada WIC\" \/>\n<meta property=\"og:image\" content=\"https:\/\/nevadawic.org\/wp-content\/uploads\/2020\/07\/nwic-og-image.jpg\" \/>\n\t<meta property=\"og:image:width\" content=\"1200\" \/>\n\t<meta property=\"og:image:height\" content=\"630\" \/>\n\t<meta property=\"og:image:type\" content=\"image\/jpeg\" \/>\n<meta name=\"twitter:card\" content=\"summary_large_image\" \/>\n<script type=\"application\/ld+json\" class=\"yoast-schema-graph\">{\"@context\":\"https:\/\/schema.org\",\"@graph\":[{\"@type\":\"WebPage\",\"@id\":\"https:\/\/nevadawic.org\/es\/personal\/capacitacion-en-linea\/\",\"url\":\"https:\/\/nevadawic.org\/es\/personal\/capacitacion-en-linea\/\",\"name\":\"Capacitaci\u00f3n en l\u00ednea - Nevada WIC\",\"isPartOf\":{\"@id\":\"https:\/\/nevadawic.org\/es\/#website\"},\"datePublished\":\"2022-05-26T19:38:31+00:00\",\"breadcrumb\":{\"@id\":\"https:\/\/nevadawic.org\/es\/personal\/capacitacion-en-linea\/#breadcrumb\"},\"inLanguage\":\"es\",\"potentialAction\":[{\"@type\":\"ReadAction\",\"target\":[\"https:\/\/nevadawic.org\/es\/personal\/capacitacion-en-linea\/\"]}]},{\"@type\":\"BreadcrumbList\",\"@id\":\"https:\/\/nevadawic.org\/es\/personal\/capacitacion-en-linea\/#breadcrumb\",\"itemListElement\":[{\"@type\":\"ListItem\",\"position\":1,\"name\":\"Inicio\",\"item\":\"https:\/\/nevadawic.org\/es\/\"},{\"@type\":\"ListItem\",\"position\":2,\"name\":\"Personal\",\"item\":\"https:\/\/nevadawic.org\/es\/personal\/\"},{\"@type\":\"ListItem\",\"position\":3,\"name\":\"Capacitaci\u00f3n en l\u00ednea\"}]},{\"@type\":\"WebSite\",\"@id\":\"https:\/\/nevadawic.org\/es\/#website\",\"url\":\"https:\/\/nevadawic.org\/es\/\",\"name\":\"Nevada WIC\",\"description\":\"\",\"publisher\":{\"@id\":\"https:\/\/nevadawic.org\/es\/#organization\"},\"potentialAction\":[{\"@type\":\"SearchAction\",\"target\":{\"@type\":\"EntryPoint\",\"urlTemplate\":\"https:\/\/nevadawic.org\/es\/?s={search_term_string}\"},\"query-input\":{\"@type\":\"PropertyValueSpecification\",\"valueRequired\":true,\"valueName\":\"search_term_string\"}}],\"inLanguage\":\"es\"},{\"@type\":\"Organization\",\"@id\":\"https:\/\/nevadawic.org\/es\/#organization\",\"name\":\"WIC de Nevada:\",\"url\":\"https:\/\/nevadawic.org\/es\/\",\"logo\":{\"@type\":\"ImageObject\",\"inLanguage\":\"es\",\"@id\":\"https:\/\/nevadawic.org\/es\/#\/schema\/logo\/image\/\",\"url\":\"https:\/\/nevadawic.org\/wp-content\/uploads\/2020\/07\/NV-Logo_Purple.jpg\",\"contentUrl\":\"https:\/\/nevadawic.org\/wp-content\/uploads\/2020\/07\/NV-Logo_Purple.jpg\",\"width\":970,\"height\":507,\"caption\":\"WIC de Nevada:\"},\"image\":{\"@id\":\"https:\/\/nevadawic.org\/es\/#\/schema\/logo\/image\/\"}}]}<\/script>\n<!-- \/ Yoast SEO plugin. -->","yoast_head_json":{"title":"Capacitaci\u00f3n en l\u00ednea - Nevada WIC","robots":{"index":"index","follow":"follow","max-snippet":"max-snippet:-1","max-image-preview":"max-image-preview:large","max-video-preview":"max-video-preview:-1"},"canonical":"https:\/\/nevadawic.org\/es\/personal\/capacitacion-en-linea\/","og_locale":"es_ES","og_type":"article","og_title":"Capacitaci\u00f3n en l\u00ednea - Nevada WIC","og_url":"https:\/\/nevadawic.org\/es\/personal\/capacitacion-en-linea\/","og_site_name":"Nevada WIC","og_image":[{"width":1200,"height":630,"url":"https:\/\/nevadawic.org\/wp-content\/uploads\/2020\/07\/nwic-og-image.jpg","type":"image\/jpeg"}],"twitter_card":"summary_large_image","schema":{"@context":"https:\/\/schema.org","@graph":[{"@type":"WebPage","@id":"https:\/\/nevadawic.org\/es\/personal\/capacitacion-en-linea\/","url":"https:\/\/nevadawic.org\/es\/personal\/capacitacion-en-linea\/","name":"Capacitaci\u00f3n en l\u00ednea - Nevada WIC","isPartOf":{"@id":"https:\/\/nevadawic.org\/es\/#website"},"datePublished":"2022-05-26T19:38:31+00:00","breadcrumb":{"@id":"https:\/\/nevadawic.org\/es\/personal\/capacitacion-en-linea\/#breadcrumb"},"inLanguage":"es","potentialAction":[{"@type":"ReadAction","target":["https:\/\/nevadawic.org\/es\/personal\/capacitacion-en-linea\/"]}]},{"@type":"BreadcrumbList","@id":"https:\/\/nevadawic.org\/es\/personal\/capacitacion-en-linea\/#breadcrumb","itemListElement":[{"@type":"ListItem","position":1,"name":"Inicio","item":"https:\/\/nevadawic.org\/es\/"},{"@type":"ListItem","position":2,"name":"Personal","item":"https:\/\/nevadawic.org\/es\/personal\/"},{"@type":"ListItem","position":3,"name":"Capacitaci\u00f3n en l\u00ednea"}]},{"@type":"WebSite","@id":"https:\/\/nevadawic.org\/es\/#website","url":"https:\/\/nevadawic.org\/es\/","name":"Nevada WIC","description":"","publisher":{"@id":"https:\/\/nevadawic.org\/es\/#organization"},"potentialAction":[{"@type":"SearchAction","target":{"@type":"EntryPoint","urlTemplate":"https:\/\/nevadawic.org\/es\/?s={search_term_string}"},"query-input":{"@type":"PropertyValueSpecification","valueRequired":true,"valueName":"search_term_string"}}],"inLanguage":"es"},{"@type":"Organization","@id":"https:\/\/nevadawic.org\/es\/#organization","name":"WIC de Nevada:","url":"https:\/\/nevadawic.org\/es\/","logo":{"@type":"ImageObject","inLanguage":"es","@id":"https:\/\/nevadawic.org\/es\/#\/schema\/logo\/image\/","url":"https:\/\/nevadawic.org\/wp-content\/uploads\/2020\/07\/NV-Logo_Purple.jpg","contentUrl":"https:\/\/nevadawic.org\/wp-content\/uploads\/2020\/07\/NV-Logo_Purple.jpg","width":970,"height":507,"caption":"WIC de Nevada:"},"image":{"@id":"https:\/\/nevadawic.org\/es\/#\/schema\/logo\/image\/"}}]}},"_links":{"self":[{"href":"https:\/\/nevadawic.org\/es\/wp-json\/wp\/v2\/pages\/28170","targetHints":{"allow":["GET"]}}],"collection":[{"href":"https:\/\/nevadawic.org\/es\/wp-json\/wp\/v2\/pages"}],"about":[{"href":"https:\/\/nevadawic.org\/es\/wp-json\/wp\/v2\/types\/page"}],"author":[{"embeddable":true,"href":"https:\/\/nevadawic.org\/es\/wp-json\/wp\/v2\/users\/1"}],"replies":[{"embeddable":true,"href":"https:\/\/nevadawic.org\/es\/wp-json\/wp\/v2\/comments?post=28170"}],"version-history":[{"count":0,"href":"https:\/\/nevadawic.org\/es\/wp-json\/wp\/v2\/pages\/28170\/revisions"}],"up":[{"embeddable":true,"href":"https:\/\/nevadawic.org\/es\/wp-json\/wp\/v2\/pages\/28038"}],"wp:attachment":[{"href":"https:\/\/nevadawic.org\/es\/wp-json\/wp\/v2\/media?parent=28170"}],"curies":[{"name":"wp","href":"https:\/\/api.w.org\/{rel}","templated":true}]}}