{"id":28551,"date":"2020-06-17T12:52:14","date_gmt":"2020-06-17T19:52:14","guid":{"rendered":"https:\/\/nevadawic.org\/aplicacion-wic-shoppers-de-nevada\/"},"modified":"2024-04-02T14:58:35","modified_gmt":"2024-04-02T21:58:35","slug":"aplicacion-wic-shoppers-de-nevada","status":"publish","type":"page","link":"https:\/\/nevadawic.org\/es\/aplicacion-wic-shoppers-de-nevada\/","title":{"rendered":"Aplicaci\u00f3n WICShopper de Nevada"},"content":{"rendered":"<h2>Aplicaci\u00f3n WICShopper<\/h2>\n<p>WICShopper brinda herramientas que le facilitar\u00e1n el uso de WIC.<\/p>\n<h3>C\u00f3mo funciona<\/h3>\n<ol>\n<li>Descargue WICShopper desde su tienda de aplicaciones.<\/li>\n<li>Seleccione el programa de WIC de Nevada.<\/li>\n<li>Registre su tarjeta EBT de WIC.\n<ul>\n<li>Reg\u00edstrese usando el n\u00famero de 16 d\u00edgitos que aparece en su tarjeta EBT de WIC.<\/li>\n<\/ul>\n<\/li>\n<\/ol>\n<h4>WICShopper le proporcionar\u00e1 herramientas para ayudarle a prosperar en WIC.<\/h4>\n<p>Hay varias herramientas y alertas \u00fatiles que se encuentran en la p\u00e1gina de inicio:<\/p>\n<ul>\n<li>Podr\u00e1 ver sus beneficios alimentarios y su saldo en tiempo real.<\/li>\n<li>Tendr\u00e1 acceso a la lista de alimentos aprobados por WIC de Nevada.<\/li>\n<li>Tiene una herramienta de escaneo que puede hacer lo siguiente:\n<ul>\n<li>Avisarle si el alimento ES o NO ES un alimento aprobado por WIC.<\/li>\n<li>Avisarle si es elegible para USTED con sus beneficios alimentarios asignados\/reservados.<\/li>\n<\/ul>\n<\/li>\n<\/ul>\n<h4>\u00a1S\u00ed!\u00a0 Este alimento califica para sus beneficios alimentarios.<\/h4>\n<h4><img fetchpriority=\"high\" decoding=\"async\" src=\"https:\/\/nevadawic.org\/wp-content\/uploads\/2022\/07\/Shopper-Approved-179x300.png\" alt=\"\" width=\"179\" height=\"300\" \/><\/h4>\n<h4>\u00a1S\u00ed!\u00a0 Este es un producto elegible por WIC, pero no tiene los beneficios para comprarlo.<\/h4>\n<p><img decoding=\"async\" src=\"https:\/\/nevadawic.org\/wp-content\/uploads\/2020\/06\/wicshopper_NoEligible350x585-164x300.png\" alt=\"\" width=\"164\" height=\"300\" \/><\/p>\n<h4>\u00a1No!\u00a0 Este no es un producto aprobado por WIC.<\/h4>\n<p><img decoding=\"async\" src=\"https:\/\/nevadawic.org\/wp-content\/uploads\/2020\/06\/WICShopper-2-0-Register-WIC-not-approvedpng-197x300.png\" alt=\"\" width=\"197\" height=\"300\" \/><\/p>\n","protected":false},"excerpt":{"rendered":"<p>Aplicaci\u00f3n WICShopper WICShopper brinda herramientas que le facilitar\u00e1n el uso de WIC. C\u00f3mo funciona Descargue WICShopper desde su&hellip;<\/p>\n","protected":false},"author":7,"featured_media":24961,"parent":0,"menu_order":0,"comment_status":"closed","ping_status":"closed","template":"","meta":{"_acf_changed":false,"protect_children":false,"footnotes":""},"class_list":["post-28551","page","type-page","status-publish","has-post-thumbnail","hentry"],"acf":[],"yoast_head":"<!-- This site is optimized with the Yoast SEO plugin v27.2 - https:\/\/yoast.com\/product\/yoast-seo-wordpress\/ -->\n<title>Aplicaci\u00f3n WICShopper de Nevada - Nevada WIC<\/title>\n<meta name=\"description\" content=\"Aplicaci\u00f3n WICShopper WICShopper brinda herramientas que le facilitar\u00e1n el uso de WIC. C\u00f3mo funciona Descargue WICShopper desde su tienda de aplicaciones.\" \/>\n<meta name=\"robots\" content=\"index, follow, max-snippet:-1, max-image-preview:large, max-video-preview:-1\" \/>\n<link rel=\"canonical\" href=\"https:\/\/nevadawic.org\/es\/aplicacion-wic-shoppers-de-nevada\/\" \/>\n<meta property=\"og:locale\" content=\"es_ES\" \/>\n<meta property=\"og:type\" content=\"article\" \/>\n<meta property=\"og:title\" content=\"Aplicaci\u00f3n WICShopper de Nevada - Nevada WIC\" \/>\n<meta property=\"og:description\" content=\"Aplicaci\u00f3n WICShopper WICShopper brinda herramientas que le facilitar\u00e1n el uso de WIC. C\u00f3mo funciona Descargue WICShopper desde su tienda de aplicaciones.\" \/>\n<meta property=\"og:url\" content=\"https:\/\/nevadawic.org\/es\/aplicacion-wic-shoppers-de-nevada\/\" \/>\n<meta property=\"og:site_name\" content=\"Nevada WIC\" \/>\n<meta property=\"article:modified_time\" content=\"2024-04-02T21:58:35+00:00\" \/>\n<meta property=\"og:image\" content=\"https:\/\/nevadawic.org\/wp-content\/uploads\/2020\/06\/Shopping_phone_2.jpg\" \/>\n\t<meta property=\"og:image:width\" content=\"1748\" \/>\n\t<meta property=\"og:image:height\" content=\"771\" \/>\n\t<meta property=\"og:image:type\" content=\"image\/jpeg\" \/>\n<meta name=\"twitter:card\" content=\"summary_large_image\" \/>\n<meta name=\"twitter:label1\" content=\"Tiempo de lectura\" \/>\n\t<meta name=\"twitter:data1\" content=\"2 minutos\" \/>\n<script type=\"application\/ld+json\" class=\"yoast-schema-graph\">{\"@context\":\"https:\/\/schema.org\",\"@graph\":[{\"@type\":\"WebPage\",\"@id\":\"https:\/\/nevadawic.org\/es\/aplicacion-wic-shoppers-de-nevada\/\",\"url\":\"https:\/\/nevadawic.org\/es\/aplicacion-wic-shoppers-de-nevada\/\",\"name\":\"Aplicaci\u00f3n WICShopper de Nevada - Nevada WIC\",\"isPartOf\":{\"@id\":\"https:\/\/nevadawic.org\/es\/#website\"},\"primaryImageOfPage\":{\"@id\":\"https:\/\/nevadawic.org\/es\/aplicacion-wic-shoppers-de-nevada\/#primaryimage\"},\"image\":{\"@id\":\"https:\/\/nevadawic.org\/es\/aplicacion-wic-shoppers-de-nevada\/#primaryimage\"},\"thumbnailUrl\":\"https:\/\/nevadawic.org\/wp-content\/uploads\/2020\/06\/Shopping_phone_2.jpg\",\"datePublished\":\"2020-06-17T19:52:14+00:00\",\"dateModified\":\"2024-04-02T21:58:35+00:00\",\"description\":\"Aplicaci\u00f3n WICShopper WICShopper brinda herramientas que le facilitar\u00e1n el uso de WIC. C\u00f3mo funciona Descargue WICShopper desde su tienda de aplicaciones.\",\"breadcrumb\":{\"@id\":\"https:\/\/nevadawic.org\/es\/aplicacion-wic-shoppers-de-nevada\/#breadcrumb\"},\"inLanguage\":\"es\",\"potentialAction\":[{\"@type\":\"ReadAction\",\"target\":[\"https:\/\/nevadawic.org\/es\/aplicacion-wic-shoppers-de-nevada\/\"]}]},{\"@type\":\"ImageObject\",\"inLanguage\":\"es\",\"@id\":\"https:\/\/nevadawic.org\/es\/aplicacion-wic-shoppers-de-nevada\/#primaryimage\",\"url\":\"https:\/\/nevadawic.org\/wp-content\/uploads\/2020\/06\/Shopping_phone_2.jpg\",\"contentUrl\":\"https:\/\/nevadawic.org\/wp-content\/uploads\/2020\/06\/Shopping_phone_2.jpg\",\"width\":\"1748\",\"height\":\"771\"},{\"@type\":\"BreadcrumbList\",\"@id\":\"https:\/\/nevadawic.org\/es\/aplicacion-wic-shoppers-de-nevada\/#breadcrumb\",\"itemListElement\":[{\"@type\":\"ListItem\",\"position\":1,\"name\":\"Inicio\",\"item\":\"https:\/\/nevadawic.org\/es\/\"},{\"@type\":\"ListItem\",\"position\":2,\"name\":\"Aplicaci\u00f3n WICShopper de Nevada\"}]},{\"@type\":\"WebSite\",\"@id\":\"https:\/\/nevadawic.org\/es\/#website\",\"url\":\"https:\/\/nevadawic.org\/es\/\",\"name\":\"Nevada WIC\",\"description\":\"\",\"publisher\":{\"@id\":\"https:\/\/nevadawic.org\/es\/#organization\"},\"potentialAction\":[{\"@type\":\"SearchAction\",\"target\":{\"@type\":\"EntryPoint\",\"urlTemplate\":\"https:\/\/nevadawic.org\/es\/?s={search_term_string}\"},\"query-input\":{\"@type\":\"PropertyValueSpecification\",\"valueRequired\":true,\"valueName\":\"search_term_string\"}}],\"inLanguage\":\"es\"},{\"@type\":\"Organization\",\"@id\":\"https:\/\/nevadawic.org\/es\/#organization\",\"name\":\"WIC de Nevada:\",\"url\":\"https:\/\/nevadawic.org\/es\/\",\"logo\":{\"@type\":\"ImageObject\",\"inLanguage\":\"es\",\"@id\":\"https:\/\/nevadawic.org\/es\/#\/schema\/logo\/image\/\",\"url\":\"https:\/\/nevadawic.org\/wp-content\/uploads\/2020\/07\/NV-Logo_Purple.jpg\",\"contentUrl\":\"https:\/\/nevadawic.org\/wp-content\/uploads\/2020\/07\/NV-Logo_Purple.jpg\",\"width\":970,\"height\":507,\"caption\":\"WIC de Nevada:\"},\"image\":{\"@id\":\"https:\/\/nevadawic.org\/es\/#\/schema\/logo\/image\/\"}}]}<\/script>\n<!-- \/ Yoast SEO plugin. -->","yoast_head_json":{"title":"Aplicaci\u00f3n WICShopper de Nevada - Nevada WIC","description":"Aplicaci\u00f3n WICShopper WICShopper brinda herramientas que le facilitar\u00e1n el uso de WIC. C\u00f3mo funciona Descargue WICShopper desde su tienda de aplicaciones.","robots":{"index":"index","follow":"follow","max-snippet":"max-snippet:-1","max-image-preview":"max-image-preview:large","max-video-preview":"max-video-preview:-1"},"canonical":"https:\/\/nevadawic.org\/es\/aplicacion-wic-shoppers-de-nevada\/","og_locale":"es_ES","og_type":"article","og_title":"Aplicaci\u00f3n WICShopper de Nevada - Nevada WIC","og_description":"Aplicaci\u00f3n WICShopper WICShopper brinda herramientas que le facilitar\u00e1n el uso de WIC. C\u00f3mo funciona Descargue WICShopper desde su tienda de aplicaciones.","og_url":"https:\/\/nevadawic.org\/es\/aplicacion-wic-shoppers-de-nevada\/","og_site_name":"Nevada WIC","article_modified_time":"2024-04-02T21:58:35+00:00","og_image":[{"width":1748,"height":771,"url":"https:\/\/nevadawic.org\/wp-content\/uploads\/2020\/06\/Shopping_phone_2.jpg","type":"image\/jpeg"}],"twitter_card":"summary_large_image","twitter_misc":{"Tiempo de lectura":"2 minutos"},"schema":{"@context":"https:\/\/schema.org","@graph":[{"@type":"WebPage","@id":"https:\/\/nevadawic.org\/es\/aplicacion-wic-shoppers-de-nevada\/","url":"https:\/\/nevadawic.org\/es\/aplicacion-wic-shoppers-de-nevada\/","name":"Aplicaci\u00f3n WICShopper de Nevada - Nevada WIC","isPartOf":{"@id":"https:\/\/nevadawic.org\/es\/#website"},"primaryImageOfPage":{"@id":"https:\/\/nevadawic.org\/es\/aplicacion-wic-shoppers-de-nevada\/#primaryimage"},"image":{"@id":"https:\/\/nevadawic.org\/es\/aplicacion-wic-shoppers-de-nevada\/#primaryimage"},"thumbnailUrl":"https:\/\/nevadawic.org\/wp-content\/uploads\/2020\/06\/Shopping_phone_2.jpg","datePublished":"2020-06-17T19:52:14+00:00","dateModified":"2024-04-02T21:58:35+00:00","description":"Aplicaci\u00f3n WICShopper WICShopper brinda herramientas que le facilitar\u00e1n el uso de WIC. C\u00f3mo funciona Descargue WICShopper desde su tienda de aplicaciones.","breadcrumb":{"@id":"https:\/\/nevadawic.org\/es\/aplicacion-wic-shoppers-de-nevada\/#breadcrumb"},"inLanguage":"es","potentialAction":[{"@type":"ReadAction","target":["https:\/\/nevadawic.org\/es\/aplicacion-wic-shoppers-de-nevada\/"]}]},{"@type":"ImageObject","inLanguage":"es","@id":"https:\/\/nevadawic.org\/es\/aplicacion-wic-shoppers-de-nevada\/#primaryimage","url":"https:\/\/nevadawic.org\/wp-content\/uploads\/2020\/06\/Shopping_phone_2.jpg","contentUrl":"https:\/\/nevadawic.org\/wp-content\/uploads\/2020\/06\/Shopping_phone_2.jpg","width":"1748","height":"771"},{"@type":"BreadcrumbList","@id":"https:\/\/nevadawic.org\/es\/aplicacion-wic-shoppers-de-nevada\/#breadcrumb","itemListElement":[{"@type":"ListItem","position":1,"name":"Inicio","item":"https:\/\/nevadawic.org\/es\/"},{"@type":"ListItem","position":2,"name":"Aplicaci\u00f3n WICShopper de Nevada"}]},{"@type":"WebSite","@id":"https:\/\/nevadawic.org\/es\/#website","url":"https:\/\/nevadawic.org\/es\/","name":"Nevada WIC","description":"","publisher":{"@id":"https:\/\/nevadawic.org\/es\/#organization"},"potentialAction":[{"@type":"SearchAction","target":{"@type":"EntryPoint","urlTemplate":"https:\/\/nevadawic.org\/es\/?s={search_term_string}"},"query-input":{"@type":"PropertyValueSpecification","valueRequired":true,"valueName":"search_term_string"}}],"inLanguage":"es"},{"@type":"Organization","@id":"https:\/\/nevadawic.org\/es\/#organization","name":"WIC de Nevada:","url":"https:\/\/nevadawic.org\/es\/","logo":{"@type":"ImageObject","inLanguage":"es","@id":"https:\/\/nevadawic.org\/es\/#\/schema\/logo\/image\/","url":"https:\/\/nevadawic.org\/wp-content\/uploads\/2020\/07\/NV-Logo_Purple.jpg","contentUrl":"https:\/\/nevadawic.org\/wp-content\/uploads\/2020\/07\/NV-Logo_Purple.jpg","width":970,"height":507,"caption":"WIC de Nevada:"},"image":{"@id":"https:\/\/nevadawic.org\/es\/#\/schema\/logo\/image\/"}}]}},"_links":{"self":[{"href":"https:\/\/nevadawic.org\/es\/wp-json\/wp\/v2\/pages\/28551","targetHints":{"allow":["GET"]}}],"collection":[{"href":"https:\/\/nevadawic.org\/es\/wp-json\/wp\/v2\/pages"}],"about":[{"href":"https:\/\/nevadawic.org\/es\/wp-json\/wp\/v2\/types\/page"}],"author":[{"embeddable":true,"href":"https:\/\/nevadawic.org\/es\/wp-json\/wp\/v2\/users\/7"}],"replies":[{"embeddable":true,"href":"https:\/\/nevadawic.org\/es\/wp-json\/wp\/v2\/comments?post=28551"}],"version-history":[{"count":4,"href":"https:\/\/nevadawic.org\/es\/wp-json\/wp\/v2\/pages\/28551\/revisions"}],"predecessor-version":[{"id":35048,"href":"https:\/\/nevadawic.org\/es\/wp-json\/wp\/v2\/pages\/28551\/revisions\/35048"}],"wp:featuredmedia":[{"embeddable":true,"href":"https:\/\/nevadawic.org\/es\/wp-json\/wp\/v2\/media\/24961"}],"wp:attachment":[{"href":"https:\/\/nevadawic.org\/es\/wp-json\/wp\/v2\/media?parent=28551"}],"curies":[{"name":"wp","href":"https:\/\/api.w.org\/{rel}","templated":true}]}}