{"id":35133,"date":"2023-02-02T10:30:42","date_gmt":"2023-02-02T18:30:42","guid":{"rendered":"https:\/\/nevadawic.org\/recurson-nutricionales\/"},"modified":"2024-04-04T16:19:04","modified_gmt":"2024-04-04T23:19:04","slug":"recursos-nutricionales","status":"publish","type":"page","link":"https:\/\/nevadawic.org\/es\/recursos-nutricionales\/","title":{"rendered":"Recursos Nutricionales"},"content":{"rendered":"<h2>Recursos en l\u00ednea<\/h2>\n<h3>Sitios Web de Informaci\u00f3n sobre Nutrici\u00f3n y Salud<\/h3>\n<ul>\n<li><a href=\"http:\/\/www.eatright.org\/\" target=\"_blank\" rel=\"noopener\">Academia de Nutrici\u00f3n y Diet\u00e9tica (AND)<\/a><br \/>\nAcademia de Nutrici\u00f3n y Diet\u00e9tica, formalmente conocida como Asociaci\u00f3n Diet\u00e9tica Americana<\/li>\n<li><a href=\"https:\/\/www.dietaryguidelines.gov\/\" target=\"_blank\" rel=\"noopener noreferrer\">Gu\u00eda Alimentarias para Estadounidenses<\/a><br \/>\nMensajes y herramientas de alimentaci\u00f3n infantil<\/li>\n<li><a href=\"https:\/\/fruitsandveggies.org\/\" target=\"_blank\" rel=\"noopener\">Have a Plant<\/a><br \/>\nInformaci\u00f3n, recetas y consejos sobre frutas y vegetales<\/li>\n<li><a href=\"http:\/\/www.cdc.gov\/nutrition\/index.html\" target=\"_blank\" rel=\"noopener\">Informaci\u00f3n de Salud y Nutrici\u00f3n<\/a><br \/>\nEnlace de los CDC a una amplia variedad de informaci\u00f3n sobre salud y nutrici\u00f3n<\/li>\n<li><a href=\"https:\/\/www.niddk.nih.gov\/health-information\/weight-management\/healthy-eating-physical-activity-for-life\" target=\"_blank\" rel=\"noopener\">Alimentaci\u00f3n saludable y actividad f\u00edsica para toda la vida<\/a><br \/>\nConsejos para mantener un peso saludable<\/li>\n<li><a href=\"http:\/\/www.cdc.gov\/physicalactivity\/everyone\/guidelines\/index.html\" target=\"_blank\" rel=\"noopener\">\u00bfCu\u00e1nta actividad f\u00edsica necesitas?<\/a><br \/>\nGu\u00edas de actividad f\u00edsica de los CDC para personas en grupos de edad espec\u00edficos<\/li>\n<li><a href=\"https:\/\/kidshealth.org\/\" target=\"_blank\" rel=\"noopener\">Kids Health \u2013 Nemours Foundation<\/a><br \/>\nRecurso de salud para padres, ni\u00f1os y adolescentes<\/li>\n<li><a href=\"https:\/\/www.myplate.gov\/\" target=\"_blank\" rel=\"noopener\">MyPlate<\/a><br \/>\nLa gu\u00eda nutricional m\u00e1s reciente del USDA<\/li>\n<li><a href=\"http:\/\/www.nutrition.gov\/\" target=\"_blank\" rel=\"noopener\">Nutrition.gov<\/a><br \/>\nSitio para buscar temas de nutrici\u00f3n de los Centros para el Control y la Prevenci\u00f3n de Enfermedades<\/li>\n<li><a href=\"https:\/\/rethinkyourdrinknevada.com\/\" target=\"_blank\" rel=\"noopener\">Rethink Your Drink &#8211; Nevada<\/a><br \/>\nProporciona informaci\u00f3n sobre bebidas y consejos para limitar el az\u00facar a\u00f1adido<\/p>\n<ul>\n<li>Folleto <a href=\"https:\/\/nevadawic.org\/wp-content\/uploads\/2023\/01\/2022-RYDBooklet_English_FINAL.pdf\" target=\"_blank\" rel=\"noopener\">Ingl\u00e9s<\/a> <a href=\"https:\/\/nevadawic.org\/wp-content\/uploads\/2023\/01\/2022-RYDBooklet_Spanish_FINAL.pdf\" target=\"_blank\" rel=\"noopener\">Espa\u00f1ol<\/a><\/li>\n<\/ul>\n<\/li>\n<\/ul>\n","protected":false},"excerpt":{"rendered":"<p>Recursos en l\u00ednea Sitios Web de Informaci\u00f3n sobre Nutrici\u00f3n y Salud Academia de Nutrici\u00f3n y Diet\u00e9tica (AND) Academia&hellip;<\/p>\n","protected":false},"author":7,"featured_media":24671,"parent":0,"menu_order":0,"comment_status":"closed","ping_status":"closed","template":"","meta":{"_acf_changed":false,"protect_children":false,"footnotes":""},"class_list":["post-35133","page","type-page","status-publish","has-post-thumbnail","hentry"],"acf":[],"yoast_head":"<!-- This site is optimized with the Yoast SEO plugin v27.2 - https:\/\/yoast.com\/product\/yoast-seo-wordpress\/ -->\n<title>Recursos Nutricionales - Nevada WIC<\/title>\n<meta name=\"description\" content=\"Recursos en l\u00ednea Sitios Web de Informaci\u00f3n sobre Nutrici\u00f3n y Salud Academia de Nutrici\u00f3n y Diet\u00e9tica (AND) Academia de Nutrici\u00f3n y Diet\u00e9tica, formalmente\" \/>\n<meta name=\"robots\" content=\"index, follow, max-snippet:-1, max-image-preview:large, max-video-preview:-1\" \/>\n<link rel=\"canonical\" href=\"https:\/\/nevadawic.org\/es\/recursos-nutricionales\/\" \/>\n<meta property=\"og:locale\" content=\"es_ES\" \/>\n<meta property=\"og:type\" content=\"article\" \/>\n<meta property=\"og:title\" content=\"Recursos Nutricionales - Nevada WIC\" \/>\n<meta property=\"og:description\" content=\"Recursos en l\u00ednea Sitios Web de Informaci\u00f3n sobre Nutrici\u00f3n y Salud Academia de Nutrici\u00f3n y Diet\u00e9tica (AND) Academia de Nutrici\u00f3n y Diet\u00e9tica, formalmente\" \/>\n<meta property=\"og:url\" content=\"https:\/\/nevadawic.org\/es\/recursos-nutricionales\/\" \/>\n<meta property=\"og:site_name\" content=\"Nevada WIC\" \/>\n<meta property=\"article:modified_time\" content=\"2024-04-04T23:19:04+00:00\" \/>\n<meta property=\"og:image\" content=\"https:\/\/nevadawic.org\/wp-content\/uploads\/2020\/05\/VENDORS_HOMEPAGE_IMAGE.jpg\" \/>\n\t<meta property=\"og:image:width\" content=\"805\" \/>\n\t<meta property=\"og:image:height\" content=\"596\" \/>\n\t<meta property=\"og:image:type\" content=\"image\/jpeg\" \/>\n<meta name=\"twitter:card\" content=\"summary_large_image\" \/>\n<meta name=\"twitter:label1\" content=\"Tiempo de lectura\" \/>\n\t<meta name=\"twitter:data1\" content=\"1 minuto\" \/>\n<script type=\"application\/ld+json\" class=\"yoast-schema-graph\">{\"@context\":\"https:\/\/schema.org\",\"@graph\":[{\"@type\":\"WebPage\",\"@id\":\"https:\/\/nevadawic.org\/es\/recursos-nutricionales\/\",\"url\":\"https:\/\/nevadawic.org\/es\/recursos-nutricionales\/\",\"name\":\"Recursos Nutricionales - Nevada WIC\",\"isPartOf\":{\"@id\":\"https:\/\/nevadawic.org\/es\/#website\"},\"primaryImageOfPage\":{\"@id\":\"https:\/\/nevadawic.org\/es\/recursos-nutricionales\/#primaryimage\"},\"image\":{\"@id\":\"https:\/\/nevadawic.org\/es\/recursos-nutricionales\/#primaryimage\"},\"thumbnailUrl\":\"https:\/\/nevadawic.org\/wp-content\/uploads\/2020\/05\/VENDORS_HOMEPAGE_IMAGE.jpg\",\"datePublished\":\"2023-02-02T18:30:42+00:00\",\"dateModified\":\"2024-04-04T23:19:04+00:00\",\"description\":\"Recursos en l\u00ednea Sitios Web de Informaci\u00f3n sobre Nutrici\u00f3n y Salud Academia de Nutrici\u00f3n y Diet\u00e9tica (AND) Academia de Nutrici\u00f3n y Diet\u00e9tica, formalmente\",\"breadcrumb\":{\"@id\":\"https:\/\/nevadawic.org\/es\/recursos-nutricionales\/#breadcrumb\"},\"inLanguage\":\"es\",\"potentialAction\":[{\"@type\":\"ReadAction\",\"target\":[\"https:\/\/nevadawic.org\/es\/recursos-nutricionales\/\"]}]},{\"@type\":\"ImageObject\",\"inLanguage\":\"es\",\"@id\":\"https:\/\/nevadawic.org\/es\/recursos-nutricionales\/#primaryimage\",\"url\":\"https:\/\/nevadawic.org\/wp-content\/uploads\/2020\/05\/VENDORS_HOMEPAGE_IMAGE.jpg\",\"contentUrl\":\"https:\/\/nevadawic.org\/wp-content\/uploads\/2020\/05\/VENDORS_HOMEPAGE_IMAGE.jpg\",\"width\":805,\"height\":596,\"caption\":\"\u00a1Coma una variedad de frutas y verduras!\"},{\"@type\":\"BreadcrumbList\",\"@id\":\"https:\/\/nevadawic.org\/es\/recursos-nutricionales\/#breadcrumb\",\"itemListElement\":[{\"@type\":\"ListItem\",\"position\":1,\"name\":\"Inicio\",\"item\":\"https:\/\/nevadawic.org\/es\/\"},{\"@type\":\"ListItem\",\"position\":2,\"name\":\"Recursos Nutricionales\"}]},{\"@type\":\"WebSite\",\"@id\":\"https:\/\/nevadawic.org\/es\/#website\",\"url\":\"https:\/\/nevadawic.org\/es\/\",\"name\":\"Nevada WIC\",\"description\":\"\",\"publisher\":{\"@id\":\"https:\/\/nevadawic.org\/es\/#organization\"},\"potentialAction\":[{\"@type\":\"SearchAction\",\"target\":{\"@type\":\"EntryPoint\",\"urlTemplate\":\"https:\/\/nevadawic.org\/es\/?s={search_term_string}\"},\"query-input\":{\"@type\":\"PropertyValueSpecification\",\"valueRequired\":true,\"valueName\":\"search_term_string\"}}],\"inLanguage\":\"es\"},{\"@type\":\"Organization\",\"@id\":\"https:\/\/nevadawic.org\/es\/#organization\",\"name\":\"WIC de Nevada:\",\"url\":\"https:\/\/nevadawic.org\/es\/\",\"logo\":{\"@type\":\"ImageObject\",\"inLanguage\":\"es\",\"@id\":\"https:\/\/nevadawic.org\/es\/#\/schema\/logo\/image\/\",\"url\":\"https:\/\/nevadawic.org\/wp-content\/uploads\/2020\/07\/NV-Logo_Purple.jpg\",\"contentUrl\":\"https:\/\/nevadawic.org\/wp-content\/uploads\/2020\/07\/NV-Logo_Purple.jpg\",\"width\":970,\"height\":507,\"caption\":\"WIC de Nevada:\"},\"image\":{\"@id\":\"https:\/\/nevadawic.org\/es\/#\/schema\/logo\/image\/\"}}]}<\/script>\n<!-- \/ Yoast SEO plugin. -->","yoast_head_json":{"title":"Recursos Nutricionales - Nevada WIC","description":"Recursos en l\u00ednea Sitios Web de Informaci\u00f3n sobre Nutrici\u00f3n y Salud Academia de Nutrici\u00f3n y Diet\u00e9tica (AND) Academia de Nutrici\u00f3n y Diet\u00e9tica, formalmente","robots":{"index":"index","follow":"follow","max-snippet":"max-snippet:-1","max-image-preview":"max-image-preview:large","max-video-preview":"max-video-preview:-1"},"canonical":"https:\/\/nevadawic.org\/es\/recursos-nutricionales\/","og_locale":"es_ES","og_type":"article","og_title":"Recursos Nutricionales - Nevada WIC","og_description":"Recursos en l\u00ednea Sitios Web de Informaci\u00f3n sobre Nutrici\u00f3n y Salud Academia de Nutrici\u00f3n y Diet\u00e9tica (AND) Academia de Nutrici\u00f3n y Diet\u00e9tica, formalmente","og_url":"https:\/\/nevadawic.org\/es\/recursos-nutricionales\/","og_site_name":"Nevada WIC","article_modified_time":"2024-04-04T23:19:04+00:00","og_image":[{"width":805,"height":596,"url":"https:\/\/nevadawic.org\/wp-content\/uploads\/2020\/05\/VENDORS_HOMEPAGE_IMAGE.jpg","type":"image\/jpeg"}],"twitter_card":"summary_large_image","twitter_misc":{"Tiempo de lectura":"1 minuto"},"schema":{"@context":"https:\/\/schema.org","@graph":[{"@type":"WebPage","@id":"https:\/\/nevadawic.org\/es\/recursos-nutricionales\/","url":"https:\/\/nevadawic.org\/es\/recursos-nutricionales\/","name":"Recursos Nutricionales - Nevada WIC","isPartOf":{"@id":"https:\/\/nevadawic.org\/es\/#website"},"primaryImageOfPage":{"@id":"https:\/\/nevadawic.org\/es\/recursos-nutricionales\/#primaryimage"},"image":{"@id":"https:\/\/nevadawic.org\/es\/recursos-nutricionales\/#primaryimage"},"thumbnailUrl":"https:\/\/nevadawic.org\/wp-content\/uploads\/2020\/05\/VENDORS_HOMEPAGE_IMAGE.jpg","datePublished":"2023-02-02T18:30:42+00:00","dateModified":"2024-04-04T23:19:04+00:00","description":"Recursos en l\u00ednea Sitios Web de Informaci\u00f3n sobre Nutrici\u00f3n y Salud Academia de Nutrici\u00f3n y Diet\u00e9tica (AND) Academia de Nutrici\u00f3n y Diet\u00e9tica, formalmente","breadcrumb":{"@id":"https:\/\/nevadawic.org\/es\/recursos-nutricionales\/#breadcrumb"},"inLanguage":"es","potentialAction":[{"@type":"ReadAction","target":["https:\/\/nevadawic.org\/es\/recursos-nutricionales\/"]}]},{"@type":"ImageObject","inLanguage":"es","@id":"https:\/\/nevadawic.org\/es\/recursos-nutricionales\/#primaryimage","url":"https:\/\/nevadawic.org\/wp-content\/uploads\/2020\/05\/VENDORS_HOMEPAGE_IMAGE.jpg","contentUrl":"https:\/\/nevadawic.org\/wp-content\/uploads\/2020\/05\/VENDORS_HOMEPAGE_IMAGE.jpg","width":805,"height":596,"caption":"\u00a1Coma una variedad de frutas y verduras!"},{"@type":"BreadcrumbList","@id":"https:\/\/nevadawic.org\/es\/recursos-nutricionales\/#breadcrumb","itemListElement":[{"@type":"ListItem","position":1,"name":"Inicio","item":"https:\/\/nevadawic.org\/es\/"},{"@type":"ListItem","position":2,"name":"Recursos Nutricionales"}]},{"@type":"WebSite","@id":"https:\/\/nevadawic.org\/es\/#website","url":"https:\/\/nevadawic.org\/es\/","name":"Nevada WIC","description":"","publisher":{"@id":"https:\/\/nevadawic.org\/es\/#organization"},"potentialAction":[{"@type":"SearchAction","target":{"@type":"EntryPoint","urlTemplate":"https:\/\/nevadawic.org\/es\/?s={search_term_string}"},"query-input":{"@type":"PropertyValueSpecification","valueRequired":true,"valueName":"search_term_string"}}],"inLanguage":"es"},{"@type":"Organization","@id":"https:\/\/nevadawic.org\/es\/#organization","name":"WIC de Nevada:","url":"https:\/\/nevadawic.org\/es\/","logo":{"@type":"ImageObject","inLanguage":"es","@id":"https:\/\/nevadawic.org\/es\/#\/schema\/logo\/image\/","url":"https:\/\/nevadawic.org\/wp-content\/uploads\/2020\/07\/NV-Logo_Purple.jpg","contentUrl":"https:\/\/nevadawic.org\/wp-content\/uploads\/2020\/07\/NV-Logo_Purple.jpg","width":970,"height":507,"caption":"WIC de Nevada:"},"image":{"@id":"https:\/\/nevadawic.org\/es\/#\/schema\/logo\/image\/"}}]}},"_links":{"self":[{"href":"https:\/\/nevadawic.org\/es\/wp-json\/wp\/v2\/pages\/35133","targetHints":{"allow":["GET"]}}],"collection":[{"href":"https:\/\/nevadawic.org\/es\/wp-json\/wp\/v2\/pages"}],"about":[{"href":"https:\/\/nevadawic.org\/es\/wp-json\/wp\/v2\/types\/page"}],"author":[{"embeddable":true,"href":"https:\/\/nevadawic.org\/es\/wp-json\/wp\/v2\/users\/7"}],"replies":[{"embeddable":true,"href":"https:\/\/nevadawic.org\/es\/wp-json\/wp\/v2\/comments?post=35133"}],"version-history":[{"count":4,"href":"https:\/\/nevadawic.org\/es\/wp-json\/wp\/v2\/pages\/35133\/revisions"}],"predecessor-version":[{"id":35150,"href":"https:\/\/nevadawic.org\/es\/wp-json\/wp\/v2\/pages\/35133\/revisions\/35150"}],"wp:featuredmedia":[{"embeddable":true,"href":"https:\/\/nevadawic.org\/es\/wp-json\/wp\/v2\/media\/24671"}],"wp:attachment":[{"href":"https:\/\/nevadawic.org\/es\/wp-json\/wp\/v2\/media?parent=35133"}],"curies":[{"name":"wp","href":"https:\/\/api.w.org\/{rel}","templated":true}]}}