{"id":35342,"date":"2023-04-11T09:57:47","date_gmt":"2023-04-11T16:57:47","guid":{"rendered":"https:\/\/nevadawic.org\/lactancia-materna-mientras-tiene-enfermedades-o-condiciones-comunes\/"},"modified":"2024-04-17T12:13:31","modified_gmt":"2024-04-17T19:13:31","slug":"lactancia-materna-mientras-tiene-enfermedades-o-condiciones-comunes","status":"publish","type":"page","link":"https:\/\/nevadawic.org\/es\/lactancia-materna-mientras-tiene-enfermedades-o-condiciones-comunes\/","title":{"rendered":"Lactancia materna mientras tiene enfermedades o condiciones comunes"},"content":{"rendered":"<header>\n<h1>\n              Lactancia Materna Durante una Enfermedad o Condici\u00f3n Com\u00fan            <\/h1>\n<p>\n              WIC de Nevada ha colectado informaci\u00f3n para los padres acerca de la lactancia materna durante enfermedades comunes o ciertas condiciones de salud. Esta lista no incluye todas las condiciones o enfermedades, y no debe sustituir un asesoramiento m\u00e9dico. Hable con su proveedor de atenci\u00f3n m\u00e9dica sobre cualquier duda o inquietud que tenga sobre su salud.            <\/p>\n<\/header>\n<h2>Amamantando Mientras Tiene COVID-19<\/h2>\n<ul>\n<li><a href=\"https:\/\/www.bfmed.org\/abm-statement-coronavirus\">Academy of Breastfeeding Medicine:<\/a>\u00a0Declaraci\u00f3n sobre el COVID-19 y otros recursos.<\/li>\n<li><a href=\"https:\/\/www.acog.org\/womens-health\/faqs\/coronavirus-covid-19-pregnancy-and-breastfeeding#:~:text=Breastfeeding%20and%20Newborn%20Care%20Expand%20All&amp;text=Studies%20suggest%20that%20COVID%2D19,of%20nutrition%20for%20most%20babies.\">American College of Obstetricians and Gynocologists (ACOG)- COVID-19, el embarazo, nacimiento y la lactancia materna<\/a>: Informaci\u00f3n proporcionada por obstetras y ginec\u00f3logos acerca del COVID-19 durante el embarazo, nacimiento y lactancia para personas embarazadas o padres lactantes.<\/li>\n<li><a href=\"https:\/\/www.cdc.gov\/coronavirus\/2019-ncov\/communication\/toolkits\/pregnant-people-and-new-parents.html\">CDC- Kit de herramientas de COVID-19 para personas embarazas y padres primerizos:<\/a> Recursos y herramientas sobre el COVID-19 para que las personas embarazadas o padres lactantes cuiden a sus beb\u00e9s.<\/li>\n<li><a href=\"https:\/\/www.cdc.gov\/breastfeeding\/breastfeeding-special-circumstances\/maternal-or-infant-illnesses\/covid-19-and-breastfeeding.html\">CDC-COVID-19 y la lactancia materna:<\/a> Lista amplia de recursos para personas embarazadas, padres primerizos y proveedores de atenci\u00f3n m\u00e9dica.<\/li>\n<li>Office on Women&#8217;s Health<\/li>\n<li><a href=\"https:\/\/www.who.int\/news-room\/commentaries\/detail\/breastfeeding-and-covid-19\">Organizaci\u00f3n Mundial de la Salud- Amamantando y el COVID-19:<\/a> Recomendaciones generales para padres lactantes mientras tienen COVID-19.<\/li>\n<\/ul>\n<h2>Amamantando Mientras Tiene Influenza<\/h2>\n<ul>\n<li><a href=\"https:\/\/www.cdc.gov\/breastfeeding\/breastfeeding-special-circumstances\/maternal-or-infant-illnesses\/influenza.html\">CDC- Amamantando mientras tiene Influenza (Flu):<\/a> Gu\u00eda general para padres lactantes.<\/li>\n<li><a href=\"https:\/\/www.infantrisk.com\/content\/influenza-season-recommendations-pregnant-and-breastfeeding-mothers\">Infant Risk Center- Recomendaciones acerca de la Influenza Estacional para Mujeres Embarazadas o Lactantes:<\/a>\u00a0Informaci\u00f3n acerca de la influenza durante el embarazo o mientras amamanta y el tratamiento disponible para hablarlo con su proveedor de atenci\u00f3n m\u00e9dica.<\/li>\n<\/ul>\n<h2>Recursos Generales para la Lactancia Materna Mientras Tiene Enfermedades o Condiciones Comunes<\/h2>\n<ul>\n<li><a href=\"https:\/\/publications.aap.org\/pediatrics\/article\/150\/1\/e2022057988\/188347\/Policy-Statement-Breastfeeding-and-the-Use-of?autologincheck=redirected\">American Academy of Pediatrics- Declaraci\u00f3n de Pol\u00edticas: La Lactancia Materna y el Uso de la Leche Humana<\/a>: Recursos con gu\u00edas acerca de la lactancia materna mientras tiene alguna enfermedad, consume drogas o alcohol y otras consideraciones.<\/li>\n<li><a href=\"https:\/\/www.cdc.gov\/breastfeeding\/breastfeeding-special-circumstances\/maternal-or-infant-illnesses\/index.html\">CDC- Condiciones o enfermedades infantiles o maternas:<\/a> Lista de enfermedades y condiciones que podr\u00edan afectar a la lactancia materna.<\/li>\n<li><a href=\"https:\/\/www.infantrisk.com\/\">Infant Risk Center:<\/a> Informaci\u00f3n acerca de una variedad de enfermedades, vacunas y tratamientos relacionados para hablarlo con su proveedor de atenci\u00f3n m\u00e9dica.<\/li>\n<\/ul>\n<h2>Amamantando Mientras est\u00e1 Hospitalizado<\/h2>\n<ul>\n<li><a href=\"https:\/\/www.bfmed.org\/assets\/ABM%20protocol%2035%20Nov%202021.pdf\">Academy of Breastfeeding Medicine-Protocolo # 35- Apoyo a la Lactancia Materna durante la Hospitalizaci\u00f3n de la Madre o el Ni\u00f1o:<\/a>\u00a0Informaci\u00f3n general que le ayudar\u00e1 a proteger su fuente de leche.<\/li>\n<\/ul>\n<h2>Recomendaciones para Mantener su Extractor de Leche Limpio<\/h2>\n<ul>\n<li><a href=\"https:\/\/www.cdc.gov\/hygiene\/childcare\/breast-pump.html?CDC_AA_refVal=https%3A%2F%2Fwww.cdc.gov%2Fhealthywater%2Fhygiene%2Fhealthychildcare%2Finfantfeeding%2Fbreastpump.html\">CDC- C\u00f3mo Mantener Limpio el Extractor de Leche Materna: <\/a> Informaci\u00f3n detallada de c\u00f3mo limpiar su extractor de leche, adem\u00e1s de folletos imprimibles en espa\u00f1ol e ingl\u00e9s.<\/li>\n<\/ul>\n<h2>Alimentando a Beb\u00e9s o Ni\u00f1os Durante Emergencias<\/h2>\n<ul>\n<li><a href=\"https:\/\/www.cdc.gov\/nutrition\/emergencies-infant-feeding\/facts.html#:~:text=Breastfeeding%20is%20the%20safest%20way,require%20adding%20water%20for%20preparation.\">CDC- Datos sobre C\u00f3mo Alimentar a Infantes Durante una Emergencia:<\/a>\u00a0Gu\u00eda detallada de c\u00f3mo alimentar infantes y ni\u00f1os durante una emergencia o un desastre natural.<\/li>\n<li><a href=\"https:\/\/www.usbreastfeeding.org\/breastfeeding-in-emergencies.html\">United States Breastfeeding Committee (USBC)- Alimentar a Infantes y Ni\u00f1os en Emergencias:<\/a>\u00a0Gu\u00eda de recursos acerca de c\u00f3mo alimentar a un infante o ni\u00f1o durante una emergencia o un desastre natural.<\/li>\n<\/ul>\n","protected":false},"excerpt":{"rendered":"<p>Lactancia Materna Durante una Enfermedad o Condici\u00f3n Com\u00fan WIC de Nevada ha colectado informaci\u00f3n para los padres acerca&hellip;<\/p>\n","protected":false},"author":6,"featured_media":0,"parent":0,"menu_order":0,"comment_status":"closed","ping_status":"closed","template":"","meta":{"_acf_changed":false,"protect_children":false,"footnotes":""},"class_list":["post-35342","page","type-page","status-publish","hentry"],"acf":[],"yoast_head":"<!-- This site is optimized with the Yoast SEO plugin v27.4 - https:\/\/yoast.com\/product\/yoast-seo-wordpress\/ -->\n<title>Lactancia materna mientras tiene enfermedades o condiciones comunes - Nevada WIC<\/title>\n<meta name=\"description\" content=\"Lactancia Materna Durante una Enfermedad o Condici\u00f3n Com\u00fan WIC de Nevada ha colectado informaci\u00f3n para los padres acerca de la lactancia materna durante\" \/>\n<meta name=\"robots\" content=\"index, follow, max-snippet:-1, max-image-preview:large, max-video-preview:-1\" \/>\n<link rel=\"canonical\" href=\"https:\/\/nevadawic.org\/es\/lactancia-materna-mientras-tiene-enfermedades-o-condiciones-comunes\/\" \/>\n<meta property=\"og:locale\" content=\"es_ES\" \/>\n<meta property=\"og:type\" content=\"article\" \/>\n<meta property=\"og:title\" content=\"Lactancia materna mientras tiene enfermedades o condiciones comunes - Nevada WIC\" \/>\n<meta property=\"og:description\" content=\"Lactancia Materna Durante una Enfermedad o Condici\u00f3n Com\u00fan WIC de Nevada ha colectado informaci\u00f3n para los padres acerca de la lactancia materna durante\" \/>\n<meta property=\"og:url\" content=\"https:\/\/nevadawic.org\/es\/lactancia-materna-mientras-tiene-enfermedades-o-condiciones-comunes\/\" \/>\n<meta property=\"og:site_name\" content=\"Nevada WIC\" \/>\n<meta property=\"article:modified_time\" content=\"2024-04-17T19:13:31+00:00\" \/>\n<meta property=\"og:image\" content=\"https:\/\/nevadawic.org\/wp-content\/uploads\/2020\/07\/nwic-og-image.jpg\" \/>\n\t<meta property=\"og:image:width\" content=\"1200\" \/>\n\t<meta property=\"og:image:height\" content=\"630\" \/>\n\t<meta property=\"og:image:type\" content=\"image\/jpeg\" \/>\n<meta name=\"twitter:card\" content=\"summary_large_image\" \/>\n<meta name=\"twitter:label1\" content=\"Tiempo de lectura\" \/>\n\t<meta name=\"twitter:data1\" content=\"3 minutos\" \/>\n<script type=\"application\/ld+json\" class=\"yoast-schema-graph\">{\"@context\":\"https:\\\/\\\/schema.org\",\"@graph\":[{\"@type\":\"WebPage\",\"@id\":\"https:\\\/\\\/nevadawic.org\\\/es\\\/lactancia-materna-mientras-tiene-enfermedades-o-condiciones-comunes\\\/\",\"url\":\"https:\\\/\\\/nevadawic.org\\\/es\\\/lactancia-materna-mientras-tiene-enfermedades-o-condiciones-comunes\\\/\",\"name\":\"Lactancia materna mientras tiene enfermedades o condiciones comunes - Nevada WIC\",\"isPartOf\":{\"@id\":\"https:\\\/\\\/nevadawic.org\\\/es\\\/#website\"},\"datePublished\":\"2023-04-11T16:57:47+00:00\",\"dateModified\":\"2024-04-17T19:13:31+00:00\",\"description\":\"Lactancia Materna Durante una Enfermedad o Condici\u00f3n Com\u00fan WIC de Nevada ha colectado informaci\u00f3n para los padres acerca de la lactancia materna durante\",\"breadcrumb\":{\"@id\":\"https:\\\/\\\/nevadawic.org\\\/es\\\/lactancia-materna-mientras-tiene-enfermedades-o-condiciones-comunes\\\/#breadcrumb\"},\"inLanguage\":\"es\",\"potentialAction\":[{\"@type\":\"ReadAction\",\"target\":[\"https:\\\/\\\/nevadawic.org\\\/es\\\/lactancia-materna-mientras-tiene-enfermedades-o-condiciones-comunes\\\/\"]}]},{\"@type\":\"BreadcrumbList\",\"@id\":\"https:\\\/\\\/nevadawic.org\\\/es\\\/lactancia-materna-mientras-tiene-enfermedades-o-condiciones-comunes\\\/#breadcrumb\",\"itemListElement\":[{\"@type\":\"ListItem\",\"position\":1,\"name\":\"Inicio\",\"item\":\"https:\\\/\\\/nevadawic.org\\\/es\\\/\"},{\"@type\":\"ListItem\",\"position\":2,\"name\":\"Lactancia materna mientras tiene enfermedades o condiciones comunes\"}]},{\"@type\":\"WebSite\",\"@id\":\"https:\\\/\\\/nevadawic.org\\\/es\\\/#website\",\"url\":\"https:\\\/\\\/nevadawic.org\\\/es\\\/\",\"name\":\"Nevada WIC\",\"description\":\"\",\"publisher\":{\"@id\":\"https:\\\/\\\/nevadawic.org\\\/es\\\/#organization\"},\"potentialAction\":[{\"@type\":\"SearchAction\",\"target\":{\"@type\":\"EntryPoint\",\"urlTemplate\":\"https:\\\/\\\/nevadawic.org\\\/es\\\/?s={search_term_string}\"},\"query-input\":{\"@type\":\"PropertyValueSpecification\",\"valueRequired\":true,\"valueName\":\"search_term_string\"}}],\"inLanguage\":\"es\"},{\"@type\":\"Organization\",\"@id\":\"https:\\\/\\\/nevadawic.org\\\/es\\\/#organization\",\"name\":\"WIC de Nevada:\",\"url\":\"https:\\\/\\\/nevadawic.org\\\/es\\\/\",\"logo\":{\"@type\":\"ImageObject\",\"inLanguage\":\"es\",\"@id\":\"https:\\\/\\\/nevadawic.org\\\/es\\\/#\\\/schema\\\/logo\\\/image\\\/\",\"url\":\"https:\\\/\\\/nevadawic.org\\\/wp-content\\\/uploads\\\/2020\\\/07\\\/NV-Logo_Purple.jpg\",\"contentUrl\":\"https:\\\/\\\/nevadawic.org\\\/wp-content\\\/uploads\\\/2020\\\/07\\\/NV-Logo_Purple.jpg\",\"width\":970,\"height\":507,\"caption\":\"WIC de Nevada:\"},\"image\":{\"@id\":\"https:\\\/\\\/nevadawic.org\\\/es\\\/#\\\/schema\\\/logo\\\/image\\\/\"}}]}<\/script>\n<!-- \/ Yoast SEO plugin. -->","yoast_head_json":{"title":"Lactancia materna mientras tiene enfermedades o condiciones comunes - Nevada WIC","description":"Lactancia Materna Durante una Enfermedad o Condici\u00f3n Com\u00fan WIC de Nevada ha colectado informaci\u00f3n para los padres acerca de la lactancia materna durante","robots":{"index":"index","follow":"follow","max-snippet":"max-snippet:-1","max-image-preview":"max-image-preview:large","max-video-preview":"max-video-preview:-1"},"canonical":"https:\/\/nevadawic.org\/es\/lactancia-materna-mientras-tiene-enfermedades-o-condiciones-comunes\/","og_locale":"es_ES","og_type":"article","og_title":"Lactancia materna mientras tiene enfermedades o condiciones comunes - Nevada WIC","og_description":"Lactancia Materna Durante una Enfermedad o Condici\u00f3n Com\u00fan WIC de Nevada ha colectado informaci\u00f3n para los padres acerca de la lactancia materna durante","og_url":"https:\/\/nevadawic.org\/es\/lactancia-materna-mientras-tiene-enfermedades-o-condiciones-comunes\/","og_site_name":"Nevada WIC","article_modified_time":"2024-04-17T19:13:31+00:00","og_image":[{"width":1200,"height":630,"url":"https:\/\/nevadawic.org\/wp-content\/uploads\/2020\/07\/nwic-og-image.jpg","type":"image\/jpeg"}],"twitter_card":"summary_large_image","twitter_misc":{"Tiempo de lectura":"3 minutos"},"schema":{"@context":"https:\/\/schema.org","@graph":[{"@type":"WebPage","@id":"https:\/\/nevadawic.org\/es\/lactancia-materna-mientras-tiene-enfermedades-o-condiciones-comunes\/","url":"https:\/\/nevadawic.org\/es\/lactancia-materna-mientras-tiene-enfermedades-o-condiciones-comunes\/","name":"Lactancia materna mientras tiene enfermedades o condiciones comunes - Nevada WIC","isPartOf":{"@id":"https:\/\/nevadawic.org\/es\/#website"},"datePublished":"2023-04-11T16:57:47+00:00","dateModified":"2024-04-17T19:13:31+00:00","description":"Lactancia Materna Durante una Enfermedad o Condici\u00f3n Com\u00fan WIC de Nevada ha colectado informaci\u00f3n para los padres acerca de la lactancia materna durante","breadcrumb":{"@id":"https:\/\/nevadawic.org\/es\/lactancia-materna-mientras-tiene-enfermedades-o-condiciones-comunes\/#breadcrumb"},"inLanguage":"es","potentialAction":[{"@type":"ReadAction","target":["https:\/\/nevadawic.org\/es\/lactancia-materna-mientras-tiene-enfermedades-o-condiciones-comunes\/"]}]},{"@type":"BreadcrumbList","@id":"https:\/\/nevadawic.org\/es\/lactancia-materna-mientras-tiene-enfermedades-o-condiciones-comunes\/#breadcrumb","itemListElement":[{"@type":"ListItem","position":1,"name":"Inicio","item":"https:\/\/nevadawic.org\/es\/"},{"@type":"ListItem","position":2,"name":"Lactancia materna mientras tiene enfermedades o condiciones comunes"}]},{"@type":"WebSite","@id":"https:\/\/nevadawic.org\/es\/#website","url":"https:\/\/nevadawic.org\/es\/","name":"Nevada WIC","description":"","publisher":{"@id":"https:\/\/nevadawic.org\/es\/#organization"},"potentialAction":[{"@type":"SearchAction","target":{"@type":"EntryPoint","urlTemplate":"https:\/\/nevadawic.org\/es\/?s={search_term_string}"},"query-input":{"@type":"PropertyValueSpecification","valueRequired":true,"valueName":"search_term_string"}}],"inLanguage":"es"},{"@type":"Organization","@id":"https:\/\/nevadawic.org\/es\/#organization","name":"WIC de Nevada:","url":"https:\/\/nevadawic.org\/es\/","logo":{"@type":"ImageObject","inLanguage":"es","@id":"https:\/\/nevadawic.org\/es\/#\/schema\/logo\/image\/","url":"https:\/\/nevadawic.org\/wp-content\/uploads\/2020\/07\/NV-Logo_Purple.jpg","contentUrl":"https:\/\/nevadawic.org\/wp-content\/uploads\/2020\/07\/NV-Logo_Purple.jpg","width":970,"height":507,"caption":"WIC de Nevada:"},"image":{"@id":"https:\/\/nevadawic.org\/es\/#\/schema\/logo\/image\/"}}]}},"_links":{"self":[{"href":"https:\/\/nevadawic.org\/es\/wp-json\/wp\/v2\/pages\/35342","targetHints":{"allow":["GET"]}}],"collection":[{"href":"https:\/\/nevadawic.org\/es\/wp-json\/wp\/v2\/pages"}],"about":[{"href":"https:\/\/nevadawic.org\/es\/wp-json\/wp\/v2\/types\/page"}],"author":[{"embeddable":true,"href":"https:\/\/nevadawic.org\/es\/wp-json\/wp\/v2\/users\/6"}],"replies":[{"embeddable":true,"href":"https:\/\/nevadawic.org\/es\/wp-json\/wp\/v2\/comments?post=35342"}],"version-history":[{"count":28,"href":"https:\/\/nevadawic.org\/es\/wp-json\/wp\/v2\/pages\/35342\/revisions"}],"predecessor-version":[{"id":35468,"href":"https:\/\/nevadawic.org\/es\/wp-json\/wp\/v2\/pages\/35342\/revisions\/35468"}],"wp:attachment":[{"href":"https:\/\/nevadawic.org\/es\/wp-json\/wp\/v2\/media?parent=35342"}],"curies":[{"name":"wp","href":"https:\/\/api.w.org\/{rel}","templated":true}]}}