{"id":35352,"date":"2023-07-28T12:37:07","date_gmt":"2023-07-28T19:37:07","guid":{"rendered":"https:\/\/nevadawic.org\/kits-prenatales-de-herramientas-para-la-lactancia\/"},"modified":"2024-05-06T08:59:06","modified_gmt":"2024-05-06T15:59:06","slug":"kits-prenatales-de-herramientas-para-la-lactancia","status":"publish","type":"page","link":"https:\/\/nevadawic.org\/es\/kits-prenatales-de-herramientas-para-la-lactancia\/","title":{"rendered":"Kits Prenatales de Herramientas para la Lactancia Materna"},"content":{"rendered":"<p>Estos kits prenatales de herramientas para la lactancia materna incluyen puntos de conversaci\u00f3n para cuando los proveedores de atenci\u00f3n m\u00e9dica hablan con pacientes prenatales sobre la lactancia materna, y los dirigen a videos del <a href=\"https:\/\/globalhealthmedia.org\/topic\/breastfeeding\/\">Global Health Media Project<\/a> sobre el dolor en los pezones, la posici\u00f3n, c\u00f3mo extraer la leche, amamantando durante la primera hora y si el beb\u00e9 est\u00e1 recibiendo lo suficiente. Estos kits de herramientas fueron creados por el Asian Southeast Asian Pacific Islander Taskforce (ASAP!) y el Asian Health Services (AHS) del Condado de Alameda, California, con fondos del National Association of County and City Health Officials (NACCHO) bajo los fondos# 2021-112201. WIC de Nevada agradece a ASAP! y a AHS por crear esta educaci\u00f3n y por permitirnos compartir estos recursos con usted.<\/p>\n<p><a href=\"https:\/\/nevadawic.org\/wp-content\/uploads\/2023\/07\/AHS-Toolkit-English-FINAL.pdf\">Ingl\u00e9s- Kit de herramientas para la lactancia materna del AHS<\/a><\/p>\n<p><a href=\"https:\/\/nevadawic.org\/wp-content\/uploads\/2023\/07\/AHS-Toolkit-Chinese-FINAL.pdf\">Chino- Kit de herramientas para la lactancia materna del AHS<\/a><\/p>\n<p><a href=\"https:\/\/nevadawic.org\/wp-content\/uploads\/2023\/07\/AHS-Toolkit-Vietnamese-FINAL.pdf\">Vietnamita- Kit de herramientas para la lactancia materna del AHS<\/a><\/p>\n","protected":false},"excerpt":{"rendered":"<p>Estos kits prenatales de herramientas para la lactancia materna incluyen puntos de conversaci\u00f3n para cuando los proveedores de&hellip;<\/p>\n","protected":false},"author":6,"featured_media":31596,"parent":0,"menu_order":0,"comment_status":"closed","ping_status":"closed","template":"","meta":{"_acf_changed":false,"protect_children":false,"footnotes":""},"class_list":["post-35352","page","type-page","status-publish","has-post-thumbnail","hentry"],"acf":[],"yoast_head":"<!-- This site is optimized with the Yoast SEO plugin v27.4 - https:\/\/yoast.com\/product\/yoast-seo-wordpress\/ -->\n<title>Kits Prenatales de Herramientas para la Lactancia Materna - Nevada WIC<\/title>\n<meta name=\"description\" content=\"Estos kits prenatales de herramientas para la lactancia materna incluyen puntos de conversaci\u00f3n para cuando los proveedores de atenci\u00f3n m\u00e9dica hablan con\" \/>\n<meta name=\"robots\" content=\"index, follow, max-snippet:-1, max-image-preview:large, max-video-preview:-1\" \/>\n<link rel=\"canonical\" href=\"https:\/\/nevadawic.org\/es\/kits-prenatales-de-herramientas-para-la-lactancia\/\" \/>\n<meta property=\"og:locale\" content=\"es_ES\" \/>\n<meta property=\"og:type\" content=\"article\" \/>\n<meta property=\"og:title\" content=\"Kits Prenatales de Herramientas para la Lactancia Materna - Nevada WIC\" \/>\n<meta property=\"og:description\" content=\"Estos kits prenatales de herramientas para la lactancia materna incluyen puntos de conversaci\u00f3n para cuando los proveedores de atenci\u00f3n m\u00e9dica hablan con\" \/>\n<meta property=\"og:url\" content=\"https:\/\/nevadawic.org\/es\/kits-prenatales-de-herramientas-para-la-lactancia\/\" \/>\n<meta property=\"og:site_name\" content=\"Nevada WIC\" \/>\n<meta property=\"article:modified_time\" content=\"2024-05-06T15:59:06+00:00\" \/>\n<meta property=\"og:image\" content=\"https:\/\/nevadawic.org\/wp-content\/uploads\/2023\/07\/shutterstock_1320831944-1-scaled.jpg\" \/>\n\t<meta property=\"og:image:width\" content=\"2560\" \/>\n\t<meta property=\"og:image:height\" content=\"1710\" \/>\n\t<meta property=\"og:image:type\" content=\"image\/jpeg\" \/>\n<meta name=\"twitter:card\" content=\"summary_large_image\" \/>\n<meta name=\"twitter:label1\" content=\"Tiempo de lectura\" \/>\n\t<meta name=\"twitter:data1\" content=\"1 minuto\" \/>\n<script type=\"application\/ld+json\" class=\"yoast-schema-graph\">{\"@context\":\"https:\\\/\\\/schema.org\",\"@graph\":[{\"@type\":\"WebPage\",\"@id\":\"https:\\\/\\\/nevadawic.org\\\/es\\\/kits-prenatales-de-herramientas-para-la-lactancia\\\/\",\"url\":\"https:\\\/\\\/nevadawic.org\\\/es\\\/kits-prenatales-de-herramientas-para-la-lactancia\\\/\",\"name\":\"Kits Prenatales de Herramientas para la Lactancia Materna - Nevada WIC\",\"isPartOf\":{\"@id\":\"https:\\\/\\\/nevadawic.org\\\/es\\\/#website\"},\"primaryImageOfPage\":{\"@id\":\"https:\\\/\\\/nevadawic.org\\\/es\\\/kits-prenatales-de-herramientas-para-la-lactancia\\\/#primaryimage\"},\"image\":{\"@id\":\"https:\\\/\\\/nevadawic.org\\\/es\\\/kits-prenatales-de-herramientas-para-la-lactancia\\\/#primaryimage\"},\"thumbnailUrl\":\"https:\\\/\\\/nevadawic.org\\\/wp-content\\\/uploads\\\/2023\\\/07\\\/shutterstock_1320831944-1-scaled.jpg\",\"datePublished\":\"2023-07-28T19:37:07+00:00\",\"dateModified\":\"2024-05-06T15:59:06+00:00\",\"description\":\"Estos kits prenatales de herramientas para la lactancia materna incluyen puntos de conversaci\u00f3n para cuando los proveedores de atenci\u00f3n m\u00e9dica hablan con\",\"breadcrumb\":{\"@id\":\"https:\\\/\\\/nevadawic.org\\\/es\\\/kits-prenatales-de-herramientas-para-la-lactancia\\\/#breadcrumb\"},\"inLanguage\":\"es\",\"potentialAction\":[{\"@type\":\"ReadAction\",\"target\":[\"https:\\\/\\\/nevadawic.org\\\/es\\\/kits-prenatales-de-herramientas-para-la-lactancia\\\/\"]}]},{\"@type\":\"ImageObject\",\"inLanguage\":\"es\",\"@id\":\"https:\\\/\\\/nevadawic.org\\\/es\\\/kits-prenatales-de-herramientas-para-la-lactancia\\\/#primaryimage\",\"url\":\"https:\\\/\\\/nevadawic.org\\\/wp-content\\\/uploads\\\/2023\\\/07\\\/shutterstock_1320831944-1-scaled.jpg\",\"contentUrl\":\"https:\\\/\\\/nevadawic.org\\\/wp-content\\\/uploads\\\/2023\\\/07\\\/shutterstock_1320831944-1-scaled.jpg\",\"width\":2560,\"height\":1710},{\"@type\":\"BreadcrumbList\",\"@id\":\"https:\\\/\\\/nevadawic.org\\\/es\\\/kits-prenatales-de-herramientas-para-la-lactancia\\\/#breadcrumb\",\"itemListElement\":[{\"@type\":\"ListItem\",\"position\":1,\"name\":\"Inicio\",\"item\":\"https:\\\/\\\/nevadawic.org\\\/es\\\/\"},{\"@type\":\"ListItem\",\"position\":2,\"name\":\"Kits Prenatales de Herramientas para la Lactancia Materna\"}]},{\"@type\":\"WebSite\",\"@id\":\"https:\\\/\\\/nevadawic.org\\\/es\\\/#website\",\"url\":\"https:\\\/\\\/nevadawic.org\\\/es\\\/\",\"name\":\"Nevada WIC\",\"description\":\"\",\"publisher\":{\"@id\":\"https:\\\/\\\/nevadawic.org\\\/es\\\/#organization\"},\"potentialAction\":[{\"@type\":\"SearchAction\",\"target\":{\"@type\":\"EntryPoint\",\"urlTemplate\":\"https:\\\/\\\/nevadawic.org\\\/es\\\/?s={search_term_string}\"},\"query-input\":{\"@type\":\"PropertyValueSpecification\",\"valueRequired\":true,\"valueName\":\"search_term_string\"}}],\"inLanguage\":\"es\"},{\"@type\":\"Organization\",\"@id\":\"https:\\\/\\\/nevadawic.org\\\/es\\\/#organization\",\"name\":\"WIC de Nevada:\",\"url\":\"https:\\\/\\\/nevadawic.org\\\/es\\\/\",\"logo\":{\"@type\":\"ImageObject\",\"inLanguage\":\"es\",\"@id\":\"https:\\\/\\\/nevadawic.org\\\/es\\\/#\\\/schema\\\/logo\\\/image\\\/\",\"url\":\"https:\\\/\\\/nevadawic.org\\\/wp-content\\\/uploads\\\/2020\\\/07\\\/NV-Logo_Purple.jpg\",\"contentUrl\":\"https:\\\/\\\/nevadawic.org\\\/wp-content\\\/uploads\\\/2020\\\/07\\\/NV-Logo_Purple.jpg\",\"width\":970,\"height\":507,\"caption\":\"WIC de Nevada:\"},\"image\":{\"@id\":\"https:\\\/\\\/nevadawic.org\\\/es\\\/#\\\/schema\\\/logo\\\/image\\\/\"}}]}<\/script>\n<!-- \/ Yoast SEO plugin. -->","yoast_head_json":{"title":"Kits Prenatales de Herramientas para la Lactancia Materna - Nevada WIC","description":"Estos kits prenatales de herramientas para la lactancia materna incluyen puntos de conversaci\u00f3n para cuando los proveedores de atenci\u00f3n m\u00e9dica hablan con","robots":{"index":"index","follow":"follow","max-snippet":"max-snippet:-1","max-image-preview":"max-image-preview:large","max-video-preview":"max-video-preview:-1"},"canonical":"https:\/\/nevadawic.org\/es\/kits-prenatales-de-herramientas-para-la-lactancia\/","og_locale":"es_ES","og_type":"article","og_title":"Kits Prenatales de Herramientas para la Lactancia Materna - Nevada WIC","og_description":"Estos kits prenatales de herramientas para la lactancia materna incluyen puntos de conversaci\u00f3n para cuando los proveedores de atenci\u00f3n m\u00e9dica hablan con","og_url":"https:\/\/nevadawic.org\/es\/kits-prenatales-de-herramientas-para-la-lactancia\/","og_site_name":"Nevada WIC","article_modified_time":"2024-05-06T15:59:06+00:00","og_image":[{"width":2560,"height":1710,"url":"https:\/\/nevadawic.org\/wp-content\/uploads\/2023\/07\/shutterstock_1320831944-1-scaled.jpg","type":"image\/jpeg"}],"twitter_card":"summary_large_image","twitter_misc":{"Tiempo de lectura":"1 minuto"},"schema":{"@context":"https:\/\/schema.org","@graph":[{"@type":"WebPage","@id":"https:\/\/nevadawic.org\/es\/kits-prenatales-de-herramientas-para-la-lactancia\/","url":"https:\/\/nevadawic.org\/es\/kits-prenatales-de-herramientas-para-la-lactancia\/","name":"Kits Prenatales de Herramientas para la Lactancia Materna - Nevada WIC","isPartOf":{"@id":"https:\/\/nevadawic.org\/es\/#website"},"primaryImageOfPage":{"@id":"https:\/\/nevadawic.org\/es\/kits-prenatales-de-herramientas-para-la-lactancia\/#primaryimage"},"image":{"@id":"https:\/\/nevadawic.org\/es\/kits-prenatales-de-herramientas-para-la-lactancia\/#primaryimage"},"thumbnailUrl":"https:\/\/nevadawic.org\/wp-content\/uploads\/2023\/07\/shutterstock_1320831944-1-scaled.jpg","datePublished":"2023-07-28T19:37:07+00:00","dateModified":"2024-05-06T15:59:06+00:00","description":"Estos kits prenatales de herramientas para la lactancia materna incluyen puntos de conversaci\u00f3n para cuando los proveedores de atenci\u00f3n m\u00e9dica hablan con","breadcrumb":{"@id":"https:\/\/nevadawic.org\/es\/kits-prenatales-de-herramientas-para-la-lactancia\/#breadcrumb"},"inLanguage":"es","potentialAction":[{"@type":"ReadAction","target":["https:\/\/nevadawic.org\/es\/kits-prenatales-de-herramientas-para-la-lactancia\/"]}]},{"@type":"ImageObject","inLanguage":"es","@id":"https:\/\/nevadawic.org\/es\/kits-prenatales-de-herramientas-para-la-lactancia\/#primaryimage","url":"https:\/\/nevadawic.org\/wp-content\/uploads\/2023\/07\/shutterstock_1320831944-1-scaled.jpg","contentUrl":"https:\/\/nevadawic.org\/wp-content\/uploads\/2023\/07\/shutterstock_1320831944-1-scaled.jpg","width":2560,"height":1710},{"@type":"BreadcrumbList","@id":"https:\/\/nevadawic.org\/es\/kits-prenatales-de-herramientas-para-la-lactancia\/#breadcrumb","itemListElement":[{"@type":"ListItem","position":1,"name":"Inicio","item":"https:\/\/nevadawic.org\/es\/"},{"@type":"ListItem","position":2,"name":"Kits Prenatales de Herramientas para la Lactancia Materna"}]},{"@type":"WebSite","@id":"https:\/\/nevadawic.org\/es\/#website","url":"https:\/\/nevadawic.org\/es\/","name":"Nevada WIC","description":"","publisher":{"@id":"https:\/\/nevadawic.org\/es\/#organization"},"potentialAction":[{"@type":"SearchAction","target":{"@type":"EntryPoint","urlTemplate":"https:\/\/nevadawic.org\/es\/?s={search_term_string}"},"query-input":{"@type":"PropertyValueSpecification","valueRequired":true,"valueName":"search_term_string"}}],"inLanguage":"es"},{"@type":"Organization","@id":"https:\/\/nevadawic.org\/es\/#organization","name":"WIC de Nevada:","url":"https:\/\/nevadawic.org\/es\/","logo":{"@type":"ImageObject","inLanguage":"es","@id":"https:\/\/nevadawic.org\/es\/#\/schema\/logo\/image\/","url":"https:\/\/nevadawic.org\/wp-content\/uploads\/2020\/07\/NV-Logo_Purple.jpg","contentUrl":"https:\/\/nevadawic.org\/wp-content\/uploads\/2020\/07\/NV-Logo_Purple.jpg","width":970,"height":507,"caption":"WIC de Nevada:"},"image":{"@id":"https:\/\/nevadawic.org\/es\/#\/schema\/logo\/image\/"}}]}},"_links":{"self":[{"href":"https:\/\/nevadawic.org\/es\/wp-json\/wp\/v2\/pages\/35352","targetHints":{"allow":["GET"]}}],"collection":[{"href":"https:\/\/nevadawic.org\/es\/wp-json\/wp\/v2\/pages"}],"about":[{"href":"https:\/\/nevadawic.org\/es\/wp-json\/wp\/v2\/types\/page"}],"author":[{"embeddable":true,"href":"https:\/\/nevadawic.org\/es\/wp-json\/wp\/v2\/users\/6"}],"replies":[{"embeddable":true,"href":"https:\/\/nevadawic.org\/es\/wp-json\/wp\/v2\/comments?post=35352"}],"version-history":[{"count":4,"href":"https:\/\/nevadawic.org\/es\/wp-json\/wp\/v2\/pages\/35352\/revisions"}],"predecessor-version":[{"id":35657,"href":"https:\/\/nevadawic.org\/es\/wp-json\/wp\/v2\/pages\/35352\/revisions\/35657"}],"wp:featuredmedia":[{"embeddable":true,"href":"https:\/\/nevadawic.org\/es\/wp-json\/wp\/v2\/media\/31596"}],"wp:attachment":[{"href":"https:\/\/nevadawic.org\/es\/wp-json\/wp\/v2\/media?parent=35352"}],"curies":[{"name":"wp","href":"https:\/\/api.w.org\/{rel}","templated":true}]}}