{"id":35369,"date":"2023-04-03T16:07:24","date_gmt":"2023-04-03T23:07:24","guid":{"rendered":"https:\/\/nevadawic.org\/recursos-de-educacion-continua-para-medicos\/"},"modified":"2024-04-19T09:57:39","modified_gmt":"2024-04-19T16:57:39","slug":"recursos-de-educacion-continua-para-medicos","status":"publish","type":"page","link":"https:\/\/nevadawic.org\/es\/recursos-de-educacion-continua-para-medicos\/","title":{"rendered":"Recursos de Educaci\u00f3n Continua para M\u00e9dicos"},"content":{"rendered":"<p><strong>Gold Learning<\/strong><\/p>\n<ul>\n<li>Recurso excepcional que anualmente ofrece una conferencia en l\u00ednea que cubre una gran variedad de temas acerca de la lactancia, parteras e investigaciones prenatales actuales. Incluye Educaci\u00f3n M\u00e9dica Continua (CMEs); el costo var\u00eda dependiendo del paquete comprado. Acceso: <a href=\"https:\/\/www.goldlactation.com\/\">GOLD Learning<\/a><\/li>\n<\/ul>\n<p><strong>M\u00f3dulo IPE de Inspire Health<\/strong><\/p>\n<ul>\n<li>Los m\u00f3dulos eLearning Inter-Professional Education (IPE) de Inspire Health ofrecen informaci\u00f3n gratuita sobre las metas nacionales de lactancia materna, beneficios de la lactancia materna basados en evidencia cient\u00edfica, y c\u00f3mo promover resultados \u00f3ptimos de salud materna e infantil. Aquellos interesados en obtener cr\u00e9ditos de CE, tendr\u00e1n que acceder la plataforma HighMarksCE para recibir 3.5 CEs por $85. El m\u00f3dulo no se puede pausar cuando lo comience; aseg\u00farese de tener suficiente tiempo para completarlo. Acceso: <a href=\"https:\/\/breastfeeding.inspire-health.org\/global\/\">M\u00f3dulos INSPIRE IPE<\/a><\/li>\n<\/ul>\n<p><strong>Recursos Educativos de Lactancia Materna<\/strong><\/p>\n<ul>\n<li>Ofrece una variedad de cursos con CME&#8217;s para profesionales interesados en obtener credenciales de IBCLC, como cursos individuales en temas de lactancia, desde el aumento lento de peso hasta la mastitis y alimentaci\u00f3n de m\u00faltiples. Los costos var\u00edan dependiendo del paquete o curso seleccionado. Acceso: <a href=\"https:\/\/www.lactationtraining.com\/physicians\">Entrenamiento LER para M\u00e9dicos<\/a><\/li>\n<\/ul>\n<p><strong>Michigan Breastfeeding Network<\/strong><\/p>\n<ul>\n<li>La Red de Lactancia Materna de Michigan es una organizaci\u00f3n 501C3 que aboga, educa y trabaja para construir una comunidad junto con familias y organizaciones para el avance de una cultura equitativa, justa y que apoye la lactancia materna. Ofrece una variedad de seminarios de web GRATUITOS de 1 hora sobre la lactancia y salud materna en su sitio web. Ofrece L-CERPS, horas de contacto de enfermer\u00eda, CME y m\u00e1s. Una vez registrado para un seminario web, debe completarlo en ese momento. Acceso: <a href=\"https:\/\/mibreastfeeding.org\/webinars\/\">Seminarios en l\u00ednea del Michigan Breastfeeding Network<\/a><\/li>\n<\/ul>\n<p><strong>Universidad en Albany, State University of New York<\/strong><\/p>\n<ul>\n<li>El Center for Public Health Continuing Education ofrece cuatro seminarios en l\u00ednea acerca de la lactancia materna a nivel prenatal, de hospital y posparto. Ofrece cuatro CMEs en total sin costo alguno. Acceso: <a href=\"http:\/\/University%20of%20Albany\">University of Albany Breastfeeding Modules<\/a><\/li>\n<\/ul>\n","protected":false},"excerpt":{"rendered":"<p>Gold Learning Recurso excepcional que anualmente ofrece una conferencia en l\u00ednea que cubre una gran variedad de temas&hellip;<\/p>\n","protected":false},"author":6,"featured_media":24576,"parent":0,"menu_order":0,"comment_status":"closed","ping_status":"closed","template":"","meta":{"_acf_changed":false,"protect_children":false,"footnotes":""},"class_list":["post-35369","page","type-page","status-publish","has-post-thumbnail","hentry"],"acf":[],"yoast_head":"<!-- This site is optimized with the Yoast SEO plugin v27.4 - https:\/\/yoast.com\/product\/yoast-seo-wordpress\/ -->\n<title>Recursos de Educaci\u00f3n Continua para M\u00e9dicos - Nevada WIC<\/title>\n<meta name=\"description\" content=\"Gold Learning Recurso excepcional que anualmente ofrece una conferencia en l\u00ednea que cubre una gran variedad de temas acerca de la lactancia, parteras e\" \/>\n<meta name=\"robots\" content=\"index, follow, max-snippet:-1, max-image-preview:large, max-video-preview:-1\" \/>\n<link rel=\"canonical\" href=\"https:\/\/nevadawic.org\/es\/recursos-de-educacion-continua-para-medicos\/\" \/>\n<meta property=\"og:locale\" content=\"es_ES\" \/>\n<meta property=\"og:type\" content=\"article\" \/>\n<meta property=\"og:title\" content=\"Recursos de Educaci\u00f3n Continua para M\u00e9dicos - Nevada WIC\" \/>\n<meta property=\"og:description\" content=\"Gold Learning Recurso excepcional que anualmente ofrece una conferencia en l\u00ednea que cubre una gran variedad de temas acerca de la lactancia, parteras e\" \/>\n<meta property=\"og:url\" content=\"https:\/\/nevadawic.org\/es\/recursos-de-educacion-continua-para-medicos\/\" \/>\n<meta property=\"og:site_name\" content=\"Nevada WIC\" \/>\n<meta property=\"article:modified_time\" content=\"2024-04-19T16:57:39+00:00\" \/>\n<meta property=\"og:image\" content=\"https:\/\/nevadawic.org\/wp-content\/uploads\/2020\/02\/mother-holding-baby-scaled.jpg\" \/>\n\t<meta property=\"og:image:width\" content=\"2560\" \/>\n\t<meta property=\"og:image:height\" content=\"1623\" \/>\n\t<meta property=\"og:image:type\" content=\"image\/jpeg\" \/>\n<meta name=\"twitter:card\" content=\"summary_large_image\" \/>\n<meta name=\"twitter:label1\" content=\"Tiempo de lectura\" \/>\n\t<meta name=\"twitter:data1\" content=\"2 minutos\" \/>\n<script type=\"application\/ld+json\" class=\"yoast-schema-graph\">{\"@context\":\"https:\\\/\\\/schema.org\",\"@graph\":[{\"@type\":\"WebPage\",\"@id\":\"https:\\\/\\\/nevadawic.org\\\/es\\\/recursos-de-educacion-continua-para-medicos\\\/\",\"url\":\"https:\\\/\\\/nevadawic.org\\\/es\\\/recursos-de-educacion-continua-para-medicos\\\/\",\"name\":\"Recursos de Educaci\u00f3n Continua para M\u00e9dicos - Nevada WIC\",\"isPartOf\":{\"@id\":\"https:\\\/\\\/nevadawic.org\\\/es\\\/#website\"},\"primaryImageOfPage\":{\"@id\":\"https:\\\/\\\/nevadawic.org\\\/es\\\/recursos-de-educacion-continua-para-medicos\\\/#primaryimage\"},\"image\":{\"@id\":\"https:\\\/\\\/nevadawic.org\\\/es\\\/recursos-de-educacion-continua-para-medicos\\\/#primaryimage\"},\"thumbnailUrl\":\"https:\\\/\\\/nevadawic.org\\\/wp-content\\\/uploads\\\/2020\\\/02\\\/mother-holding-baby-scaled.jpg\",\"datePublished\":\"2023-04-03T23:07:24+00:00\",\"dateModified\":\"2024-04-19T16:57:39+00:00\",\"description\":\"Gold Learning Recurso excepcional que anualmente ofrece una conferencia en l\u00ednea que cubre una gran variedad de temas acerca de la lactancia, parteras e\",\"breadcrumb\":{\"@id\":\"https:\\\/\\\/nevadawic.org\\\/es\\\/recursos-de-educacion-continua-para-medicos\\\/#breadcrumb\"},\"inLanguage\":\"es\",\"potentialAction\":[{\"@type\":\"ReadAction\",\"target\":[\"https:\\\/\\\/nevadawic.org\\\/es\\\/recursos-de-educacion-continua-para-medicos\\\/\"]}]},{\"@type\":\"ImageObject\",\"inLanguage\":\"es\",\"@id\":\"https:\\\/\\\/nevadawic.org\\\/es\\\/recursos-de-educacion-continua-para-medicos\\\/#primaryimage\",\"url\":\"https:\\\/\\\/nevadawic.org\\\/wp-content\\\/uploads\\\/2020\\\/02\\\/mother-holding-baby-scaled.jpg\",\"contentUrl\":\"https:\\\/\\\/nevadawic.org\\\/wp-content\\\/uploads\\\/2020\\\/02\\\/mother-holding-baby-scaled.jpg\",\"width\":2560,\"height\":1623},{\"@type\":\"BreadcrumbList\",\"@id\":\"https:\\\/\\\/nevadawic.org\\\/es\\\/recursos-de-educacion-continua-para-medicos\\\/#breadcrumb\",\"itemListElement\":[{\"@type\":\"ListItem\",\"position\":1,\"name\":\"Inicio\",\"item\":\"https:\\\/\\\/nevadawic.org\\\/es\\\/\"},{\"@type\":\"ListItem\",\"position\":2,\"name\":\"Recursos de Educaci\u00f3n Continua para M\u00e9dicos\"}]},{\"@type\":\"WebSite\",\"@id\":\"https:\\\/\\\/nevadawic.org\\\/es\\\/#website\",\"url\":\"https:\\\/\\\/nevadawic.org\\\/es\\\/\",\"name\":\"Nevada WIC\",\"description\":\"\",\"publisher\":{\"@id\":\"https:\\\/\\\/nevadawic.org\\\/es\\\/#organization\"},\"potentialAction\":[{\"@type\":\"SearchAction\",\"target\":{\"@type\":\"EntryPoint\",\"urlTemplate\":\"https:\\\/\\\/nevadawic.org\\\/es\\\/?s={search_term_string}\"},\"query-input\":{\"@type\":\"PropertyValueSpecification\",\"valueRequired\":true,\"valueName\":\"search_term_string\"}}],\"inLanguage\":\"es\"},{\"@type\":\"Organization\",\"@id\":\"https:\\\/\\\/nevadawic.org\\\/es\\\/#organization\",\"name\":\"WIC de Nevada:\",\"url\":\"https:\\\/\\\/nevadawic.org\\\/es\\\/\",\"logo\":{\"@type\":\"ImageObject\",\"inLanguage\":\"es\",\"@id\":\"https:\\\/\\\/nevadawic.org\\\/es\\\/#\\\/schema\\\/logo\\\/image\\\/\",\"url\":\"https:\\\/\\\/nevadawic.org\\\/wp-content\\\/uploads\\\/2020\\\/07\\\/NV-Logo_Purple.jpg\",\"contentUrl\":\"https:\\\/\\\/nevadawic.org\\\/wp-content\\\/uploads\\\/2020\\\/07\\\/NV-Logo_Purple.jpg\",\"width\":970,\"height\":507,\"caption\":\"WIC de Nevada:\"},\"image\":{\"@id\":\"https:\\\/\\\/nevadawic.org\\\/es\\\/#\\\/schema\\\/logo\\\/image\\\/\"}}]}<\/script>\n<!-- \/ Yoast SEO plugin. -->","yoast_head_json":{"title":"Recursos de Educaci\u00f3n Continua para M\u00e9dicos - Nevada WIC","description":"Gold Learning Recurso excepcional que anualmente ofrece una conferencia en l\u00ednea que cubre una gran variedad de temas acerca de la lactancia, parteras e","robots":{"index":"index","follow":"follow","max-snippet":"max-snippet:-1","max-image-preview":"max-image-preview:large","max-video-preview":"max-video-preview:-1"},"canonical":"https:\/\/nevadawic.org\/es\/recursos-de-educacion-continua-para-medicos\/","og_locale":"es_ES","og_type":"article","og_title":"Recursos de Educaci\u00f3n Continua para M\u00e9dicos - Nevada WIC","og_description":"Gold Learning Recurso excepcional que anualmente ofrece una conferencia en l\u00ednea que cubre una gran variedad de temas acerca de la lactancia, parteras e","og_url":"https:\/\/nevadawic.org\/es\/recursos-de-educacion-continua-para-medicos\/","og_site_name":"Nevada WIC","article_modified_time":"2024-04-19T16:57:39+00:00","og_image":[{"width":2560,"height":1623,"url":"https:\/\/nevadawic.org\/wp-content\/uploads\/2020\/02\/mother-holding-baby-scaled.jpg","type":"image\/jpeg"}],"twitter_card":"summary_large_image","twitter_misc":{"Tiempo de lectura":"2 minutos"},"schema":{"@context":"https:\/\/schema.org","@graph":[{"@type":"WebPage","@id":"https:\/\/nevadawic.org\/es\/recursos-de-educacion-continua-para-medicos\/","url":"https:\/\/nevadawic.org\/es\/recursos-de-educacion-continua-para-medicos\/","name":"Recursos de Educaci\u00f3n Continua para M\u00e9dicos - Nevada WIC","isPartOf":{"@id":"https:\/\/nevadawic.org\/es\/#website"},"primaryImageOfPage":{"@id":"https:\/\/nevadawic.org\/es\/recursos-de-educacion-continua-para-medicos\/#primaryimage"},"image":{"@id":"https:\/\/nevadawic.org\/es\/recursos-de-educacion-continua-para-medicos\/#primaryimage"},"thumbnailUrl":"https:\/\/nevadawic.org\/wp-content\/uploads\/2020\/02\/mother-holding-baby-scaled.jpg","datePublished":"2023-04-03T23:07:24+00:00","dateModified":"2024-04-19T16:57:39+00:00","description":"Gold Learning Recurso excepcional que anualmente ofrece una conferencia en l\u00ednea que cubre una gran variedad de temas acerca de la lactancia, parteras e","breadcrumb":{"@id":"https:\/\/nevadawic.org\/es\/recursos-de-educacion-continua-para-medicos\/#breadcrumb"},"inLanguage":"es","potentialAction":[{"@type":"ReadAction","target":["https:\/\/nevadawic.org\/es\/recursos-de-educacion-continua-para-medicos\/"]}]},{"@type":"ImageObject","inLanguage":"es","@id":"https:\/\/nevadawic.org\/es\/recursos-de-educacion-continua-para-medicos\/#primaryimage","url":"https:\/\/nevadawic.org\/wp-content\/uploads\/2020\/02\/mother-holding-baby-scaled.jpg","contentUrl":"https:\/\/nevadawic.org\/wp-content\/uploads\/2020\/02\/mother-holding-baby-scaled.jpg","width":2560,"height":1623},{"@type":"BreadcrumbList","@id":"https:\/\/nevadawic.org\/es\/recursos-de-educacion-continua-para-medicos\/#breadcrumb","itemListElement":[{"@type":"ListItem","position":1,"name":"Inicio","item":"https:\/\/nevadawic.org\/es\/"},{"@type":"ListItem","position":2,"name":"Recursos de Educaci\u00f3n Continua para M\u00e9dicos"}]},{"@type":"WebSite","@id":"https:\/\/nevadawic.org\/es\/#website","url":"https:\/\/nevadawic.org\/es\/","name":"Nevada WIC","description":"","publisher":{"@id":"https:\/\/nevadawic.org\/es\/#organization"},"potentialAction":[{"@type":"SearchAction","target":{"@type":"EntryPoint","urlTemplate":"https:\/\/nevadawic.org\/es\/?s={search_term_string}"},"query-input":{"@type":"PropertyValueSpecification","valueRequired":true,"valueName":"search_term_string"}}],"inLanguage":"es"},{"@type":"Organization","@id":"https:\/\/nevadawic.org\/es\/#organization","name":"WIC de Nevada:","url":"https:\/\/nevadawic.org\/es\/","logo":{"@type":"ImageObject","inLanguage":"es","@id":"https:\/\/nevadawic.org\/es\/#\/schema\/logo\/image\/","url":"https:\/\/nevadawic.org\/wp-content\/uploads\/2020\/07\/NV-Logo_Purple.jpg","contentUrl":"https:\/\/nevadawic.org\/wp-content\/uploads\/2020\/07\/NV-Logo_Purple.jpg","width":970,"height":507,"caption":"WIC de Nevada:"},"image":{"@id":"https:\/\/nevadawic.org\/es\/#\/schema\/logo\/image\/"}}]}},"_links":{"self":[{"href":"https:\/\/nevadawic.org\/es\/wp-json\/wp\/v2\/pages\/35369","targetHints":{"allow":["GET"]}}],"collection":[{"href":"https:\/\/nevadawic.org\/es\/wp-json\/wp\/v2\/pages"}],"about":[{"href":"https:\/\/nevadawic.org\/es\/wp-json\/wp\/v2\/types\/page"}],"author":[{"embeddable":true,"href":"https:\/\/nevadawic.org\/es\/wp-json\/wp\/v2\/users\/6"}],"replies":[{"embeddable":true,"href":"https:\/\/nevadawic.org\/es\/wp-json\/wp\/v2\/comments?post=35369"}],"version-history":[{"count":8,"href":"https:\/\/nevadawic.org\/es\/wp-json\/wp\/v2\/pages\/35369\/revisions"}],"predecessor-version":[{"id":35483,"href":"https:\/\/nevadawic.org\/es\/wp-json\/wp\/v2\/pages\/35369\/revisions\/35483"}],"wp:featuredmedia":[{"embeddable":true,"href":"https:\/\/nevadawic.org\/es\/wp-json\/wp\/v2\/media\/24576"}],"wp:attachment":[{"href":"https:\/\/nevadawic.org\/es\/wp-json\/wp\/v2\/media?parent=35369"}],"curies":[{"name":"wp","href":"https:\/\/api.w.org\/{rel}","templated":true}]}}