{"id":35386,"date":"2023-04-04T10:16:42","date_gmt":"2023-04-04T17:16:42","guid":{"rendered":"https:\/\/nevadawic.org\/recursos-de-la-lactancia-materna-para-medicos\/"},"modified":"2025-10-29T14:08:24","modified_gmt":"2025-10-29T21:08:24","slug":"recursos-de-la-lactancia-materna-para-medicos","status":"publish","type":"page","link":"https:\/\/nevadawic.org\/es\/recursos-de-la-lactancia-materna-para-medicos\/","title":{"rendered":"Recursos de la Lactancia Materna para M\u00e9dicos"},"content":{"rendered":"<ul>\n<li><a href=\"https:\/\/publications.aap.org\/pediatrics\/article\/150\/1\/e2022057988\/188347\/Policy-Statement-Breastfeeding-and-the-Use-of\">Declaraci\u00f3n del American Academy of Pediatrics sobre la Lactancia Materna y el Uso de la Leche Materna<\/a>\u2013 informaci\u00f3n sobre la alimentaci\u00f3n con leche materna, consideraciones especiales y llamados a acci\u00f3n para pediatras.<\/li>\n<li><a href=\"https:\/\/publications.aap.org\/pediatrics\/article\/139\/5\/e20170647\/38837\/The-Breastfeeding-Friendly-Pediatric-Office\">Declaraci\u00f3n del American Academy of Pediatrics Breastfeeding-Friendly Pediatric Office Practice<\/a>&#8211; informaci\u00f3n sobre c\u00f3mo las oficinas pedi\u00e1tricas pueden apoyar a las familias lactantes en un ambiente afuera de la cl\u00ednica.<\/li>\n<li><a href=\"https:\/\/www.aap.org\/en\/patient-care\/breastfeeding\/breastfeeding-practice-tools-for-health-professionals\/\">Herramientas de Pr\u00e1ctica para la Lactancia Materna para Profesionales de la Salud del American Academy of Pediatrics<\/a>&#8211; recursos para apoyar a los profesionales de la salud en su trabajo con las familias lactantes. Incluye enlaces a datos, recursos gubernamentales, informaci\u00f3n sobre la alimentaci\u00f3n infantil durante una emergencia o desastre, y otras organizaciones nacionales excepcionales.<\/li>\n<li><a href=\"https:\/\/downloads.aap.org\/AAP\/PDF\/coding_breasfeeding_lacation.pdf?_ga=2.128990604.1616634136.1678915586-2065843723.1638910658\">Apoyo a la Lactancia Materna del American Academy of Pediatrics: La Gu\u00eda de la Codificaci\u00f3n para los Pediatras de Cuidado Primario<\/a>&#8211; incluye gu\u00edas de facturaci\u00f3n y c\u00f3digos de diagn\u00f3stico relacionados a problemas de lactancia para madres e infantes.<\/li>\n<li><a href=\"https:\/\/www.bfmed.org\/\">Academy of Breastfeeding Medicine<\/a>&#8211; <span class=\"ui-provider a b c d e f g h i j k l m n o p q r s t u v w x y z ab ac ae af ag ah ai aj ak\" dir=\"ltr\">ofrece soluciones factuales a las dificultades que los padres lactantes de todo el mundo pueden enfrentar. Acceso a investigaciones, protocolos de cuido, educaci\u00f3n para padres, y a su revista &#8220;Breastfeeding Medicine&#8221;.<\/span><\/li>\n<li><a href=\"https:\/\/www.infantrisk.com\/infantrisk-center-resources\">Infant Risk Center<\/a>&#8211; recursos para m\u00e9dicos y padres sobre el uso de medicamentos recetados y sin receta durante el embarazo o la lactancia. Ofrece una l\u00ednea de informaci\u00f3n libre de costo, lunes a viernes, 8:00am-3:00pm CST: 1-806-352-2519<\/li>\n<li><a href=\"https:\/\/www.womenshealth.gov\/breastfeeding\">Office on Women\u2019s Health<\/a>&#8211; recurso excepcional para padres y proveedores acerca del apoyo y las preocupaciones b\u00e1sicas de la lactancia materna. <span class=\"ui-provider a b c d e f g h i j k l m n o p q r s t u v w x y z ab ac ae af ag ah ai aj ak\" dir=\"ltr\">Incluye informaci\u00f3n sobre c\u00f3mo los empleadores pueden apoyar a las madres lactantes en el trabajo.<\/span><\/li>\n<li><a href=\"https:\/\/www.albany.edu\/supporting-nutrition-and-breastfeeding\">University at Albany, State University of New York<\/a>&#8211; El Centro de Educaci\u00f3n Continua de Salud P\u00fablica ofrece cuatro de nuestros seminarios web sobre lactancia materna en el entorno prenatal, hospitalario y posparto. Ofrece 4 CME en total sin costo alguno.<\/li>\n<\/ul>\n","protected":false},"excerpt":{"rendered":"<p>Declaraci\u00f3n del American Academy of Pediatrics sobre la Lactancia Materna y el Uso de la Leche Materna\u2013 informaci\u00f3n&hellip;<\/p>\n","protected":false},"author":6,"featured_media":24410,"parent":0,"menu_order":0,"comment_status":"closed","ping_status":"closed","template":"","meta":{"_acf_changed":false,"protect_children":false,"footnotes":""},"class_list":["post-35386","page","type-page","status-publish","has-post-thumbnail","hentry"],"acf":[],"yoast_head":"<!-- This site is optimized with the Yoast SEO plugin v27.2 - https:\/\/yoast.com\/product\/yoast-seo-wordpress\/ -->\n<title>Recursos de la Lactancia Materna para M\u00e9dicos - Nevada WIC<\/title>\n<meta name=\"description\" content=\"Declaraci\u00f3n del American Academy of Pediatrics sobre la Lactancia Materna y el Uso de la Leche Materna\u2013 informaci\u00f3n sobre la alimentaci\u00f3n con leche\" \/>\n<meta name=\"robots\" content=\"index, follow, max-snippet:-1, max-image-preview:large, max-video-preview:-1\" \/>\n<link rel=\"canonical\" href=\"https:\/\/nevadawic.org\/es\/recursos-de-la-lactancia-materna-para-medicos\/\" \/>\n<meta property=\"og:locale\" content=\"es_ES\" \/>\n<meta property=\"og:type\" content=\"article\" \/>\n<meta property=\"og:title\" content=\"Recursos de la Lactancia Materna para M\u00e9dicos - Nevada WIC\" \/>\n<meta property=\"og:description\" content=\"Declaraci\u00f3n del American Academy of Pediatrics sobre la Lactancia Materna y el Uso de la Leche Materna\u2013 informaci\u00f3n sobre la alimentaci\u00f3n con leche\" \/>\n<meta property=\"og:url\" content=\"https:\/\/nevadawic.org\/es\/recursos-de-la-lactancia-materna-para-medicos\/\" \/>\n<meta property=\"og:site_name\" content=\"Nevada WIC\" \/>\n<meta property=\"article:modified_time\" content=\"2025-10-29T21:08:24+00:00\" \/>\n<meta property=\"og:image\" content=\"https:\/\/nevadawic.org\/wp-content\/uploads\/2020\/02\/nwic-image-6.jpg\" \/>\n\t<meta property=\"og:image:width\" content=\"1466\" \/>\n\t<meta property=\"og:image:height\" content=\"929\" \/>\n\t<meta property=\"og:image:type\" content=\"image\/jpeg\" \/>\n<meta name=\"twitter:card\" content=\"summary_large_image\" \/>\n<meta name=\"twitter:label1\" content=\"Tiempo de lectura\" \/>\n\t<meta name=\"twitter:data1\" content=\"2 minutos\" \/>\n<script type=\"application\/ld+json\" class=\"yoast-schema-graph\">{\"@context\":\"https:\/\/schema.org\",\"@graph\":[{\"@type\":\"WebPage\",\"@id\":\"https:\/\/nevadawic.org\/es\/recursos-de-la-lactancia-materna-para-medicos\/\",\"url\":\"https:\/\/nevadawic.org\/es\/recursos-de-la-lactancia-materna-para-medicos\/\",\"name\":\"Recursos de la Lactancia Materna para M\u00e9dicos - Nevada WIC\",\"isPartOf\":{\"@id\":\"https:\/\/nevadawic.org\/es\/#website\"},\"primaryImageOfPage\":{\"@id\":\"https:\/\/nevadawic.org\/es\/recursos-de-la-lactancia-materna-para-medicos\/#primaryimage\"},\"image\":{\"@id\":\"https:\/\/nevadawic.org\/es\/recursos-de-la-lactancia-materna-para-medicos\/#primaryimage\"},\"thumbnailUrl\":\"https:\/\/nevadawic.org\/wp-content\/uploads\/2020\/02\/nwic-image-6.jpg\",\"datePublished\":\"2023-04-04T17:16:42+00:00\",\"dateModified\":\"2025-10-29T21:08:24+00:00\",\"description\":\"Declaraci\u00f3n del American Academy of Pediatrics sobre la Lactancia Materna y el Uso de la Leche Materna\u2013 informaci\u00f3n sobre la alimentaci\u00f3n con leche\",\"breadcrumb\":{\"@id\":\"https:\/\/nevadawic.org\/es\/recursos-de-la-lactancia-materna-para-medicos\/#breadcrumb\"},\"inLanguage\":\"es\",\"potentialAction\":[{\"@type\":\"ReadAction\",\"target\":[\"https:\/\/nevadawic.org\/es\/recursos-de-la-lactancia-materna-para-medicos\/\"]}]},{\"@type\":\"ImageObject\",\"inLanguage\":\"es\",\"@id\":\"https:\/\/nevadawic.org\/es\/recursos-de-la-lactancia-materna-para-medicos\/#primaryimage\",\"url\":\"https:\/\/nevadawic.org\/wp-content\/uploads\/2020\/02\/nwic-image-6.jpg\",\"contentUrl\":\"https:\/\/nevadawic.org\/wp-content\/uploads\/2020\/02\/nwic-image-6.jpg\",\"width\":1466,\"height\":929},{\"@type\":\"BreadcrumbList\",\"@id\":\"https:\/\/nevadawic.org\/es\/recursos-de-la-lactancia-materna-para-medicos\/#breadcrumb\",\"itemListElement\":[{\"@type\":\"ListItem\",\"position\":1,\"name\":\"Inicio\",\"item\":\"https:\/\/nevadawic.org\/es\/\"},{\"@type\":\"ListItem\",\"position\":2,\"name\":\"Recursos de la Lactancia Materna para M\u00e9dicos\"}]},{\"@type\":\"WebSite\",\"@id\":\"https:\/\/nevadawic.org\/es\/#website\",\"url\":\"https:\/\/nevadawic.org\/es\/\",\"name\":\"Nevada WIC\",\"description\":\"\",\"publisher\":{\"@id\":\"https:\/\/nevadawic.org\/es\/#organization\"},\"potentialAction\":[{\"@type\":\"SearchAction\",\"target\":{\"@type\":\"EntryPoint\",\"urlTemplate\":\"https:\/\/nevadawic.org\/es\/?s={search_term_string}\"},\"query-input\":{\"@type\":\"PropertyValueSpecification\",\"valueRequired\":true,\"valueName\":\"search_term_string\"}}],\"inLanguage\":\"es\"},{\"@type\":\"Organization\",\"@id\":\"https:\/\/nevadawic.org\/es\/#organization\",\"name\":\"WIC de Nevada:\",\"url\":\"https:\/\/nevadawic.org\/es\/\",\"logo\":{\"@type\":\"ImageObject\",\"inLanguage\":\"es\",\"@id\":\"https:\/\/nevadawic.org\/es\/#\/schema\/logo\/image\/\",\"url\":\"https:\/\/nevadawic.org\/wp-content\/uploads\/2020\/07\/NV-Logo_Purple.jpg\",\"contentUrl\":\"https:\/\/nevadawic.org\/wp-content\/uploads\/2020\/07\/NV-Logo_Purple.jpg\",\"width\":970,\"height\":507,\"caption\":\"WIC de Nevada:\"},\"image\":{\"@id\":\"https:\/\/nevadawic.org\/es\/#\/schema\/logo\/image\/\"}}]}<\/script>\n<!-- \/ Yoast SEO plugin. -->","yoast_head_json":{"title":"Recursos de la Lactancia Materna para M\u00e9dicos - Nevada WIC","description":"Declaraci\u00f3n del American Academy of Pediatrics sobre la Lactancia Materna y el Uso de la Leche Materna\u2013 informaci\u00f3n sobre la alimentaci\u00f3n con leche","robots":{"index":"index","follow":"follow","max-snippet":"max-snippet:-1","max-image-preview":"max-image-preview:large","max-video-preview":"max-video-preview:-1"},"canonical":"https:\/\/nevadawic.org\/es\/recursos-de-la-lactancia-materna-para-medicos\/","og_locale":"es_ES","og_type":"article","og_title":"Recursos de la Lactancia Materna para M\u00e9dicos - Nevada WIC","og_description":"Declaraci\u00f3n del American Academy of Pediatrics sobre la Lactancia Materna y el Uso de la Leche Materna\u2013 informaci\u00f3n sobre la alimentaci\u00f3n con leche","og_url":"https:\/\/nevadawic.org\/es\/recursos-de-la-lactancia-materna-para-medicos\/","og_site_name":"Nevada WIC","article_modified_time":"2025-10-29T21:08:24+00:00","og_image":[{"width":1466,"height":929,"url":"https:\/\/nevadawic.org\/wp-content\/uploads\/2020\/02\/nwic-image-6.jpg","type":"image\/jpeg"}],"twitter_card":"summary_large_image","twitter_misc":{"Tiempo de lectura":"2 minutos"},"schema":{"@context":"https:\/\/schema.org","@graph":[{"@type":"WebPage","@id":"https:\/\/nevadawic.org\/es\/recursos-de-la-lactancia-materna-para-medicos\/","url":"https:\/\/nevadawic.org\/es\/recursos-de-la-lactancia-materna-para-medicos\/","name":"Recursos de la Lactancia Materna para M\u00e9dicos - Nevada WIC","isPartOf":{"@id":"https:\/\/nevadawic.org\/es\/#website"},"primaryImageOfPage":{"@id":"https:\/\/nevadawic.org\/es\/recursos-de-la-lactancia-materna-para-medicos\/#primaryimage"},"image":{"@id":"https:\/\/nevadawic.org\/es\/recursos-de-la-lactancia-materna-para-medicos\/#primaryimage"},"thumbnailUrl":"https:\/\/nevadawic.org\/wp-content\/uploads\/2020\/02\/nwic-image-6.jpg","datePublished":"2023-04-04T17:16:42+00:00","dateModified":"2025-10-29T21:08:24+00:00","description":"Declaraci\u00f3n del American Academy of Pediatrics sobre la Lactancia Materna y el Uso de la Leche Materna\u2013 informaci\u00f3n sobre la alimentaci\u00f3n con leche","breadcrumb":{"@id":"https:\/\/nevadawic.org\/es\/recursos-de-la-lactancia-materna-para-medicos\/#breadcrumb"},"inLanguage":"es","potentialAction":[{"@type":"ReadAction","target":["https:\/\/nevadawic.org\/es\/recursos-de-la-lactancia-materna-para-medicos\/"]}]},{"@type":"ImageObject","inLanguage":"es","@id":"https:\/\/nevadawic.org\/es\/recursos-de-la-lactancia-materna-para-medicos\/#primaryimage","url":"https:\/\/nevadawic.org\/wp-content\/uploads\/2020\/02\/nwic-image-6.jpg","contentUrl":"https:\/\/nevadawic.org\/wp-content\/uploads\/2020\/02\/nwic-image-6.jpg","width":1466,"height":929},{"@type":"BreadcrumbList","@id":"https:\/\/nevadawic.org\/es\/recursos-de-la-lactancia-materna-para-medicos\/#breadcrumb","itemListElement":[{"@type":"ListItem","position":1,"name":"Inicio","item":"https:\/\/nevadawic.org\/es\/"},{"@type":"ListItem","position":2,"name":"Recursos de la Lactancia Materna para M\u00e9dicos"}]},{"@type":"WebSite","@id":"https:\/\/nevadawic.org\/es\/#website","url":"https:\/\/nevadawic.org\/es\/","name":"Nevada WIC","description":"","publisher":{"@id":"https:\/\/nevadawic.org\/es\/#organization"},"potentialAction":[{"@type":"SearchAction","target":{"@type":"EntryPoint","urlTemplate":"https:\/\/nevadawic.org\/es\/?s={search_term_string}"},"query-input":{"@type":"PropertyValueSpecification","valueRequired":true,"valueName":"search_term_string"}}],"inLanguage":"es"},{"@type":"Organization","@id":"https:\/\/nevadawic.org\/es\/#organization","name":"WIC de Nevada:","url":"https:\/\/nevadawic.org\/es\/","logo":{"@type":"ImageObject","inLanguage":"es","@id":"https:\/\/nevadawic.org\/es\/#\/schema\/logo\/image\/","url":"https:\/\/nevadawic.org\/wp-content\/uploads\/2020\/07\/NV-Logo_Purple.jpg","contentUrl":"https:\/\/nevadawic.org\/wp-content\/uploads\/2020\/07\/NV-Logo_Purple.jpg","width":970,"height":507,"caption":"WIC de Nevada:"},"image":{"@id":"https:\/\/nevadawic.org\/es\/#\/schema\/logo\/image\/"}}]}},"_links":{"self":[{"href":"https:\/\/nevadawic.org\/es\/wp-json\/wp\/v2\/pages\/35386","targetHints":{"allow":["GET"]}}],"collection":[{"href":"https:\/\/nevadawic.org\/es\/wp-json\/wp\/v2\/pages"}],"about":[{"href":"https:\/\/nevadawic.org\/es\/wp-json\/wp\/v2\/types\/page"}],"author":[{"embeddable":true,"href":"https:\/\/nevadawic.org\/es\/wp-json\/wp\/v2\/users\/6"}],"replies":[{"embeddable":true,"href":"https:\/\/nevadawic.org\/es\/wp-json\/wp\/v2\/comments?post=35386"}],"version-history":[{"count":22,"href":"https:\/\/nevadawic.org\/es\/wp-json\/wp\/v2\/pages\/35386\/revisions"}],"predecessor-version":[{"id":40284,"href":"https:\/\/nevadawic.org\/es\/wp-json\/wp\/v2\/pages\/35386\/revisions\/40284"}],"wp:featuredmedia":[{"embeddable":true,"href":"https:\/\/nevadawic.org\/es\/wp-json\/wp\/v2\/media\/24410"}],"wp:attachment":[{"href":"https:\/\/nevadawic.org\/es\/wp-json\/wp\/v2\/media?parent=35386"}],"curies":[{"name":"wp","href":"https:\/\/api.w.org\/{rel}","templated":true}]}}