{"id":38573,"date":"2025-03-17T09:44:22","date_gmt":"2025-03-17T16:44:22","guid":{"rendered":"https:\/\/nevadawic.org\/vendedores\/presentacion-de-upcs\/"},"modified":"2026-01-09T14:03:41","modified_gmt":"2026-01-09T22:03:41","slug":"presentacion-de-upcs","status":"publish","type":"page","link":"https:\/\/nevadawic.org\/es\/vendedores\/presentacion-de-upcs\/","title":{"rendered":"Presentaci\u00f3n de UPCs"},"content":{"rendered":"<p>El Programa de WIC de Nevada se complace en anunciar que ha comenzado el periodo abierto de solicitudes de UPCs (c\u00f3digos universales de productos) para <strong>alimentos de marcas especificas<\/strong> autorizados por WIC.<\/p>\n<p>Durante este periodo abierto de solicitudes, los vendedores pueden enviar UPCs para <strong>alimentos de marcas espec\u00edficas<\/strong> que ser\u00e1n considerados para autorizaci\u00f3n en el Programa WIC de Nevada. Los alimentos aprobados mediante este proceso podr\u00e1n estar disponibles para los participantes de WIC en todo el estado.<\/p>\n<p><strong>Detalles sobre el periodo abierto de solicitudes de UPCs:<\/strong><\/p>\n<ul>\n<li><strong>Periodo de solicitar: <\/strong>el 1 de enero 2026 hasta el 31 de marzo 2026<\/li>\n<li><strong>Categor\u00edas de alimentos:<\/strong><\/li>\n<\/ul>\n<ul>\n<li style=\"list-style-type: none;\">\n<ul>\n<li>Cereales fr\u00edos y calientes<\/li>\n<li>Frascos de frutas y vegetales para los beb\u00e9s<\/li>\n<li>Frascos de carnes para los beb\u00e9s<\/li>\n<li>Alternativas de leche a base de plantas<\/li>\n<li>Tofu<\/li>\n<li>100% jugo<\/li>\n<li>Mantequillas de nueces y semillas<\/li>\n<li>Queso a base de plantas<\/li>\n<li>Yogur y yogur a base de plantas<\/li>\n<\/ul>\n<\/li>\n<\/ul>\n<ul>\n<li><strong>Forma de solicitud<\/strong>: Favor de completar el \u201c<a href=\"https:\/\/nevadawic.org\/wp-content\/uploads\/2026\/01\/2026-NV-WIC-APL-Submission-Form.xlsx\">NV WIC APL Submission Form Spreadsheet<\/a>\u201d y las etiquetas de los alimentos asociados (incluyendo los UPCs, ingredientes, y los datos nutricionales) y enviarlos por correo electr\u00f3nico a: \u00a0<a href=\"mailto:DPBHWICVendor@health.nv.gov\">DPBHWICVendor@health.nv.gov<\/a><\/li>\n<li>Los alimentos aprobados ser\u00e1n disponibles por compra empezando FFY 2027- el 1 de octubre 2027<\/li>\n<\/ul>\n<p>Favor de revisar cuidadosamente todos los requisitos de la solicitud, incluyendo el criterio de los ingredientes, el tama\u00f1o de los productos, y las etiquetas para asegurar que los productos cumplen con las reglas de WIC de Nevada y del gobierno federal. Estos requisitos est\u00e1n incluidos en el \u201c<a href=\"https:\/\/nevadawic.org\/wp-content\/uploads\/2026\/01\/2026-NV-WIC-APL-Submission-Form.xlsx\">NV WIC APL Submission Form Spreadsheet<\/a>.\u201d<\/p>\n<p>Nota: \u00a0<strong>Los alimentos sin marcas espec\u00edficas<\/strong>\u00a0se podr\u00e1n enviar para su revisi\u00f3n y ser a\u00f1adidos durante todo el a\u00f1o. <strong>Los alimentos sin marca espec\u00edfica<\/strong> incluyen:<\/p>\n<ul>\n<li>Queso<\/li>\n<li>Huevos<\/li>\n<li>Frijoles enlatados<\/li>\n<li>Frijoles\/guisantes secos<\/li>\n<li>Mantequilla de man\u00ed<\/li>\n<li>Pescado enlatado<\/li>\n<li>Granos integrales<\/li>\n<li>Frutas y vegetales<\/li>\n<li>Leche<\/li>\n<\/ul>\n","protected":false},"excerpt":{"rendered":"<p>El Programa de WIC de Nevada se complace en anunciar que ha comenzado el periodo abierto de solicitudes&hellip;<\/p>\n","protected":false},"author":22,"featured_media":26790,"parent":28039,"menu_order":0,"comment_status":"closed","ping_status":"closed","template":"","meta":{"_acf_changed":false,"protect_children":false,"footnotes":""},"class_list":["post-38573","page","type-page","status-publish","has-post-thumbnail","hentry"],"acf":[],"yoast_head":"<!-- This site is optimized with the Yoast SEO plugin v27.2 - https:\/\/yoast.com\/product\/yoast-seo-wordpress\/ -->\n<title>Presentaci\u00f3n de UPCs - Nevada WIC<\/title>\n<meta name=\"description\" content=\"El Programa de WIC de Nevada se complace en anunciar que ha comenzado el periodo abierto de solicitudes de UPCs (c\u00f3digos universales de productos) para\" \/>\n<meta name=\"robots\" content=\"index, follow, max-snippet:-1, max-image-preview:large, max-video-preview:-1\" \/>\n<link rel=\"canonical\" href=\"https:\/\/nevadawic.org\/es\/vendedores\/presentacion-de-upcs\/\" \/>\n<meta property=\"og:locale\" content=\"es_ES\" \/>\n<meta property=\"og:type\" content=\"article\" \/>\n<meta property=\"og:title\" content=\"Presentaci\u00f3n de UPCs - Nevada WIC\" \/>\n<meta property=\"og:description\" content=\"El Programa de WIC de Nevada se complace en anunciar que ha comenzado el periodo abierto de solicitudes de UPCs (c\u00f3digos universales de productos) para\" \/>\n<meta property=\"og:url\" content=\"https:\/\/nevadawic.org\/es\/vendedores\/presentacion-de-upcs\/\" \/>\n<meta property=\"og:site_name\" content=\"Nevada WIC\" \/>\n<meta property=\"article:modified_time\" content=\"2026-01-09T22:03:41+00:00\" \/>\n<meta property=\"og:image\" content=\"https:\/\/nevadawic.org\/wp-content\/uploads\/2021\/02\/panorama-fruits-and-veggies-scaled.jpg\" \/>\n\t<meta property=\"og:image:width\" content=\"2560\" \/>\n\t<meta property=\"og:image:height\" content=\"936\" \/>\n\t<meta property=\"og:image:type\" content=\"image\/jpeg\" \/>\n<meta name=\"twitter:card\" content=\"summary_large_image\" \/>\n<meta name=\"twitter:label1\" content=\"Tiempo de lectura\" \/>\n\t<meta name=\"twitter:data1\" content=\"2 minutos\" \/>\n<script type=\"application\/ld+json\" class=\"yoast-schema-graph\">{\"@context\":\"https:\/\/schema.org\",\"@graph\":[{\"@type\":\"WebPage\",\"@id\":\"https:\/\/nevadawic.org\/es\/vendedores\/presentacion-de-upcs\/\",\"url\":\"https:\/\/nevadawic.org\/es\/vendedores\/presentacion-de-upcs\/\",\"name\":\"Presentaci\u00f3n de UPCs - Nevada WIC\",\"isPartOf\":{\"@id\":\"https:\/\/nevadawic.org\/es\/#website\"},\"primaryImageOfPage\":{\"@id\":\"https:\/\/nevadawic.org\/es\/vendedores\/presentacion-de-upcs\/#primaryimage\"},\"image\":{\"@id\":\"https:\/\/nevadawic.org\/es\/vendedores\/presentacion-de-upcs\/#primaryimage\"},\"thumbnailUrl\":\"https:\/\/nevadawic.org\/wp-content\/uploads\/2021\/02\/panorama-fruits-and-veggies-scaled.jpg\",\"datePublished\":\"2025-03-17T16:44:22+00:00\",\"dateModified\":\"2026-01-09T22:03:41+00:00\",\"description\":\"El Programa de WIC de Nevada se complace en anunciar que ha comenzado el periodo abierto de solicitudes de UPCs (c\u00f3digos universales de productos) para\",\"breadcrumb\":{\"@id\":\"https:\/\/nevadawic.org\/es\/vendedores\/presentacion-de-upcs\/#breadcrumb\"},\"inLanguage\":\"es\",\"potentialAction\":[{\"@type\":\"ReadAction\",\"target\":[\"https:\/\/nevadawic.org\/es\/vendedores\/presentacion-de-upcs\/\"]}]},{\"@type\":\"ImageObject\",\"inLanguage\":\"es\",\"@id\":\"https:\/\/nevadawic.org\/es\/vendedores\/presentacion-de-upcs\/#primaryimage\",\"url\":\"https:\/\/nevadawic.org\/wp-content\/uploads\/2021\/02\/panorama-fruits-and-veggies-scaled.jpg\",\"contentUrl\":\"https:\/\/nevadawic.org\/wp-content\/uploads\/2021\/02\/panorama-fruits-and-veggies-scaled.jpg\",\"width\":2560,\"height\":936},{\"@type\":\"BreadcrumbList\",\"@id\":\"https:\/\/nevadawic.org\/es\/vendedores\/presentacion-de-upcs\/#breadcrumb\",\"itemListElement\":[{\"@type\":\"ListItem\",\"position\":1,\"name\":\"Inicio\",\"item\":\"https:\/\/nevadawic.org\/es\/\"},{\"@type\":\"ListItem\",\"position\":2,\"name\":\"Vendedores\",\"item\":\"https:\/\/nevadawic.org\/es\/vendedores\/\"},{\"@type\":\"ListItem\",\"position\":3,\"name\":\"Presentaci\u00f3n de UPCs\"}]},{\"@type\":\"WebSite\",\"@id\":\"https:\/\/nevadawic.org\/es\/#website\",\"url\":\"https:\/\/nevadawic.org\/es\/\",\"name\":\"Nevada WIC\",\"description\":\"\",\"publisher\":{\"@id\":\"https:\/\/nevadawic.org\/es\/#organization\"},\"potentialAction\":[{\"@type\":\"SearchAction\",\"target\":{\"@type\":\"EntryPoint\",\"urlTemplate\":\"https:\/\/nevadawic.org\/es\/?s={search_term_string}\"},\"query-input\":{\"@type\":\"PropertyValueSpecification\",\"valueRequired\":true,\"valueName\":\"search_term_string\"}}],\"inLanguage\":\"es\"},{\"@type\":\"Organization\",\"@id\":\"https:\/\/nevadawic.org\/es\/#organization\",\"name\":\"WIC de Nevada:\",\"url\":\"https:\/\/nevadawic.org\/es\/\",\"logo\":{\"@type\":\"ImageObject\",\"inLanguage\":\"es\",\"@id\":\"https:\/\/nevadawic.org\/es\/#\/schema\/logo\/image\/\",\"url\":\"https:\/\/nevadawic.org\/wp-content\/uploads\/2020\/07\/NV-Logo_Purple.jpg\",\"contentUrl\":\"https:\/\/nevadawic.org\/wp-content\/uploads\/2020\/07\/NV-Logo_Purple.jpg\",\"width\":970,\"height\":507,\"caption\":\"WIC de Nevada:\"},\"image\":{\"@id\":\"https:\/\/nevadawic.org\/es\/#\/schema\/logo\/image\/\"}}]}<\/script>\n<!-- \/ Yoast SEO plugin. -->","yoast_head_json":{"title":"Presentaci\u00f3n de UPCs - Nevada WIC","description":"El Programa de WIC de Nevada se complace en anunciar que ha comenzado el periodo abierto de solicitudes de UPCs (c\u00f3digos universales de productos) para","robots":{"index":"index","follow":"follow","max-snippet":"max-snippet:-1","max-image-preview":"max-image-preview:large","max-video-preview":"max-video-preview:-1"},"canonical":"https:\/\/nevadawic.org\/es\/vendedores\/presentacion-de-upcs\/","og_locale":"es_ES","og_type":"article","og_title":"Presentaci\u00f3n de UPCs - Nevada WIC","og_description":"El Programa de WIC de Nevada se complace en anunciar que ha comenzado el periodo abierto de solicitudes de UPCs (c\u00f3digos universales de productos) para","og_url":"https:\/\/nevadawic.org\/es\/vendedores\/presentacion-de-upcs\/","og_site_name":"Nevada WIC","article_modified_time":"2026-01-09T22:03:41+00:00","og_image":[{"width":2560,"height":936,"url":"https:\/\/nevadawic.org\/wp-content\/uploads\/2021\/02\/panorama-fruits-and-veggies-scaled.jpg","type":"image\/jpeg"}],"twitter_card":"summary_large_image","twitter_misc":{"Tiempo de lectura":"2 minutos"},"schema":{"@context":"https:\/\/schema.org","@graph":[{"@type":"WebPage","@id":"https:\/\/nevadawic.org\/es\/vendedores\/presentacion-de-upcs\/","url":"https:\/\/nevadawic.org\/es\/vendedores\/presentacion-de-upcs\/","name":"Presentaci\u00f3n de UPCs - Nevada WIC","isPartOf":{"@id":"https:\/\/nevadawic.org\/es\/#website"},"primaryImageOfPage":{"@id":"https:\/\/nevadawic.org\/es\/vendedores\/presentacion-de-upcs\/#primaryimage"},"image":{"@id":"https:\/\/nevadawic.org\/es\/vendedores\/presentacion-de-upcs\/#primaryimage"},"thumbnailUrl":"https:\/\/nevadawic.org\/wp-content\/uploads\/2021\/02\/panorama-fruits-and-veggies-scaled.jpg","datePublished":"2025-03-17T16:44:22+00:00","dateModified":"2026-01-09T22:03:41+00:00","description":"El Programa de WIC de Nevada se complace en anunciar que ha comenzado el periodo abierto de solicitudes de UPCs (c\u00f3digos universales de productos) para","breadcrumb":{"@id":"https:\/\/nevadawic.org\/es\/vendedores\/presentacion-de-upcs\/#breadcrumb"},"inLanguage":"es","potentialAction":[{"@type":"ReadAction","target":["https:\/\/nevadawic.org\/es\/vendedores\/presentacion-de-upcs\/"]}]},{"@type":"ImageObject","inLanguage":"es","@id":"https:\/\/nevadawic.org\/es\/vendedores\/presentacion-de-upcs\/#primaryimage","url":"https:\/\/nevadawic.org\/wp-content\/uploads\/2021\/02\/panorama-fruits-and-veggies-scaled.jpg","contentUrl":"https:\/\/nevadawic.org\/wp-content\/uploads\/2021\/02\/panorama-fruits-and-veggies-scaled.jpg","width":2560,"height":936},{"@type":"BreadcrumbList","@id":"https:\/\/nevadawic.org\/es\/vendedores\/presentacion-de-upcs\/#breadcrumb","itemListElement":[{"@type":"ListItem","position":1,"name":"Inicio","item":"https:\/\/nevadawic.org\/es\/"},{"@type":"ListItem","position":2,"name":"Vendedores","item":"https:\/\/nevadawic.org\/es\/vendedores\/"},{"@type":"ListItem","position":3,"name":"Presentaci\u00f3n de UPCs"}]},{"@type":"WebSite","@id":"https:\/\/nevadawic.org\/es\/#website","url":"https:\/\/nevadawic.org\/es\/","name":"Nevada WIC","description":"","publisher":{"@id":"https:\/\/nevadawic.org\/es\/#organization"},"potentialAction":[{"@type":"SearchAction","target":{"@type":"EntryPoint","urlTemplate":"https:\/\/nevadawic.org\/es\/?s={search_term_string}"},"query-input":{"@type":"PropertyValueSpecification","valueRequired":true,"valueName":"search_term_string"}}],"inLanguage":"es"},{"@type":"Organization","@id":"https:\/\/nevadawic.org\/es\/#organization","name":"WIC de Nevada:","url":"https:\/\/nevadawic.org\/es\/","logo":{"@type":"ImageObject","inLanguage":"es","@id":"https:\/\/nevadawic.org\/es\/#\/schema\/logo\/image\/","url":"https:\/\/nevadawic.org\/wp-content\/uploads\/2020\/07\/NV-Logo_Purple.jpg","contentUrl":"https:\/\/nevadawic.org\/wp-content\/uploads\/2020\/07\/NV-Logo_Purple.jpg","width":970,"height":507,"caption":"WIC de Nevada:"},"image":{"@id":"https:\/\/nevadawic.org\/es\/#\/schema\/logo\/image\/"}}]}},"_links":{"self":[{"href":"https:\/\/nevadawic.org\/es\/wp-json\/wp\/v2\/pages\/38573","targetHints":{"allow":["GET"]}}],"collection":[{"href":"https:\/\/nevadawic.org\/es\/wp-json\/wp\/v2\/pages"}],"about":[{"href":"https:\/\/nevadawic.org\/es\/wp-json\/wp\/v2\/types\/page"}],"author":[{"embeddable":true,"href":"https:\/\/nevadawic.org\/es\/wp-json\/wp\/v2\/users\/22"}],"replies":[{"embeddable":true,"href":"https:\/\/nevadawic.org\/es\/wp-json\/wp\/v2\/comments?post=38573"}],"version-history":[{"count":11,"href":"https:\/\/nevadawic.org\/es\/wp-json\/wp\/v2\/pages\/38573\/revisions"}],"predecessor-version":[{"id":41318,"href":"https:\/\/nevadawic.org\/es\/wp-json\/wp\/v2\/pages\/38573\/revisions\/41318"}],"up":[{"embeddable":true,"href":"https:\/\/nevadawic.org\/es\/wp-json\/wp\/v2\/pages\/28039"}],"wp:featuredmedia":[{"embeddable":true,"href":"https:\/\/nevadawic.org\/es\/wp-json\/wp\/v2\/media\/26790"}],"wp:attachment":[{"href":"https:\/\/nevadawic.org\/es\/wp-json\/wp\/v2\/media?parent=38573"}],"curies":[{"name":"wp","href":"https:\/\/api.w.org\/{rel}","templated":true}]}}